{"id":10855,"date":"2022-10-09T13:28:06","date_gmt":"2022-10-09T11:28:06","guid":{"rendered":"https:\/\/www.lraloeverashop.eu\/product\/aloe-vera-regulierende-dermaintense-creme\/"},"modified":"2026-02-03T19:21:17","modified_gmt":"2026-02-03T18:21:17","slug":"aloe-vera-regulierende-dermaintense-creme","status":"publish","type":"product","link":"https:\/\/www.lraloeverashop.eu\/de\/produkt\/aloe-vera-regulierende-dermaintense-creme\/","title":{"rendered":"Aloe Vera Regulierende Dermaintense Creme"},"content":{"rendered":"<h2><strong><span style=\"font-size: 16pt;\">Aloe Vera Regulierende Dermaintense Creme<\/span><\/strong><\/h2>\n<p><strong><span style=\"font-size: 14pt;\">Aloe Vera Regulierende DermaIntense Creme &#8211; innovative Pflege f\u00fcr die anspruchsvollsten Hautteile<\/span><\/strong><\/p>\n<p>Aloe Vera Regulierende DermaIntense Creme ist die innovative L\u00f6sung f\u00fcr anspruchsvolle Haut. Es ist besonders f\u00fcr die Behandlung von empfindlichen Hautbereichen wie Gesicht, Hals, Ellenbogen und Knie geeignet. Mit einer kraftvollen Wirkstoffkombination aus Aloe Vera, Nachtkerzen\u00f6l, Wei\u00dfdorn-Extrakt und Vitamin B12, die die Haut n\u00e4hren, speziell f\u00fcr die strapazierten Hautpartien entwickelt.<\/p>\n<p>Aloe Vera unterst\u00fctzt die nat\u00fcrlichen Schutzbarrieren der Haut. Dar\u00fcber hinaus steigern die <a href=\"https:\/\/www.lraloeverashop.eu\/de\/produkt\/cistus-incanus-tee\/\">wertvollen Inhaltsstoffe<\/a> der Aloe Vera die Elastizit\u00e4t der Haut und sorgen f\u00fcr ein gesundes Aussehen. Nachtkerzen\u00f6l hat wohltuende Eigenschaften f\u00fcr die trockene, <a href=\"https:\/\/www.lraloeverashop.eu\/de\/produkt\/aloe-vera-feuchtigkeitsspendendes-gelkonzentrat\/\">gereizte Haut<\/a> und verbessert sein Aussehen. Dank seiner beruhigenden, antimikrobiellen Wirkung kann Haut-Extrakt zur Behandlung von <a href=\"https:\/\/www.lraloeverashop.eu\/de\/produkt\/aloe-vera-schnelles-notfallspray\/\">Hautirritationen<\/a> eingesetzt werden. Vitamin B12 tr\u00e4gt zur Regeneration trockener, strapazierter Haut bei.<\/p>\n<p>&nbsp;<\/p>\n<h3><strong><span style=\"font-size: 16pt;\">Anwendung<\/span><\/strong><\/h3>\n<p>Tragen Sie eine ausreichende Menge auf die gereinigte Haut auf. F\u00fcr eine besonders intensive Pflege die Creme auftragen und in die Haut einmassieren.<\/p>\n<p>&nbsp;<\/p>\n<h4><strong><span style=\"font-size: 16pt;\">Wussten Sie schon?<\/span><\/strong><\/h4>\n<p>Die Wirksamkeit der Nachtkerze beruht auf dem sehr hohen Anteil an Gamma-Linolens\u00e4ure, einer dreifach unges\u00e4ttigten essentiellen Fetts\u00e4ure. F\u00fcr Menschen mit sehr trockener, rissiger Haut ist das Nachtkerzen\u00f6l sehr zu empfehlen. Das Hautbild wird wieder deutlich besser und geschmeidiger.<\/p>\n<p>&nbsp;<\/p>\n<h5><span style=\"font-size: 16pt;\"><strong>H\u00e4ufig gestellte Fragen<\/strong><\/span><\/h5>\n<p><strong>In welchen F\u00e4llen wird die Aloe Vera DermaIntense Creme empfohlen?<\/strong><br \/>\nDie Aloe Vera DermaIntense Creme wurde speziell f\u00fcr die gezielte Behandlung der anspruchsvollsten, extra rohen und trockenen Hautpartien entwickelt. Bietet effektive Pflege f\u00fcr die empfindlichsten K\u00f6rperteile wie Ellenbogen und Knie.<\/p>\n<p><strong>Was verursacht die rosa Farbe der Aloe Vera DermaIntense Creme?<\/strong><br \/>\nDie Creme ist nicht pigmentiert. Seine Farbe wird durch das enthaltene Vitamin B12 verursacht.<\/p>\n<p><strong>Hat die Creme Anti-Aging-Wirkung?<\/strong><br \/>\nDas Nachtkerzen\u00f6l ist ein wichtiger Bestandteil der DermaIntense-Creme. Diese Zutat bietet intensive Pflege und ein jugendliches Hautbild. Au\u00dferdem erh\u00f6ht es die <a href=\"https:\/\/www.lraloeverashop.eu\/de\/produkt\/aloe-vera-schuetzende-propolis-creme\/\">Elastizit\u00e4t der Haut<\/a> und die nat\u00fcrliche Feuchtigkeit.<\/p>\n","protected":false},"excerpt":{"rendered":"<ul>\n<li>Mit 20% Aloe Vera<\/li>\n<li>Mit Nachtkerzen\u00f6l, Wei\u00dfdorn-Extrakt und Vitamin \u039212<\/li>\n<li>Zur gezielten Behandlung gestresster, extra trockener Haut<\/li>\n<li>Die Haut wird regeneriert und in ein nat\u00fcrliches Gleichgewicht gebracht<\/li>\n<li>Enth\u00e4lt kein Parf\u00fcm\u00f6l<\/li>\n<li>Menge: 50 ml<\/li>\n<\/ul>\n<p><span style=\"color: #ff0000;\"><a style=\"color: #ff0000;\" href=\"https:\/\/shop.lrworld.com\/openpao?PHP=0vFlt7jT938BEnBI3a6e9w%3D%3D\"><span style=\"font-size: 14pt;\"><strong>Hier registrieren und dauerhaft 35\u202f% sparen<\/strong><\/span><\/a><\/span><\/p>\n","protected":false},"featured_media":4735,"comment_status":"open","ping_status":"closed","template":"","meta":{"_kad_blocks_custom_css":"","_kad_blocks_head_custom_js":"","_kad_blocks_body_custom_js":"","_kad_blocks_footer_custom_js":"","_kadence_starter_templates_imported_post":false,"_kad_post_transparent":"default","_kad_post_title":"","_kad_post_layout":"default","_kad_post_sidebar_id":"","_kad_post_content_style":"default","_kad_post_vertical_padding":"default","_kad_post_feature":"","_kad_post_feature_position":"","_kad_post_header":false,"_kad_post_footer":false,"_kad_post_classname":""},"product_brand":[],"product_cat":[213,261],"product_tag":[596,597],"class_list":{"0":"post-10855","1":"product","2":"type-product","3":"status-publish","4":"has-post-thumbnail","6":"product_cat-aloe-vera-de","7":"product_cat-spezialpflege","8":"product_tag-trockene-haende","9":"product_tag-trockene-haut","11":"first","12":"instock","13":"taxable","14":"shipping-taxable","15":"purchasable","16":"product-type-simple","17":"entry","18":"content-bg","19":"loop-entry"},"yoast_head":"<!-- This site is optimized with the Yoast SEO Premium plugin v27.4 (Yoast SEO v27.4) - https:\/\/yoast.com\/product\/yoast-seo-premium-wordpress\/ -->\n<title>Aloe Vera Regulierende Dermaintense Creme f\u00fcr gereizte haut<\/title>\n<meta name=\"description\" content=\"Aloe Vera Regulierende Dermaintense Creme mit einer kraftvollen Wirkstoffkombination wie Aloe Vera, Nachtkerzen\u00f6l, Wei\u00dfdornextrakt und B12 f\u00fcr trockene Haut\" \/>\n<meta name=\"robots\" content=\"index, follow, max-snippet:-1, max-image-preview:large, max-video-preview:-1\" \/>\n<link rel=\"canonical\" href=\"https:\/\/www.lraloeverashop.eu\/de\/produkt\/aloe-vera-regulierende-dermaintense-creme\/\" \/>\n<meta property=\"og:locale\" content=\"de_DE\" \/>\n<meta property=\"og:type\" content=\"article\" \/>\n<meta property=\"og:title\" content=\"Aloe Vera Regulierende Dermaintense Creme\" \/>\n<meta property=\"og:description\" content=\"Aloe Vera Regulierende Dermaintense Creme mit einer kraftvollen Wirkstoffkombination wie Aloe Vera, Nachtkerzen\u00f6l, Wei\u00dfdornextrakt und B12 f\u00fcr trockene Haut\" \/>\n<meta property=\"og:url\" content=\"https:\/\/www.lraloeverashop.eu\/de\/produkt\/aloe-vera-regulierende-dermaintense-creme\/\" \/>\n<meta property=\"og:site_name\" content=\"Lr Aloe Vera Shop\" \/>\n<meta property=\"article:publisher\" content=\"https:\/\/www.facebook.com\/lraloeverashop.eu\" \/>\n<meta property=\"article:modified_time\" content=\"2026-02-03T18:21:17+00:00\" \/>\n<meta property=\"og:image\" content=\"https:\/\/www.lraloeverashop.eu\/wp-content\/uploads\/2022\/10\/Lr-Aloe-Vera-Acute-Control-DermaIntense-Cream.jpg\" \/>\n\t<meta property=\"og:image:width\" content=\"1200\" \/>\n\t<meta property=\"og:image:height\" content=\"1200\" \/>\n\t<meta property=\"og:image:type\" content=\"image\/jpeg\" \/>\n<meta name=\"twitter:card\" content=\"summary_large_image\" \/>\n<meta name=\"twitter:site\" content=\"@natur__kosmetik\" \/>\n<script type=\"application\/ld+json\" class=\"yoast-schema-graph\">{\"@context\":\"https:\\\/\\\/schema.org\",\"@graph\":[{\"@type\":[\"WebPage\",\"ItemPage\"],\"@id\":\"https:\\\/\\\/www.lraloeverashop.eu\\\/de\\\/produkt\\\/aloe-vera-regulierende-dermaintense-creme\\\/\",\"url\":\"https:\\\/\\\/www.lraloeverashop.eu\\\/de\\\/produkt\\\/aloe-vera-regulierende-dermaintense-creme\\\/\",\"name\":\"Aloe Vera Regulierende Dermaintense Creme f\u00fcr gereizte haut\",\"isPartOf\":{\"@id\":\"https:\\\/\\\/www.lraloeverashop.eu\\\/de\\\/#website\"},\"primaryImageOfPage\":{\"@id\":\"https:\\\/\\\/www.lraloeverashop.eu\\\/de\\\/produkt\\\/aloe-vera-regulierende-dermaintense-creme\\\/#primaryimage\"},\"image\":{\"@id\":\"https:\\\/\\\/www.lraloeverashop.eu\\\/de\\\/produkt\\\/aloe-vera-regulierende-dermaintense-creme\\\/#primaryimage\"},\"thumbnailUrl\":\"https:\\\/\\\/www.lraloeverashop.eu\\\/wp-content\\\/uploads\\\/2022\\\/10\\\/Lr-Aloe-Vera-Acute-Control-DermaIntense-Cream.jpg\",\"datePublished\":\"2022-10-09T11:28:06+00:00\",\"dateModified\":\"2026-02-03T18:21:17+00:00\",\"description\":\"Aloe Vera Regulierende Dermaintense Creme mit einer kraftvollen Wirkstoffkombination wie Aloe Vera, Nachtkerzen\u00f6l, Wei\u00dfdornextrakt und B12 f\u00fcr trockene Haut\",\"breadcrumb\":{\"@id\":\"https:\\\/\\\/www.lraloeverashop.eu\\\/de\\\/produkt\\\/aloe-vera-regulierende-dermaintense-creme\\\/#breadcrumb\"},\"inLanguage\":\"de\",\"potentialAction\":[{\"@type\":\"ReadAction\",\"target\":[\"https:\\\/\\\/www.lraloeverashop.eu\\\/de\\\/produkt\\\/aloe-vera-regulierende-dermaintense-creme\\\/\"]}]},{\"@type\":\"ImageObject\",\"inLanguage\":\"de\",\"@id\":\"https:\\\/\\\/www.lraloeverashop.eu\\\/de\\\/produkt\\\/aloe-vera-regulierende-dermaintense-creme\\\/#primaryimage\",\"url\":\"https:\\\/\\\/www.lraloeverashop.eu\\\/wp-content\\\/uploads\\\/2022\\\/10\\\/Lr-Aloe-Vera-Acute-Control-DermaIntense-Cream.jpg\",\"contentUrl\":\"https:\\\/\\\/www.lraloeverashop.eu\\\/wp-content\\\/uploads\\\/2022\\\/10\\\/Lr-Aloe-Vera-Acute-Control-DermaIntense-Cream.jpg\",\"width\":1200,\"height\":1200,\"caption\":\"Lr Aloe Vera Regulierende Dermaintense Creme f\u00fcr gezielten Behandlung gestresster, extra trockener Haut\"},{\"@type\":\"BreadcrumbList\",\"@id\":\"https:\\\/\\\/www.lraloeverashop.eu\\\/de\\\/produkt\\\/aloe-vera-regulierende-dermaintense-creme\\\/#breadcrumb\",\"itemListElement\":[{\"@type\":\"ListItem\",\"position\":1,\"name\":\"Home\",\"item\":\"https:\\\/\\\/www.lraloeverashop.eu\\\/de\\\/\"},{\"@type\":\"ListItem\",\"position\":2,\"name\":\"Shop\",\"item\":\"https:\\\/\\\/www.lraloeverashop.eu\\\/de\\\/shop-2\\\/\"},{\"@type\":\"ListItem\",\"position\":3,\"name\":\"Aloe Vera Regulierende Dermaintense Creme\"}]},{\"@type\":\"WebSite\",\"@id\":\"https:\\\/\\\/www.lraloeverashop.eu\\\/de\\\/#website\",\"url\":\"https:\\\/\\\/www.lraloeverashop.eu\\\/de\\\/\",\"name\":\"Lr Aloe Vera Shop\",\"description\":\"High Quality Lr Aloe Vera Gel, Aloe Vera Cream and Shampoo\",\"publisher\":{\"@id\":\"https:\\\/\\\/www.lraloeverashop.eu\\\/de\\\/#organization\"},\"potentialAction\":[{\"@type\":\"SearchAction\",\"target\":{\"@type\":\"EntryPoint\",\"urlTemplate\":\"https:\\\/\\\/www.lraloeverashop.eu\\\/de\\\/?s={search_term_string}\"},\"query-input\":{\"@type\":\"PropertyValueSpecification\",\"valueRequired\":true,\"valueName\":\"search_term_string\"}}],\"inLanguage\":\"de\"},{\"@type\":\"Organization\",\"@id\":\"https:\\\/\\\/www.lraloeverashop.eu\\\/de\\\/#organization\",\"name\":\"Lr Aloe Vera Shop\",\"alternateName\":\"LR\",\"url\":\"https:\\\/\\\/www.lraloeverashop.eu\\\/de\\\/\",\"logo\":{\"@type\":\"ImageObject\",\"inLanguage\":\"de\",\"@id\":\"https:\\\/\\\/www.lraloeverashop.eu\\\/de\\\/#\\\/schema\\\/logo\\\/image\\\/\",\"url\":\"https:\\\/\\\/www.lraloeverashop.eu\\\/wp-content\\\/uploads\\\/2022\\\/09\\\/cropped-Lr-Aloe-Vera-Shop.jpg\",\"contentUrl\":\"https:\\\/\\\/www.lraloeverashop.eu\\\/wp-content\\\/uploads\\\/2022\\\/09\\\/cropped-Lr-Aloe-Vera-Shop.jpg\",\"width\":228,\"height\":76,\"caption\":\"Lr Aloe Vera Shop\"},\"image\":{\"@id\":\"https:\\\/\\\/www.lraloeverashop.eu\\\/de\\\/#\\\/schema\\\/logo\\\/image\\\/\"},\"sameAs\":[\"https:\\\/\\\/www.facebook.com\\\/lraloeverashop.eu\",\"https:\\\/\\\/x.com\\\/natur__kosmetik\",\"https:\\\/\\\/www.youtube.com\\\/channel\\\/UC5oN7BJ8nfYb8RpVtjwDEBA\",\"https:\\\/\\\/www.instagram.com\\\/lrbeautyeu\\\/\"],\"description\":\"LR Aloe Vera Shop ist Ihre vertrauensw\u00fcrdige Adresse f\u00fcr hochwertige LR Health & Beauty Produkte aus Deutschland. Wir bieten Ihnen erstklassige Aloe Vera Hautpflege, N\u00e4hrstoffe und Anti-Aging-Produkte mit reinen Inhaltsstoffen, die auf wissenschaftlichen Erkenntnissen basieren. Entdecken Sie nat\u00fcrliche Pflege, die Ihre Haut regeneriert, sch\u00fctzt und revitalisiert \u2013 und profitieren Sie von exklusiven Monatsangeboten auf unsere Bestseller von LR Aloe Vera. Starten Sie noch heute Ihre Reise zu nat\u00fcrlicher Hautpflege und sp\u00fcren Sie den Unterschied.\",\"email\":\"info@lraloeverashop.eu\",\"telephone\":\"+49 17670609653\",\"legalName\":\"Lr Aloe Vera Shop\",\"foundingDate\":\"2018-04-21\",\"numberOfEmployees\":{\"@type\":\"QuantitativeValue\",\"minValue\":\"1\",\"maxValue\":\"10\"}}]}<\/script>\n<meta property=\"product:price:amount\" content=\"38.79\" \/>\n<meta property=\"product:price:currency\" content=\"EUR\" \/>\n<meta property=\"og:availability\" content=\"instock\" \/>\n<meta property=\"product:availability\" content=\"instock\" \/>\n<meta property=\"product:retailer_item_id\" content=\"20606-101DE\" \/>\n<meta property=\"product:condition\" content=\"new\" \/>\n<!-- \/ Yoast SEO Premium plugin. -->","yoast_head_json":{"title":"Aloe Vera Regulierende Dermaintense Creme f\u00fcr gereizte haut","description":"Aloe Vera Regulierende Dermaintense Creme mit einer kraftvollen Wirkstoffkombination wie Aloe Vera, Nachtkerzen\u00f6l, Wei\u00dfdornextrakt und B12 f\u00fcr trockene Haut","robots":{"index":"index","follow":"follow","max-snippet":"max-snippet:-1","max-image-preview":"max-image-preview:large","max-video-preview":"max-video-preview:-1"},"canonical":"https:\/\/www.lraloeverashop.eu\/de\/produkt\/aloe-vera-regulierende-dermaintense-creme\/","og_locale":"de_DE","og_type":"article","og_title":"Aloe Vera Regulierende Dermaintense Creme","og_description":"Aloe Vera Regulierende Dermaintense Creme mit einer kraftvollen Wirkstoffkombination wie Aloe Vera, Nachtkerzen\u00f6l, Wei\u00dfdornextrakt und B12 f\u00fcr trockene Haut","og_url":"https:\/\/www.lraloeverashop.eu\/de\/produkt\/aloe-vera-regulierende-dermaintense-creme\/","og_site_name":"Lr Aloe Vera Shop","article_publisher":"https:\/\/www.facebook.com\/lraloeverashop.eu","article_modified_time":"2026-02-03T18:21:17+00:00","og_image":[{"width":1200,"height":1200,"url":"https:\/\/www.lraloeverashop.eu\/wp-content\/uploads\/2022\/10\/Lr-Aloe-Vera-Acute-Control-DermaIntense-Cream.jpg","type":"image\/jpeg"}],"twitter_card":"summary_large_image","twitter_site":"@natur__kosmetik","schema":{"@context":"https:\/\/schema.org","@graph":[{"@type":["WebPage","ItemPage"],"@id":"https:\/\/www.lraloeverashop.eu\/de\/produkt\/aloe-vera-regulierende-dermaintense-creme\/","url":"https:\/\/www.lraloeverashop.eu\/de\/produkt\/aloe-vera-regulierende-dermaintense-creme\/","name":"Aloe Vera Regulierende Dermaintense Creme f\u00fcr gereizte haut","isPartOf":{"@id":"https:\/\/www.lraloeverashop.eu\/de\/#website"},"primaryImageOfPage":{"@id":"https:\/\/www.lraloeverashop.eu\/de\/produkt\/aloe-vera-regulierende-dermaintense-creme\/#primaryimage"},"image":{"@id":"https:\/\/www.lraloeverashop.eu\/de\/produkt\/aloe-vera-regulierende-dermaintense-creme\/#primaryimage"},"thumbnailUrl":"https:\/\/www.lraloeverashop.eu\/wp-content\/uploads\/2022\/10\/Lr-Aloe-Vera-Acute-Control-DermaIntense-Cream.jpg","datePublished":"2022-10-09T11:28:06+00:00","dateModified":"2026-02-03T18:21:17+00:00","description":"Aloe Vera Regulierende Dermaintense Creme mit einer kraftvollen Wirkstoffkombination wie Aloe Vera, Nachtkerzen\u00f6l, Wei\u00dfdornextrakt und B12 f\u00fcr trockene Haut","breadcrumb":{"@id":"https:\/\/www.lraloeverashop.eu\/de\/produkt\/aloe-vera-regulierende-dermaintense-creme\/#breadcrumb"},"inLanguage":"de","potentialAction":[{"@type":"ReadAction","target":["https:\/\/www.lraloeverashop.eu\/de\/produkt\/aloe-vera-regulierende-dermaintense-creme\/"]}]},{"@type":"ImageObject","inLanguage":"de","@id":"https:\/\/www.lraloeverashop.eu\/de\/produkt\/aloe-vera-regulierende-dermaintense-creme\/#primaryimage","url":"https:\/\/www.lraloeverashop.eu\/wp-content\/uploads\/2022\/10\/Lr-Aloe-Vera-Acute-Control-DermaIntense-Cream.jpg","contentUrl":"https:\/\/www.lraloeverashop.eu\/wp-content\/uploads\/2022\/10\/Lr-Aloe-Vera-Acute-Control-DermaIntense-Cream.jpg","width":1200,"height":1200,"caption":"Lr Aloe Vera Regulierende Dermaintense Creme f\u00fcr gezielten Behandlung gestresster, extra trockener Haut"},{"@type":"BreadcrumbList","@id":"https:\/\/www.lraloeverashop.eu\/de\/produkt\/aloe-vera-regulierende-dermaintense-creme\/#breadcrumb","itemListElement":[{"@type":"ListItem","position":1,"name":"Home","item":"https:\/\/www.lraloeverashop.eu\/de\/"},{"@type":"ListItem","position":2,"name":"Shop","item":"https:\/\/www.lraloeverashop.eu\/de\/shop-2\/"},{"@type":"ListItem","position":3,"name":"Aloe Vera Regulierende Dermaintense Creme"}]},{"@type":"WebSite","@id":"https:\/\/www.lraloeverashop.eu\/de\/#website","url":"https:\/\/www.lraloeverashop.eu\/de\/","name":"Lr Aloe Vera Shop","description":"High Quality Lr Aloe Vera Gel, Aloe Vera Cream and Shampoo","publisher":{"@id":"https:\/\/www.lraloeverashop.eu\/de\/#organization"},"potentialAction":[{"@type":"SearchAction","target":{"@type":"EntryPoint","urlTemplate":"https:\/\/www.lraloeverashop.eu\/de\/?s={search_term_string}"},"query-input":{"@type":"PropertyValueSpecification","valueRequired":true,"valueName":"search_term_string"}}],"inLanguage":"de"},{"@type":"Organization","@id":"https:\/\/www.lraloeverashop.eu\/de\/#organization","name":"Lr Aloe Vera Shop","alternateName":"LR","url":"https:\/\/www.lraloeverashop.eu\/de\/","logo":{"@type":"ImageObject","inLanguage":"de","@id":"https:\/\/www.lraloeverashop.eu\/de\/#\/schema\/logo\/image\/","url":"https:\/\/www.lraloeverashop.eu\/wp-content\/uploads\/2022\/09\/cropped-Lr-Aloe-Vera-Shop.jpg","contentUrl":"https:\/\/www.lraloeverashop.eu\/wp-content\/uploads\/2022\/09\/cropped-Lr-Aloe-Vera-Shop.jpg","width":228,"height":76,"caption":"Lr Aloe Vera Shop"},"image":{"@id":"https:\/\/www.lraloeverashop.eu\/de\/#\/schema\/logo\/image\/"},"sameAs":["https:\/\/www.facebook.com\/lraloeverashop.eu","https:\/\/x.com\/natur__kosmetik","https:\/\/www.youtube.com\/channel\/UC5oN7BJ8nfYb8RpVtjwDEBA","https:\/\/www.instagram.com\/lrbeautyeu\/"],"description":"LR Aloe Vera Shop ist Ihre vertrauensw\u00fcrdige Adresse f\u00fcr hochwertige LR Health & Beauty Produkte aus Deutschland. Wir bieten Ihnen erstklassige Aloe Vera Hautpflege, N\u00e4hrstoffe und Anti-Aging-Produkte mit reinen Inhaltsstoffen, die auf wissenschaftlichen Erkenntnissen basieren. Entdecken Sie nat\u00fcrliche Pflege, die Ihre Haut regeneriert, sch\u00fctzt und revitalisiert \u2013 und profitieren Sie von exklusiven Monatsangeboten auf unsere Bestseller von LR Aloe Vera. Starten Sie noch heute Ihre Reise zu nat\u00fcrlicher Hautpflege und sp\u00fcren Sie den Unterschied.","email":"info@lraloeverashop.eu","telephone":"+49 17670609653","legalName":"Lr Aloe Vera Shop","foundingDate":"2018-04-21","numberOfEmployees":{"@type":"QuantitativeValue","minValue":"1","maxValue":"10"}}]},"product_price_amount":"38.79","product_price_currency":"EUR","og_availability":"instock","product_availability":"instock","product_retailer_item_id":"20606-101DE","product_condition":"new"},"taxonomy_info":{"product_cat":[{"value":213,"label":"Aloe Vera"},{"value":261,"label":"Spezialpflege"}],"product_tag":[{"value":596,"label":"Trockene H\u00e4nde"},{"value":597,"label":"Trockene Haut"}]},"featured_image_src_large":["https:\/\/www.lraloeverashop.eu\/wp-content\/uploads\/2022\/10\/Lr-Aloe-Vera-Acute-Control-DermaIntense-Cream-1024x1024.jpg",1024,1024,true],"author_info":[],"comment_info":0,"_links":{"self":[{"href":"https:\/\/www.lraloeverashop.eu\/de\/wp-json\/wp\/v2\/product\/10855","targetHints":{"allow":["GET"]}}],"collection":[{"href":"https:\/\/www.lraloeverashop.eu\/de\/wp-json\/wp\/v2\/product"}],"about":[{"href":"https:\/\/www.lraloeverashop.eu\/de\/wp-json\/wp\/v2\/types\/product"}],"replies":[{"embeddable":true,"href":"https:\/\/www.lraloeverashop.eu\/de\/wp-json\/wp\/v2\/comments?post=10855"}],"wp:featuredmedia":[{"embeddable":true,"href":"https:\/\/www.lraloeverashop.eu\/de\/wp-json\/wp\/v2\/media\/4735"}],"wp:attachment":[{"href":"https:\/\/www.lraloeverashop.eu\/de\/wp-json\/wp\/v2\/media?parent=10855"}],"wp:term":[{"taxonomy":"product_brand","embeddable":true,"href":"https:\/\/www.lraloeverashop.eu\/de\/wp-json\/wp\/v2\/product_brand?post=10855"},{"taxonomy":"product_cat","embeddable":true,"href":"https:\/\/www.lraloeverashop.eu\/de\/wp-json\/wp\/v2\/product_cat?post=10855"},{"taxonomy":"product_tag","embeddable":true,"href":"https:\/\/www.lraloeverashop.eu\/de\/wp-json\/wp\/v2\/product_tag?post=10855"}],"curies":[{"name":"wp","href":"https:\/\/api.w.org\/{rel}","templated":true}]}}