{"id":10794,"date":"2022-10-09T17:04:18","date_gmt":"2022-10-09T15:04:18","guid":{"rendered":"https:\/\/www.lraloeverashop.eu\/product\/aloe-vera-men-set-iii\/"},"modified":"2026-02-03T19:20:29","modified_gmt":"2026-02-03T18:20:29","slug":"aloe-vera-men-set-iii","status":"publish","type":"product","link":"https:\/\/www.lraloeverashop.eu\/de\/produkt\/aloe-vera-men-set-iii\/","title":{"rendered":"Aloe Vera Men Set III"},"content":{"rendered":"<h2><span style=\"font-size: 16pt;\">Aloe Vera Men Set III<\/span><\/h2>\n<p><strong><span style=\"font-size: 14pt;\">Aloe Vera Men Set III \u2013 Alles, was ein Mann f\u00fcr die t\u00e4gliche Pflegeroutine braucht!<\/span><\/strong><\/p>\n<p>Ist es Ihnen wichtig, immer das Beste aus sich zu machen? Mit diesem Aloe Vera Set III holen Sie das Beste aus sich heraus! Funktionale Pflegerituale f\u00fcr echte Kerle mit belebendem Bio-Hopfenextrakt, feuchtigkeitsspendender Aloe Vera und einem maskulinen, holzigen Duft.<\/p>\n<p><strong>Aloe Vera Set enth\u00e4lt:<\/strong><\/p>\n<p><strong><a href=\"https:\/\/www.lraloeverashop.eu\/de\/produkt\/aloe-vera-shampoo-mens-essentials-4in1\/\">Aloe Vera Shampoo Mens Essentials 4in1<\/a>\u00a0<\/strong>gently f\u00fcr K\u00f6rper, Gesicht, Haar und Bart reinigt und erfrischt sanft Ihren ganzen K\u00f6rper in einem Schritt. Ein praktisches Duschprodukt mit 15 % Aloe Vera und Bio-Hopfenextrakt. Der unwiderstehliche, frisch-holzige Duft rundet das Duscherlebnis ab.<\/p>\n<p><strong><a href=\"https:\/\/www.lraloeverashop.eu\/de\/produkt\/aloe-vera-mens-gesichts-und-bart-ol\/\">Aloe Vera Mens Gesichts und Bart \u00d6l<\/a> F\u00fcr M\u00e4nner<\/strong> mit sofortiger Geschmeidigkeit f\u00fcr Haut und Bart! Bart\u00f6l pflegt Haut und Haare, lindert Juckreiz und hinterl\u00e4sst ein geschmeidiges und gepflegtes Hautgef\u00fchl.<\/p>\n<p>Mit Aloe Vera, Bio-Hopfenextrakt und pflegenden \u00d6len wie Argan-, Mandel-, Jojoba- und Sonnenblumen\u00f6l sch\u00fctzt es Haut und Haar vor Feuchtigkeitsverlust. Zudem pflegt es Haut und Haare, hinterl\u00e4sst ein angenehmes, gepflegtes Gef\u00fchl, da es schnell einzieht ohne zu fetten.<\/p>\n<p>Der <a href=\"https:\/\/www.lraloeverashop.eu\/de\/produkt\/aloe-vera-haar-und-bart-styling-balsam\/\"><strong>2in1 Aloe Vera Haar und Bart Styling Balsam<\/strong><\/a> gibt dem Haar Halt und sorgt f\u00fcr einen perfekten Style von Bart und Frisur. Aloe Vera Men Set III mit 15% Aloe Vera und Bio-Hopfenextrakt spendet es Feuchtigkeit, b\u00e4ndigt krauses Haar und verbessert die K\u00e4mmbarkeit. Begleitet von einem holzig-frischen Duft erhalten Bart und Haare nat\u00fcrlichen Glanz und ein stilvolles Finish. Kann erblich bedingtem Haarausfall vorbeugen.<\/p>\n<p>&nbsp;<\/p>\n<h3><span style=\"font-size: 16pt;\">Wussten Sie schon?<\/span><\/h3>\n<p>Bio-Hopfenextrakt ist in der Kosmetik f\u00fcr seine hautpflegenden und beruhigenden Eigenschaften bekannt. Die hohe Anzahl an Flavonoiden bietet einen guten Rundumschutz vor freien Radikalen. Die Inhaltsstoffe Kamperol und Quercetin wirken stark antioxidativ und sorgen f\u00fcr zarte, gepflegte Haut. Hopfen beruhigt auch die Kopfhaut und verleiht dem Haar Kraft und F\u00fclle.<\/p>\n<p>Aloe Vera Men Set III enth\u00e4lt Aloe Vera 4in1 Duschgel f\u00fcr Gesicht, K\u00f6rper, Haare &amp; Bart (250 ml) + Aloe Vera 2in1 Gesichts- und Bart\u00f6l (30 ml) + Aloe Vera 2in1 Haar- und Bartstylingbalsam (50 ml)<\/p>\n","protected":false},"excerpt":{"rendered":"<ul>\n<li>Reinigungs-Allrounder von Kopf bis Fu\u00df<\/li>\n<li>Mit 15% Aloe Vera und Bio-Hopfenextrakt<\/li>\n<li>1 x Gesichts- &amp; Bart\u00f6l,<\/li>\n<li>1 x 4in1 Duschgel<\/li>\n<li>1 x Haar- &amp; Bartstyling-Balsam<\/li>\n<li>Hergestellt in Deutschland<\/li>\n<\/ul>\n<p><span style=\"color: #ff0000;\"><a style=\"color: #ff0000;\" href=\"https:\/\/shop.lrworld.com\/openpao?PHP=0vFlt7jT938BEnBI3a6e9w%3D%3D\"><span style=\"font-size: 14pt;\"><strong>Hier registrieren und dauerhaft 35\u202f% sparen<\/strong><\/span><\/a><\/span><\/p>\n","protected":false},"featured_media":4837,"comment_status":"open","ping_status":"closed","template":"","meta":{"_kad_blocks_custom_css":"","_kad_blocks_head_custom_js":"","_kad_blocks_body_custom_js":"","_kad_blocks_footer_custom_js":"","_kadence_starter_templates_imported_post":false,"_kad_post_transparent":"default","_kad_post_title":"","_kad_post_layout":"default","_kad_post_sidebar_id":"","_kad_post_content_style":"default","_kad_post_vertical_padding":"default","_kad_post_feature":"","_kad_post_feature_position":"","_kad_post_header":false,"_kad_post_footer":false,"_kad_post_classname":""},"product_brand":[],"product_cat":[213,352,249],"product_tag":[519,538],"class_list":{"0":"post-10794","1":"product","2":"type-product","3":"status-publish","4":"has-post-thumbnail","6":"product_cat-aloe-vera-de","7":"product_cat-angebote","8":"product_cat-mannerpflege","9":"product_tag-bart","10":"product_tag-herrenprodukte","12":"first","13":"outofstock","14":"sale","15":"taxable","16":"shipping-taxable","17":"purchasable","18":"product-type-simple","19":"entry","20":"content-bg","21":"loop-entry"},"yoast_head":"<!-- This site is optimized with the Yoast SEO Premium plugin v27.5 (Yoast SEO v27.5) - https:\/\/yoast.com\/product\/yoast-seo-premium-wordpress\/ -->\n<title>Aloe Vera Men Set III \u2013 Funktionale Pflegerituale f\u00fcr echte Kerle<\/title>\n<meta name=\"description\" content=\"Ist es Ihnen wichtig, immer das Beste aus sich zu machen? Mit diesem Aloe Vera Men Set III holen Sie das Beste aus sich heraus! Bart\u00f6l, Duschgel und Balzam\" \/>\n<meta name=\"robots\" content=\"index, follow, max-snippet:-1, max-image-preview:large, max-video-preview:-1\" \/>\n<link rel=\"canonical\" href=\"https:\/\/www.lraloeverashop.eu\/de\/produkt\/aloe-vera-men-set-iii\/\" \/>\n<meta property=\"og:locale\" content=\"de_DE\" \/>\n<meta property=\"og:type\" content=\"article\" \/>\n<meta property=\"og:title\" content=\"Aloe Vera Men Set III\" \/>\n<meta property=\"og:description\" content=\"Ist es Ihnen wichtig, immer das Beste aus sich zu machen? Mit diesem Aloe Vera Men Set III holen Sie das Beste aus sich heraus! Bart\u00f6l, Duschgel und Balzam\" \/>\n<meta property=\"og:url\" content=\"https:\/\/www.lraloeverashop.eu\/de\/produkt\/aloe-vera-men-set-iii\/\" \/>\n<meta property=\"og:site_name\" content=\"Lr Aloe Vera Shop\" \/>\n<meta property=\"article:publisher\" content=\"https:\/\/www.facebook.com\/lraloeverashop.eu\" \/>\n<meta property=\"article:modified_time\" content=\"2026-02-03T18:20:29+00:00\" \/>\n<meta property=\"og:image\" content=\"https:\/\/www.lraloeverashop.eu\/wp-content\/uploads\/2022\/10\/Lr-Aloe-Vera-Men-Set-III.jpg\" \/>\n\t<meta property=\"og:image:width\" content=\"1200\" \/>\n\t<meta property=\"og:image:height\" content=\"1200\" \/>\n\t<meta property=\"og:image:type\" content=\"image\/jpeg\" \/>\n<meta name=\"twitter:card\" content=\"summary_large_image\" \/>\n<meta name=\"twitter:site\" content=\"@natur__kosmetik\" \/>\n<script type=\"application\/ld+json\" class=\"yoast-schema-graph\">{\"@context\":\"https:\\\/\\\/schema.org\",\"@graph\":[{\"@type\":[\"WebPage\",\"ItemPage\"],\"@id\":\"https:\\\/\\\/www.lraloeverashop.eu\\\/de\\\/produkt\\\/aloe-vera-men-set-iii\\\/\",\"url\":\"https:\\\/\\\/www.lraloeverashop.eu\\\/de\\\/produkt\\\/aloe-vera-men-set-iii\\\/\",\"name\":\"Aloe Vera Men Set III \u2013 Funktionale Pflegerituale f\u00fcr echte Kerle\",\"isPartOf\":{\"@id\":\"https:\\\/\\\/www.lraloeverashop.eu\\\/de\\\/#website\"},\"primaryImageOfPage\":{\"@id\":\"https:\\\/\\\/www.lraloeverashop.eu\\\/de\\\/produkt\\\/aloe-vera-men-set-iii\\\/#primaryimage\"},\"image\":{\"@id\":\"https:\\\/\\\/www.lraloeverashop.eu\\\/de\\\/produkt\\\/aloe-vera-men-set-iii\\\/#primaryimage\"},\"thumbnailUrl\":\"https:\\\/\\\/www.lraloeverashop.eu\\\/wp-content\\\/uploads\\\/2022\\\/10\\\/Lr-Aloe-Vera-Men-Set-III.jpg\",\"datePublished\":\"2022-10-09T15:04:18+00:00\",\"dateModified\":\"2026-02-03T18:20:29+00:00\",\"description\":\"Ist es Ihnen wichtig, immer das Beste aus sich zu machen? Mit diesem Aloe Vera Men Set III holen Sie das Beste aus sich heraus! Bart\u00f6l, Duschgel und Balzam\",\"breadcrumb\":{\"@id\":\"https:\\\/\\\/www.lraloeverashop.eu\\\/de\\\/produkt\\\/aloe-vera-men-set-iii\\\/#breadcrumb\"},\"inLanguage\":\"de\",\"potentialAction\":[{\"@type\":\"ReadAction\",\"target\":[\"https:\\\/\\\/www.lraloeverashop.eu\\\/de\\\/produkt\\\/aloe-vera-men-set-iii\\\/\"]}]},{\"@type\":\"ImageObject\",\"inLanguage\":\"de\",\"@id\":\"https:\\\/\\\/www.lraloeverashop.eu\\\/de\\\/produkt\\\/aloe-vera-men-set-iii\\\/#primaryimage\",\"url\":\"https:\\\/\\\/www.lraloeverashop.eu\\\/wp-content\\\/uploads\\\/2022\\\/10\\\/Lr-Aloe-Vera-Men-Set-III.jpg\",\"contentUrl\":\"https:\\\/\\\/www.lraloeverashop.eu\\\/wp-content\\\/uploads\\\/2022\\\/10\\\/Lr-Aloe-Vera-Men-Set-III.jpg\",\"width\":1200,\"height\":1200,\"caption\":\"Lr Aloe Vera Men Set III f\u00fcr die t\u00e4gliche Pflege\"},{\"@type\":\"BreadcrumbList\",\"@id\":\"https:\\\/\\\/www.lraloeverashop.eu\\\/de\\\/produkt\\\/aloe-vera-men-set-iii\\\/#breadcrumb\",\"itemListElement\":[{\"@type\":\"ListItem\",\"position\":1,\"name\":\"Home\",\"item\":\"https:\\\/\\\/www.lraloeverashop.eu\\\/de\\\/\"},{\"@type\":\"ListItem\",\"position\":2,\"name\":\"Shop\",\"item\":\"https:\\\/\\\/www.lraloeverashop.eu\\\/de\\\/shop-2\\\/\"},{\"@type\":\"ListItem\",\"position\":3,\"name\":\"Aloe Vera Men Set III\"}]},{\"@type\":\"WebSite\",\"@id\":\"https:\\\/\\\/www.lraloeverashop.eu\\\/de\\\/#website\",\"url\":\"https:\\\/\\\/www.lraloeverashop.eu\\\/de\\\/\",\"name\":\"Lr Aloe Vera Shop\",\"description\":\"High Quality Lr Aloe Vera Gel, Aloe Vera Cream and Shampoo\",\"publisher\":{\"@id\":\"https:\\\/\\\/www.lraloeverashop.eu\\\/de\\\/#organization\"},\"alternateName\":\"LR\",\"potentialAction\":[{\"@type\":\"SearchAction\",\"target\":{\"@type\":\"EntryPoint\",\"urlTemplate\":\"https:\\\/\\\/www.lraloeverashop.eu\\\/de\\\/?s={search_term_string}\"},\"query-input\":{\"@type\":\"PropertyValueSpecification\",\"valueRequired\":true,\"valueName\":\"search_term_string\"}}],\"inLanguage\":\"de\"},{\"@type\":\"Organization\",\"@id\":\"https:\\\/\\\/www.lraloeverashop.eu\\\/de\\\/#organization\",\"name\":\"Lr Aloe Vera Shop\",\"alternateName\":\"LR\",\"url\":\"https:\\\/\\\/www.lraloeverashop.eu\\\/de\\\/\",\"logo\":{\"@type\":\"ImageObject\",\"inLanguage\":\"de\",\"@id\":\"https:\\\/\\\/www.lraloeverashop.eu\\\/de\\\/#\\\/schema\\\/logo\\\/image\\\/\",\"url\":\"https:\\\/\\\/www.lraloeverashop.eu\\\/wp-content\\\/uploads\\\/2022\\\/09\\\/cropped-Lr-Aloe-Vera-Shop.jpg\",\"contentUrl\":\"https:\\\/\\\/www.lraloeverashop.eu\\\/wp-content\\\/uploads\\\/2022\\\/09\\\/cropped-Lr-Aloe-Vera-Shop.jpg\",\"width\":228,\"height\":76,\"caption\":\"Lr Aloe Vera Shop\"},\"image\":{\"@id\":\"https:\\\/\\\/www.lraloeverashop.eu\\\/de\\\/#\\\/schema\\\/logo\\\/image\\\/\"},\"sameAs\":[\"https:\\\/\\\/www.facebook.com\\\/lraloeverashop.eu\",\"https:\\\/\\\/x.com\\\/natur__kosmetik\",\"https:\\\/\\\/www.youtube.com\\\/channel\\\/UC5oN7BJ8nfYb8RpVtjwDEBA\",\"https:\\\/\\\/www.instagram.com\\\/lrbeautyeu\\\/\"],\"description\":\"LR Aloe Vera Shop ist Ihre vertrauensw\u00fcrdige Adresse f\u00fcr hochwertige LR Health & Beauty Produkte aus Deutschland. Wir bieten Ihnen erstklassige Aloe Vera Hautpflege, N\u00e4hrstoffe und Anti-Aging-Produkte mit reinen Inhaltsstoffen, die auf wissenschaftlichen Erkenntnissen basieren. Entdecken Sie nat\u00fcrliche Pflege, die Ihre Haut regeneriert, sch\u00fctzt und revitalisiert \u2013 und profitieren Sie von exklusiven Monatsangeboten auf unsere Bestseller von LR Aloe Vera. Starten Sie noch heute Ihre Reise zu nat\u00fcrlicher Hautpflege und sp\u00fcren Sie den Unterschied.\",\"email\":\"info@lraloeverashop.eu\",\"telephone\":\"+49 17670609653\",\"legalName\":\"Lr Aloe Vera Shop\",\"foundingDate\":\"2018-04-21\",\"numberOfEmployees\":{\"@type\":\"QuantitativeValue\",\"minValue\":\"1\",\"maxValue\":\"10\"}}]}<\/script>\n<meta property=\"product:price:amount\" content=\"43.99\" \/>\n<meta property=\"product:price:currency\" content=\"EUR\" \/>\n<meta property=\"og:availability\" content=\"out of stock\" \/>\n<meta property=\"product:availability\" content=\"out of stock\" \/>\n<meta property=\"product:retailer_item_id\" content=\"20441-1DE\" \/>\n<meta property=\"product:condition\" content=\"new\" \/>\n<!-- \/ Yoast SEO Premium plugin. -->","yoast_head_json":{"title":"Aloe Vera Men Set III \u2013 Funktionale Pflegerituale f\u00fcr echte Kerle","description":"Ist es Ihnen wichtig, immer das Beste aus sich zu machen? Mit diesem Aloe Vera Men Set III holen Sie das Beste aus sich heraus! Bart\u00f6l, Duschgel und Balzam","robots":{"index":"index","follow":"follow","max-snippet":"max-snippet:-1","max-image-preview":"max-image-preview:large","max-video-preview":"max-video-preview:-1"},"canonical":"https:\/\/www.lraloeverashop.eu\/de\/produkt\/aloe-vera-men-set-iii\/","og_locale":"de_DE","og_type":"article","og_title":"Aloe Vera Men Set III","og_description":"Ist es Ihnen wichtig, immer das Beste aus sich zu machen? Mit diesem Aloe Vera Men Set III holen Sie das Beste aus sich heraus! Bart\u00f6l, Duschgel und Balzam","og_url":"https:\/\/www.lraloeverashop.eu\/de\/produkt\/aloe-vera-men-set-iii\/","og_site_name":"Lr Aloe Vera Shop","article_publisher":"https:\/\/www.facebook.com\/lraloeverashop.eu","article_modified_time":"2026-02-03T18:20:29+00:00","og_image":[{"width":1200,"height":1200,"url":"https:\/\/www.lraloeverashop.eu\/wp-content\/uploads\/2022\/10\/Lr-Aloe-Vera-Men-Set-III.jpg","type":"image\/jpeg"}],"twitter_card":"summary_large_image","twitter_site":"@natur__kosmetik","schema":{"@context":"https:\/\/schema.org","@graph":[{"@type":["WebPage","ItemPage"],"@id":"https:\/\/www.lraloeverashop.eu\/de\/produkt\/aloe-vera-men-set-iii\/","url":"https:\/\/www.lraloeverashop.eu\/de\/produkt\/aloe-vera-men-set-iii\/","name":"Aloe Vera Men Set III \u2013 Funktionale Pflegerituale f\u00fcr echte Kerle","isPartOf":{"@id":"https:\/\/www.lraloeverashop.eu\/de\/#website"},"primaryImageOfPage":{"@id":"https:\/\/www.lraloeverashop.eu\/de\/produkt\/aloe-vera-men-set-iii\/#primaryimage"},"image":{"@id":"https:\/\/www.lraloeverashop.eu\/de\/produkt\/aloe-vera-men-set-iii\/#primaryimage"},"thumbnailUrl":"https:\/\/www.lraloeverashop.eu\/wp-content\/uploads\/2022\/10\/Lr-Aloe-Vera-Men-Set-III.jpg","datePublished":"2022-10-09T15:04:18+00:00","dateModified":"2026-02-03T18:20:29+00:00","description":"Ist es Ihnen wichtig, immer das Beste aus sich zu machen? Mit diesem Aloe Vera Men Set III holen Sie das Beste aus sich heraus! Bart\u00f6l, Duschgel und Balzam","breadcrumb":{"@id":"https:\/\/www.lraloeverashop.eu\/de\/produkt\/aloe-vera-men-set-iii\/#breadcrumb"},"inLanguage":"de","potentialAction":[{"@type":"ReadAction","target":["https:\/\/www.lraloeverashop.eu\/de\/produkt\/aloe-vera-men-set-iii\/"]}]},{"@type":"ImageObject","inLanguage":"de","@id":"https:\/\/www.lraloeverashop.eu\/de\/produkt\/aloe-vera-men-set-iii\/#primaryimage","url":"https:\/\/www.lraloeverashop.eu\/wp-content\/uploads\/2022\/10\/Lr-Aloe-Vera-Men-Set-III.jpg","contentUrl":"https:\/\/www.lraloeverashop.eu\/wp-content\/uploads\/2022\/10\/Lr-Aloe-Vera-Men-Set-III.jpg","width":1200,"height":1200,"caption":"Lr Aloe Vera Men Set III f\u00fcr die t\u00e4gliche Pflege"},{"@type":"BreadcrumbList","@id":"https:\/\/www.lraloeverashop.eu\/de\/produkt\/aloe-vera-men-set-iii\/#breadcrumb","itemListElement":[{"@type":"ListItem","position":1,"name":"Home","item":"https:\/\/www.lraloeverashop.eu\/de\/"},{"@type":"ListItem","position":2,"name":"Shop","item":"https:\/\/www.lraloeverashop.eu\/de\/shop-2\/"},{"@type":"ListItem","position":3,"name":"Aloe Vera Men Set III"}]},{"@type":"WebSite","@id":"https:\/\/www.lraloeverashop.eu\/de\/#website","url":"https:\/\/www.lraloeverashop.eu\/de\/","name":"Lr Aloe Vera Shop","description":"High Quality Lr Aloe Vera Gel, Aloe Vera Cream and Shampoo","publisher":{"@id":"https:\/\/www.lraloeverashop.eu\/de\/#organization"},"alternateName":"LR","potentialAction":[{"@type":"SearchAction","target":{"@type":"EntryPoint","urlTemplate":"https:\/\/www.lraloeverashop.eu\/de\/?s={search_term_string}"},"query-input":{"@type":"PropertyValueSpecification","valueRequired":true,"valueName":"search_term_string"}}],"inLanguage":"de"},{"@type":"Organization","@id":"https:\/\/www.lraloeverashop.eu\/de\/#organization","name":"Lr Aloe Vera Shop","alternateName":"LR","url":"https:\/\/www.lraloeverashop.eu\/de\/","logo":{"@type":"ImageObject","inLanguage":"de","@id":"https:\/\/www.lraloeverashop.eu\/de\/#\/schema\/logo\/image\/","url":"https:\/\/www.lraloeverashop.eu\/wp-content\/uploads\/2022\/09\/cropped-Lr-Aloe-Vera-Shop.jpg","contentUrl":"https:\/\/www.lraloeverashop.eu\/wp-content\/uploads\/2022\/09\/cropped-Lr-Aloe-Vera-Shop.jpg","width":228,"height":76,"caption":"Lr Aloe Vera Shop"},"image":{"@id":"https:\/\/www.lraloeverashop.eu\/de\/#\/schema\/logo\/image\/"},"sameAs":["https:\/\/www.facebook.com\/lraloeverashop.eu","https:\/\/x.com\/natur__kosmetik","https:\/\/www.youtube.com\/channel\/UC5oN7BJ8nfYb8RpVtjwDEBA","https:\/\/www.instagram.com\/lrbeautyeu\/"],"description":"LR Aloe Vera Shop ist Ihre vertrauensw\u00fcrdige Adresse f\u00fcr hochwertige LR Health & Beauty Produkte aus Deutschland. Wir bieten Ihnen erstklassige Aloe Vera Hautpflege, N\u00e4hrstoffe und Anti-Aging-Produkte mit reinen Inhaltsstoffen, die auf wissenschaftlichen Erkenntnissen basieren. Entdecken Sie nat\u00fcrliche Pflege, die Ihre Haut regeneriert, sch\u00fctzt und revitalisiert \u2013 und profitieren Sie von exklusiven Monatsangeboten auf unsere Bestseller von LR Aloe Vera. Starten Sie noch heute Ihre Reise zu nat\u00fcrlicher Hautpflege und sp\u00fcren Sie den Unterschied.","email":"info@lraloeverashop.eu","telephone":"+49 17670609653","legalName":"Lr Aloe Vera Shop","foundingDate":"2018-04-21","numberOfEmployees":{"@type":"QuantitativeValue","minValue":"1","maxValue":"10"}}]},"product_price_amount":"43.99","product_price_currency":"EUR","og_availability":"out of stock","product_availability":"out of stock","product_retailer_item_id":"20441-1DE","product_condition":"new"},"taxonomy_info":{"product_cat":[{"value":213,"label":"Aloe Vera"},{"value":352,"label":"Angebote"},{"value":249,"label":"M\u00e4nnerpflege"}],"product_tag":[{"value":519,"label":"Bart"},{"value":538,"label":"Herrenprodukte"}]},"featured_image_src_large":["https:\/\/www.lraloeverashop.eu\/wp-content\/uploads\/2022\/10\/Lr-Aloe-Vera-Men-Set-III-1024x1024.jpg",1024,1024,true],"author_info":[],"comment_info":0,"_links":{"self":[{"href":"https:\/\/www.lraloeverashop.eu\/de\/wp-json\/wp\/v2\/product\/10794","targetHints":{"allow":["GET"]}}],"collection":[{"href":"https:\/\/www.lraloeverashop.eu\/de\/wp-json\/wp\/v2\/product"}],"about":[{"href":"https:\/\/www.lraloeverashop.eu\/de\/wp-json\/wp\/v2\/types\/product"}],"replies":[{"embeddable":true,"href":"https:\/\/www.lraloeverashop.eu\/de\/wp-json\/wp\/v2\/comments?post=10794"}],"wp:featuredmedia":[{"embeddable":true,"href":"https:\/\/www.lraloeverashop.eu\/de\/wp-json\/wp\/v2\/media\/4837"}],"wp:attachment":[{"href":"https:\/\/www.lraloeverashop.eu\/de\/wp-json\/wp\/v2\/media?parent=10794"}],"wp:term":[{"taxonomy":"product_brand","embeddable":true,"href":"https:\/\/www.lraloeverashop.eu\/de\/wp-json\/wp\/v2\/product_brand?post=10794"},{"taxonomy":"product_cat","embeddable":true,"href":"https:\/\/www.lraloeverashop.eu\/de\/wp-json\/wp\/v2\/product_cat?post=10794"},{"taxonomy":"product_tag","embeddable":true,"href":"https:\/\/www.lraloeverashop.eu\/de\/wp-json\/wp\/v2\/product_tag?post=10794"}],"curies":[{"name":"wp","href":"https:\/\/api.w.org\/{rel}","templated":true}]}}