{"id":10685,"date":"2022-10-09T21:31:37","date_gmt":"2022-10-09T19:31:37","guid":{"rendered":"https:\/\/www.lraloeverashop.eu\/product\/aloe-vera-nutri-repair-haarmaske\/"},"modified":"2026-02-03T19:18:37","modified_gmt":"2026-02-03T18:18:37","slug":"aloe-vera-nutri-repair-haarmaske","status":"publish","type":"product","link":"https:\/\/www.lraloeverashop.eu\/de\/produkt\/aloe-vera-nutri-repair-haarmaske\/","title":{"rendered":"Haarmaske Aloe Vera Nutri Repair"},"content":{"rendered":"<h2><span style=\"font-size: 16pt;\"><strong>Haarmaske Aloe Vera Nutri Repair<\/strong><\/span><\/h2>\n<p><span style=\"font-size: 14pt;\"><strong>Haarmaske Aloe Vera Nutri Repair\u00a0 f\u00fcr gesundes, seidiges und gl\u00e4nzendes Haar.<\/strong><\/span><\/p>\n<p>Die Haarmaske Aloe Vera Nutri Repair repariert und hydratisiert den inneren Teil Ihres Haares dank der Nutri Oil Repair, die 7 nat\u00fcrliche \u00d6le enth\u00e4lt, die einen synergistischen Effekt bieten. Bei t\u00e4glicher Anwendung wird das Haar ges\u00fcnder und der Glanz wird wiederhergestellt. Ihr Haar wird auch st\u00e4rker und weniger anf\u00e4llig f\u00fcr Bruch; glatteres Haar von der Oberfl\u00e4che wird dir geh\u00f6ren!<\/p>\n<p>&nbsp;<\/p>\n<h3><strong><span style=\"font-size: 16pt;\">Anwendung<\/span><\/strong><\/h3>\n<p>Verwenden Sie Aloe Vera Nutri Repair Haarmaske einmal oder zweimal pro Woche.\u00a0Nur eine walnussgro\u00dfe Portion reicht aus, um die Haarl\u00e4nge und -spitzen zu massieren.\u00a0F\u00fcr die besten Ergebnisse 3 Minuten einwirken lassen.<\/p>\n<p>&nbsp;<\/p>\n<h4><span style=\"font-size: 16pt;\"><strong>Wusstest du schon?<\/strong><\/span><\/h4>\n<p><a href=\"https:\/\/www.lraloeverashop.eu\/de\/produkt\/aloe-vera-nutri-repair-haarshampoo\/\">Haarshampoo Aloe Vera Nutri Repair<\/a> reinigt die \u00e4u\u00dferste Schicht des Haares, indem es Schmutz aufl\u00f6st, \u00fcbersch\u00fcssige \u00d6le entfernt und R\u00fcckst\u00e4nde aus dem t\u00e4glichen Gebrauch von Stylingprodukten entfernt. Mit Haaren, die von Schmutz und R\u00fcckst\u00e4nden befreit sind, kann es die N\u00e4hrstoffe aus dem Shampoo effizienter aufnehmen.<\/p>\n<p><strong>Studien best\u00e4tigen die Wirksamkeit von <a href=\"https:\/\/www.lraloeverashop.eu\/de\/produkt\/aloe-vera-haar-set\/\">Aloe Vera Nutri-Repair Haarpflege<\/a> aus diesen Tests:<\/strong><\/p>\n<p>&#8211; Das Haar wird seidig weich und ist dreimal so leicht zu k\u00e4mmen und zu behandeln *<br \/>\n&#8211; Mit einem nat\u00fcrlichen Glanz und <a href=\"https:\/\/www.lraloeverashop.eu\/de\/produkt\/aloe-vera-nutri-repair-haarspuelung\/\">Geschmeidigkeit<\/a> f\u00fchrt dies zu 90% weniger Bruch *<br \/>\n&#8211; 90% der Studienteilnehmer sind von dem erfrischenden Duft des Shampoos begeistert **<\/p>\n<p>* Die t\u00e4gliche Anwendung von Aloe Lr Aloe Vera Nutri Hair Shampoo, Haarsp\u00fclung und der Haarmaske verbessert die Widerstandsf\u00e4higkeit und <a href=\"https:\/\/www.lraloeverashop.eu\/de\/haarpflege-set-nutri-repair-beste-behandlung-fuer-beschaedigtes-haar\/\">Widerstandsf\u00e4higkeit gegen Haarausfall<\/a>. Die Ergebnisse sind vielversprechender als diejenigen, die nur Shampoo verwenden.\u00a0Dies basierte auf der im Januar 2018 von proDERM durchgef\u00fchrten Studie.<\/p>\n<p>** Basierend auf Ergebnissen von 40 Test teilnehmern des Dermatest Institute im Dezember 2017<\/p>\n","protected":false},"excerpt":{"rendered":"<ul>\n<li>Gl\u00e4nzendes und seidiges Haar von den Wurzeln bis zu den Spitzen<\/li>\n<li>Die 7 nat\u00fcrlichen \u00d6le aus dem Nutri-Oil Repair Complex reparieren und pflegen Ihr Haar<\/li>\n<li>Sch\u00fctzt das Haar vor Bruch, indem es por\u00f6se Bereiche mit N\u00e4hrstoffen f\u00fcllt<\/li>\n<li>3 Minuten einwirken lassen und gr\u00fcndlich aussp\u00fclen.<\/li>\n<li>Inhalt: 200 ml<\/li>\n<\/ul>\n<p><span style=\"color: #ff0000;\"><a style=\"color: #ff0000;\" href=\"https:\/\/shop.lrworld.com\/openpao?PHP=0vFlt7jT938BEnBI3a6e9w%3D%3D\"><span style=\"font-size: 14pt;\"><strong>Hier registrieren und dauerhaft 35\u202f% sparen<\/strong><\/span><\/a><\/span><\/p>\n","protected":false},"featured_media":4357,"comment_status":"open","ping_status":"closed","template":"","meta":{"_kad_blocks_custom_css":"","_kad_blocks_head_custom_js":"","_kad_blocks_body_custom_js":"","_kad_blocks_footer_custom_js":"","_kadence_starter_templates_imported_post":false,"_kad_post_transparent":"default","_kad_post_title":"","_kad_post_layout":"default","_kad_post_sidebar_id":"","_kad_post_content_style":"default","_kad_post_vertical_padding":"default","_kad_post_feature":"","_kad_post_feature_position":"","_kad_post_header":false,"_kad_post_footer":false,"_kad_post_classname":""},"product_brand":[],"product_cat":[213,243],"product_tag":[591,595],"class_list":{"0":"post-10685","1":"product","2":"type-product","3":"status-publish","4":"has-post-thumbnail","6":"product_cat-aloe-vera-de","7":"product_cat-haarpflege","8":"product_tag-beschaedigtes-haar","9":"product_tag-trockenes-haar","11":"first","12":"instock","13":"taxable","14":"shipping-taxable","15":"purchasable","16":"product-type-simple","17":"entry","18":"content-bg","19":"loop-entry"},"yoast_head":"<!-- This site is optimized with the Yoast SEO Premium plugin v27.4 (Yoast SEO v27.4) - https:\/\/yoast.com\/product\/yoast-seo-premium-wordpress\/ -->\n<title>Haarmaske Aloe Vera f\u00fcr gesundes, seidiges und gl\u00e4nzendes Haar<\/title>\n<meta name=\"description\" content=\"Haarmaske Aloe Vera Nutri Repair repariert und hydratisiert den inneren Teil Ihres Haares dank der Nutri-Oil Repair Complex mit 7 nat\u00fcrliche \u00d6le.\" \/>\n<meta name=\"robots\" content=\"index, follow, max-snippet:-1, max-image-preview:large, max-video-preview:-1\" \/>\n<link rel=\"canonical\" href=\"https:\/\/www.lraloeverashop.eu\/de\/produkt\/aloe-vera-nutri-repair-haarmaske\/\" \/>\n<meta property=\"og:locale\" content=\"de_DE\" \/>\n<meta property=\"og:type\" content=\"article\" \/>\n<meta property=\"og:title\" content=\"Haarmaske Aloe Vera Nutri Repair\" \/>\n<meta property=\"og:description\" content=\"Haarmaske Aloe Vera Nutri Repair repariert und hydratisiert den inneren Teil Ihres Haares dank der Nutri-Oil Repair Complex mit 7 nat\u00fcrliche \u00d6le.\" \/>\n<meta property=\"og:url\" content=\"https:\/\/www.lraloeverashop.eu\/de\/produkt\/aloe-vera-nutri-repair-haarmaske\/\" \/>\n<meta property=\"og:site_name\" content=\"Lr Aloe Vera Shop\" \/>\n<meta property=\"article:publisher\" content=\"https:\/\/www.facebook.com\/lraloeverashop.eu\" \/>\n<meta property=\"article:modified_time\" content=\"2026-02-03T18:18:37+00:00\" \/>\n<meta property=\"og:image\" content=\"https:\/\/www.lraloeverashop.eu\/wp-content\/uploads\/2022\/10\/Long-Term-Protection-Hair-Mask.jpg\" \/>\n\t<meta property=\"og:image:width\" content=\"1200\" \/>\n\t<meta property=\"og:image:height\" content=\"1200\" \/>\n\t<meta property=\"og:image:type\" content=\"image\/jpeg\" \/>\n<meta name=\"twitter:card\" content=\"summary_large_image\" \/>\n<meta name=\"twitter:site\" content=\"@natur__kosmetik\" \/>\n<script type=\"application\/ld+json\" class=\"yoast-schema-graph\">{\"@context\":\"https:\\\/\\\/schema.org\",\"@graph\":[{\"@type\":[\"WebPage\",\"ItemPage\"],\"@id\":\"https:\\\/\\\/www.lraloeverashop.eu\\\/de\\\/produkt\\\/aloe-vera-nutri-repair-haarmaske\\\/\",\"url\":\"https:\\\/\\\/www.lraloeverashop.eu\\\/de\\\/produkt\\\/aloe-vera-nutri-repair-haarmaske\\\/\",\"name\":\"Haarmaske Aloe Vera f\u00fcr gesundes, seidiges und gl\u00e4nzendes Haar\",\"isPartOf\":{\"@id\":\"https:\\\/\\\/www.lraloeverashop.eu\\\/de\\\/#website\"},\"primaryImageOfPage\":{\"@id\":\"https:\\\/\\\/www.lraloeverashop.eu\\\/de\\\/produkt\\\/aloe-vera-nutri-repair-haarmaske\\\/#primaryimage\"},\"image\":{\"@id\":\"https:\\\/\\\/www.lraloeverashop.eu\\\/de\\\/produkt\\\/aloe-vera-nutri-repair-haarmaske\\\/#primaryimage\"},\"thumbnailUrl\":\"https:\\\/\\\/www.lraloeverashop.eu\\\/wp-content\\\/uploads\\\/2022\\\/10\\\/Long-Term-Protection-Hair-Mask.jpg\",\"datePublished\":\"2022-10-09T19:31:37+00:00\",\"dateModified\":\"2026-02-03T18:18:37+00:00\",\"description\":\"Haarmaske Aloe Vera Nutri Repair repariert und hydratisiert den inneren Teil Ihres Haares dank der Nutri-Oil Repair Complex mit 7 nat\u00fcrliche \u00d6le.\",\"breadcrumb\":{\"@id\":\"https:\\\/\\\/www.lraloeverashop.eu\\\/de\\\/produkt\\\/aloe-vera-nutri-repair-haarmaske\\\/#breadcrumb\"},\"inLanguage\":\"de\",\"potentialAction\":[{\"@type\":\"ReadAction\",\"target\":[\"https:\\\/\\\/www.lraloeverashop.eu\\\/de\\\/produkt\\\/aloe-vera-nutri-repair-haarmaske\\\/\"]}]},{\"@type\":\"ImageObject\",\"inLanguage\":\"de\",\"@id\":\"https:\\\/\\\/www.lraloeverashop.eu\\\/de\\\/produkt\\\/aloe-vera-nutri-repair-haarmaske\\\/#primaryimage\",\"url\":\"https:\\\/\\\/www.lraloeverashop.eu\\\/wp-content\\\/uploads\\\/2022\\\/10\\\/Long-Term-Protection-Hair-Mask.jpg\",\"contentUrl\":\"https:\\\/\\\/www.lraloeverashop.eu\\\/wp-content\\\/uploads\\\/2022\\\/10\\\/Long-Term-Protection-Hair-Mask.jpg\",\"width\":1200,\"height\":1200,\"caption\":\"Aloe Vera Nutri Repair Haarmaske Sch\u00fctzt das Haar vor Bruch\"},{\"@type\":\"BreadcrumbList\",\"@id\":\"https:\\\/\\\/www.lraloeverashop.eu\\\/de\\\/produkt\\\/aloe-vera-nutri-repair-haarmaske\\\/#breadcrumb\",\"itemListElement\":[{\"@type\":\"ListItem\",\"position\":1,\"name\":\"Home\",\"item\":\"https:\\\/\\\/www.lraloeverashop.eu\\\/de\\\/\"},{\"@type\":\"ListItem\",\"position\":2,\"name\":\"Shop\",\"item\":\"https:\\\/\\\/www.lraloeverashop.eu\\\/de\\\/shop-2\\\/\"},{\"@type\":\"ListItem\",\"position\":3,\"name\":\"Haarmaske Aloe Vera Nutri Repair\"}]},{\"@type\":\"WebSite\",\"@id\":\"https:\\\/\\\/www.lraloeverashop.eu\\\/de\\\/#website\",\"url\":\"https:\\\/\\\/www.lraloeverashop.eu\\\/de\\\/\",\"name\":\"Lr Aloe Vera Shop\",\"description\":\"High Quality Lr Aloe Vera Gel, Aloe Vera Cream and Shampoo\",\"publisher\":{\"@id\":\"https:\\\/\\\/www.lraloeverashop.eu\\\/de\\\/#organization\"},\"potentialAction\":[{\"@type\":\"SearchAction\",\"target\":{\"@type\":\"EntryPoint\",\"urlTemplate\":\"https:\\\/\\\/www.lraloeverashop.eu\\\/de\\\/?s={search_term_string}\"},\"query-input\":{\"@type\":\"PropertyValueSpecification\",\"valueRequired\":true,\"valueName\":\"search_term_string\"}}],\"inLanguage\":\"de\"},{\"@type\":\"Organization\",\"@id\":\"https:\\\/\\\/www.lraloeverashop.eu\\\/de\\\/#organization\",\"name\":\"Lr Aloe Vera Shop\",\"alternateName\":\"LR\",\"url\":\"https:\\\/\\\/www.lraloeverashop.eu\\\/de\\\/\",\"logo\":{\"@type\":\"ImageObject\",\"inLanguage\":\"de\",\"@id\":\"https:\\\/\\\/www.lraloeverashop.eu\\\/de\\\/#\\\/schema\\\/logo\\\/image\\\/\",\"url\":\"https:\\\/\\\/www.lraloeverashop.eu\\\/wp-content\\\/uploads\\\/2022\\\/09\\\/cropped-Lr-Aloe-Vera-Shop.jpg\",\"contentUrl\":\"https:\\\/\\\/www.lraloeverashop.eu\\\/wp-content\\\/uploads\\\/2022\\\/09\\\/cropped-Lr-Aloe-Vera-Shop.jpg\",\"width\":228,\"height\":76,\"caption\":\"Lr Aloe Vera Shop\"},\"image\":{\"@id\":\"https:\\\/\\\/www.lraloeverashop.eu\\\/de\\\/#\\\/schema\\\/logo\\\/image\\\/\"},\"sameAs\":[\"https:\\\/\\\/www.facebook.com\\\/lraloeverashop.eu\",\"https:\\\/\\\/x.com\\\/natur__kosmetik\",\"https:\\\/\\\/www.youtube.com\\\/channel\\\/UC5oN7BJ8nfYb8RpVtjwDEBA\",\"https:\\\/\\\/www.instagram.com\\\/lrbeautyeu\\\/\"]}]}<\/script>\n<meta property=\"product:price:amount\" content=\"19.29\" \/>\n<meta property=\"product:price:currency\" content=\"EUR\" \/>\n<meta property=\"og:availability\" content=\"instock\" \/>\n<meta property=\"product:availability\" content=\"instock\" \/>\n<meta property=\"product:retailer_item_id\" content=\"20730-1DE\" \/>\n<meta property=\"product:condition\" content=\"new\" \/>\n<!-- \/ Yoast SEO Premium plugin. -->","yoast_head_json":{"title":"Haarmaske Aloe Vera f\u00fcr gesundes, seidiges und gl\u00e4nzendes Haar","description":"Haarmaske Aloe Vera Nutri Repair repariert und hydratisiert den inneren Teil Ihres Haares dank der Nutri-Oil Repair Complex mit 7 nat\u00fcrliche \u00d6le.","robots":{"index":"index","follow":"follow","max-snippet":"max-snippet:-1","max-image-preview":"max-image-preview:large","max-video-preview":"max-video-preview:-1"},"canonical":"https:\/\/www.lraloeverashop.eu\/de\/produkt\/aloe-vera-nutri-repair-haarmaske\/","og_locale":"de_DE","og_type":"article","og_title":"Haarmaske Aloe Vera Nutri Repair","og_description":"Haarmaske Aloe Vera Nutri Repair repariert und hydratisiert den inneren Teil Ihres Haares dank der Nutri-Oil Repair Complex mit 7 nat\u00fcrliche \u00d6le.","og_url":"https:\/\/www.lraloeverashop.eu\/de\/produkt\/aloe-vera-nutri-repair-haarmaske\/","og_site_name":"Lr Aloe Vera Shop","article_publisher":"https:\/\/www.facebook.com\/lraloeverashop.eu","article_modified_time":"2026-02-03T18:18:37+00:00","og_image":[{"width":1200,"height":1200,"url":"https:\/\/www.lraloeverashop.eu\/wp-content\/uploads\/2022\/10\/Long-Term-Protection-Hair-Mask.jpg","type":"image\/jpeg"}],"twitter_card":"summary_large_image","twitter_site":"@natur__kosmetik","schema":{"@context":"https:\/\/schema.org","@graph":[{"@type":["WebPage","ItemPage"],"@id":"https:\/\/www.lraloeverashop.eu\/de\/produkt\/aloe-vera-nutri-repair-haarmaske\/","url":"https:\/\/www.lraloeverashop.eu\/de\/produkt\/aloe-vera-nutri-repair-haarmaske\/","name":"Haarmaske Aloe Vera f\u00fcr gesundes, seidiges und gl\u00e4nzendes Haar","isPartOf":{"@id":"https:\/\/www.lraloeverashop.eu\/de\/#website"},"primaryImageOfPage":{"@id":"https:\/\/www.lraloeverashop.eu\/de\/produkt\/aloe-vera-nutri-repair-haarmaske\/#primaryimage"},"image":{"@id":"https:\/\/www.lraloeverashop.eu\/de\/produkt\/aloe-vera-nutri-repair-haarmaske\/#primaryimage"},"thumbnailUrl":"https:\/\/www.lraloeverashop.eu\/wp-content\/uploads\/2022\/10\/Long-Term-Protection-Hair-Mask.jpg","datePublished":"2022-10-09T19:31:37+00:00","dateModified":"2026-02-03T18:18:37+00:00","description":"Haarmaske Aloe Vera Nutri Repair repariert und hydratisiert den inneren Teil Ihres Haares dank der Nutri-Oil Repair Complex mit 7 nat\u00fcrliche \u00d6le.","breadcrumb":{"@id":"https:\/\/www.lraloeverashop.eu\/de\/produkt\/aloe-vera-nutri-repair-haarmaske\/#breadcrumb"},"inLanguage":"de","potentialAction":[{"@type":"ReadAction","target":["https:\/\/www.lraloeverashop.eu\/de\/produkt\/aloe-vera-nutri-repair-haarmaske\/"]}]},{"@type":"ImageObject","inLanguage":"de","@id":"https:\/\/www.lraloeverashop.eu\/de\/produkt\/aloe-vera-nutri-repair-haarmaske\/#primaryimage","url":"https:\/\/www.lraloeverashop.eu\/wp-content\/uploads\/2022\/10\/Long-Term-Protection-Hair-Mask.jpg","contentUrl":"https:\/\/www.lraloeverashop.eu\/wp-content\/uploads\/2022\/10\/Long-Term-Protection-Hair-Mask.jpg","width":1200,"height":1200,"caption":"Aloe Vera Nutri Repair Haarmaske Sch\u00fctzt das Haar vor Bruch"},{"@type":"BreadcrumbList","@id":"https:\/\/www.lraloeverashop.eu\/de\/produkt\/aloe-vera-nutri-repair-haarmaske\/#breadcrumb","itemListElement":[{"@type":"ListItem","position":1,"name":"Home","item":"https:\/\/www.lraloeverashop.eu\/de\/"},{"@type":"ListItem","position":2,"name":"Shop","item":"https:\/\/www.lraloeverashop.eu\/de\/shop-2\/"},{"@type":"ListItem","position":3,"name":"Haarmaske Aloe Vera Nutri Repair"}]},{"@type":"WebSite","@id":"https:\/\/www.lraloeverashop.eu\/de\/#website","url":"https:\/\/www.lraloeverashop.eu\/de\/","name":"Lr Aloe Vera Shop","description":"High Quality Lr Aloe Vera Gel, Aloe Vera Cream and Shampoo","publisher":{"@id":"https:\/\/www.lraloeverashop.eu\/de\/#organization"},"potentialAction":[{"@type":"SearchAction","target":{"@type":"EntryPoint","urlTemplate":"https:\/\/www.lraloeverashop.eu\/de\/?s={search_term_string}"},"query-input":{"@type":"PropertyValueSpecification","valueRequired":true,"valueName":"search_term_string"}}],"inLanguage":"de"},{"@type":"Organization","@id":"https:\/\/www.lraloeverashop.eu\/de\/#organization","name":"Lr Aloe Vera Shop","alternateName":"LR","url":"https:\/\/www.lraloeverashop.eu\/de\/","logo":{"@type":"ImageObject","inLanguage":"de","@id":"https:\/\/www.lraloeverashop.eu\/de\/#\/schema\/logo\/image\/","url":"https:\/\/www.lraloeverashop.eu\/wp-content\/uploads\/2022\/09\/cropped-Lr-Aloe-Vera-Shop.jpg","contentUrl":"https:\/\/www.lraloeverashop.eu\/wp-content\/uploads\/2022\/09\/cropped-Lr-Aloe-Vera-Shop.jpg","width":228,"height":76,"caption":"Lr Aloe Vera Shop"},"image":{"@id":"https:\/\/www.lraloeverashop.eu\/de\/#\/schema\/logo\/image\/"},"sameAs":["https:\/\/www.facebook.com\/lraloeverashop.eu","https:\/\/x.com\/natur__kosmetik","https:\/\/www.youtube.com\/channel\/UC5oN7BJ8nfYb8RpVtjwDEBA","https:\/\/www.instagram.com\/lrbeautyeu\/"]}]},"product_price_amount":"19.29","product_price_currency":"EUR","og_availability":"instock","product_availability":"instock","product_retailer_item_id":"20730-1DE","product_condition":"new"},"taxonomy_info":{"product_cat":[{"value":213,"label":"Aloe Vera"},{"value":243,"label":"Haarpflege"}],"product_tag":[{"value":591,"label":"Besch\u00e4digtes Haar"},{"value":595,"label":"Trockenes Haar"}]},"featured_image_src_large":["https:\/\/www.lraloeverashop.eu\/wp-content\/uploads\/2022\/10\/Long-Term-Protection-Hair-Mask-1024x1024.jpg",1024,1024,true],"author_info":[],"comment_info":0,"_links":{"self":[{"href":"https:\/\/www.lraloeverashop.eu\/de\/wp-json\/wp\/v2\/product\/10685","targetHints":{"allow":["GET"]}}],"collection":[{"href":"https:\/\/www.lraloeverashop.eu\/de\/wp-json\/wp\/v2\/product"}],"about":[{"href":"https:\/\/www.lraloeverashop.eu\/de\/wp-json\/wp\/v2\/types\/product"}],"replies":[{"embeddable":true,"href":"https:\/\/www.lraloeverashop.eu\/de\/wp-json\/wp\/v2\/comments?post=10685"}],"wp:featuredmedia":[{"embeddable":true,"href":"https:\/\/www.lraloeverashop.eu\/de\/wp-json\/wp\/v2\/media\/4357"}],"wp:attachment":[{"href":"https:\/\/www.lraloeverashop.eu\/de\/wp-json\/wp\/v2\/media?parent=10685"}],"wp:term":[{"taxonomy":"product_brand","embeddable":true,"href":"https:\/\/www.lraloeverashop.eu\/de\/wp-json\/wp\/v2\/product_brand?post=10685"},{"taxonomy":"product_cat","embeddable":true,"href":"https:\/\/www.lraloeverashop.eu\/de\/wp-json\/wp\/v2\/product_cat?post=10685"},{"taxonomy":"product_tag","embeddable":true,"href":"https:\/\/www.lraloeverashop.eu\/de\/wp-json\/wp\/v2\/product_tag?post=10685"}],"curies":[{"name":"wp","href":"https:\/\/api.w.org\/{rel}","templated":true}]}}