{"id":10678,"date":"2022-10-09T22:02:02","date_gmt":"2022-10-09T20:02:02","guid":{"rendered":"https:\/\/www.lraloeverashop.eu\/product\/aloe-vera-haar-set\/"},"modified":"2026-02-03T19:18:26","modified_gmt":"2026-02-03T18:18:26","slug":"aloe-vera-haar-set","status":"publish","type":"product","link":"https:\/\/www.lraloeverashop.eu\/de\/produkt\/aloe-vera-haar-set\/","title":{"rendered":"Aloe Vera Haar Set"},"content":{"rendered":"<h2><span style=\"font-size: 16pt;\"><strong>Aloe Vera Haar Set<\/strong><\/span><\/h2>\n<p><span style=\"font-size: 14pt;\"><strong>Aloe Vera Haar Set &#8211; Gro\u00dfartige Leistung im Team!<\/strong><\/span><\/p>\n<p>Sie wollen sich stark, selbstbewusst und sch\u00f6n f\u00fchlen? Entdecken Sie das neue Lr Aloe Vera Haar Set f\u00fcr gesundes, <a href=\"https:\/\/www.lraloeverashop.eu\/de\/haarpflege-set-nutri-repair-beste-behandlung-fuer-beschaedigtes-haar\/\">seidig gl\u00e4nzendes Haar<\/a> und Selbstbewusstsein.<\/p>\n<p>&nbsp;<\/p>\n<h3><span style=\"font-size: 16pt;\"><strong><span class=\"&quot;\">Lr Aloe Vera Set enth\u00e4lt:<\/span><\/strong><\/span><\/h3>\n<p><a href=\"https:\/\/www.lraloeverashop.eu\/de\/produkt\/aloe-vera-nutri-repair-haarshampoo\/\"><span style=\"color: #008000;\"><strong>Lr Aloe Vera Nutri Repair Haarshampoo<\/strong><\/span><\/a> enth\u00e4lt Inhaltsstoffe, die wie ein Magnet wirken, um Schmutz von Ihrem Haar zu entfernen, es sauber, frisch und gesund zu halten. Mit Pro Vitamin B5 wird das Haar st\u00e4rker und geschmeidiger als je zuvor. Mit dem 45-prozentigen Aloe-Vera-Gehalt hilft das, die Haare zu befeuchten und gesund zu machen. Sie werden den fruchtigen Duft des Shampoos lieben, der Ihre Sinne anregt.<\/p>\n<p><a href=\"https:\/\/www.lraloeverashop.eu\/de\/produkt\/aloe-vera-nutri-repair-haarspuelung\/\"><strong><span style=\"color: #008000;\">Lr Aloe Vera Nutri Repair Haarsp\u00fclung<\/span><\/strong><\/a> erg\u00e4nzt verlorene Feuchtigkeit und N\u00e4hrstoffe aus Ihrem Haar mit den 7 nat\u00fcrlichen \u00d6len Komplex. Diese Wirkstoffe dringen tief in Ihre Haarstr\u00e4hnen ein und versiegeln die \u00e4u\u00dfere Schicht mit <a href=\"https:\/\/www.lraloeverashop.eu\/de\/produkt\/lr-beauty-elixir\/\">essentiellen N\u00e4hrstoffen<\/a>. Die 7 nat\u00fcrlichen \u00d6le und 15% Aloe Vera Gel restrukturieren Ihr Haar, da es Feuchtigkeit spendet. Kein l\u00e4stiges Niederdr\u00fccken Ihrer Haare mehr. Plus, es kommt mit einem sauberen, frischen und fruchtigen Duft!<\/p>\n<p><a href=\"https:\/\/www.lraloeverashop.eu\/de\/produkt\/aloe-vera-nutri-repair-haarmaske\/\"><strong><span style=\"color: #008000;\">Lr Aloe Vera Nutri Repair Haarmaske<\/span><\/strong><\/a> repariert und hydratisiert den inneren Teil Ihres Haares dank der Nutri Oil Repair, die 7 nat\u00fcrliche \u00d6le enth\u00e4lt, die einen synergistischen Effekt bieten. Bei t\u00e4glicher Anwendung wird das Haar ges\u00fcnder und der Glanz wird wiederhergestellt. Ihr Haar wird auch st\u00e4rker und weniger anf\u00e4llig f\u00fcr Bruch; glatteres Haar von der Oberfl\u00e4che wird dir geh\u00f6ren!<\/p>\n<p>&nbsp;<\/p>\n<div class=\"entry-content-asset videofit\"><iframe loading=\"lazy\" title=\"Lr Aloe Vera Nutri Repair Haarpflege Set\" width=\"720\" height=\"405\" src=\"https:\/\/www.youtube.com\/embed\/LyiKQC5i2dY?feature=oembed\" frameborder=\"0\" allow=\"accelerometer; autoplay; clipboard-write; encrypted-media; gyroscope; picture-in-picture; web-share\" referrerpolicy=\"strict-origin-when-cross-origin\" allowfullscreen><\/iframe><\/div>\n<p>&nbsp;<\/p>\n<h4><span style=\"font-size: 16pt;\"><strong>Studien best\u00e4tigen die Wirksamkeit von Lr Aloe Vera Nutri-Repair Haarpflege aus diesen Tests:<\/strong><\/span><\/h4>\n<p>\u2013 Das Haar wird seidig weich und ist dreimal so leicht zu k\u00e4mmen und zu behandeln *<br \/>\n\u2013 Mit einem nat\u00fcrlichen Glanz und Geschmeidigkeit f\u00fchrt dies zu 90% weniger Bruch *<br \/>\n\u2013 90% der Studienteilnehmer sind von dem <a href=\"https:\/\/www.lraloeverashop.eu\/de\/produkt\/aloe-vera-haar-und-koerpershampoo\/\">erfrischenden Duft<\/a> des Shampoos begeistert **<\/p>\n<p>* Die t\u00e4gliche Anwendung von Aloe\u00a0\u00a0Lr Aloe Vera Nutri Hair Shampoo, Conditioner und der Haarmaske\u00a0\u00a0verbessert die Widerstandsf\u00e4higkeit und Widerstandsf\u00e4higkeit gegen Haarausfall.\u00a0Die Ergebnisse sind vielversprechender als diejenigen, die nur Shampoo verwenden.\u00a0Dies basierte auf der im Januar 2018 von proDERM durchgef\u00fchrten Studie.<\/p>\n<p>** Basierend auf Ergebnissen von 40 Test teilnehmern des Dermatest Institute im Dezember 2017<\/p>\n","protected":false},"excerpt":{"rendered":"<ul>\n<li>Set mit Nutri-Repair Haarshampoo, Conditioner und Maske<\/li>\n<li>F\u00fcr gesundes, gl\u00e4nzendes Haar bis zu den Spitzen<\/li>\n<li>Mit bis zu 45% Aloe Vera Gel und Repair Complex von 7 \u00d6len<\/li>\n<li>Pflegt, st\u00e4rkt und repariert das Haar<\/li>\n<li>Sch\u00fctzt vor Haarbruch<\/li>\n<li>Produkt hergestellt in Deutschland<\/li>\n<\/ul>\n<p><span style=\"color: #ff0000;\"><a style=\"color: #ff0000;\" href=\"https:\/\/shop.lrworld.com\/openpao?PHP=0vFlt7jT938BEnBI3a6e9w%3D%3D\"><span style=\"font-size: 14pt;\"><strong>Hier registrieren und dauerhaft 35\u202f% sparen<\/strong><\/span><\/a><\/span><\/p>\n","protected":false},"featured_media":4879,"comment_status":"open","ping_status":"closed","template":"","meta":{"_kad_blocks_custom_css":"","_kad_blocks_head_custom_js":"","_kad_blocks_body_custom_js":"","_kad_blocks_footer_custom_js":"","_kadence_starter_templates_imported_post":false,"_kad_post_transparent":"default","_kad_post_title":"","_kad_post_layout":"default","_kad_post_sidebar_id":"","_kad_post_content_style":"default","_kad_post_vertical_padding":"default","_kad_post_feature":"","_kad_post_feature_position":"","_kad_post_header":false,"_kad_post_footer":false,"_kad_post_classname":""},"product_brand":[],"product_cat":[213,243],"product_tag":[591,595],"class_list":{"0":"post-10678","1":"product","2":"type-product","3":"status-publish","4":"has-post-thumbnail","6":"product_cat-aloe-vera-de","7":"product_cat-haarpflege","8":"product_tag-beschaedigtes-haar","9":"product_tag-trockenes-haar","11":"first","12":"instock","13":"taxable","14":"shipping-taxable","15":"purchasable","16":"product-type-simple","17":"entry","18":"content-bg","19":"loop-entry"},"yoast_head":"<!-- This site is optimized with the Yoast SEO Premium plugin v27.5 (Yoast SEO v27.5) - https:\/\/yoast.com\/product\/yoast-seo-premium-wordpress\/ -->\n<title>Aloe Vera Haar Set mit den 7 nat\u00fcrlichen \u00d6len Komplex!<\/title>\n<meta name=\"description\" content=\"Sie m\u00f6chten sich stark, selbstbewusst und sch\u00f6n f\u00fchlen? Entdecken Sie das neue Lr Aloe Vera Haar set f\u00fcr gesundes Haar und Selbstvertrauen.\" \/>\n<meta name=\"robots\" content=\"index, follow, max-snippet:-1, max-image-preview:large, max-video-preview:-1\" \/>\n<link rel=\"canonical\" href=\"https:\/\/www.lraloeverashop.eu\/de\/produkt\/aloe-vera-haar-set\/\" \/>\n<meta property=\"og:locale\" content=\"de_DE\" \/>\n<meta property=\"og:type\" content=\"article\" \/>\n<meta property=\"og:title\" content=\"Aloe Vera Haar Set\" \/>\n<meta property=\"og:description\" content=\"Sie m\u00f6chten sich stark, selbstbewusst und sch\u00f6n f\u00fchlen? Entdecken Sie das neue Lr Aloe Vera Haar set f\u00fcr gesundes Haar und Selbstvertrauen.\" \/>\n<meta property=\"og:url\" content=\"https:\/\/www.lraloeverashop.eu\/de\/produkt\/aloe-vera-haar-set\/\" \/>\n<meta property=\"og:site_name\" content=\"Lr Aloe Vera Shop\" \/>\n<meta property=\"article:publisher\" content=\"https:\/\/www.facebook.com\/lraloeverashop.eu\" \/>\n<meta property=\"article:modified_time\" content=\"2026-02-03T18:18:26+00:00\" \/>\n<meta property=\"og:image\" content=\"https:\/\/www.lraloeverashop.eu\/wp-content\/uploads\/2022\/10\/Aloe-Vera-Hair-Set.jpg\" \/>\n\t<meta property=\"og:image:width\" content=\"1200\" \/>\n\t<meta property=\"og:image:height\" content=\"1200\" \/>\n\t<meta property=\"og:image:type\" content=\"image\/jpeg\" \/>\n<meta name=\"twitter:card\" content=\"summary_large_image\" \/>\n<meta name=\"twitter:site\" content=\"@natur__kosmetik\" \/>\n<script type=\"application\/ld+json\" class=\"yoast-schema-graph\">{\"@context\":\"https:\\\/\\\/schema.org\",\"@graph\":[{\"@type\":[\"WebPage\",\"ItemPage\"],\"@id\":\"https:\\\/\\\/www.lraloeverashop.eu\\\/de\\\/produkt\\\/aloe-vera-haar-set\\\/\",\"url\":\"https:\\\/\\\/www.lraloeverashop.eu\\\/de\\\/produkt\\\/aloe-vera-haar-set\\\/\",\"name\":\"Aloe Vera Haar Set mit den 7 nat\u00fcrlichen \u00d6len Komplex!\",\"isPartOf\":{\"@id\":\"https:\\\/\\\/www.lraloeverashop.eu\\\/de\\\/#website\"},\"primaryImageOfPage\":{\"@id\":\"https:\\\/\\\/www.lraloeverashop.eu\\\/de\\\/produkt\\\/aloe-vera-haar-set\\\/#primaryimage\"},\"image\":{\"@id\":\"https:\\\/\\\/www.lraloeverashop.eu\\\/de\\\/produkt\\\/aloe-vera-haar-set\\\/#primaryimage\"},\"thumbnailUrl\":\"https:\\\/\\\/www.lraloeverashop.eu\\\/wp-content\\\/uploads\\\/2022\\\/10\\\/Aloe-Vera-Hair-Set.jpg\",\"datePublished\":\"2022-10-09T20:02:02+00:00\",\"dateModified\":\"2026-02-03T18:18:26+00:00\",\"description\":\"Sie m\u00f6chten sich stark, selbstbewusst und sch\u00f6n f\u00fchlen? Entdecken Sie das neue Lr Aloe Vera Haar set f\u00fcr gesundes Haar und Selbstvertrauen.\",\"breadcrumb\":{\"@id\":\"https:\\\/\\\/www.lraloeverashop.eu\\\/de\\\/produkt\\\/aloe-vera-haar-set\\\/#breadcrumb\"},\"inLanguage\":\"de\",\"potentialAction\":[{\"@type\":\"ReadAction\",\"target\":[\"https:\\\/\\\/www.lraloeverashop.eu\\\/de\\\/produkt\\\/aloe-vera-haar-set\\\/\"]}]},{\"@type\":\"ImageObject\",\"inLanguage\":\"de\",\"@id\":\"https:\\\/\\\/www.lraloeverashop.eu\\\/de\\\/produkt\\\/aloe-vera-haar-set\\\/#primaryimage\",\"url\":\"https:\\\/\\\/www.lraloeverashop.eu\\\/wp-content\\\/uploads\\\/2022\\\/10\\\/Aloe-Vera-Hair-Set.jpg\",\"contentUrl\":\"https:\\\/\\\/www.lraloeverashop.eu\\\/wp-content\\\/uploads\\\/2022\\\/10\\\/Aloe-Vera-Hair-Set.jpg\",\"width\":1200,\"height\":1200,\"caption\":\"Aloe Vera Haar Set pflegt, st\u00e4rkt und repariert das Haar\"},{\"@type\":\"BreadcrumbList\",\"@id\":\"https:\\\/\\\/www.lraloeverashop.eu\\\/de\\\/produkt\\\/aloe-vera-haar-set\\\/#breadcrumb\",\"itemListElement\":[{\"@type\":\"ListItem\",\"position\":1,\"name\":\"Home\",\"item\":\"https:\\\/\\\/www.lraloeverashop.eu\\\/de\\\/\"},{\"@type\":\"ListItem\",\"position\":2,\"name\":\"Shop\",\"item\":\"https:\\\/\\\/www.lraloeverashop.eu\\\/de\\\/shop-2\\\/\"},{\"@type\":\"ListItem\",\"position\":3,\"name\":\"Aloe Vera Haar Set\"}]},{\"@type\":\"WebSite\",\"@id\":\"https:\\\/\\\/www.lraloeverashop.eu\\\/de\\\/#website\",\"url\":\"https:\\\/\\\/www.lraloeverashop.eu\\\/de\\\/\",\"name\":\"Lr Aloe Vera Shop\",\"description\":\"High Quality Lr Aloe Vera Gel, Aloe Vera Cream and Shampoo\",\"publisher\":{\"@id\":\"https:\\\/\\\/www.lraloeverashop.eu\\\/de\\\/#organization\"},\"alternateName\":\"LR\",\"potentialAction\":[{\"@type\":\"SearchAction\",\"target\":{\"@type\":\"EntryPoint\",\"urlTemplate\":\"https:\\\/\\\/www.lraloeverashop.eu\\\/de\\\/?s={search_term_string}\"},\"query-input\":{\"@type\":\"PropertyValueSpecification\",\"valueRequired\":true,\"valueName\":\"search_term_string\"}}],\"inLanguage\":\"de\"},{\"@type\":\"Organization\",\"@id\":\"https:\\\/\\\/www.lraloeverashop.eu\\\/de\\\/#organization\",\"name\":\"Lr Aloe Vera Shop\",\"alternateName\":\"LR\",\"url\":\"https:\\\/\\\/www.lraloeverashop.eu\\\/de\\\/\",\"logo\":{\"@type\":\"ImageObject\",\"inLanguage\":\"de\",\"@id\":\"https:\\\/\\\/www.lraloeverashop.eu\\\/de\\\/#\\\/schema\\\/logo\\\/image\\\/\",\"url\":\"https:\\\/\\\/www.lraloeverashop.eu\\\/wp-content\\\/uploads\\\/2022\\\/09\\\/cropped-Lr-Aloe-Vera-Shop.jpg\",\"contentUrl\":\"https:\\\/\\\/www.lraloeverashop.eu\\\/wp-content\\\/uploads\\\/2022\\\/09\\\/cropped-Lr-Aloe-Vera-Shop.jpg\",\"width\":228,\"height\":76,\"caption\":\"Lr Aloe Vera Shop\"},\"image\":{\"@id\":\"https:\\\/\\\/www.lraloeverashop.eu\\\/de\\\/#\\\/schema\\\/logo\\\/image\\\/\"},\"sameAs\":[\"https:\\\/\\\/www.facebook.com\\\/lraloeverashop.eu\",\"https:\\\/\\\/x.com\\\/natur__kosmetik\",\"https:\\\/\\\/www.youtube.com\\\/channel\\\/UC5oN7BJ8nfYb8RpVtjwDEBA\",\"https:\\\/\\\/www.instagram.com\\\/lrbeautyeu\\\/\"],\"description\":\"LR Aloe Vera Shop ist Ihre vertrauensw\u00fcrdige Adresse f\u00fcr hochwertige LR Health & Beauty Produkte aus Deutschland. Wir bieten Ihnen erstklassige Aloe Vera Hautpflege, N\u00e4hrstoffe und Anti-Aging-Produkte mit reinen Inhaltsstoffen, die auf wissenschaftlichen Erkenntnissen basieren. Entdecken Sie nat\u00fcrliche Pflege, die Ihre Haut regeneriert, sch\u00fctzt und revitalisiert \u2013 und profitieren Sie von exklusiven Monatsangeboten auf unsere Bestseller von LR Aloe Vera. Starten Sie noch heute Ihre Reise zu nat\u00fcrlicher Hautpflege und sp\u00fcren Sie den Unterschied.\",\"email\":\"info@lraloeverashop.eu\",\"telephone\":\"+49 17670609653\",\"legalName\":\"Lr Aloe Vera Shop\",\"foundingDate\":\"2018-04-21\",\"numberOfEmployees\":{\"@type\":\"QuantitativeValue\",\"minValue\":\"1\",\"maxValue\":\"10\"}}]}<\/script>\n<meta property=\"product:price:amount\" content=\"46.99\" \/>\n<meta property=\"product:price:currency\" content=\"EUR\" \/>\n<meta property=\"og:availability\" content=\"instock\" \/>\n<meta property=\"product:availability\" content=\"instock\" \/>\n<meta property=\"product:retailer_item_id\" content=\"20763-1DE\" \/>\n<meta property=\"product:condition\" content=\"new\" \/>\n<!-- \/ Yoast SEO Premium plugin. -->","yoast_head_json":{"title":"Aloe Vera Haar Set mit den 7 nat\u00fcrlichen \u00d6len Komplex!","description":"Sie m\u00f6chten sich stark, selbstbewusst und sch\u00f6n f\u00fchlen? Entdecken Sie das neue Lr Aloe Vera Haar set f\u00fcr gesundes Haar und Selbstvertrauen.","robots":{"index":"index","follow":"follow","max-snippet":"max-snippet:-1","max-image-preview":"max-image-preview:large","max-video-preview":"max-video-preview:-1"},"canonical":"https:\/\/www.lraloeverashop.eu\/de\/produkt\/aloe-vera-haar-set\/","og_locale":"de_DE","og_type":"article","og_title":"Aloe Vera Haar Set","og_description":"Sie m\u00f6chten sich stark, selbstbewusst und sch\u00f6n f\u00fchlen? Entdecken Sie das neue Lr Aloe Vera Haar set f\u00fcr gesundes Haar und Selbstvertrauen.","og_url":"https:\/\/www.lraloeverashop.eu\/de\/produkt\/aloe-vera-haar-set\/","og_site_name":"Lr Aloe Vera Shop","article_publisher":"https:\/\/www.facebook.com\/lraloeverashop.eu","article_modified_time":"2026-02-03T18:18:26+00:00","og_image":[{"width":1200,"height":1200,"url":"https:\/\/www.lraloeverashop.eu\/wp-content\/uploads\/2022\/10\/Aloe-Vera-Hair-Set.jpg","type":"image\/jpeg"}],"twitter_card":"summary_large_image","twitter_site":"@natur__kosmetik","schema":{"@context":"https:\/\/schema.org","@graph":[{"@type":["WebPage","ItemPage"],"@id":"https:\/\/www.lraloeverashop.eu\/de\/produkt\/aloe-vera-haar-set\/","url":"https:\/\/www.lraloeverashop.eu\/de\/produkt\/aloe-vera-haar-set\/","name":"Aloe Vera Haar Set mit den 7 nat\u00fcrlichen \u00d6len Komplex!","isPartOf":{"@id":"https:\/\/www.lraloeverashop.eu\/de\/#website"},"primaryImageOfPage":{"@id":"https:\/\/www.lraloeverashop.eu\/de\/produkt\/aloe-vera-haar-set\/#primaryimage"},"image":{"@id":"https:\/\/www.lraloeverashop.eu\/de\/produkt\/aloe-vera-haar-set\/#primaryimage"},"thumbnailUrl":"https:\/\/www.lraloeverashop.eu\/wp-content\/uploads\/2022\/10\/Aloe-Vera-Hair-Set.jpg","datePublished":"2022-10-09T20:02:02+00:00","dateModified":"2026-02-03T18:18:26+00:00","description":"Sie m\u00f6chten sich stark, selbstbewusst und sch\u00f6n f\u00fchlen? Entdecken Sie das neue Lr Aloe Vera Haar set f\u00fcr gesundes Haar und Selbstvertrauen.","breadcrumb":{"@id":"https:\/\/www.lraloeverashop.eu\/de\/produkt\/aloe-vera-haar-set\/#breadcrumb"},"inLanguage":"de","potentialAction":[{"@type":"ReadAction","target":["https:\/\/www.lraloeverashop.eu\/de\/produkt\/aloe-vera-haar-set\/"]}]},{"@type":"ImageObject","inLanguage":"de","@id":"https:\/\/www.lraloeverashop.eu\/de\/produkt\/aloe-vera-haar-set\/#primaryimage","url":"https:\/\/www.lraloeverashop.eu\/wp-content\/uploads\/2022\/10\/Aloe-Vera-Hair-Set.jpg","contentUrl":"https:\/\/www.lraloeverashop.eu\/wp-content\/uploads\/2022\/10\/Aloe-Vera-Hair-Set.jpg","width":1200,"height":1200,"caption":"Aloe Vera Haar Set pflegt, st\u00e4rkt und repariert das Haar"},{"@type":"BreadcrumbList","@id":"https:\/\/www.lraloeverashop.eu\/de\/produkt\/aloe-vera-haar-set\/#breadcrumb","itemListElement":[{"@type":"ListItem","position":1,"name":"Home","item":"https:\/\/www.lraloeverashop.eu\/de\/"},{"@type":"ListItem","position":2,"name":"Shop","item":"https:\/\/www.lraloeverashop.eu\/de\/shop-2\/"},{"@type":"ListItem","position":3,"name":"Aloe Vera Haar Set"}]},{"@type":"WebSite","@id":"https:\/\/www.lraloeverashop.eu\/de\/#website","url":"https:\/\/www.lraloeverashop.eu\/de\/","name":"Lr Aloe Vera Shop","description":"High Quality Lr Aloe Vera Gel, Aloe Vera Cream and Shampoo","publisher":{"@id":"https:\/\/www.lraloeverashop.eu\/de\/#organization"},"alternateName":"LR","potentialAction":[{"@type":"SearchAction","target":{"@type":"EntryPoint","urlTemplate":"https:\/\/www.lraloeverashop.eu\/de\/?s={search_term_string}"},"query-input":{"@type":"PropertyValueSpecification","valueRequired":true,"valueName":"search_term_string"}}],"inLanguage":"de"},{"@type":"Organization","@id":"https:\/\/www.lraloeverashop.eu\/de\/#organization","name":"Lr Aloe Vera Shop","alternateName":"LR","url":"https:\/\/www.lraloeverashop.eu\/de\/","logo":{"@type":"ImageObject","inLanguage":"de","@id":"https:\/\/www.lraloeverashop.eu\/de\/#\/schema\/logo\/image\/","url":"https:\/\/www.lraloeverashop.eu\/wp-content\/uploads\/2022\/09\/cropped-Lr-Aloe-Vera-Shop.jpg","contentUrl":"https:\/\/www.lraloeverashop.eu\/wp-content\/uploads\/2022\/09\/cropped-Lr-Aloe-Vera-Shop.jpg","width":228,"height":76,"caption":"Lr Aloe Vera Shop"},"image":{"@id":"https:\/\/www.lraloeverashop.eu\/de\/#\/schema\/logo\/image\/"},"sameAs":["https:\/\/www.facebook.com\/lraloeverashop.eu","https:\/\/x.com\/natur__kosmetik","https:\/\/www.youtube.com\/channel\/UC5oN7BJ8nfYb8RpVtjwDEBA","https:\/\/www.instagram.com\/lrbeautyeu\/"],"description":"LR Aloe Vera Shop ist Ihre vertrauensw\u00fcrdige Adresse f\u00fcr hochwertige LR Health & Beauty Produkte aus Deutschland. Wir bieten Ihnen erstklassige Aloe Vera Hautpflege, N\u00e4hrstoffe und Anti-Aging-Produkte mit reinen Inhaltsstoffen, die auf wissenschaftlichen Erkenntnissen basieren. Entdecken Sie nat\u00fcrliche Pflege, die Ihre Haut regeneriert, sch\u00fctzt und revitalisiert \u2013 und profitieren Sie von exklusiven Monatsangeboten auf unsere Bestseller von LR Aloe Vera. Starten Sie noch heute Ihre Reise zu nat\u00fcrlicher Hautpflege und sp\u00fcren Sie den Unterschied.","email":"info@lraloeverashop.eu","telephone":"+49 17670609653","legalName":"Lr Aloe Vera Shop","foundingDate":"2018-04-21","numberOfEmployees":{"@type":"QuantitativeValue","minValue":"1","maxValue":"10"}}]},"product_price_amount":"46.99","product_price_currency":"EUR","og_availability":"instock","product_availability":"instock","product_retailer_item_id":"20763-1DE","product_condition":"new"},"taxonomy_info":{"product_cat":[{"value":213,"label":"Aloe Vera"},{"value":243,"label":"Haarpflege"}],"product_tag":[{"value":591,"label":"Besch\u00e4digtes Haar"},{"value":595,"label":"Trockenes Haar"}]},"featured_image_src_large":["https:\/\/www.lraloeverashop.eu\/wp-content\/uploads\/2022\/10\/Aloe-Vera-Hair-Set-1024x1024.jpg",1024,1024,true],"author_info":[],"comment_info":0,"_links":{"self":[{"href":"https:\/\/www.lraloeverashop.eu\/de\/wp-json\/wp\/v2\/product\/10678","targetHints":{"allow":["GET"]}}],"collection":[{"href":"https:\/\/www.lraloeverashop.eu\/de\/wp-json\/wp\/v2\/product"}],"about":[{"href":"https:\/\/www.lraloeverashop.eu\/de\/wp-json\/wp\/v2\/types\/product"}],"replies":[{"embeddable":true,"href":"https:\/\/www.lraloeverashop.eu\/de\/wp-json\/wp\/v2\/comments?post=10678"}],"wp:featuredmedia":[{"embeddable":true,"href":"https:\/\/www.lraloeverashop.eu\/de\/wp-json\/wp\/v2\/media\/4879"}],"wp:attachment":[{"href":"https:\/\/www.lraloeverashop.eu\/de\/wp-json\/wp\/v2\/media?parent=10678"}],"wp:term":[{"taxonomy":"product_brand","embeddable":true,"href":"https:\/\/www.lraloeverashop.eu\/de\/wp-json\/wp\/v2\/product_brand?post=10678"},{"taxonomy":"product_cat","embeddable":true,"href":"https:\/\/www.lraloeverashop.eu\/de\/wp-json\/wp\/v2\/product_cat?post=10678"},{"taxonomy":"product_tag","embeddable":true,"href":"https:\/\/www.lraloeverashop.eu\/de\/wp-json\/wp\/v2\/product_tag?post=10678"}],"curies":[{"name":"wp","href":"https:\/\/api.w.org\/{rel}","templated":true}]}}