{"id":10637,"date":"2022-10-09T22:51:26","date_gmt":"2022-10-09T20:51:26","guid":{"rendered":"https:\/\/www.lraloeverashop.eu\/product\/aloe-vera-nutri-repair-haarshampoo\/"},"modified":"2026-02-03T19:17:50","modified_gmt":"2026-02-03T18:17:50","slug":"aloe-vera-nutri-repair-haarshampoo","status":"publish","type":"product","link":"https:\/\/www.lraloeverashop.eu\/de\/produkt\/aloe-vera-nutri-repair-haarshampoo\/","title":{"rendered":"Aloe Vera Nutri Repair Haarshampoo"},"content":{"rendered":"<h2><span style=\"font-size: 16pt;\"><strong>Aloe Vera Nutri Repair Haarshampoo<\/strong><\/span><\/h2>\n<p><span style=\"font-size: 14pt;\"><strong>Aloe Vera Nutri Repair Haarshampoo F\u00fcr Starkes, gl\u00e4nzendes Haar und Kopfhaut<\/strong><\/span><\/p>\n<p>Gesundes und seidiges weiches Haar kann heute Ihre sein.\u00a0Verwenden Sie Aloe Vera Nutri Repair Haarshampoo t\u00e4glich, um Ihre Kopfhaut und Haare sanft zu n\u00e4hren.<\/p>\n<p>Dieses nat\u00fcrliche Shampoo enth\u00e4lt Inhaltsstoffe, die wie ein Magnet wirken, um Schmutz von Ihrem Haar zu entfernen und es sauber, frisch und gesund zu halten.\u00a0Mit <a href=\"https:\/\/www.lraloeverashop.eu\/de\/haarpflege-set-nutri-repair-beste-behandlung-fuer-beschaedigtes-haar\/\">Pro Vitamin B5<\/a> wird das Haar st\u00e4rker und geschmeidiger als je zuvor.<\/p>\n<p>Mit dem 45-prozentigen Aloe-Vera-Gehalt hilft das, die Haare zu befeuchten und gesund zu machen.\u00a0Sie werden den fruchtigen Duft des Shampoos lieben, der Ihre Sinne anregt.\u00a0Probieren Sie das Aloe Vera Nutri Repair Haarshampoo f\u00fcr nat\u00fcrlich sch\u00f6ne Haare, die Sie gerne ber\u00fchren werden!<\/p>\n<div class=\"entry-content-asset videofit\"><iframe loading=\"lazy\" title=\"Lr Aloe Vera Nutri Repair Haarpflege Set\" width=\"720\" height=\"405\" src=\"https:\/\/www.youtube.com\/embed\/LyiKQC5i2dY?feature=oembed\" frameborder=\"0\" allow=\"accelerometer; autoplay; clipboard-write; encrypted-media; gyroscope; picture-in-picture; web-share\" referrerpolicy=\"strict-origin-when-cross-origin\" allowfullscreen><\/iframe><\/div>\n<h3><span style=\"font-size: 16pt;\"><strong>Anwendung<\/strong><\/span><\/h3>\n<p>Ideal f\u00fcr den t\u00e4glichen Gebrauch. Nur ein aufsch\u00e4umen walnu\u00dfgro\u00dfe Teil des Shampoo auf das feuchte Haar dann gut absp\u00fclen.<\/p>\n<p>F\u00fcr beste Ergebnisse, folgen Sie mit dem Aloe Vera Nutri-Repair Haarsp\u00fclung. Erhalten Sie maximale Haar Behandlung mit der\u00a0Haarmaske, etwa 1 bis 2 mal in der Woche anstelle der Haarsp\u00fclung. Tragen Sie die Aloe Vera Nutri-Repair Leave-In Kur f\u00fcr zus\u00e4tzlichen Hitzeschutz auf.<\/p>\n<p>&nbsp;<\/p>\n<h3><span style=\"font-size: 16pt;\"><strong>Wusstest du schon?<\/strong><\/span><\/h3>\n<p>Aloe Vera Nutri Repair Haarshampoo reinigt die \u00e4u\u00dferste Schicht des Haares, indem es Schmutz aufl\u00f6st, \u00fcbersch\u00fcssige \u00d6le entfernt und R\u00fcckst\u00e4nde aus dem t\u00e4glichen Gebrauch von Stylingprodukten entfernt.\u00a0Mit Haaren, die von Schmutz und R\u00fcckst\u00e4nden befreit sind, kann es die <a href=\"https:\/\/www.lraloeverashop.eu\/de\/produkt\/aloe-vera-men-set-iii\/\">N\u00e4hrstoffe<\/a> aus dem Shampoo effizienter aufnehmen.<\/p>\n<p><strong>Studien best\u00e4tigen die Wirksamkeit von Aloe Vera Nutri-Repair Haarpflege aus diesen Tests:<\/strong><\/p>\n<p>&#8211; Das Haar wird seidig weich und ist dreimal so leicht zu k\u00e4mmen und zu behandeln *<br \/>\n&#8211; Mit einem nat\u00fcrlichen Glanz und Geschmeidigkeit f\u00fchrt dies zu 90% weniger Bruch *<br \/>\n&#8211; 90% der Studienteilnehmer sind von dem erfrischenden Duft des Shampoos begeistert **<\/p>\n<p>* Die t\u00e4gliche Anwendung von Aloe\u00a0<a href=\"https:\/\/www.lraloeverashop.eu\/de\/produkt\/aloe-vera-haar-set\/\"><strong>Lr Aloe Vera Nutri Hair Shampoo, Conditioner und der Haarmaske<\/strong><\/a>\u00a0verbessert die Widerstandsf\u00e4higkeit und Widerstandsf\u00e4higkeit gegen Haarausfall.\u00a0Die Ergebnisse sind vielversprechender als diejenigen, die nur Shampoo verwenden.\u00a0Dies basierte auf der im Januar 2018 von proDERM durchgef\u00fchrten Studie.<\/p>\n<p>** Basierend auf Ergebnissen von 40 Umfrageteilnehmern des Dermatest Institute im Dezember 2017<\/p>\n","protected":false},"excerpt":{"rendered":"<ul>\n<li>Entfernt Schmutz von Ihrem Haar, um es von innen sauber zu halten<\/li>\n<li>Provitamin B5 pflegt das Haar und macht es st\u00e4rker<\/li>\n<li>Die Aloe Vera (45%) h\u00e4lt Ihre Haare und Kopfhaut mit Feuchtigkeit versorgt<\/li>\n<li>Ideal f\u00fcr den t\u00e4glichen Gebrauch<\/li>\n<li>Inhalt: 200 ml<\/li>\n<\/ul>\n<p><span style=\"color: #ff0000;\"><a style=\"color: #ff0000;\" href=\"https:\/\/shop.lrworld.com\/openpao?PHP=0vFlt7jT938BEnBI3a6e9w%3D%3D\"><span style=\"font-size: 14pt;\"><strong>Hier registrieren und dauerhaft 35\u202f% sparen<\/strong><\/span><\/a><\/span><\/p>\n","protected":false},"featured_media":4363,"comment_status":"open","ping_status":"closed","template":"","meta":{"_kad_blocks_custom_css":"","_kad_blocks_head_custom_js":"","_kad_blocks_body_custom_js":"","_kad_blocks_footer_custom_js":"","_kadence_starter_templates_imported_post":false,"_kad_post_transparent":"default","_kad_post_title":"","_kad_post_layout":"default","_kad_post_sidebar_id":"","_kad_post_content_style":"default","_kad_post_vertical_padding":"default","_kad_post_feature":"","_kad_post_feature_position":"","_kad_post_header":false,"_kad_post_footer":false,"_kad_post_classname":""},"product_brand":[],"product_cat":[213,243],"product_tag":[591,595],"class_list":{"0":"post-10637","1":"product","2":"type-product","3":"status-publish","4":"has-post-thumbnail","6":"product_cat-aloe-vera-de","7":"product_cat-haarpflege","8":"product_tag-beschaedigtes-haar","9":"product_tag-trockenes-haar","11":"first","12":"instock","13":"taxable","14":"shipping-taxable","15":"purchasable","16":"product-type-simple","17":"entry","18":"content-bg","19":"loop-entry"},"yoast_head":"<!-- This site is optimized with the Yoast SEO Premium plugin v27.3 (Yoast SEO v27.3) - https:\/\/yoast.com\/product\/yoast-seo-premium-wordpress\/ -->\n<title>Aloe Vera Nutri Repair Haarshampoo f\u00fcr Starkes, gl\u00e4nzendes Haar<\/title>\n<meta name=\"description\" content=\"Gesundes und seidiges weiches Haar kann heute Ihre sein. Verwenden Sie Aloe Vera Nutri Repair Haarshampoo t\u00e4glich um Ihre Kopfhaut und Haare sanft zu n\u00e4hren\" \/>\n<meta name=\"robots\" content=\"index, follow, max-snippet:-1, max-image-preview:large, max-video-preview:-1\" \/>\n<link rel=\"canonical\" href=\"https:\/\/www.lraloeverashop.eu\/de\/produkt\/aloe-vera-nutri-repair-haarshampoo\/\" \/>\n<meta property=\"og:locale\" content=\"de_DE\" \/>\n<meta property=\"og:type\" content=\"article\" \/>\n<meta property=\"og:title\" content=\"Aloe Vera Nutri Repair Haarshampoo\" \/>\n<meta property=\"og:description\" content=\"Gesundes und seidiges weiches Haar kann heute Ihre sein. Verwenden Sie Aloe Vera Nutri Repair Haarshampoo t\u00e4glich um Ihre Kopfhaut und Haare sanft zu n\u00e4hren\" \/>\n<meta property=\"og:url\" content=\"https:\/\/www.lraloeverashop.eu\/de\/produkt\/aloe-vera-nutri-repair-haarshampoo\/\" \/>\n<meta property=\"og:site_name\" content=\"Lr Aloe Vera Shop\" \/>\n<meta property=\"article:publisher\" content=\"https:\/\/www.facebook.com\/lraloeverashop.eu\" \/>\n<meta property=\"article:modified_time\" content=\"2026-02-03T18:17:50+00:00\" \/>\n<meta property=\"og:image\" content=\"https:\/\/www.lraloeverashop.eu\/wp-content\/uploads\/2022\/10\/Strengthening-Hair-Shampoo.jpg\" \/>\n\t<meta property=\"og:image:width\" content=\"1200\" \/>\n\t<meta property=\"og:image:height\" content=\"1200\" \/>\n\t<meta property=\"og:image:type\" content=\"image\/jpeg\" \/>\n<meta name=\"twitter:card\" content=\"summary_large_image\" \/>\n<meta name=\"twitter:site\" content=\"@natur__kosmetik\" \/>\n<script type=\"application\/ld+json\" class=\"yoast-schema-graph\">{\"@context\":\"https:\\\/\\\/schema.org\",\"@graph\":[{\"@type\":[\"WebPage\",\"ItemPage\"],\"@id\":\"https:\\\/\\\/www.lraloeverashop.eu\\\/de\\\/produkt\\\/aloe-vera-nutri-repair-haarshampoo\\\/\",\"url\":\"https:\\\/\\\/www.lraloeverashop.eu\\\/de\\\/produkt\\\/aloe-vera-nutri-repair-haarshampoo\\\/\",\"name\":\"Aloe Vera Nutri Repair Haarshampoo f\u00fcr Starkes, gl\u00e4nzendes Haar\",\"isPartOf\":{\"@id\":\"https:\\\/\\\/www.lraloeverashop.eu\\\/de\\\/#website\"},\"primaryImageOfPage\":{\"@id\":\"https:\\\/\\\/www.lraloeverashop.eu\\\/de\\\/produkt\\\/aloe-vera-nutri-repair-haarshampoo\\\/#primaryimage\"},\"image\":{\"@id\":\"https:\\\/\\\/www.lraloeverashop.eu\\\/de\\\/produkt\\\/aloe-vera-nutri-repair-haarshampoo\\\/#primaryimage\"},\"thumbnailUrl\":\"https:\\\/\\\/www.lraloeverashop.eu\\\/wp-content\\\/uploads\\\/2022\\\/10\\\/Strengthening-Hair-Shampoo.jpg\",\"datePublished\":\"2022-10-09T20:51:26+00:00\",\"dateModified\":\"2026-02-03T18:17:50+00:00\",\"description\":\"Gesundes und seidiges weiches Haar kann heute Ihre sein. Verwenden Sie Aloe Vera Nutri Repair Haarshampoo t\u00e4glich um Ihre Kopfhaut und Haare sanft zu n\u00e4hren\",\"breadcrumb\":{\"@id\":\"https:\\\/\\\/www.lraloeverashop.eu\\\/de\\\/produkt\\\/aloe-vera-nutri-repair-haarshampoo\\\/#breadcrumb\"},\"inLanguage\":\"de\",\"potentialAction\":[{\"@type\":\"ReadAction\",\"target\":[\"https:\\\/\\\/www.lraloeverashop.eu\\\/de\\\/produkt\\\/aloe-vera-nutri-repair-haarshampoo\\\/\"]}]},{\"@type\":\"ImageObject\",\"inLanguage\":\"de\",\"@id\":\"https:\\\/\\\/www.lraloeverashop.eu\\\/de\\\/produkt\\\/aloe-vera-nutri-repair-haarshampoo\\\/#primaryimage\",\"url\":\"https:\\\/\\\/www.lraloeverashop.eu\\\/wp-content\\\/uploads\\\/2022\\\/10\\\/Strengthening-Hair-Shampoo.jpg\",\"contentUrl\":\"https:\\\/\\\/www.lraloeverashop.eu\\\/wp-content\\\/uploads\\\/2022\\\/10\\\/Strengthening-Hair-Shampoo.jpg\",\"width\":1200,\"height\":1200,\"caption\":\"Aloe Vera Nutri Repair Haarshampoo ideal f\u00fcr den t\u00e4glichen Gebrauch\"},{\"@type\":\"BreadcrumbList\",\"@id\":\"https:\\\/\\\/www.lraloeverashop.eu\\\/de\\\/produkt\\\/aloe-vera-nutri-repair-haarshampoo\\\/#breadcrumb\",\"itemListElement\":[{\"@type\":\"ListItem\",\"position\":1,\"name\":\"Home\",\"item\":\"https:\\\/\\\/www.lraloeverashop.eu\\\/de\\\/\"},{\"@type\":\"ListItem\",\"position\":2,\"name\":\"Shop\",\"item\":\"https:\\\/\\\/www.lraloeverashop.eu\\\/de\\\/shop-2\\\/\"},{\"@type\":\"ListItem\",\"position\":3,\"name\":\"Aloe Vera Nutri Repair Haarshampoo\"}]},{\"@type\":\"WebSite\",\"@id\":\"https:\\\/\\\/www.lraloeverashop.eu\\\/de\\\/#website\",\"url\":\"https:\\\/\\\/www.lraloeverashop.eu\\\/de\\\/\",\"name\":\"Lr Aloe Vera Shop\",\"description\":\"High Quality Lr Aloe Vera Gel, Aloe Vera Cream and Shampoo\",\"publisher\":{\"@id\":\"https:\\\/\\\/www.lraloeverashop.eu\\\/de\\\/#organization\"},\"potentialAction\":[{\"@type\":\"SearchAction\",\"target\":{\"@type\":\"EntryPoint\",\"urlTemplate\":\"https:\\\/\\\/www.lraloeverashop.eu\\\/de\\\/?s={search_term_string}\"},\"query-input\":{\"@type\":\"PropertyValueSpecification\",\"valueRequired\":true,\"valueName\":\"search_term_string\"}}],\"inLanguage\":\"de\"},{\"@type\":\"Organization\",\"@id\":\"https:\\\/\\\/www.lraloeverashop.eu\\\/de\\\/#organization\",\"name\":\"Lr Aloe Vera Shop\",\"alternateName\":\"LR\",\"url\":\"https:\\\/\\\/www.lraloeverashop.eu\\\/de\\\/\",\"logo\":{\"@type\":\"ImageObject\",\"inLanguage\":\"de\",\"@id\":\"https:\\\/\\\/www.lraloeverashop.eu\\\/de\\\/#\\\/schema\\\/logo\\\/image\\\/\",\"url\":\"https:\\\/\\\/www.lraloeverashop.eu\\\/wp-content\\\/uploads\\\/2022\\\/09\\\/cropped-Lr-Aloe-Vera-Shop.jpg\",\"contentUrl\":\"https:\\\/\\\/www.lraloeverashop.eu\\\/wp-content\\\/uploads\\\/2022\\\/09\\\/cropped-Lr-Aloe-Vera-Shop.jpg\",\"width\":228,\"height\":76,\"caption\":\"Lr Aloe Vera Shop\"},\"image\":{\"@id\":\"https:\\\/\\\/www.lraloeverashop.eu\\\/de\\\/#\\\/schema\\\/logo\\\/image\\\/\"},\"sameAs\":[\"https:\\\/\\\/www.facebook.com\\\/lraloeverashop.eu\",\"https:\\\/\\\/x.com\\\/natur__kosmetik\",\"https:\\\/\\\/www.youtube.com\\\/channel\\\/UC5oN7BJ8nfYb8RpVtjwDEBA\",\"https:\\\/\\\/www.instagram.com\\\/lrbeautyeu\\\/\"]}]}<\/script>\n<meta property=\"product:price:amount\" content=\"12.99\" \/>\n<meta property=\"product:price:currency\" content=\"EUR\" \/>\n<meta property=\"og:availability\" content=\"instock\" \/>\n<meta property=\"product:availability\" content=\"instock\" \/>\n<meta property=\"product:retailer_item_id\" content=\"20648-1DE\" \/>\n<meta property=\"product:condition\" content=\"new\" \/>\n<!-- \/ Yoast SEO Premium plugin. -->","yoast_head_json":{"title":"Aloe Vera Nutri Repair Haarshampoo f\u00fcr Starkes, gl\u00e4nzendes Haar","description":"Gesundes und seidiges weiches Haar kann heute Ihre sein. Verwenden Sie Aloe Vera Nutri Repair Haarshampoo t\u00e4glich um Ihre Kopfhaut und Haare sanft zu n\u00e4hren","robots":{"index":"index","follow":"follow","max-snippet":"max-snippet:-1","max-image-preview":"max-image-preview:large","max-video-preview":"max-video-preview:-1"},"canonical":"https:\/\/www.lraloeverashop.eu\/de\/produkt\/aloe-vera-nutri-repair-haarshampoo\/","og_locale":"de_DE","og_type":"article","og_title":"Aloe Vera Nutri Repair Haarshampoo","og_description":"Gesundes und seidiges weiches Haar kann heute Ihre sein. Verwenden Sie Aloe Vera Nutri Repair Haarshampoo t\u00e4glich um Ihre Kopfhaut und Haare sanft zu n\u00e4hren","og_url":"https:\/\/www.lraloeverashop.eu\/de\/produkt\/aloe-vera-nutri-repair-haarshampoo\/","og_site_name":"Lr Aloe Vera Shop","article_publisher":"https:\/\/www.facebook.com\/lraloeverashop.eu","article_modified_time":"2026-02-03T18:17:50+00:00","og_image":[{"width":1200,"height":1200,"url":"https:\/\/www.lraloeverashop.eu\/wp-content\/uploads\/2022\/10\/Strengthening-Hair-Shampoo.jpg","type":"image\/jpeg"}],"twitter_card":"summary_large_image","twitter_site":"@natur__kosmetik","schema":{"@context":"https:\/\/schema.org","@graph":[{"@type":["WebPage","ItemPage"],"@id":"https:\/\/www.lraloeverashop.eu\/de\/produkt\/aloe-vera-nutri-repair-haarshampoo\/","url":"https:\/\/www.lraloeverashop.eu\/de\/produkt\/aloe-vera-nutri-repair-haarshampoo\/","name":"Aloe Vera Nutri Repair Haarshampoo f\u00fcr Starkes, gl\u00e4nzendes Haar","isPartOf":{"@id":"https:\/\/www.lraloeverashop.eu\/de\/#website"},"primaryImageOfPage":{"@id":"https:\/\/www.lraloeverashop.eu\/de\/produkt\/aloe-vera-nutri-repair-haarshampoo\/#primaryimage"},"image":{"@id":"https:\/\/www.lraloeverashop.eu\/de\/produkt\/aloe-vera-nutri-repair-haarshampoo\/#primaryimage"},"thumbnailUrl":"https:\/\/www.lraloeverashop.eu\/wp-content\/uploads\/2022\/10\/Strengthening-Hair-Shampoo.jpg","datePublished":"2022-10-09T20:51:26+00:00","dateModified":"2026-02-03T18:17:50+00:00","description":"Gesundes und seidiges weiches Haar kann heute Ihre sein. Verwenden Sie Aloe Vera Nutri Repair Haarshampoo t\u00e4glich um Ihre Kopfhaut und Haare sanft zu n\u00e4hren","breadcrumb":{"@id":"https:\/\/www.lraloeverashop.eu\/de\/produkt\/aloe-vera-nutri-repair-haarshampoo\/#breadcrumb"},"inLanguage":"de","potentialAction":[{"@type":"ReadAction","target":["https:\/\/www.lraloeverashop.eu\/de\/produkt\/aloe-vera-nutri-repair-haarshampoo\/"]}]},{"@type":"ImageObject","inLanguage":"de","@id":"https:\/\/www.lraloeverashop.eu\/de\/produkt\/aloe-vera-nutri-repair-haarshampoo\/#primaryimage","url":"https:\/\/www.lraloeverashop.eu\/wp-content\/uploads\/2022\/10\/Strengthening-Hair-Shampoo.jpg","contentUrl":"https:\/\/www.lraloeverashop.eu\/wp-content\/uploads\/2022\/10\/Strengthening-Hair-Shampoo.jpg","width":1200,"height":1200,"caption":"Aloe Vera Nutri Repair Haarshampoo ideal f\u00fcr den t\u00e4glichen Gebrauch"},{"@type":"BreadcrumbList","@id":"https:\/\/www.lraloeverashop.eu\/de\/produkt\/aloe-vera-nutri-repair-haarshampoo\/#breadcrumb","itemListElement":[{"@type":"ListItem","position":1,"name":"Home","item":"https:\/\/www.lraloeverashop.eu\/de\/"},{"@type":"ListItem","position":2,"name":"Shop","item":"https:\/\/www.lraloeverashop.eu\/de\/shop-2\/"},{"@type":"ListItem","position":3,"name":"Aloe Vera Nutri Repair Haarshampoo"}]},{"@type":"WebSite","@id":"https:\/\/www.lraloeverashop.eu\/de\/#website","url":"https:\/\/www.lraloeverashop.eu\/de\/","name":"Lr Aloe Vera Shop","description":"High Quality Lr Aloe Vera Gel, Aloe Vera Cream and Shampoo","publisher":{"@id":"https:\/\/www.lraloeverashop.eu\/de\/#organization"},"potentialAction":[{"@type":"SearchAction","target":{"@type":"EntryPoint","urlTemplate":"https:\/\/www.lraloeverashop.eu\/de\/?s={search_term_string}"},"query-input":{"@type":"PropertyValueSpecification","valueRequired":true,"valueName":"search_term_string"}}],"inLanguage":"de"},{"@type":"Organization","@id":"https:\/\/www.lraloeverashop.eu\/de\/#organization","name":"Lr Aloe Vera Shop","alternateName":"LR","url":"https:\/\/www.lraloeverashop.eu\/de\/","logo":{"@type":"ImageObject","inLanguage":"de","@id":"https:\/\/www.lraloeverashop.eu\/de\/#\/schema\/logo\/image\/","url":"https:\/\/www.lraloeverashop.eu\/wp-content\/uploads\/2022\/09\/cropped-Lr-Aloe-Vera-Shop.jpg","contentUrl":"https:\/\/www.lraloeverashop.eu\/wp-content\/uploads\/2022\/09\/cropped-Lr-Aloe-Vera-Shop.jpg","width":228,"height":76,"caption":"Lr Aloe Vera Shop"},"image":{"@id":"https:\/\/www.lraloeverashop.eu\/de\/#\/schema\/logo\/image\/"},"sameAs":["https:\/\/www.facebook.com\/lraloeverashop.eu","https:\/\/x.com\/natur__kosmetik","https:\/\/www.youtube.com\/channel\/UC5oN7BJ8nfYb8RpVtjwDEBA","https:\/\/www.instagram.com\/lrbeautyeu\/"]}]},"product_price_amount":"12.99","product_price_currency":"EUR","og_availability":"instock","product_availability":"instock","product_retailer_item_id":"20648-1DE","product_condition":"new"},"taxonomy_info":{"product_cat":[{"value":213,"label":"Aloe Vera"},{"value":243,"label":"Haarpflege"}],"product_tag":[{"value":591,"label":"Besch\u00e4digtes Haar"},{"value":595,"label":"Trockenes Haar"}]},"featured_image_src_large":["https:\/\/www.lraloeverashop.eu\/wp-content\/uploads\/2022\/10\/Strengthening-Hair-Shampoo-1024x1024.jpg",1024,1024,true],"author_info":[],"comment_info":0,"_links":{"self":[{"href":"https:\/\/www.lraloeverashop.eu\/de\/wp-json\/wp\/v2\/product\/10637","targetHints":{"allow":["GET"]}}],"collection":[{"href":"https:\/\/www.lraloeverashop.eu\/de\/wp-json\/wp\/v2\/product"}],"about":[{"href":"https:\/\/www.lraloeverashop.eu\/de\/wp-json\/wp\/v2\/types\/product"}],"replies":[{"embeddable":true,"href":"https:\/\/www.lraloeverashop.eu\/de\/wp-json\/wp\/v2\/comments?post=10637"}],"wp:featuredmedia":[{"embeddable":true,"href":"https:\/\/www.lraloeverashop.eu\/de\/wp-json\/wp\/v2\/media\/4363"}],"wp:attachment":[{"href":"https:\/\/www.lraloeverashop.eu\/de\/wp-json\/wp\/v2\/media?parent=10637"}],"wp:term":[{"taxonomy":"product_brand","embeddable":true,"href":"https:\/\/www.lraloeverashop.eu\/de\/wp-json\/wp\/v2\/product_brand?post=10637"},{"taxonomy":"product_cat","embeddable":true,"href":"https:\/\/www.lraloeverashop.eu\/de\/wp-json\/wp\/v2\/product_cat?post=10637"},{"taxonomy":"product_tag","embeddable":true,"href":"https:\/\/www.lraloeverashop.eu\/de\/wp-json\/wp\/v2\/product_tag?post=10637"}],"curies":[{"name":"wp","href":"https:\/\/api.w.org\/{rel}","templated":true}]}}