{"id":10593,"date":"2022-10-10T17:07:40","date_gmt":"2022-10-10T15:07:40","guid":{"rendered":"https:\/\/www.lraloeverashop.eu\/product\/aloe-vera-cbd-duschgel-ol\/"},"modified":"2026-02-03T19:17:12","modified_gmt":"2026-02-03T18:17:12","slug":"aloe-vera-cbd-duschgel-ol","status":"publish","type":"product","link":"https:\/\/www.lraloeverashop.eu\/de\/produkt\/aloe-vera-cbd-duschgel-ol\/","title":{"rendered":"Aloe Vera CBD Duschgel \u00d6l"},"content":{"rendered":"<h2><span style=\"font-size: 16pt;\">Aloe Vera CBD Duschgel \u00d6l<\/span><\/h2>\n<p><strong><span style=\"font-size: 14pt;\">Aloe Vera CBD Duschgel \u00d6l F\u00fcr entspannende Reinigung &amp; wohltuende Pflege!<\/span><\/strong><\/p>\n<p>Aloe Vera Duschgel \u00d6l reinigt strapazierte Haut sanft, ohne sie auszutrocknen. Sie beruhigt und sch\u00fctzt Ihre K\u00f6rperhaut und versorgt sie mit Feuchtigkeit.<\/p>\n<p>CBD Duschgel verw\u00f6hnt Ihre Haut mit wohltuender Pflege und Regeneration mit Aloe Vera, Bio-Cannabis-Sativa-Samen\u00f6l und CBD. Das Geheimnis der einzigartigen Wirkung der neuen Aloe Vera CBD Premium Care ist die Kombination aus feuchtigkeitsspendender Aloe Vera, sch\u00fctzendem Bio-Cannabis-Sativa-Samen\u00f6l und CBD. F\u00fcr eine ausgewogene, <a href=\"https:\/\/www.lraloeverashop.eu\/de\/produkt\/aloe-vera-mens-gesichts-und-bart-ol\/\">hydratisierte<\/a> und entspannte<\/p>\n<p>\u2022 Spezielle Wirkstoffkombination aus Aloe Vera, Bio-Cannabis-Sativa-Samen\u00f6l und CBD<br \/>\n\u2022 T\u00e4gliche Reinigung f\u00fcr strapazierte und <a href=\"https:\/\/www.lraloeverashop.eu\/de\/produkt\/aloe-vera-cbd-gesichtsserum\/\">strapazierte Haut<\/a> ohne sie auszutrocknen<br \/>\n\u2022 Unterst\u00fctzt den hauteigenen Regenerationsprozess<\/p>\n<p>&nbsp;<\/p>\n<h3><strong><span style=\"font-size: 16pt;\">Wussten Sie schon?<\/span><\/strong><\/h3>\n<p><strong>Bio-Cannabis-Sativa-Samen\u00f6l<\/strong> ist daf\u00fcr bekannt, <a href=\"https:\/\/www.lraloeverashop.eu\/de\/produkt\/aloe-vera-haar-koerper-set\/\">gereizte Haut<\/a> zu beruhigen und Hautirritationen aufgrund seiner sch\u00fctzenden Eigenschaften zu lindern. Das im Cannabis\u00f6l enthaltene CBD wirkt entspannend auf gestresste, zu R\u00f6tungen neigende Haut und sch\u00fctzt sie vor \u00e4u\u00dferen Umwelteinfl\u00fcssen.<\/p>\n<p><strong>Info zu CBD:<\/strong> Cannabidiol \u2013 kurz CBD \u2013 ist ein nat\u00fcrlicher Inhaltsstoff der Hanfpflanze und wird aus deren Bl\u00e4ttern und Blattstielen gewonnen. Das mit CBD gemischte Bio-Cannabis-Sativa-Samen\u00f6l kann mit seinen hautberuhigenden Eigenschaften <a href=\"https:\/\/www.lraloeverashop.eu\/de\/produkt\/aloe-vera-cbd-korper-set\/\">gestresste Haut<\/a> besonders gut pflegen.<\/p>\n","protected":false},"excerpt":{"rendered":"<ul>\n<li>Duschgel \u00d6l f\u00fcr strapazierte Haut<\/li>\n<li>Reinigt sanft, ohne die Haut auszutrocknen<\/li>\n<li>Beruhigt und sch\u00fctzt die K\u00f6rperhaut<\/li>\n<li>Spendet Feuchtigkeit<\/li>\n<li>Mit Aloe Vera, Bio-Cannabis-Sativa-Samen\u00f6l und CBD<\/li>\n<li>Die Dosen und Flaschen werden aus dem nachhaltigen Material rPET hergestellt<\/li>\n<li>Menge: 200 ml<\/li>\n<\/ul>\n<p><span style=\"color: #ff0000;\"><a style=\"color: #ff0000;\" href=\"https:\/\/shop.lrworld.com\/openpao?PHP=0vFlt7jT938BEnBI3a6e9w%3D%3D\"><span style=\"font-size: 14pt;\"><strong>Hier registrieren und dauerhaft 35\u202f% sparen<\/strong><\/span><\/a><\/span><\/p>\n","protected":false},"featured_media":4933,"comment_status":"open","ping_status":"closed","template":"","meta":{"_kad_blocks_custom_css":"","_kad_blocks_head_custom_js":"","_kad_blocks_body_custom_js":"","_kad_blocks_footer_custom_js":"","_kadence_starter_templates_imported_post":false,"_kad_post_transparent":"default","_kad_post_title":"","_kad_post_layout":"default","_kad_post_sidebar_id":"","_kad_post_content_style":"default","_kad_post_vertical_padding":"default","_kad_post_feature":"","_kad_post_feature_position":"","_kad_post_header":false,"_kad_post_footer":false,"_kad_post_classname":""},"product_brand":[],"product_cat":[213,233,228],"product_tag":[589],"class_list":{"0":"post-10593","1":"product","2":"type-product","3":"status-publish","4":"has-post-thumbnail","6":"product_cat-aloe-vera-de","7":"product_cat-cbd-de","8":"product_cat-korperpflege","9":"product_tag-cbd-produkte","11":"first","12":"instock","13":"taxable","14":"shipping-taxable","15":"purchasable","16":"product-type-simple","17":"entry","18":"content-bg","19":"loop-entry"},"yoast_head":"<!-- This site is optimized with the Yoast SEO Premium plugin v27.5 (Yoast SEO v27.5) - https:\/\/yoast.com\/product\/yoast-seo-premium-wordpress\/ -->\n<title>Aloe Vera CBD duschgel \u00d6l f\u00fcr entspannende reinigung und Pflege<\/title>\n<meta name=\"description\" content=\"Aloe Vera CBD Duschgel \u00d6l reinigt strapazierte Haut sanft, ohne sie auszutrocknen. Sie beruhigt und sch\u00fctzt Ihren K\u00f6rper und versorgt ihn mit Feuchtigkeit.\" \/>\n<meta name=\"robots\" content=\"index, follow, max-snippet:-1, max-image-preview:large, max-video-preview:-1\" \/>\n<link rel=\"canonical\" href=\"https:\/\/www.lraloeverashop.eu\/de\/produkt\/aloe-vera-cbd-duschgel-ol\/\" \/>\n<meta property=\"og:locale\" content=\"de_DE\" \/>\n<meta property=\"og:type\" content=\"article\" \/>\n<meta property=\"og:title\" content=\"Aloe Vera CBD Duschgel \u00d6l\" \/>\n<meta property=\"og:description\" content=\"Aloe Vera CBD Duschgel \u00d6l reinigt strapazierte Haut sanft, ohne sie auszutrocknen. Sie beruhigt und sch\u00fctzt Ihren K\u00f6rper und versorgt ihn mit Feuchtigkeit.\" \/>\n<meta property=\"og:url\" content=\"https:\/\/www.lraloeverashop.eu\/de\/produkt\/aloe-vera-cbd-duschgel-ol\/\" \/>\n<meta property=\"og:site_name\" content=\"Lr Aloe Vera Shop\" \/>\n<meta property=\"article:publisher\" content=\"https:\/\/www.facebook.com\/lraloeverashop.eu\" \/>\n<meta property=\"article:modified_time\" content=\"2026-02-03T18:17:12+00:00\" \/>\n<meta property=\"og:image\" content=\"https:\/\/www.lraloeverashop.eu\/wp-content\/uploads\/2022\/10\/Lr-Aloe-Vera-CBD-Shower-Gel-Oil.jpg\" \/>\n\t<meta property=\"og:image:width\" content=\"1200\" \/>\n\t<meta property=\"og:image:height\" content=\"1200\" \/>\n\t<meta property=\"og:image:type\" content=\"image\/jpeg\" \/>\n<meta name=\"twitter:card\" content=\"summary_large_image\" \/>\n<meta name=\"twitter:site\" content=\"@natur__kosmetik\" \/>\n<script type=\"application\/ld+json\" class=\"yoast-schema-graph\">{\"@context\":\"https:\\\/\\\/schema.org\",\"@graph\":[{\"@type\":[\"WebPage\",\"ItemPage\"],\"@id\":\"https:\\\/\\\/www.lraloeverashop.eu\\\/de\\\/produkt\\\/aloe-vera-cbd-duschgel-ol\\\/\",\"url\":\"https:\\\/\\\/www.lraloeverashop.eu\\\/de\\\/produkt\\\/aloe-vera-cbd-duschgel-ol\\\/\",\"name\":\"Aloe Vera CBD duschgel \u00d6l f\u00fcr entspannende reinigung und Pflege\",\"isPartOf\":{\"@id\":\"https:\\\/\\\/www.lraloeverashop.eu\\\/de\\\/#website\"},\"primaryImageOfPage\":{\"@id\":\"https:\\\/\\\/www.lraloeverashop.eu\\\/de\\\/produkt\\\/aloe-vera-cbd-duschgel-ol\\\/#primaryimage\"},\"image\":{\"@id\":\"https:\\\/\\\/www.lraloeverashop.eu\\\/de\\\/produkt\\\/aloe-vera-cbd-duschgel-ol\\\/#primaryimage\"},\"thumbnailUrl\":\"https:\\\/\\\/www.lraloeverashop.eu\\\/wp-content\\\/uploads\\\/2022\\\/10\\\/Lr-Aloe-Vera-CBD-Shower-Gel-Oil.jpg\",\"datePublished\":\"2022-10-10T15:07:40+00:00\",\"dateModified\":\"2026-02-03T18:17:12+00:00\",\"description\":\"Aloe Vera CBD Duschgel \u00d6l reinigt strapazierte Haut sanft, ohne sie auszutrocknen. Sie beruhigt und sch\u00fctzt Ihren K\u00f6rper und versorgt ihn mit Feuchtigkeit.\",\"breadcrumb\":{\"@id\":\"https:\\\/\\\/www.lraloeverashop.eu\\\/de\\\/produkt\\\/aloe-vera-cbd-duschgel-ol\\\/#breadcrumb\"},\"inLanguage\":\"de\",\"potentialAction\":[{\"@type\":\"ReadAction\",\"target\":[\"https:\\\/\\\/www.lraloeverashop.eu\\\/de\\\/produkt\\\/aloe-vera-cbd-duschgel-ol\\\/\"]}]},{\"@type\":\"ImageObject\",\"inLanguage\":\"de\",\"@id\":\"https:\\\/\\\/www.lraloeverashop.eu\\\/de\\\/produkt\\\/aloe-vera-cbd-duschgel-ol\\\/#primaryimage\",\"url\":\"https:\\\/\\\/www.lraloeverashop.eu\\\/wp-content\\\/uploads\\\/2022\\\/10\\\/Lr-Aloe-Vera-CBD-Shower-Gel-Oil.jpg\",\"contentUrl\":\"https:\\\/\\\/www.lraloeverashop.eu\\\/wp-content\\\/uploads\\\/2022\\\/10\\\/Lr-Aloe-Vera-CBD-Shower-Gel-Oil.jpg\",\"width\":1200,\"height\":1200,\"caption\":\"Aloe Vera Duschgel mit CBD \u00d6l Beruhigt und sch\u00fctzt die K\u00f6rperhaut\"},{\"@type\":\"BreadcrumbList\",\"@id\":\"https:\\\/\\\/www.lraloeverashop.eu\\\/de\\\/produkt\\\/aloe-vera-cbd-duschgel-ol\\\/#breadcrumb\",\"itemListElement\":[{\"@type\":\"ListItem\",\"position\":1,\"name\":\"Home\",\"item\":\"https:\\\/\\\/www.lraloeverashop.eu\\\/de\\\/\"},{\"@type\":\"ListItem\",\"position\":2,\"name\":\"Shop\",\"item\":\"https:\\\/\\\/www.lraloeverashop.eu\\\/de\\\/shop-2\\\/\"},{\"@type\":\"ListItem\",\"position\":3,\"name\":\"Aloe Vera CBD Duschgel \u00d6l\"}]},{\"@type\":\"WebSite\",\"@id\":\"https:\\\/\\\/www.lraloeverashop.eu\\\/de\\\/#website\",\"url\":\"https:\\\/\\\/www.lraloeverashop.eu\\\/de\\\/\",\"name\":\"Lr Aloe Vera Shop\",\"description\":\"High Quality Lr Aloe Vera Gel, Aloe Vera Cream and Shampoo\",\"publisher\":{\"@id\":\"https:\\\/\\\/www.lraloeverashop.eu\\\/de\\\/#organization\"},\"alternateName\":\"LR\",\"potentialAction\":[{\"@type\":\"SearchAction\",\"target\":{\"@type\":\"EntryPoint\",\"urlTemplate\":\"https:\\\/\\\/www.lraloeverashop.eu\\\/de\\\/?s={search_term_string}\"},\"query-input\":{\"@type\":\"PropertyValueSpecification\",\"valueRequired\":true,\"valueName\":\"search_term_string\"}}],\"inLanguage\":\"de\"},{\"@type\":\"Organization\",\"@id\":\"https:\\\/\\\/www.lraloeverashop.eu\\\/de\\\/#organization\",\"name\":\"Lr Aloe Vera Shop\",\"alternateName\":\"LR\",\"url\":\"https:\\\/\\\/www.lraloeverashop.eu\\\/de\\\/\",\"logo\":{\"@type\":\"ImageObject\",\"inLanguage\":\"de\",\"@id\":\"https:\\\/\\\/www.lraloeverashop.eu\\\/de\\\/#\\\/schema\\\/logo\\\/image\\\/\",\"url\":\"https:\\\/\\\/www.lraloeverashop.eu\\\/wp-content\\\/uploads\\\/2022\\\/09\\\/cropped-Lr-Aloe-Vera-Shop.jpg\",\"contentUrl\":\"https:\\\/\\\/www.lraloeverashop.eu\\\/wp-content\\\/uploads\\\/2022\\\/09\\\/cropped-Lr-Aloe-Vera-Shop.jpg\",\"width\":228,\"height\":76,\"caption\":\"Lr Aloe Vera Shop\"},\"image\":{\"@id\":\"https:\\\/\\\/www.lraloeverashop.eu\\\/de\\\/#\\\/schema\\\/logo\\\/image\\\/\"},\"sameAs\":[\"https:\\\/\\\/www.facebook.com\\\/lraloeverashop.eu\",\"https:\\\/\\\/x.com\\\/natur__kosmetik\",\"https:\\\/\\\/www.youtube.com\\\/channel\\\/UC5oN7BJ8nfYb8RpVtjwDEBA\",\"https:\\\/\\\/www.instagram.com\\\/lrbeautyeu\\\/\"],\"description\":\"LR Aloe Vera Shop ist Ihre vertrauensw\u00fcrdige Adresse f\u00fcr hochwertige LR Health & Beauty Produkte aus Deutschland. Wir bieten Ihnen erstklassige Aloe Vera Hautpflege, N\u00e4hrstoffe und Anti-Aging-Produkte mit reinen Inhaltsstoffen, die auf wissenschaftlichen Erkenntnissen basieren. Entdecken Sie nat\u00fcrliche Pflege, die Ihre Haut regeneriert, sch\u00fctzt und revitalisiert \u2013 und profitieren Sie von exklusiven Monatsangeboten auf unsere Bestseller von LR Aloe Vera. Starten Sie noch heute Ihre Reise zu nat\u00fcrlicher Hautpflege und sp\u00fcren Sie den Unterschied.\",\"email\":\"info@lraloeverashop.eu\",\"telephone\":\"+49 17670609653\",\"legalName\":\"Lr Aloe Vera Shop\",\"foundingDate\":\"2018-04-21\",\"numberOfEmployees\":{\"@type\":\"QuantitativeValue\",\"minValue\":\"1\",\"maxValue\":\"10\"}}]}<\/script>\n<meta property=\"product:price:amount\" content=\"11.69\" \/>\n<meta property=\"product:price:currency\" content=\"EUR\" \/>\n<meta property=\"og:availability\" content=\"instock\" \/>\n<meta property=\"product:availability\" content=\"instock\" \/>\n<meta property=\"product:retailer_item_id\" content=\"20824-1DE\" \/>\n<meta property=\"product:condition\" content=\"new\" \/>\n<!-- \/ Yoast SEO Premium plugin. -->","yoast_head_json":{"title":"Aloe Vera CBD duschgel \u00d6l f\u00fcr entspannende reinigung und Pflege","description":"Aloe Vera CBD Duschgel \u00d6l reinigt strapazierte Haut sanft, ohne sie auszutrocknen. Sie beruhigt und sch\u00fctzt Ihren K\u00f6rper und versorgt ihn mit Feuchtigkeit.","robots":{"index":"index","follow":"follow","max-snippet":"max-snippet:-1","max-image-preview":"max-image-preview:large","max-video-preview":"max-video-preview:-1"},"canonical":"https:\/\/www.lraloeverashop.eu\/de\/produkt\/aloe-vera-cbd-duschgel-ol\/","og_locale":"de_DE","og_type":"article","og_title":"Aloe Vera CBD Duschgel \u00d6l","og_description":"Aloe Vera CBD Duschgel \u00d6l reinigt strapazierte Haut sanft, ohne sie auszutrocknen. Sie beruhigt und sch\u00fctzt Ihren K\u00f6rper und versorgt ihn mit Feuchtigkeit.","og_url":"https:\/\/www.lraloeverashop.eu\/de\/produkt\/aloe-vera-cbd-duschgel-ol\/","og_site_name":"Lr Aloe Vera Shop","article_publisher":"https:\/\/www.facebook.com\/lraloeverashop.eu","article_modified_time":"2026-02-03T18:17:12+00:00","og_image":[{"width":1200,"height":1200,"url":"https:\/\/www.lraloeverashop.eu\/wp-content\/uploads\/2022\/10\/Lr-Aloe-Vera-CBD-Shower-Gel-Oil.jpg","type":"image\/jpeg"}],"twitter_card":"summary_large_image","twitter_site":"@natur__kosmetik","schema":{"@context":"https:\/\/schema.org","@graph":[{"@type":["WebPage","ItemPage"],"@id":"https:\/\/www.lraloeverashop.eu\/de\/produkt\/aloe-vera-cbd-duschgel-ol\/","url":"https:\/\/www.lraloeverashop.eu\/de\/produkt\/aloe-vera-cbd-duschgel-ol\/","name":"Aloe Vera CBD duschgel \u00d6l f\u00fcr entspannende reinigung und Pflege","isPartOf":{"@id":"https:\/\/www.lraloeverashop.eu\/de\/#website"},"primaryImageOfPage":{"@id":"https:\/\/www.lraloeverashop.eu\/de\/produkt\/aloe-vera-cbd-duschgel-ol\/#primaryimage"},"image":{"@id":"https:\/\/www.lraloeverashop.eu\/de\/produkt\/aloe-vera-cbd-duschgel-ol\/#primaryimage"},"thumbnailUrl":"https:\/\/www.lraloeverashop.eu\/wp-content\/uploads\/2022\/10\/Lr-Aloe-Vera-CBD-Shower-Gel-Oil.jpg","datePublished":"2022-10-10T15:07:40+00:00","dateModified":"2026-02-03T18:17:12+00:00","description":"Aloe Vera CBD Duschgel \u00d6l reinigt strapazierte Haut sanft, ohne sie auszutrocknen. Sie beruhigt und sch\u00fctzt Ihren K\u00f6rper und versorgt ihn mit Feuchtigkeit.","breadcrumb":{"@id":"https:\/\/www.lraloeverashop.eu\/de\/produkt\/aloe-vera-cbd-duschgel-ol\/#breadcrumb"},"inLanguage":"de","potentialAction":[{"@type":"ReadAction","target":["https:\/\/www.lraloeverashop.eu\/de\/produkt\/aloe-vera-cbd-duschgel-ol\/"]}]},{"@type":"ImageObject","inLanguage":"de","@id":"https:\/\/www.lraloeverashop.eu\/de\/produkt\/aloe-vera-cbd-duschgel-ol\/#primaryimage","url":"https:\/\/www.lraloeverashop.eu\/wp-content\/uploads\/2022\/10\/Lr-Aloe-Vera-CBD-Shower-Gel-Oil.jpg","contentUrl":"https:\/\/www.lraloeverashop.eu\/wp-content\/uploads\/2022\/10\/Lr-Aloe-Vera-CBD-Shower-Gel-Oil.jpg","width":1200,"height":1200,"caption":"Aloe Vera Duschgel mit CBD \u00d6l Beruhigt und sch\u00fctzt die K\u00f6rperhaut"},{"@type":"BreadcrumbList","@id":"https:\/\/www.lraloeverashop.eu\/de\/produkt\/aloe-vera-cbd-duschgel-ol\/#breadcrumb","itemListElement":[{"@type":"ListItem","position":1,"name":"Home","item":"https:\/\/www.lraloeverashop.eu\/de\/"},{"@type":"ListItem","position":2,"name":"Shop","item":"https:\/\/www.lraloeverashop.eu\/de\/shop-2\/"},{"@type":"ListItem","position":3,"name":"Aloe Vera CBD Duschgel \u00d6l"}]},{"@type":"WebSite","@id":"https:\/\/www.lraloeverashop.eu\/de\/#website","url":"https:\/\/www.lraloeverashop.eu\/de\/","name":"Lr Aloe Vera Shop","description":"High Quality Lr Aloe Vera Gel, Aloe Vera Cream and Shampoo","publisher":{"@id":"https:\/\/www.lraloeverashop.eu\/de\/#organization"},"alternateName":"LR","potentialAction":[{"@type":"SearchAction","target":{"@type":"EntryPoint","urlTemplate":"https:\/\/www.lraloeverashop.eu\/de\/?s={search_term_string}"},"query-input":{"@type":"PropertyValueSpecification","valueRequired":true,"valueName":"search_term_string"}}],"inLanguage":"de"},{"@type":"Organization","@id":"https:\/\/www.lraloeverashop.eu\/de\/#organization","name":"Lr Aloe Vera Shop","alternateName":"LR","url":"https:\/\/www.lraloeverashop.eu\/de\/","logo":{"@type":"ImageObject","inLanguage":"de","@id":"https:\/\/www.lraloeverashop.eu\/de\/#\/schema\/logo\/image\/","url":"https:\/\/www.lraloeverashop.eu\/wp-content\/uploads\/2022\/09\/cropped-Lr-Aloe-Vera-Shop.jpg","contentUrl":"https:\/\/www.lraloeverashop.eu\/wp-content\/uploads\/2022\/09\/cropped-Lr-Aloe-Vera-Shop.jpg","width":228,"height":76,"caption":"Lr Aloe Vera Shop"},"image":{"@id":"https:\/\/www.lraloeverashop.eu\/de\/#\/schema\/logo\/image\/"},"sameAs":["https:\/\/www.facebook.com\/lraloeverashop.eu","https:\/\/x.com\/natur__kosmetik","https:\/\/www.youtube.com\/channel\/UC5oN7BJ8nfYb8RpVtjwDEBA","https:\/\/www.instagram.com\/lrbeautyeu\/"],"description":"LR Aloe Vera Shop ist Ihre vertrauensw\u00fcrdige Adresse f\u00fcr hochwertige LR Health & Beauty Produkte aus Deutschland. Wir bieten Ihnen erstklassige Aloe Vera Hautpflege, N\u00e4hrstoffe und Anti-Aging-Produkte mit reinen Inhaltsstoffen, die auf wissenschaftlichen Erkenntnissen basieren. Entdecken Sie nat\u00fcrliche Pflege, die Ihre Haut regeneriert, sch\u00fctzt und revitalisiert \u2013 und profitieren Sie von exklusiven Monatsangeboten auf unsere Bestseller von LR Aloe Vera. Starten Sie noch heute Ihre Reise zu nat\u00fcrlicher Hautpflege und sp\u00fcren Sie den Unterschied.","email":"info@lraloeverashop.eu","telephone":"+49 17670609653","legalName":"Lr Aloe Vera Shop","foundingDate":"2018-04-21","numberOfEmployees":{"@type":"QuantitativeValue","minValue":"1","maxValue":"10"}}]},"product_price_amount":"11.69","product_price_currency":"EUR","og_availability":"instock","product_availability":"instock","product_retailer_item_id":"20824-1DE","product_condition":"new"},"taxonomy_info":{"product_cat":[{"value":213,"label":"Aloe Vera"},{"value":233,"label":"CBD"},{"value":228,"label":"K\u00f6rperpflege"}],"product_tag":[{"value":589,"label":"CBD-Produkte"}]},"featured_image_src_large":["https:\/\/www.lraloeverashop.eu\/wp-content\/uploads\/2022\/10\/Lr-Aloe-Vera-CBD-Shower-Gel-Oil-1024x1024.jpg",1024,1024,true],"author_info":[],"comment_info":0,"_links":{"self":[{"href":"https:\/\/www.lraloeverashop.eu\/de\/wp-json\/wp\/v2\/product\/10593","targetHints":{"allow":["GET"]}}],"collection":[{"href":"https:\/\/www.lraloeverashop.eu\/de\/wp-json\/wp\/v2\/product"}],"about":[{"href":"https:\/\/www.lraloeverashop.eu\/de\/wp-json\/wp\/v2\/types\/product"}],"replies":[{"embeddable":true,"href":"https:\/\/www.lraloeverashop.eu\/de\/wp-json\/wp\/v2\/comments?post=10593"}],"wp:featuredmedia":[{"embeddable":true,"href":"https:\/\/www.lraloeverashop.eu\/de\/wp-json\/wp\/v2\/media\/4933"}],"wp:attachment":[{"href":"https:\/\/www.lraloeverashop.eu\/de\/wp-json\/wp\/v2\/media?parent=10593"}],"wp:term":[{"taxonomy":"product_brand","embeddable":true,"href":"https:\/\/www.lraloeverashop.eu\/de\/wp-json\/wp\/v2\/product_brand?post=10593"},{"taxonomy":"product_cat","embeddable":true,"href":"https:\/\/www.lraloeverashop.eu\/de\/wp-json\/wp\/v2\/product_cat?post=10593"},{"taxonomy":"product_tag","embeddable":true,"href":"https:\/\/www.lraloeverashop.eu\/de\/wp-json\/wp\/v2\/product_tag?post=10593"}],"curies":[{"name":"wp","href":"https:\/\/api.w.org\/{rel}","templated":true}]}}