{"id":10580,"date":"2022-10-10T17:21:02","date_gmt":"2022-10-10T15:21:02","guid":{"rendered":"https:\/\/www.lraloeverashop.eu\/product\/aloe-vera-cbd-korperpeeling\/"},"modified":"2026-02-03T19:17:04","modified_gmt":"2026-02-03T18:17:04","slug":"aloe-vera-cbd-korperpeeling","status":"publish","type":"product","link":"https:\/\/www.lraloeverashop.eu\/de\/produkt\/aloe-vera-cbd-korperpeeling\/","title":{"rendered":"Aloe Vera CBD K\u00f6rperpeeling"},"content":{"rendered":"<h2><strong><span style=\"font-size: 16pt;\">Aloe Vera CBD K\u00f6rperpeeling<\/span><\/strong><\/h2>\n<p><strong><span style=\"font-size: 14pt;\">Aloe Vera CBD K\u00f6rperpeeling mit Meersalzkristallen!<\/span><\/strong><\/p>\n<p>Aloe Vera K\u00f6rperpeeling reinigt und pflegt strapazierte Haut sanft, ohne sie auszutrocknen. Sie beruhigt Ihre K\u00f6rperhaut und verfeinert das Hautbild auf nat\u00fcrliche Weise.<\/p>\n<p>G\u00f6nnen Sie Ihrer Haut wohltuende Pflege und Regeneration mit Aloe Vera, Bio-Cannabis-Sativa-Samen\u00f6l und CBD. Das Geheimnis der einzigartigen Wirkung der neuen <a href=\"https:\/\/www.lraloeverashop.eu\/de\/produkt\/aloe-vera-cbd-gesichtsserum\/\">Aloe Vera CBD<\/a> Premium Pflege ist die Kombination aus feuchtigkeitsspendender Aloe Vera, sch\u00fctzendem Bio-Cannabis-Sativa-Samen\u00f6l und CBD. F\u00fcr ein ausgeglichenes, hydratisiertes und entspanntes Hautgef\u00fchl!<\/p>\n<p>Meersalz ist eine nat\u00fcrliche Peeling-Komponente und hilft, <a href=\"https:\/\/www.lraloeverashop.eu\/de\/produkt\/aloe-vera-regulierende-dermaintense-creme\/\">Hautunreinheiten<\/a> zu bek\u00e4mpfen. Es peelt sanft, ohne die Haut zu reizen.<\/p>\n<p>&nbsp;<\/p>\n<h3><strong><span style=\"font-size: 16pt;\">Anwendung<\/span><\/strong><\/h3>\n<p>CBD K\u00f6rperpeeling mit kreisenden Bewegungen auf die feuchte Haut auftragen, mit lauwarmem Wasser absp\u00fclen.<\/p>\n<p>&nbsp;<\/p>\n<h4><strong><span style=\"font-size: 16pt;\">Wussten Sie schon?<\/span><\/strong><\/h4>\n<p><strong>Bio-Cannabis-Sativa-Samen\u00f6l<\/strong> ist daf\u00fcr bekannt, gereizte Haut zu beruhigen und Hautirritationen mit seinen sch\u00fctzenden Eigenschaften zu lindern. Weil das im Cannabis\u00f6l enthaltene <a href=\"https:\/\/www.lraloeverashop.eu\/de\/produkt\/aloe-vera-cbd-korper-set\/\">CBD<\/a> wirkt entspannend auf gestresste, zu R\u00f6tungen neigende Haut und sch\u00fctzt sie vor \u00e4u\u00dferen Umwelteinfl\u00fcssen.<\/p>\n<p><strong>Cannabidiol<\/strong> \u2013 kurz mit anderen worten CBD ist ein nat\u00fcrlicher Inhaltsstoff der Hanfpflanze und wird aus ihren Bl\u00e4ttern und Blattstielen gewonnen. Das mit CBD gemischte <a href=\"https:\/\/www.lraloeverashop.eu\/de\/produkt\/aloe-vera-cbd-duschgel-ol\/\">Bio-Cannabis-Sativa-Samen\u00f6l<\/a> kann mit seinen hautberuhigenden Eigenschaften gestresste Haut besonders gut pflegen.<\/p>\n<p><strong>Nachhaltige Verpackung:<\/strong> Im Vergleich zu herk\u00f6mmlichem PET ist rPET wesentlich nachhaltiger und ressourcenschonender in der Herstellung. Aufgrund des Recyclingprozesses k\u00f6nnen die Tiegel des Aloe Vera CBD K\u00f6rperpeeling leicht gr\u00e4ulich erscheinen.<\/p>\n","protected":false},"excerpt":{"rendered":"<ul>\n<li>Hautberuhigendes &amp; pflegendes K\u00f6rperpeeling<\/li>\n<li>Mit Meersalzkristallen<\/li>\n<li>Reinigt sanft, ohne die Haut auszutrocknen<\/li>\n<li>Verfeinert das Hautbild<\/li>\n<li>Mit Aloe Vera, Bio-Cannabis-Sativa-Samen\u00f6l, CBD und Meersalz<\/li>\n<li>Menge: 300 ml<\/li>\n<\/ul>\n<p><span style=\"color: #ff0000;\"><a style=\"color: #ff0000;\" href=\"https:\/\/shop.lrworld.com\/openpao?PHP=0vFlt7jT938BEnBI3a6e9w%3D%3D\"><span style=\"font-size: 14pt;\"><strong>Hier registrieren und dauerhaft 35\u202f% sparen<\/strong><\/span><\/a><\/span><\/p>\n","protected":false},"featured_media":4903,"comment_status":"open","ping_status":"closed","template":"","meta":{"_kad_blocks_custom_css":"","_kad_blocks_head_custom_js":"","_kad_blocks_body_custom_js":"","_kad_blocks_footer_custom_js":"","_kadence_starter_templates_imported_post":false,"_kad_post_transparent":"default","_kad_post_title":"","_kad_post_layout":"default","_kad_post_sidebar_id":"","_kad_post_content_style":"default","_kad_post_vertical_padding":"default","_kad_post_feature":"","_kad_post_feature_position":"","_kad_post_header":false,"_kad_post_footer":false,"_kad_post_classname":""},"product_brand":[],"product_cat":[213,233,228],"product_tag":[589],"class_list":{"0":"post-10580","1":"product","2":"type-product","3":"status-publish","4":"has-post-thumbnail","6":"product_cat-aloe-vera-de","7":"product_cat-cbd-de","8":"product_cat-korperpflege","9":"product_tag-cbd-produkte","11":"first","12":"outofstock","13":"taxable","14":"shipping-taxable","15":"purchasable","16":"product-type-simple","17":"entry","18":"content-bg","19":"loop-entry"},"yoast_head":"<!-- This site is optimized with the Yoast SEO Premium plugin v27.4 (Yoast SEO v27.4) - https:\/\/yoast.com\/product\/yoast-seo-premium-wordpress\/ -->\n<title>Aloe Vera CBD K\u00f6rperpeeling mit Meersalzkristallen<\/title>\n<meta name=\"description\" content=\"Aloe Vera CBD K\u00f6rperpeeling reinigt sanft und pflegt strapazierte Haut. Sie beruhigt Ihre K\u00f6rperhaut und verfeinert das Hautbild auf nat\u00fcrliche Weise.\" \/>\n<meta name=\"robots\" content=\"index, follow, max-snippet:-1, max-image-preview:large, max-video-preview:-1\" \/>\n<link rel=\"canonical\" href=\"https:\/\/www.lraloeverashop.eu\/de\/produkt\/aloe-vera-cbd-korperpeeling\/\" \/>\n<meta property=\"og:locale\" content=\"de_DE\" \/>\n<meta property=\"og:type\" content=\"article\" \/>\n<meta property=\"og:title\" content=\"Aloe Vera CBD K\u00f6rperpeeling\" \/>\n<meta property=\"og:description\" content=\"Aloe Vera CBD K\u00f6rperpeeling reinigt sanft und pflegt strapazierte Haut. Sie beruhigt Ihre K\u00f6rperhaut und verfeinert das Hautbild auf nat\u00fcrliche Weise.\" \/>\n<meta property=\"og:url\" content=\"https:\/\/www.lraloeverashop.eu\/de\/produkt\/aloe-vera-cbd-korperpeeling\/\" \/>\n<meta property=\"og:site_name\" content=\"Lr Aloe Vera Shop\" \/>\n<meta property=\"article:publisher\" content=\"https:\/\/www.facebook.com\/lraloeverashop.eu\" \/>\n<meta property=\"article:modified_time\" content=\"2026-02-03T18:17:04+00:00\" \/>\n<meta property=\"og:image\" content=\"https:\/\/www.lraloeverashop.eu\/wp-content\/uploads\/2022\/10\/Aloe-Vera-CBD-Salt-Body-Scrub.jpg\" \/>\n\t<meta property=\"og:image:width\" content=\"1200\" \/>\n\t<meta property=\"og:image:height\" content=\"1200\" \/>\n\t<meta property=\"og:image:type\" content=\"image\/jpeg\" \/>\n<meta name=\"twitter:card\" content=\"summary_large_image\" \/>\n<meta name=\"twitter:site\" content=\"@natur__kosmetik\" \/>\n<script type=\"application\/ld+json\" class=\"yoast-schema-graph\">{\"@context\":\"https:\\\/\\\/schema.org\",\"@graph\":[{\"@type\":[\"WebPage\",\"ItemPage\"],\"@id\":\"https:\\\/\\\/www.lraloeverashop.eu\\\/de\\\/produkt\\\/aloe-vera-cbd-korperpeeling\\\/\",\"url\":\"https:\\\/\\\/www.lraloeverashop.eu\\\/de\\\/produkt\\\/aloe-vera-cbd-korperpeeling\\\/\",\"name\":\"Aloe Vera CBD K\u00f6rperpeeling mit Meersalzkristallen\",\"isPartOf\":{\"@id\":\"https:\\\/\\\/www.lraloeverashop.eu\\\/de\\\/#website\"},\"primaryImageOfPage\":{\"@id\":\"https:\\\/\\\/www.lraloeverashop.eu\\\/de\\\/produkt\\\/aloe-vera-cbd-korperpeeling\\\/#primaryimage\"},\"image\":{\"@id\":\"https:\\\/\\\/www.lraloeverashop.eu\\\/de\\\/produkt\\\/aloe-vera-cbd-korperpeeling\\\/#primaryimage\"},\"thumbnailUrl\":\"https:\\\/\\\/www.lraloeverashop.eu\\\/wp-content\\\/uploads\\\/2022\\\/10\\\/Aloe-Vera-CBD-Salt-Body-Scrub.jpg\",\"datePublished\":\"2022-10-10T15:21:02+00:00\",\"dateModified\":\"2026-02-03T18:17:04+00:00\",\"description\":\"Aloe Vera CBD K\u00f6rperpeeling reinigt sanft und pflegt strapazierte Haut. Sie beruhigt Ihre K\u00f6rperhaut und verfeinert das Hautbild auf nat\u00fcrliche Weise.\",\"breadcrumb\":{\"@id\":\"https:\\\/\\\/www.lraloeverashop.eu\\\/de\\\/produkt\\\/aloe-vera-cbd-korperpeeling\\\/#breadcrumb\"},\"inLanguage\":\"de\",\"potentialAction\":[{\"@type\":\"ReadAction\",\"target\":[\"https:\\\/\\\/www.lraloeverashop.eu\\\/de\\\/produkt\\\/aloe-vera-cbd-korperpeeling\\\/\"]}]},{\"@type\":\"ImageObject\",\"inLanguage\":\"de\",\"@id\":\"https:\\\/\\\/www.lraloeverashop.eu\\\/de\\\/produkt\\\/aloe-vera-cbd-korperpeeling\\\/#primaryimage\",\"url\":\"https:\\\/\\\/www.lraloeverashop.eu\\\/wp-content\\\/uploads\\\/2022\\\/10\\\/Aloe-Vera-CBD-Salt-Body-Scrub.jpg\",\"contentUrl\":\"https:\\\/\\\/www.lraloeverashop.eu\\\/wp-content\\\/uploads\\\/2022\\\/10\\\/Aloe-Vera-CBD-Salt-Body-Scrub.jpg\",\"width\":1200,\"height\":1200,\"caption\":\"Aloe Vera CBD K\u00f6rperpeeling mit Salz\"},{\"@type\":\"BreadcrumbList\",\"@id\":\"https:\\\/\\\/www.lraloeverashop.eu\\\/de\\\/produkt\\\/aloe-vera-cbd-korperpeeling\\\/#breadcrumb\",\"itemListElement\":[{\"@type\":\"ListItem\",\"position\":1,\"name\":\"Home\",\"item\":\"https:\\\/\\\/www.lraloeverashop.eu\\\/de\\\/\"},{\"@type\":\"ListItem\",\"position\":2,\"name\":\"Shop\",\"item\":\"https:\\\/\\\/www.lraloeverashop.eu\\\/de\\\/shop-2\\\/\"},{\"@type\":\"ListItem\",\"position\":3,\"name\":\"Aloe Vera CBD K\u00f6rperpeeling\"}]},{\"@type\":\"WebSite\",\"@id\":\"https:\\\/\\\/www.lraloeverashop.eu\\\/de\\\/#website\",\"url\":\"https:\\\/\\\/www.lraloeverashop.eu\\\/de\\\/\",\"name\":\"Lr Aloe Vera Shop\",\"description\":\"High Quality Lr Aloe Vera Gel, Aloe Vera Cream and Shampoo\",\"publisher\":{\"@id\":\"https:\\\/\\\/www.lraloeverashop.eu\\\/de\\\/#organization\"},\"potentialAction\":[{\"@type\":\"SearchAction\",\"target\":{\"@type\":\"EntryPoint\",\"urlTemplate\":\"https:\\\/\\\/www.lraloeverashop.eu\\\/de\\\/?s={search_term_string}\"},\"query-input\":{\"@type\":\"PropertyValueSpecification\",\"valueRequired\":true,\"valueName\":\"search_term_string\"}}],\"inLanguage\":\"de\"},{\"@type\":\"Organization\",\"@id\":\"https:\\\/\\\/www.lraloeverashop.eu\\\/de\\\/#organization\",\"name\":\"Lr Aloe Vera Shop\",\"alternateName\":\"LR\",\"url\":\"https:\\\/\\\/www.lraloeverashop.eu\\\/de\\\/\",\"logo\":{\"@type\":\"ImageObject\",\"inLanguage\":\"de\",\"@id\":\"https:\\\/\\\/www.lraloeverashop.eu\\\/de\\\/#\\\/schema\\\/logo\\\/image\\\/\",\"url\":\"https:\\\/\\\/www.lraloeverashop.eu\\\/wp-content\\\/uploads\\\/2022\\\/09\\\/cropped-Lr-Aloe-Vera-Shop.jpg\",\"contentUrl\":\"https:\\\/\\\/www.lraloeverashop.eu\\\/wp-content\\\/uploads\\\/2022\\\/09\\\/cropped-Lr-Aloe-Vera-Shop.jpg\",\"width\":228,\"height\":76,\"caption\":\"Lr Aloe Vera Shop\"},\"image\":{\"@id\":\"https:\\\/\\\/www.lraloeverashop.eu\\\/de\\\/#\\\/schema\\\/logo\\\/image\\\/\"},\"sameAs\":[\"https:\\\/\\\/www.facebook.com\\\/lraloeverashop.eu\",\"https:\\\/\\\/x.com\\\/natur__kosmetik\",\"https:\\\/\\\/www.youtube.com\\\/channel\\\/UC5oN7BJ8nfYb8RpVtjwDEBA\",\"https:\\\/\\\/www.instagram.com\\\/lrbeautyeu\\\/\"],\"description\":\"LR Aloe Vera Shop ist Ihre vertrauensw\u00fcrdige Adresse f\u00fcr hochwertige LR Health & Beauty Produkte aus Deutschland. Wir bieten Ihnen erstklassige Aloe Vera Hautpflege, N\u00e4hrstoffe und Anti-Aging-Produkte mit reinen Inhaltsstoffen, die auf wissenschaftlichen Erkenntnissen basieren. Entdecken Sie nat\u00fcrliche Pflege, die Ihre Haut regeneriert, sch\u00fctzt und revitalisiert \u2013 und profitieren Sie von exklusiven Monatsangeboten auf unsere Bestseller von LR Aloe Vera. Starten Sie noch heute Ihre Reise zu nat\u00fcrlicher Hautpflege und sp\u00fcren Sie den Unterschied.\",\"email\":\"info@lraloeverashop.eu\",\"telephone\":\"+49 17670609653\",\"legalName\":\"Lr Aloe Vera Shop\",\"foundingDate\":\"2018-04-21\",\"numberOfEmployees\":{\"@type\":\"QuantitativeValue\",\"minValue\":\"1\",\"maxValue\":\"10\"}}]}<\/script>\n<meta property=\"product:price:amount\" content=\"16.39\" \/>\n<meta property=\"product:price:currency\" content=\"EUR\" \/>\n<meta property=\"og:availability\" content=\"out of stock\" \/>\n<meta property=\"product:availability\" content=\"out of stock\" \/>\n<meta property=\"product:retailer_item_id\" content=\"20823-1DE\" \/>\n<meta property=\"product:condition\" content=\"new\" \/>\n<!-- \/ Yoast SEO Premium plugin. -->","yoast_head_json":{"title":"Aloe Vera CBD K\u00f6rperpeeling mit Meersalzkristallen","description":"Aloe Vera CBD K\u00f6rperpeeling reinigt sanft und pflegt strapazierte Haut. Sie beruhigt Ihre K\u00f6rperhaut und verfeinert das Hautbild auf nat\u00fcrliche Weise.","robots":{"index":"index","follow":"follow","max-snippet":"max-snippet:-1","max-image-preview":"max-image-preview:large","max-video-preview":"max-video-preview:-1"},"canonical":"https:\/\/www.lraloeverashop.eu\/de\/produkt\/aloe-vera-cbd-korperpeeling\/","og_locale":"de_DE","og_type":"article","og_title":"Aloe Vera CBD K\u00f6rperpeeling","og_description":"Aloe Vera CBD K\u00f6rperpeeling reinigt sanft und pflegt strapazierte Haut. Sie beruhigt Ihre K\u00f6rperhaut und verfeinert das Hautbild auf nat\u00fcrliche Weise.","og_url":"https:\/\/www.lraloeverashop.eu\/de\/produkt\/aloe-vera-cbd-korperpeeling\/","og_site_name":"Lr Aloe Vera Shop","article_publisher":"https:\/\/www.facebook.com\/lraloeverashop.eu","article_modified_time":"2026-02-03T18:17:04+00:00","og_image":[{"width":1200,"height":1200,"url":"https:\/\/www.lraloeverashop.eu\/wp-content\/uploads\/2022\/10\/Aloe-Vera-CBD-Salt-Body-Scrub.jpg","type":"image\/jpeg"}],"twitter_card":"summary_large_image","twitter_site":"@natur__kosmetik","schema":{"@context":"https:\/\/schema.org","@graph":[{"@type":["WebPage","ItemPage"],"@id":"https:\/\/www.lraloeverashop.eu\/de\/produkt\/aloe-vera-cbd-korperpeeling\/","url":"https:\/\/www.lraloeverashop.eu\/de\/produkt\/aloe-vera-cbd-korperpeeling\/","name":"Aloe Vera CBD K\u00f6rperpeeling mit Meersalzkristallen","isPartOf":{"@id":"https:\/\/www.lraloeverashop.eu\/de\/#website"},"primaryImageOfPage":{"@id":"https:\/\/www.lraloeverashop.eu\/de\/produkt\/aloe-vera-cbd-korperpeeling\/#primaryimage"},"image":{"@id":"https:\/\/www.lraloeverashop.eu\/de\/produkt\/aloe-vera-cbd-korperpeeling\/#primaryimage"},"thumbnailUrl":"https:\/\/www.lraloeverashop.eu\/wp-content\/uploads\/2022\/10\/Aloe-Vera-CBD-Salt-Body-Scrub.jpg","datePublished":"2022-10-10T15:21:02+00:00","dateModified":"2026-02-03T18:17:04+00:00","description":"Aloe Vera CBD K\u00f6rperpeeling reinigt sanft und pflegt strapazierte Haut. Sie beruhigt Ihre K\u00f6rperhaut und verfeinert das Hautbild auf nat\u00fcrliche Weise.","breadcrumb":{"@id":"https:\/\/www.lraloeverashop.eu\/de\/produkt\/aloe-vera-cbd-korperpeeling\/#breadcrumb"},"inLanguage":"de","potentialAction":[{"@type":"ReadAction","target":["https:\/\/www.lraloeverashop.eu\/de\/produkt\/aloe-vera-cbd-korperpeeling\/"]}]},{"@type":"ImageObject","inLanguage":"de","@id":"https:\/\/www.lraloeverashop.eu\/de\/produkt\/aloe-vera-cbd-korperpeeling\/#primaryimage","url":"https:\/\/www.lraloeverashop.eu\/wp-content\/uploads\/2022\/10\/Aloe-Vera-CBD-Salt-Body-Scrub.jpg","contentUrl":"https:\/\/www.lraloeverashop.eu\/wp-content\/uploads\/2022\/10\/Aloe-Vera-CBD-Salt-Body-Scrub.jpg","width":1200,"height":1200,"caption":"Aloe Vera CBD K\u00f6rperpeeling mit Salz"},{"@type":"BreadcrumbList","@id":"https:\/\/www.lraloeverashop.eu\/de\/produkt\/aloe-vera-cbd-korperpeeling\/#breadcrumb","itemListElement":[{"@type":"ListItem","position":1,"name":"Home","item":"https:\/\/www.lraloeverashop.eu\/de\/"},{"@type":"ListItem","position":2,"name":"Shop","item":"https:\/\/www.lraloeverashop.eu\/de\/shop-2\/"},{"@type":"ListItem","position":3,"name":"Aloe Vera CBD K\u00f6rperpeeling"}]},{"@type":"WebSite","@id":"https:\/\/www.lraloeverashop.eu\/de\/#website","url":"https:\/\/www.lraloeverashop.eu\/de\/","name":"Lr Aloe Vera Shop","description":"High Quality Lr Aloe Vera Gel, Aloe Vera Cream and Shampoo","publisher":{"@id":"https:\/\/www.lraloeverashop.eu\/de\/#organization"},"potentialAction":[{"@type":"SearchAction","target":{"@type":"EntryPoint","urlTemplate":"https:\/\/www.lraloeverashop.eu\/de\/?s={search_term_string}"},"query-input":{"@type":"PropertyValueSpecification","valueRequired":true,"valueName":"search_term_string"}}],"inLanguage":"de"},{"@type":"Organization","@id":"https:\/\/www.lraloeverashop.eu\/de\/#organization","name":"Lr Aloe Vera Shop","alternateName":"LR","url":"https:\/\/www.lraloeverashop.eu\/de\/","logo":{"@type":"ImageObject","inLanguage":"de","@id":"https:\/\/www.lraloeverashop.eu\/de\/#\/schema\/logo\/image\/","url":"https:\/\/www.lraloeverashop.eu\/wp-content\/uploads\/2022\/09\/cropped-Lr-Aloe-Vera-Shop.jpg","contentUrl":"https:\/\/www.lraloeverashop.eu\/wp-content\/uploads\/2022\/09\/cropped-Lr-Aloe-Vera-Shop.jpg","width":228,"height":76,"caption":"Lr Aloe Vera Shop"},"image":{"@id":"https:\/\/www.lraloeverashop.eu\/de\/#\/schema\/logo\/image\/"},"sameAs":["https:\/\/www.facebook.com\/lraloeverashop.eu","https:\/\/x.com\/natur__kosmetik","https:\/\/www.youtube.com\/channel\/UC5oN7BJ8nfYb8RpVtjwDEBA","https:\/\/www.instagram.com\/lrbeautyeu\/"],"description":"LR Aloe Vera Shop ist Ihre vertrauensw\u00fcrdige Adresse f\u00fcr hochwertige LR Health & Beauty Produkte aus Deutschland. Wir bieten Ihnen erstklassige Aloe Vera Hautpflege, N\u00e4hrstoffe und Anti-Aging-Produkte mit reinen Inhaltsstoffen, die auf wissenschaftlichen Erkenntnissen basieren. Entdecken Sie nat\u00fcrliche Pflege, die Ihre Haut regeneriert, sch\u00fctzt und revitalisiert \u2013 und profitieren Sie von exklusiven Monatsangeboten auf unsere Bestseller von LR Aloe Vera. Starten Sie noch heute Ihre Reise zu nat\u00fcrlicher Hautpflege und sp\u00fcren Sie den Unterschied.","email":"info@lraloeverashop.eu","telephone":"+49 17670609653","legalName":"Lr Aloe Vera Shop","foundingDate":"2018-04-21","numberOfEmployees":{"@type":"QuantitativeValue","minValue":"1","maxValue":"10"}}]},"product_price_amount":"16.39","product_price_currency":"EUR","og_availability":"out of stock","product_availability":"out of stock","product_retailer_item_id":"20823-1DE","product_condition":"new"},"taxonomy_info":{"product_cat":[{"value":213,"label":"Aloe Vera"},{"value":233,"label":"CBD"},{"value":228,"label":"K\u00f6rperpflege"}],"product_tag":[{"value":589,"label":"CBD-Produkte"}]},"featured_image_src_large":["https:\/\/www.lraloeverashop.eu\/wp-content\/uploads\/2022\/10\/Aloe-Vera-CBD-Salt-Body-Scrub-1024x1024.jpg",1024,1024,true],"author_info":[],"comment_info":0,"_links":{"self":[{"href":"https:\/\/www.lraloeverashop.eu\/de\/wp-json\/wp\/v2\/product\/10580","targetHints":{"allow":["GET"]}}],"collection":[{"href":"https:\/\/www.lraloeverashop.eu\/de\/wp-json\/wp\/v2\/product"}],"about":[{"href":"https:\/\/www.lraloeverashop.eu\/de\/wp-json\/wp\/v2\/types\/product"}],"replies":[{"embeddable":true,"href":"https:\/\/www.lraloeverashop.eu\/de\/wp-json\/wp\/v2\/comments?post=10580"}],"wp:featuredmedia":[{"embeddable":true,"href":"https:\/\/www.lraloeverashop.eu\/de\/wp-json\/wp\/v2\/media\/4903"}],"wp:attachment":[{"href":"https:\/\/www.lraloeverashop.eu\/de\/wp-json\/wp\/v2\/media?parent=10580"}],"wp:term":[{"taxonomy":"product_brand","embeddable":true,"href":"https:\/\/www.lraloeverashop.eu\/de\/wp-json\/wp\/v2\/product_brand?post=10580"},{"taxonomy":"product_cat","embeddable":true,"href":"https:\/\/www.lraloeverashop.eu\/de\/wp-json\/wp\/v2\/product_cat?post=10580"},{"taxonomy":"product_tag","embeddable":true,"href":"https:\/\/www.lraloeverashop.eu\/de\/wp-json\/wp\/v2\/product_tag?post=10580"}],"curies":[{"name":"wp","href":"https:\/\/api.w.org\/{rel}","templated":true}]}}