{"id":10549,"date":"2022-10-10T18:31:01","date_gmt":"2022-10-10T16:31:01","guid":{"rendered":"https:\/\/www.lraloeverashop.eu\/product\/aloe-vera-korrigierende-koerpercreme\/"},"modified":"2026-02-03T19:16:35","modified_gmt":"2026-02-03T18:16:35","slug":"aloe-vera-korrigierende-koerpercreme","status":"publish","type":"product","link":"https:\/\/www.lraloeverashop.eu\/de\/produkt\/aloe-vera-korrigierende-koerpercreme\/","title":{"rendered":"Aloe Vera Korrigierende K\u00f6rpercreme"},"content":{"rendered":"<h2><span style=\"font-size: 16pt;\"><strong>Aloe Vera Korrigierende K\u00f6rpercreme<\/strong><\/span><\/h2>\n<p><span style=\"font-size: 14pt;\"><strong>Aloe Vera Korrigierende K\u00f6rpercreme &#8211; Reichhaltige Creme f\u00fcr Oberschenkel und Po<\/strong><\/span><\/p>\n<p>Die Lr Aloe Vera Korrigierende K\u00f6rpercreme f\u00fcr die Oberschenkel und das Ges\u00e4\u00df machen die Haut geschmeidiger. Die kraftvolle Kombination aus 30% Aloe Vera Gel, Bio-Gr\u00fcntee-Extrakt und dem Wirkstoffkomplex Legance (R) verbessert die Elastizit\u00e4t und Geschmeidigkeit der Haut und reduziert die <a href=\"https:\/\/www.lraloeverashop.eu\/de\/produkt\/zeitgard-pro-straffende-korpercreme\/\">Einlagerung von Fetten<\/a>.<\/p>\n<p>&nbsp;<\/p>\n<h3><strong><span style=\"font-size: 16pt;\">Anwendung<\/span><\/strong><\/h3>\n<p>Wende die Aloe Vera anti cellulite K\u00f6rpercreme ruhig zwei Mal t\u00e4glich an. Massiere das K\u00f6rpergel in kreisenden Bewegungen in die Haut am ganzen K\u00f6rper ein.<\/p>\n<p>\u2022 F\u00fcr einen straffen Po und <a href=\"https:\/\/www.lraloeverashop.eu\/de\/produkt\/aloe-vera-formendes-koerpergel\/\">straffere Oberschenkel<\/a><br \/>\n\u2022 Verbessert die Elastizit\u00e4t und Geschmeidigkeit der Haut<br \/>\n\u2022 Sorgt f\u00fcr eine h\u00f6here Dichte der Haut und l\u00e4sst sie glatter erscheinen<\/p>\n<p>&nbsp;<\/p>\n<h4><strong><span style=\"font-size: 16pt;\">Wussten Sie?<\/span><\/strong><\/h4>\n<p><strong>Wissenschaftliche Studie best\u00e4tigt das Wirkung der Aloe Vera K\u00f6rpercreme:<\/strong><\/p>\n<ul>\n<li>95 % der Testpersonen best\u00e4tigen ein besseres Hautgef\u00fchl<\/li>\n<li>Bei 85 % aller Testpersonen konnte mittels objektiver Hautultraschallmessung eine <a href=\"https:\/\/www.lraloeverashop.eu\/de\/produkt\/zeitgard-pro-korpermassageaufsatz\/\">verbesserte Hautdichte<\/a> nachgewiesen werden, was ein wichtiges Kriterium f\u00fcr straffere, geschmeidigere und elastischere Haut ist<\/li>\n<li>Verbesserung der Hautdichte um bis zu 70 %<\/li>\n<\/ul>\n<p>Wissenschaftliche Studie durchgef\u00fchrt vom Institut Dermatest im M\u00e4rz 2017 an 20 Probanden bei t\u00e4glicher Anwendung an den Oberschenkeln inkl. objektiver Messung des Tiefengewebes mittels <a href=\"https:\/\/www.lraloeverashop.eu\/de\/produkt\/zeitgard-pro-korpermassage\/\">Ultraschall<\/a> (Sonographie).<\/p>\n","protected":false},"excerpt":{"rendered":"<ul>\n<li>Reichhaltige Creme f\u00fcr Oberschenkel und Po<\/li>\n<li>30% Gel-Aloe Vera, Bio-Gr\u00fcntee-Extrakt und Legance\u00ae Wirkstoffkomplex<\/li>\n<li>Verbessert die Elastizit\u00e4t und Geschmeidigkeit der Haut<\/li>\n<li>Die \u00e4u\u00dfere Erscheinung der Haut ist gleichm\u00e4\u00dfig und glatter<\/li>\n<li>Menge: 200 ml<\/li>\n<\/ul>\n<p><span style=\"color: #ff0000;\"><a style=\"color: #ff0000;\" href=\"https:\/\/shop.lrworld.com\/openpao?PHP=0vFlt7jT938BEnBI3a6e9w%3D%3D\"><span style=\"font-size: 14pt;\"><strong>Hier registrieren und dauerhaft 35\u202f% sparen<\/strong><\/span><\/a><\/span><\/p>\n","protected":false},"featured_media":5059,"comment_status":"open","ping_status":"closed","template":"","meta":{"_kad_blocks_custom_css":"","_kad_blocks_head_custom_js":"","_kad_blocks_body_custom_js":"","_kad_blocks_footer_custom_js":"","_kadence_starter_templates_imported_post":false,"_kad_post_transparent":"default","_kad_post_title":"","_kad_post_layout":"default","_kad_post_sidebar_id":"","_kad_post_content_style":"default","_kad_post_vertical_padding":"default","_kad_post_feature":"","_kad_post_feature_position":"","_kad_post_header":false,"_kad_post_footer":false,"_kad_post_classname":""},"product_brand":[],"product_cat":[213,228],"product_tag":[590],"class_list":{"0":"post-10549","1":"product","2":"type-product","3":"status-publish","4":"has-post-thumbnail","6":"product_cat-aloe-vera-de","7":"product_cat-korperpflege","8":"product_tag-zellulitis","10":"first","11":"instock","12":"taxable","13":"shipping-taxable","14":"purchasable","15":"product-type-simple","16":"entry","17":"content-bg","18":"loop-entry"},"yoast_head":"<!-- This site is optimized with the Yoast SEO Premium plugin v27.5 (Yoast SEO v27.5) - https:\/\/yoast.com\/product\/yoast-seo-premium-wordpress\/ -->\n<title>Aloe Vera Korrigierende K\u00f6rpercreme f\u00fcr Oberschenkel und Po<\/title>\n<meta name=\"description\" content=\"Aloe Vera Korrigierende K\u00f6rpercreme mit 30% Gel-Aloe Vera, Bio-Gr\u00fcntee-Extrakt und Legance\u00ae Wirkstoffkomplex Verbessert die Elastizit\u00e4t der Haut\" \/>\n<meta name=\"robots\" content=\"index, follow, max-snippet:-1, max-image-preview:large, max-video-preview:-1\" \/>\n<link rel=\"canonical\" href=\"https:\/\/www.lraloeverashop.eu\/de\/produkt\/aloe-vera-korrigierende-koerpercreme\/\" \/>\n<meta property=\"og:locale\" content=\"de_DE\" \/>\n<meta property=\"og:type\" content=\"article\" \/>\n<meta property=\"og:title\" content=\"Aloe Vera Korrigierende K\u00f6rpercreme\" \/>\n<meta property=\"og:description\" content=\"Aloe Vera Korrigierende K\u00f6rpercreme mit 30% Gel-Aloe Vera, Bio-Gr\u00fcntee-Extrakt und Legance\u00ae Wirkstoffkomplex Verbessert die Elastizit\u00e4t der Haut\" \/>\n<meta property=\"og:url\" content=\"https:\/\/www.lraloeverashop.eu\/de\/produkt\/aloe-vera-korrigierende-koerpercreme\/\" \/>\n<meta property=\"og:site_name\" content=\"Lr Aloe Vera Shop\" \/>\n<meta property=\"article:publisher\" content=\"https:\/\/www.facebook.com\/lraloeverashop.eu\" \/>\n<meta property=\"article:modified_time\" content=\"2026-02-03T18:16:35+00:00\" \/>\n<meta property=\"og:image\" content=\"https:\/\/www.lraloeverashop.eu\/wp-content\/uploads\/2022\/10\/Aloe-Vera-Corrective-body-cream.jpg\" \/>\n\t<meta property=\"og:image:width\" content=\"1200\" \/>\n\t<meta property=\"og:image:height\" content=\"1200\" \/>\n\t<meta property=\"og:image:type\" content=\"image\/jpeg\" \/>\n<meta name=\"twitter:card\" content=\"summary_large_image\" \/>\n<meta name=\"twitter:site\" content=\"@natur__kosmetik\" \/>\n<script type=\"application\/ld+json\" class=\"yoast-schema-graph\">{\"@context\":\"https:\\\/\\\/schema.org\",\"@graph\":[{\"@type\":[\"WebPage\",\"ItemPage\"],\"@id\":\"https:\\\/\\\/www.lraloeverashop.eu\\\/de\\\/produkt\\\/aloe-vera-korrigierende-koerpercreme\\\/\",\"url\":\"https:\\\/\\\/www.lraloeverashop.eu\\\/de\\\/produkt\\\/aloe-vera-korrigierende-koerpercreme\\\/\",\"name\":\"Aloe Vera Korrigierende K\u00f6rpercreme f\u00fcr Oberschenkel und Po\",\"isPartOf\":{\"@id\":\"https:\\\/\\\/www.lraloeverashop.eu\\\/de\\\/#website\"},\"primaryImageOfPage\":{\"@id\":\"https:\\\/\\\/www.lraloeverashop.eu\\\/de\\\/produkt\\\/aloe-vera-korrigierende-koerpercreme\\\/#primaryimage\"},\"image\":{\"@id\":\"https:\\\/\\\/www.lraloeverashop.eu\\\/de\\\/produkt\\\/aloe-vera-korrigierende-koerpercreme\\\/#primaryimage\"},\"thumbnailUrl\":\"https:\\\/\\\/www.lraloeverashop.eu\\\/wp-content\\\/uploads\\\/2022\\\/10\\\/Aloe-Vera-Corrective-body-cream.jpg\",\"datePublished\":\"2022-10-10T16:31:01+00:00\",\"dateModified\":\"2026-02-03T18:16:35+00:00\",\"description\":\"Aloe Vera Korrigierende K\u00f6rpercreme mit 30% Gel-Aloe Vera, Bio-Gr\u00fcntee-Extrakt und Legance\u00ae Wirkstoffkomplex Verbessert die Elastizit\u00e4t der Haut\",\"breadcrumb\":{\"@id\":\"https:\\\/\\\/www.lraloeverashop.eu\\\/de\\\/produkt\\\/aloe-vera-korrigierende-koerpercreme\\\/#breadcrumb\"},\"inLanguage\":\"de\",\"potentialAction\":[{\"@type\":\"ReadAction\",\"target\":[\"https:\\\/\\\/www.lraloeverashop.eu\\\/de\\\/produkt\\\/aloe-vera-korrigierende-koerpercreme\\\/\"]}]},{\"@type\":\"ImageObject\",\"inLanguage\":\"de\",\"@id\":\"https:\\\/\\\/www.lraloeverashop.eu\\\/de\\\/produkt\\\/aloe-vera-korrigierende-koerpercreme\\\/#primaryimage\",\"url\":\"https:\\\/\\\/www.lraloeverashop.eu\\\/wp-content\\\/uploads\\\/2022\\\/10\\\/Aloe-Vera-Corrective-body-cream.jpg\",\"contentUrl\":\"https:\\\/\\\/www.lraloeverashop.eu\\\/wp-content\\\/uploads\\\/2022\\\/10\\\/Aloe-Vera-Corrective-body-cream.jpg\",\"width\":1200,\"height\":1200,\"caption\":\"Aloe Vera Korrigierende K\u00f6rpercreme f\u00fcr Oberschenkel und Po\"},{\"@type\":\"BreadcrumbList\",\"@id\":\"https:\\\/\\\/www.lraloeverashop.eu\\\/de\\\/produkt\\\/aloe-vera-korrigierende-koerpercreme\\\/#breadcrumb\",\"itemListElement\":[{\"@type\":\"ListItem\",\"position\":1,\"name\":\"Home\",\"item\":\"https:\\\/\\\/www.lraloeverashop.eu\\\/de\\\/\"},{\"@type\":\"ListItem\",\"position\":2,\"name\":\"Shop\",\"item\":\"https:\\\/\\\/www.lraloeverashop.eu\\\/de\\\/shop-2\\\/\"},{\"@type\":\"ListItem\",\"position\":3,\"name\":\"Aloe Vera Korrigierende K\u00f6rpercreme\"}]},{\"@type\":\"WebSite\",\"@id\":\"https:\\\/\\\/www.lraloeverashop.eu\\\/de\\\/#website\",\"url\":\"https:\\\/\\\/www.lraloeverashop.eu\\\/de\\\/\",\"name\":\"Lr Aloe Vera Shop\",\"description\":\"High Quality Lr Aloe Vera Gel, Aloe Vera Cream and Shampoo\",\"publisher\":{\"@id\":\"https:\\\/\\\/www.lraloeverashop.eu\\\/de\\\/#organization\"},\"alternateName\":\"LR\",\"potentialAction\":[{\"@type\":\"SearchAction\",\"target\":{\"@type\":\"EntryPoint\",\"urlTemplate\":\"https:\\\/\\\/www.lraloeverashop.eu\\\/de\\\/?s={search_term_string}\"},\"query-input\":{\"@type\":\"PropertyValueSpecification\",\"valueRequired\":true,\"valueName\":\"search_term_string\"}}],\"inLanguage\":\"de\"},{\"@type\":\"Organization\",\"@id\":\"https:\\\/\\\/www.lraloeverashop.eu\\\/de\\\/#organization\",\"name\":\"Lr Aloe Vera Shop\",\"alternateName\":\"LR\",\"url\":\"https:\\\/\\\/www.lraloeverashop.eu\\\/de\\\/\",\"logo\":{\"@type\":\"ImageObject\",\"inLanguage\":\"de\",\"@id\":\"https:\\\/\\\/www.lraloeverashop.eu\\\/de\\\/#\\\/schema\\\/logo\\\/image\\\/\",\"url\":\"https:\\\/\\\/www.lraloeverashop.eu\\\/wp-content\\\/uploads\\\/2022\\\/09\\\/cropped-Lr-Aloe-Vera-Shop.jpg\",\"contentUrl\":\"https:\\\/\\\/www.lraloeverashop.eu\\\/wp-content\\\/uploads\\\/2022\\\/09\\\/cropped-Lr-Aloe-Vera-Shop.jpg\",\"width\":228,\"height\":76,\"caption\":\"Lr Aloe Vera Shop\"},\"image\":{\"@id\":\"https:\\\/\\\/www.lraloeverashop.eu\\\/de\\\/#\\\/schema\\\/logo\\\/image\\\/\"},\"sameAs\":[\"https:\\\/\\\/www.facebook.com\\\/lraloeverashop.eu\",\"https:\\\/\\\/x.com\\\/natur__kosmetik\",\"https:\\\/\\\/www.youtube.com\\\/channel\\\/UC5oN7BJ8nfYb8RpVtjwDEBA\",\"https:\\\/\\\/www.instagram.com\\\/lrbeautyeu\\\/\"],\"description\":\"LR Aloe Vera Shop ist Ihre vertrauensw\u00fcrdige Adresse f\u00fcr hochwertige LR Health & Beauty Produkte aus Deutschland. Wir bieten Ihnen erstklassige Aloe Vera Hautpflege, N\u00e4hrstoffe und Anti-Aging-Produkte mit reinen Inhaltsstoffen, die auf wissenschaftlichen Erkenntnissen basieren. Entdecken Sie nat\u00fcrliche Pflege, die Ihre Haut regeneriert, sch\u00fctzt und revitalisiert \u2013 und profitieren Sie von exklusiven Monatsangeboten auf unsere Bestseller von LR Aloe Vera. Starten Sie noch heute Ihre Reise zu nat\u00fcrlicher Hautpflege und sp\u00fcren Sie den Unterschied.\",\"email\":\"info@lraloeverashop.eu\",\"telephone\":\"+49 17670609653\",\"legalName\":\"Lr Aloe Vera Shop\",\"foundingDate\":\"2018-04-21\",\"numberOfEmployees\":{\"@type\":\"QuantitativeValue\",\"minValue\":\"1\",\"maxValue\":\"10\"}}]}<\/script>\n<meta property=\"product:price:amount\" content=\"23.69\" \/>\n<meta property=\"product:price:currency\" content=\"EUR\" \/>\n<meta property=\"og:availability\" content=\"instock\" \/>\n<meta property=\"product:availability\" content=\"instock\" \/>\n<meta property=\"product:retailer_item_id\" content=\"27535-1DE\" \/>\n<meta property=\"product:condition\" content=\"new\" \/>\n<!-- \/ Yoast SEO Premium plugin. -->","yoast_head_json":{"title":"Aloe Vera Korrigierende K\u00f6rpercreme f\u00fcr Oberschenkel und Po","description":"Aloe Vera Korrigierende K\u00f6rpercreme mit 30% Gel-Aloe Vera, Bio-Gr\u00fcntee-Extrakt und Legance\u00ae Wirkstoffkomplex Verbessert die Elastizit\u00e4t der Haut","robots":{"index":"index","follow":"follow","max-snippet":"max-snippet:-1","max-image-preview":"max-image-preview:large","max-video-preview":"max-video-preview:-1"},"canonical":"https:\/\/www.lraloeverashop.eu\/de\/produkt\/aloe-vera-korrigierende-koerpercreme\/","og_locale":"de_DE","og_type":"article","og_title":"Aloe Vera Korrigierende K\u00f6rpercreme","og_description":"Aloe Vera Korrigierende K\u00f6rpercreme mit 30% Gel-Aloe Vera, Bio-Gr\u00fcntee-Extrakt und Legance\u00ae Wirkstoffkomplex Verbessert die Elastizit\u00e4t der Haut","og_url":"https:\/\/www.lraloeverashop.eu\/de\/produkt\/aloe-vera-korrigierende-koerpercreme\/","og_site_name":"Lr Aloe Vera Shop","article_publisher":"https:\/\/www.facebook.com\/lraloeverashop.eu","article_modified_time":"2026-02-03T18:16:35+00:00","og_image":[{"width":1200,"height":1200,"url":"https:\/\/www.lraloeverashop.eu\/wp-content\/uploads\/2022\/10\/Aloe-Vera-Corrective-body-cream.jpg","type":"image\/jpeg"}],"twitter_card":"summary_large_image","twitter_site":"@natur__kosmetik","schema":{"@context":"https:\/\/schema.org","@graph":[{"@type":["WebPage","ItemPage"],"@id":"https:\/\/www.lraloeverashop.eu\/de\/produkt\/aloe-vera-korrigierende-koerpercreme\/","url":"https:\/\/www.lraloeverashop.eu\/de\/produkt\/aloe-vera-korrigierende-koerpercreme\/","name":"Aloe Vera Korrigierende K\u00f6rpercreme f\u00fcr Oberschenkel und Po","isPartOf":{"@id":"https:\/\/www.lraloeverashop.eu\/de\/#website"},"primaryImageOfPage":{"@id":"https:\/\/www.lraloeverashop.eu\/de\/produkt\/aloe-vera-korrigierende-koerpercreme\/#primaryimage"},"image":{"@id":"https:\/\/www.lraloeverashop.eu\/de\/produkt\/aloe-vera-korrigierende-koerpercreme\/#primaryimage"},"thumbnailUrl":"https:\/\/www.lraloeverashop.eu\/wp-content\/uploads\/2022\/10\/Aloe-Vera-Corrective-body-cream.jpg","datePublished":"2022-10-10T16:31:01+00:00","dateModified":"2026-02-03T18:16:35+00:00","description":"Aloe Vera Korrigierende K\u00f6rpercreme mit 30% Gel-Aloe Vera, Bio-Gr\u00fcntee-Extrakt und Legance\u00ae Wirkstoffkomplex Verbessert die Elastizit\u00e4t der Haut","breadcrumb":{"@id":"https:\/\/www.lraloeverashop.eu\/de\/produkt\/aloe-vera-korrigierende-koerpercreme\/#breadcrumb"},"inLanguage":"de","potentialAction":[{"@type":"ReadAction","target":["https:\/\/www.lraloeverashop.eu\/de\/produkt\/aloe-vera-korrigierende-koerpercreme\/"]}]},{"@type":"ImageObject","inLanguage":"de","@id":"https:\/\/www.lraloeverashop.eu\/de\/produkt\/aloe-vera-korrigierende-koerpercreme\/#primaryimage","url":"https:\/\/www.lraloeverashop.eu\/wp-content\/uploads\/2022\/10\/Aloe-Vera-Corrective-body-cream.jpg","contentUrl":"https:\/\/www.lraloeverashop.eu\/wp-content\/uploads\/2022\/10\/Aloe-Vera-Corrective-body-cream.jpg","width":1200,"height":1200,"caption":"Aloe Vera Korrigierende K\u00f6rpercreme f\u00fcr Oberschenkel und Po"},{"@type":"BreadcrumbList","@id":"https:\/\/www.lraloeverashop.eu\/de\/produkt\/aloe-vera-korrigierende-koerpercreme\/#breadcrumb","itemListElement":[{"@type":"ListItem","position":1,"name":"Home","item":"https:\/\/www.lraloeverashop.eu\/de\/"},{"@type":"ListItem","position":2,"name":"Shop","item":"https:\/\/www.lraloeverashop.eu\/de\/shop-2\/"},{"@type":"ListItem","position":3,"name":"Aloe Vera Korrigierende K\u00f6rpercreme"}]},{"@type":"WebSite","@id":"https:\/\/www.lraloeverashop.eu\/de\/#website","url":"https:\/\/www.lraloeverashop.eu\/de\/","name":"Lr Aloe Vera Shop","description":"High Quality Lr Aloe Vera Gel, Aloe Vera Cream and Shampoo","publisher":{"@id":"https:\/\/www.lraloeverashop.eu\/de\/#organization"},"alternateName":"LR","potentialAction":[{"@type":"SearchAction","target":{"@type":"EntryPoint","urlTemplate":"https:\/\/www.lraloeverashop.eu\/de\/?s={search_term_string}"},"query-input":{"@type":"PropertyValueSpecification","valueRequired":true,"valueName":"search_term_string"}}],"inLanguage":"de"},{"@type":"Organization","@id":"https:\/\/www.lraloeverashop.eu\/de\/#organization","name":"Lr Aloe Vera Shop","alternateName":"LR","url":"https:\/\/www.lraloeverashop.eu\/de\/","logo":{"@type":"ImageObject","inLanguage":"de","@id":"https:\/\/www.lraloeverashop.eu\/de\/#\/schema\/logo\/image\/","url":"https:\/\/www.lraloeverashop.eu\/wp-content\/uploads\/2022\/09\/cropped-Lr-Aloe-Vera-Shop.jpg","contentUrl":"https:\/\/www.lraloeverashop.eu\/wp-content\/uploads\/2022\/09\/cropped-Lr-Aloe-Vera-Shop.jpg","width":228,"height":76,"caption":"Lr Aloe Vera Shop"},"image":{"@id":"https:\/\/www.lraloeverashop.eu\/de\/#\/schema\/logo\/image\/"},"sameAs":["https:\/\/www.facebook.com\/lraloeverashop.eu","https:\/\/x.com\/natur__kosmetik","https:\/\/www.youtube.com\/channel\/UC5oN7BJ8nfYb8RpVtjwDEBA","https:\/\/www.instagram.com\/lrbeautyeu\/"],"description":"LR Aloe Vera Shop ist Ihre vertrauensw\u00fcrdige Adresse f\u00fcr hochwertige LR Health & Beauty Produkte aus Deutschland. Wir bieten Ihnen erstklassige Aloe Vera Hautpflege, N\u00e4hrstoffe und Anti-Aging-Produkte mit reinen Inhaltsstoffen, die auf wissenschaftlichen Erkenntnissen basieren. Entdecken Sie nat\u00fcrliche Pflege, die Ihre Haut regeneriert, sch\u00fctzt und revitalisiert \u2013 und profitieren Sie von exklusiven Monatsangeboten auf unsere Bestseller von LR Aloe Vera. Starten Sie noch heute Ihre Reise zu nat\u00fcrlicher Hautpflege und sp\u00fcren Sie den Unterschied.","email":"info@lraloeverashop.eu","telephone":"+49 17670609653","legalName":"Lr Aloe Vera Shop","foundingDate":"2018-04-21","numberOfEmployees":{"@type":"QuantitativeValue","minValue":"1","maxValue":"10"}}]},"product_price_amount":"23.69","product_price_currency":"EUR","og_availability":"instock","product_availability":"instock","product_retailer_item_id":"27535-1DE","product_condition":"new"},"taxonomy_info":{"product_cat":[{"value":213,"label":"Aloe Vera"},{"value":228,"label":"K\u00f6rperpflege"}],"product_tag":[{"value":590,"label":"Zellulitis"}]},"featured_image_src_large":["https:\/\/www.lraloeverashop.eu\/wp-content\/uploads\/2022\/10\/Aloe-Vera-Corrective-body-cream-1024x1024.jpg",1024,1024,true],"author_info":[],"comment_info":0,"_links":{"self":[{"href":"https:\/\/www.lraloeverashop.eu\/de\/wp-json\/wp\/v2\/product\/10549","targetHints":{"allow":["GET"]}}],"collection":[{"href":"https:\/\/www.lraloeverashop.eu\/de\/wp-json\/wp\/v2\/product"}],"about":[{"href":"https:\/\/www.lraloeverashop.eu\/de\/wp-json\/wp\/v2\/types\/product"}],"replies":[{"embeddable":true,"href":"https:\/\/www.lraloeverashop.eu\/de\/wp-json\/wp\/v2\/comments?post=10549"}],"wp:featuredmedia":[{"embeddable":true,"href":"https:\/\/www.lraloeverashop.eu\/de\/wp-json\/wp\/v2\/media\/5059"}],"wp:attachment":[{"href":"https:\/\/www.lraloeverashop.eu\/de\/wp-json\/wp\/v2\/media?parent=10549"}],"wp:term":[{"taxonomy":"product_brand","embeddable":true,"href":"https:\/\/www.lraloeverashop.eu\/de\/wp-json\/wp\/v2\/product_brand?post=10549"},{"taxonomy":"product_cat","embeddable":true,"href":"https:\/\/www.lraloeverashop.eu\/de\/wp-json\/wp\/v2\/product_cat?post=10549"},{"taxonomy":"product_tag","embeddable":true,"href":"https:\/\/www.lraloeverashop.eu\/de\/wp-json\/wp\/v2\/product_tag?post=10549"}],"curies":[{"name":"wp","href":"https:\/\/api.w.org\/{rel}","templated":true}]}}