{"id":10429,"date":"2022-10-10T22:32:47","date_gmt":"2022-10-10T20:32:47","guid":{"rendered":"https:\/\/www.lraloeverashop.eu\/product\/aloe-vera-cbd-gesichtsserum\/"},"modified":"2026-04-19T14:30:19","modified_gmt":"2026-04-19T12:30:19","slug":"aloe-vera-cbd-gesichtsserum","status":"publish","type":"product","link":"https:\/\/www.lraloeverashop.eu\/de\/produkt\/aloe-vera-cbd-gesichtsserum\/","title":{"rendered":"Aloe Vera CBD Gesichtsserum"},"content":{"rendered":"<h2><strong><span style=\"font-size: 16pt;\">Aloe Vera CBD Gesichtsserum<\/span><\/strong><\/h2>\n<p><strong><span style=\"font-size: 14pt;\">Aloe Vera CBD Gesichtsserum &#8211; Mehr Wohlbefinden, mehr Pflegerituale, mehr Ausstrahlung<\/span><\/strong><\/p>\n<p>Das Aloe Vera CBD Gesichtsserum verw\u00f6hnt Ihre Haut mit 50% Aloe Vera, Bio-Cannabis-Sativa-Samen\u00f6l und CBD. Das Geheimnis der einzigartigen Wirkung des neuen 2-Phasen-Serums liegt in der Kombination aus 50 % feuchtigkeitsspendendem Aloe-Vera-Gel und sch\u00fctzendem Bio-Cannabis-Sativa-Samen\u00f6l und CBD. F\u00fcr einen ausgeglichenen, <a href=\"https:\/\/www.lraloeverashop.eu\/de\/produkt\/gesichtsserum-mit-aloe-vera\/\">hydratisierten<\/a> und verfeinerten Teint!<\/p>\n<p>Bio-Cannabis-Sativa-Samen\u00f6l ist daf\u00fcr bekannt, gereizte Haut zu beruhigen und <a href=\"https:\/\/www.lraloeverashop.eu\/de\/produkt\/aloe-vera-feuchtigkeitsspendendes-gelkonzentrat\/\">Hautirritationen<\/a> mit seinen sch\u00fctzenden Eigenschaften zu reduzieren. Das im Cannabis\u00f6l enthaltene CBD wirkt entspannend auf <a href=\"https:\/\/www.lraloeverashop.eu\/de\/produkt\/aloe-vera-cbd-duschgel-ol\/\">gestresste Haut<\/a> und sch\u00fctzt sie vor \u00e4u\u00dferen Umwelteinfl\u00fcssen.<\/p>\n<p>&nbsp;<\/p>\n<h3><strong><span style=\"font-size: 16pt;\">Anwendung<\/span><\/strong><\/h3>\n<p>Morgens und abends auf die gereinigte Gesichtshaut auftragen und kurz einwirken lassen. Vor Gebrauch gut sch\u00fctteln, damit sich die beiden Phasen vermischen.<\/p>\n<p>&nbsp;<\/p>\n<h4><strong><span style=\"font-size: 16pt;\">Wussten Sie schon?<\/span><\/strong><\/h4>\n<p>Mit der Einf\u00fchrung der Aloe Vera CBD Gesichtsserum und andere Produkte setzen wir bei LR weiter auf Nachhaltigkeit. Die Tiegel und Flaschen der <a href=\"https:\/\/www.lraloeverashop.eu\/de\/produkt\/aloe-vera-cbd-korper-set\/\">CBD-Pflegeserie<\/a> sind aus dem nachhaltigen Material rPET hergestellt. Dadurch k\u00f6nnen die Gl\u00e4ser einen leichten Grauschleier aufweisen, was auf das umweltfreundliche Recyclingverfahren zur\u00fcckzuf\u00fchren ist.<\/p>\n<p><strong>Was genau bedeutet rPET?<\/strong><br \/>\nPET ist ein im Allgemeinen transparenter und leichter Kunststoff, der sehr gut recycelbar ist. Von rPET spricht man, wenn der Kunststoff ganz oder teilweise aus Rezyklat (Recyclat) besteht. Rezyklat wird zum Beispiel aus gesammelten alten Plastikflaschen gewonnen.<\/p>\n<h3><strong><span style=\"font-size: 16pt;\">Warum ist rPET nachhaltiger als herk\u00f6mmliches PET?<\/span><\/strong><\/h3>\n<p>Nachhaltigkeit und damit Recycling sind seit vielen Jahren wichtige Themen. Plastik ist bekanntlich nicht gut f\u00fcr unsere Umwelt und wirkt sich in vielerlei Hinsicht negativ auf die Natur und alle Lebewesen auf unserem Planeten aus. Der Einsatz von recyceltem, wiederverwendbarem PET hilft uns, nat\u00fcrliche Ressourcen zu schonen und tr\u00e4gt somit erheblich zum Umweltschutz bei.<\/p>\n<p>Mit rPET ist es m\u00f6glich, die Produktion gro\u00dfer Mengen Plastik deutlich zu reduzieren und damit auch den CO2-Aussto\u00df nachhaltig zu senken. Damit leistet rPET einen wichtigen Beitrag, die \u00d6kobilanz von Einwegverpackungen zu verbessern und deren Nachhaltigkeit zu erh\u00f6hen.<\/p>\n<p><strong>Warum \u00e4ndert sich die Farbe?<\/strong><br \/>\nDie Farbver\u00e4nderung des PET-Materials wird durch das Recycling verursacht. Das zu recycelnde Ausgangsmaterial PET kann unterschiedliche Einf\u00e4rbungen aufweisen, sodass die Vermischung im Recyclingprozess die Beh\u00e4lter aus rPET etwas dunkler oder grauer erscheinen l\u00e4sst.<\/p>\n<p>Daran erkennt der Endverbraucher, dass ein bestimmter Beh\u00e4lter recycelt wurde. Ebenso wie Recyclingpapier kann auch die leicht graue F\u00e4rbung einer PET-Flasche zum Symbol f\u00fcr Nachhaltigkeit und Umweltbewusstsein werden und in Zukunft immer mehr Zielgruppen ansprechen.<\/p>\n<p>Holen Sie sich Ihr Aloe Vera CBD Gesichtsserum und beginnen Sie noch heute, Ihre Haut zu beruhigen und zu regenerieren<\/p>\n","protected":false},"excerpt":{"rendered":"<ul>\n<li><strong><span style=\"color: #ff0000;\">LIMITIERTES ANGEBOT<\/span><\/strong><\/li>\n<li>2-Phasen-Gesichtspflegeserum f\u00fcr strapazierte Haut<\/li>\n<li>Phase 1: Feuchtigkeitspflege<\/li>\n<li>Phase 2: Regenerierender Schutz<\/li>\n<li>Mit 50% Aloe Vera Gel, Bio-Cannabis-Sativa-Samen\u00f6l und CBD<\/li>\n<li>Die Tiegel und Flaschen werden aus dem nachhaltigen Material rPET hergestellt<\/li>\n<li>Menge: 30 ml<\/li>\n<\/ul>\n<p><span style=\"color: #ff0000;\"><a style=\"color: #ff0000;\" href=\"https:\/\/shop.lrworld.com\/openpao?PHP=0vFlt7jT938BEnBI3a6e9w%3D%3D\"><span style=\"font-size: 14pt;\"><strong>Hier registrieren und dauerhaft 35\u202f% sparen<\/strong><\/span><\/a><\/span><\/p>\n","protected":false},"featured_media":4915,"comment_status":"open","ping_status":"closed","template":"","meta":{"_kad_blocks_custom_css":"","_kad_blocks_head_custom_js":"","_kad_blocks_body_custom_js":"","_kad_blocks_footer_custom_js":"","_kadence_starter_templates_imported_post":false,"_kad_post_transparent":"default","_kad_post_title":"","_kad_post_layout":"default","_kad_post_sidebar_id":"","_kad_post_content_style":"default","_kad_post_vertical_padding":"default","_kad_post_feature":"","_kad_post_feature_position":"","_kad_post_header":false,"_kad_post_footer":false,"_kad_post_classname":""},"product_brand":[],"product_cat":[213,352,233,238],"product_tag":[589,649],"class_list":{"0":"post-10429","1":"product","2":"type-product","3":"status-publish","4":"has-post-thumbnail","6":"product_cat-aloe-vera-de","7":"product_cat-angebote","8":"product_cat-cbd-de","9":"product_cat-gesichtspflege","10":"product_tag-cbd-produkte","11":"product_tag-gesichtspflegeprodukte","13":"first","14":"outofstock","15":"sale","16":"taxable","17":"shipping-taxable","18":"purchasable","19":"product-type-simple","20":"entry","21":"content-bg","22":"loop-entry"},"yoast_head":"<!-- This site is optimized with the Yoast SEO Premium plugin v27.4 (Yoast SEO v27.4) - https:\/\/yoast.com\/product\/yoast-seo-premium-wordpress\/ -->\n<title>Aloe Vera CBD Gesichtsserum f\u00fcr strapazierte Haut<\/title>\n<meta name=\"description\" content=\"Das Aloe Vera CBD Gesichtsserum verw\u00f6hnt Ihre Haut mit 50% Aloe Vera, Bio-Cannabis-Sativa-Samen\u00f6l und CBD. Das Geheimnis der einzigartigen Wirkung.\" \/>\n<meta name=\"robots\" content=\"index, follow, max-snippet:-1, max-image-preview:large, max-video-preview:-1\" \/>\n<link rel=\"canonical\" href=\"https:\/\/www.lraloeverashop.eu\/de\/produkt\/aloe-vera-cbd-gesichtsserum\/\" \/>\n<meta property=\"og:locale\" content=\"de_DE\" \/>\n<meta property=\"og:type\" content=\"article\" \/>\n<meta property=\"og:title\" content=\"Aloe Vera CBD Gesichtsserum\" \/>\n<meta property=\"og:description\" content=\"Das Aloe Vera CBD Gesichtsserum verw\u00f6hnt Ihre Haut mit 50% Aloe Vera, Bio-Cannabis-Sativa-Samen\u00f6l und CBD. Das Geheimnis der einzigartigen Wirkung.\" \/>\n<meta property=\"og:url\" content=\"https:\/\/www.lraloeverashop.eu\/de\/produkt\/aloe-vera-cbd-gesichtsserum\/\" \/>\n<meta property=\"og:site_name\" content=\"Lr Aloe Vera Shop\" \/>\n<meta property=\"article:publisher\" content=\"https:\/\/www.facebook.com\/lraloeverashop.eu\" \/>\n<meta property=\"article:modified_time\" content=\"2026-04-19T12:30:19+00:00\" \/>\n<meta property=\"og:image\" content=\"https:\/\/www.lraloeverashop.eu\/wp-content\/uploads\/2022\/10\/Lr-Aloe-Vera-CBD-Bi-Phase-Face-Serum.jpg\" \/>\n\t<meta property=\"og:image:width\" content=\"1200\" \/>\n\t<meta property=\"og:image:height\" content=\"1200\" \/>\n\t<meta property=\"og:image:type\" content=\"image\/jpeg\" \/>\n<meta name=\"twitter:card\" content=\"summary_large_image\" \/>\n<meta name=\"twitter:site\" content=\"@natur__kosmetik\" \/>\n<script type=\"application\/ld+json\" class=\"yoast-schema-graph\">{\"@context\":\"https:\\\/\\\/schema.org\",\"@graph\":[{\"@type\":[\"WebPage\",\"ItemPage\"],\"@id\":\"https:\\\/\\\/www.lraloeverashop.eu\\\/de\\\/produkt\\\/aloe-vera-cbd-gesichtsserum\\\/\",\"url\":\"https:\\\/\\\/www.lraloeverashop.eu\\\/de\\\/produkt\\\/aloe-vera-cbd-gesichtsserum\\\/\",\"name\":\"Aloe Vera CBD Gesichtsserum f\u00fcr strapazierte Haut\",\"isPartOf\":{\"@id\":\"https:\\\/\\\/www.lraloeverashop.eu\\\/de\\\/#website\"},\"primaryImageOfPage\":{\"@id\":\"https:\\\/\\\/www.lraloeverashop.eu\\\/de\\\/produkt\\\/aloe-vera-cbd-gesichtsserum\\\/#primaryimage\"},\"image\":{\"@id\":\"https:\\\/\\\/www.lraloeverashop.eu\\\/de\\\/produkt\\\/aloe-vera-cbd-gesichtsserum\\\/#primaryimage\"},\"thumbnailUrl\":\"https:\\\/\\\/www.lraloeverashop.eu\\\/wp-content\\\/uploads\\\/2022\\\/10\\\/Lr-Aloe-Vera-CBD-Bi-Phase-Face-Serum.jpg\",\"datePublished\":\"2022-10-10T20:32:47+00:00\",\"dateModified\":\"2026-04-19T12:30:19+00:00\",\"description\":\"Das Aloe Vera CBD Gesichtsserum verw\u00f6hnt Ihre Haut mit 50% Aloe Vera, Bio-Cannabis-Sativa-Samen\u00f6l und CBD. Das Geheimnis der einzigartigen Wirkung.\",\"breadcrumb\":{\"@id\":\"https:\\\/\\\/www.lraloeverashop.eu\\\/de\\\/produkt\\\/aloe-vera-cbd-gesichtsserum\\\/#breadcrumb\"},\"inLanguage\":\"de\",\"potentialAction\":[{\"@type\":\"ReadAction\",\"target\":[\"https:\\\/\\\/www.lraloeverashop.eu\\\/de\\\/produkt\\\/aloe-vera-cbd-gesichtsserum\\\/\"]}]},{\"@type\":\"ImageObject\",\"inLanguage\":\"de\",\"@id\":\"https:\\\/\\\/www.lraloeverashop.eu\\\/de\\\/produkt\\\/aloe-vera-cbd-gesichtsserum\\\/#primaryimage\",\"url\":\"https:\\\/\\\/www.lraloeverashop.eu\\\/wp-content\\\/uploads\\\/2022\\\/10\\\/Lr-Aloe-Vera-CBD-Bi-Phase-Face-Serum.jpg\",\"contentUrl\":\"https:\\\/\\\/www.lraloeverashop.eu\\\/wp-content\\\/uploads\\\/2022\\\/10\\\/Lr-Aloe-Vera-CBD-Bi-Phase-Face-Serum.jpg\",\"width\":1200,\"height\":1200,\"caption\":\"Aloe Vera CBD Zweiphasen-Gesichtsserum\"},{\"@type\":\"BreadcrumbList\",\"@id\":\"https:\\\/\\\/www.lraloeverashop.eu\\\/de\\\/produkt\\\/aloe-vera-cbd-gesichtsserum\\\/#breadcrumb\",\"itemListElement\":[{\"@type\":\"ListItem\",\"position\":1,\"name\":\"Home\",\"item\":\"https:\\\/\\\/www.lraloeverashop.eu\\\/de\\\/\"},{\"@type\":\"ListItem\",\"position\":2,\"name\":\"Shop\",\"item\":\"https:\\\/\\\/www.lraloeverashop.eu\\\/de\\\/shop-2\\\/\"},{\"@type\":\"ListItem\",\"position\":3,\"name\":\"Aloe Vera CBD Gesichtsserum\"}]},{\"@type\":\"WebSite\",\"@id\":\"https:\\\/\\\/www.lraloeverashop.eu\\\/de\\\/#website\",\"url\":\"https:\\\/\\\/www.lraloeverashop.eu\\\/de\\\/\",\"name\":\"Lr Aloe Vera Shop\",\"description\":\"High Quality Lr Aloe Vera Gel, Aloe Vera Cream and Shampoo\",\"publisher\":{\"@id\":\"https:\\\/\\\/www.lraloeverashop.eu\\\/de\\\/#organization\"},\"potentialAction\":[{\"@type\":\"SearchAction\",\"target\":{\"@type\":\"EntryPoint\",\"urlTemplate\":\"https:\\\/\\\/www.lraloeverashop.eu\\\/de\\\/?s={search_term_string}\"},\"query-input\":{\"@type\":\"PropertyValueSpecification\",\"valueRequired\":true,\"valueName\":\"search_term_string\"}}],\"inLanguage\":\"de\"},{\"@type\":\"Organization\",\"@id\":\"https:\\\/\\\/www.lraloeverashop.eu\\\/de\\\/#organization\",\"name\":\"Lr Aloe Vera Shop\",\"alternateName\":\"LR\",\"url\":\"https:\\\/\\\/www.lraloeverashop.eu\\\/de\\\/\",\"logo\":{\"@type\":\"ImageObject\",\"inLanguage\":\"de\",\"@id\":\"https:\\\/\\\/www.lraloeverashop.eu\\\/de\\\/#\\\/schema\\\/logo\\\/image\\\/\",\"url\":\"https:\\\/\\\/www.lraloeverashop.eu\\\/wp-content\\\/uploads\\\/2022\\\/09\\\/cropped-Lr-Aloe-Vera-Shop.jpg\",\"contentUrl\":\"https:\\\/\\\/www.lraloeverashop.eu\\\/wp-content\\\/uploads\\\/2022\\\/09\\\/cropped-Lr-Aloe-Vera-Shop.jpg\",\"width\":228,\"height\":76,\"caption\":\"Lr Aloe Vera Shop\"},\"image\":{\"@id\":\"https:\\\/\\\/www.lraloeverashop.eu\\\/de\\\/#\\\/schema\\\/logo\\\/image\\\/\"},\"sameAs\":[\"https:\\\/\\\/www.facebook.com\\\/lraloeverashop.eu\",\"https:\\\/\\\/x.com\\\/natur__kosmetik\",\"https:\\\/\\\/www.youtube.com\\\/channel\\\/UC5oN7BJ8nfYb8RpVtjwDEBA\",\"https:\\\/\\\/www.instagram.com\\\/lrbeautyeu\\\/\"],\"description\":\"LR Aloe Vera Shop ist Ihre vertrauensw\u00fcrdige Adresse f\u00fcr hochwertige LR Health & Beauty Produkte aus Deutschland. Wir bieten Ihnen erstklassige Aloe Vera Hautpflege, N\u00e4hrstoffe und Anti-Aging-Produkte mit reinen Inhaltsstoffen, die auf wissenschaftlichen Erkenntnissen basieren. Entdecken Sie nat\u00fcrliche Pflege, die Ihre Haut regeneriert, sch\u00fctzt und revitalisiert \u2013 und profitieren Sie von exklusiven Monatsangeboten auf unsere Bestseller von LR Aloe Vera. Starten Sie noch heute Ihre Reise zu nat\u00fcrlicher Hautpflege und sp\u00fcren Sie den Unterschied.\",\"email\":\"info@lraloeverashop.eu\",\"telephone\":\"+49 17670609653\",\"legalName\":\"Lr Aloe Vera Shop\",\"foundingDate\":\"2018-04-21\",\"numberOfEmployees\":{\"@type\":\"QuantitativeValue\",\"minValue\":\"1\",\"maxValue\":\"10\"}}]}<\/script>\n<meta property=\"product:price:amount\" content=\"18.99\" \/>\n<meta property=\"product:price:currency\" content=\"EUR\" \/>\n<meta property=\"og:availability\" content=\"out of stock\" \/>\n<meta property=\"product:availability\" content=\"out of stock\" \/>\n<meta property=\"product:retailer_item_id\" content=\"20818-1DE\" \/>\n<meta property=\"product:condition\" content=\"new\" \/>\n<!-- \/ Yoast SEO Premium plugin. -->","yoast_head_json":{"title":"Aloe Vera CBD Gesichtsserum f\u00fcr strapazierte Haut","description":"Das Aloe Vera CBD Gesichtsserum verw\u00f6hnt Ihre Haut mit 50% Aloe Vera, Bio-Cannabis-Sativa-Samen\u00f6l und CBD. Das Geheimnis der einzigartigen Wirkung.","robots":{"index":"index","follow":"follow","max-snippet":"max-snippet:-1","max-image-preview":"max-image-preview:large","max-video-preview":"max-video-preview:-1"},"canonical":"https:\/\/www.lraloeverashop.eu\/de\/produkt\/aloe-vera-cbd-gesichtsserum\/","og_locale":"de_DE","og_type":"article","og_title":"Aloe Vera CBD Gesichtsserum","og_description":"Das Aloe Vera CBD Gesichtsserum verw\u00f6hnt Ihre Haut mit 50% Aloe Vera, Bio-Cannabis-Sativa-Samen\u00f6l und CBD. Das Geheimnis der einzigartigen Wirkung.","og_url":"https:\/\/www.lraloeverashop.eu\/de\/produkt\/aloe-vera-cbd-gesichtsserum\/","og_site_name":"Lr Aloe Vera Shop","article_publisher":"https:\/\/www.facebook.com\/lraloeverashop.eu","article_modified_time":"2026-04-19T12:30:19+00:00","og_image":[{"width":1200,"height":1200,"url":"https:\/\/www.lraloeverashop.eu\/wp-content\/uploads\/2022\/10\/Lr-Aloe-Vera-CBD-Bi-Phase-Face-Serum.jpg","type":"image\/jpeg"}],"twitter_card":"summary_large_image","twitter_site":"@natur__kosmetik","schema":{"@context":"https:\/\/schema.org","@graph":[{"@type":["WebPage","ItemPage"],"@id":"https:\/\/www.lraloeverashop.eu\/de\/produkt\/aloe-vera-cbd-gesichtsserum\/","url":"https:\/\/www.lraloeverashop.eu\/de\/produkt\/aloe-vera-cbd-gesichtsserum\/","name":"Aloe Vera CBD Gesichtsserum f\u00fcr strapazierte Haut","isPartOf":{"@id":"https:\/\/www.lraloeverashop.eu\/de\/#website"},"primaryImageOfPage":{"@id":"https:\/\/www.lraloeverashop.eu\/de\/produkt\/aloe-vera-cbd-gesichtsserum\/#primaryimage"},"image":{"@id":"https:\/\/www.lraloeverashop.eu\/de\/produkt\/aloe-vera-cbd-gesichtsserum\/#primaryimage"},"thumbnailUrl":"https:\/\/www.lraloeverashop.eu\/wp-content\/uploads\/2022\/10\/Lr-Aloe-Vera-CBD-Bi-Phase-Face-Serum.jpg","datePublished":"2022-10-10T20:32:47+00:00","dateModified":"2026-04-19T12:30:19+00:00","description":"Das Aloe Vera CBD Gesichtsserum verw\u00f6hnt Ihre Haut mit 50% Aloe Vera, Bio-Cannabis-Sativa-Samen\u00f6l und CBD. Das Geheimnis der einzigartigen Wirkung.","breadcrumb":{"@id":"https:\/\/www.lraloeverashop.eu\/de\/produkt\/aloe-vera-cbd-gesichtsserum\/#breadcrumb"},"inLanguage":"de","potentialAction":[{"@type":"ReadAction","target":["https:\/\/www.lraloeverashop.eu\/de\/produkt\/aloe-vera-cbd-gesichtsserum\/"]}]},{"@type":"ImageObject","inLanguage":"de","@id":"https:\/\/www.lraloeverashop.eu\/de\/produkt\/aloe-vera-cbd-gesichtsserum\/#primaryimage","url":"https:\/\/www.lraloeverashop.eu\/wp-content\/uploads\/2022\/10\/Lr-Aloe-Vera-CBD-Bi-Phase-Face-Serum.jpg","contentUrl":"https:\/\/www.lraloeverashop.eu\/wp-content\/uploads\/2022\/10\/Lr-Aloe-Vera-CBD-Bi-Phase-Face-Serum.jpg","width":1200,"height":1200,"caption":"Aloe Vera CBD Zweiphasen-Gesichtsserum"},{"@type":"BreadcrumbList","@id":"https:\/\/www.lraloeverashop.eu\/de\/produkt\/aloe-vera-cbd-gesichtsserum\/#breadcrumb","itemListElement":[{"@type":"ListItem","position":1,"name":"Home","item":"https:\/\/www.lraloeverashop.eu\/de\/"},{"@type":"ListItem","position":2,"name":"Shop","item":"https:\/\/www.lraloeverashop.eu\/de\/shop-2\/"},{"@type":"ListItem","position":3,"name":"Aloe Vera CBD Gesichtsserum"}]},{"@type":"WebSite","@id":"https:\/\/www.lraloeverashop.eu\/de\/#website","url":"https:\/\/www.lraloeverashop.eu\/de\/","name":"Lr Aloe Vera Shop","description":"High Quality Lr Aloe Vera Gel, Aloe Vera Cream and Shampoo","publisher":{"@id":"https:\/\/www.lraloeverashop.eu\/de\/#organization"},"potentialAction":[{"@type":"SearchAction","target":{"@type":"EntryPoint","urlTemplate":"https:\/\/www.lraloeverashop.eu\/de\/?s={search_term_string}"},"query-input":{"@type":"PropertyValueSpecification","valueRequired":true,"valueName":"search_term_string"}}],"inLanguage":"de"},{"@type":"Organization","@id":"https:\/\/www.lraloeverashop.eu\/de\/#organization","name":"Lr Aloe Vera Shop","alternateName":"LR","url":"https:\/\/www.lraloeverashop.eu\/de\/","logo":{"@type":"ImageObject","inLanguage":"de","@id":"https:\/\/www.lraloeverashop.eu\/de\/#\/schema\/logo\/image\/","url":"https:\/\/www.lraloeverashop.eu\/wp-content\/uploads\/2022\/09\/cropped-Lr-Aloe-Vera-Shop.jpg","contentUrl":"https:\/\/www.lraloeverashop.eu\/wp-content\/uploads\/2022\/09\/cropped-Lr-Aloe-Vera-Shop.jpg","width":228,"height":76,"caption":"Lr Aloe Vera Shop"},"image":{"@id":"https:\/\/www.lraloeverashop.eu\/de\/#\/schema\/logo\/image\/"},"sameAs":["https:\/\/www.facebook.com\/lraloeverashop.eu","https:\/\/x.com\/natur__kosmetik","https:\/\/www.youtube.com\/channel\/UC5oN7BJ8nfYb8RpVtjwDEBA","https:\/\/www.instagram.com\/lrbeautyeu\/"],"description":"LR Aloe Vera Shop ist Ihre vertrauensw\u00fcrdige Adresse f\u00fcr hochwertige LR Health & Beauty Produkte aus Deutschland. Wir bieten Ihnen erstklassige Aloe Vera Hautpflege, N\u00e4hrstoffe und Anti-Aging-Produkte mit reinen Inhaltsstoffen, die auf wissenschaftlichen Erkenntnissen basieren. Entdecken Sie nat\u00fcrliche Pflege, die Ihre Haut regeneriert, sch\u00fctzt und revitalisiert \u2013 und profitieren Sie von exklusiven Monatsangeboten auf unsere Bestseller von LR Aloe Vera. Starten Sie noch heute Ihre Reise zu nat\u00fcrlicher Hautpflege und sp\u00fcren Sie den Unterschied.","email":"info@lraloeverashop.eu","telephone":"+49 17670609653","legalName":"Lr Aloe Vera Shop","foundingDate":"2018-04-21","numberOfEmployees":{"@type":"QuantitativeValue","minValue":"1","maxValue":"10"}}]},"product_price_amount":"18.99","product_price_currency":"EUR","og_availability":"out of stock","product_availability":"out of stock","product_retailer_item_id":"20818-1DE","product_condition":"new"},"taxonomy_info":{"product_cat":[{"value":213,"label":"Aloe Vera"},{"value":352,"label":"Angebote"},{"value":233,"label":"CBD"},{"value":238,"label":"Gesichtspflege"}],"product_tag":[{"value":589,"label":"CBD-Produkte"},{"value":649,"label":"Gesichtspflegeprodukte"}]},"featured_image_src_large":["https:\/\/www.lraloeverashop.eu\/wp-content\/uploads\/2022\/10\/Lr-Aloe-Vera-CBD-Bi-Phase-Face-Serum-1024x1024.jpg",1024,1024,true],"author_info":[],"comment_info":0,"_links":{"self":[{"href":"https:\/\/www.lraloeverashop.eu\/de\/wp-json\/wp\/v2\/product\/10429","targetHints":{"allow":["GET"]}}],"collection":[{"href":"https:\/\/www.lraloeverashop.eu\/de\/wp-json\/wp\/v2\/product"}],"about":[{"href":"https:\/\/www.lraloeverashop.eu\/de\/wp-json\/wp\/v2\/types\/product"}],"replies":[{"embeddable":true,"href":"https:\/\/www.lraloeverashop.eu\/de\/wp-json\/wp\/v2\/comments?post=10429"}],"wp:featuredmedia":[{"embeddable":true,"href":"https:\/\/www.lraloeverashop.eu\/de\/wp-json\/wp\/v2\/media\/4915"}],"wp:attachment":[{"href":"https:\/\/www.lraloeverashop.eu\/de\/wp-json\/wp\/v2\/media?parent=10429"}],"wp:term":[{"taxonomy":"product_brand","embeddable":true,"href":"https:\/\/www.lraloeverashop.eu\/de\/wp-json\/wp\/v2\/product_brand?post=10429"},{"taxonomy":"product_cat","embeddable":true,"href":"https:\/\/www.lraloeverashop.eu\/de\/wp-json\/wp\/v2\/product_cat?post=10429"},{"taxonomy":"product_tag","embeddable":true,"href":"https:\/\/www.lraloeverashop.eu\/de\/wp-json\/wp\/v2\/product_tag?post=10429"}],"curies":[{"name":"wp","href":"https:\/\/api.w.org\/{rel}","templated":true}]}}