{"id":10309,"date":"2022-10-11T08:13:54","date_gmt":"2022-10-11T06:13:54","guid":{"rendered":"https:\/\/www.lraloeverashop.eu\/product\/aloe-vera-klaerendes-gesichtswasser\/"},"modified":"2026-02-03T19:13:11","modified_gmt":"2026-02-03T18:13:11","slug":"aloe-vera-klaerendes-gesichtswasser","status":"publish","type":"product","link":"https:\/\/www.lraloeverashop.eu\/de\/produkt\/aloe-vera-klaerendes-gesichtswasser\/","title":{"rendered":"Aloe Vera Kl\u00e4rendes Gesichtswasser"},"content":{"rendered":"<h2><span style=\"font-size: 16pt;\"><strong>Aloe Vera Kl\u00e4rendes Gesichtswasser<\/strong><\/span><\/h2>\n<p><span style=\"font-size: 14pt;\"><strong>Aloe Vera Kl\u00e4rendes Gesichtswasser Reinigt, revitalisiert und befeuchtet die Haut <\/strong><\/span><\/p>\n<p>Aloe Vera Kl\u00e4rendes Gesichtswasser &#8211; Reinigt die Haut effektiv und bereitet sie auf die n\u00e4chsten Schritte Ihrer t\u00e4glichen Pflege vor Das weiche, alkoholfreie Gesichtswasser mit 50% Aloe Vera reinigt und verj\u00fcngt die Haut nach der <a href=\"https:\/\/www.lraloeverashop.eu\/de\/produkt\/aloe-vera-ausgleichende-reinigungsmilch\/\">Aloe Vera Reinigungsmilch<\/a>. Entfernt Poren und Makeup-R\u00fcckst\u00e4nde und Unreinheiten, ohne das nat\u00fcrliche Gleichgewicht der Haut zu st\u00f6ren. Wildrose-Extrakt ist extra mild f\u00fcr die Haut.<\/p>\n<p>&nbsp;<\/p>\n<h3><strong><span style=\"font-size: 16pt;\">Anwendung<\/span><\/strong><\/h3>\n<p>Tragen Sie das Tonic morgens und abends auf, nachdem Sie Ihr Gesicht gr\u00fcndlich gereinigt haben. Auf ein St\u00fcck Baumwolle auftragen und sanft \u00fcber Gesicht, Hals und Dekollet\u00e9 verteilen. Augenpartie vermeiden. Als n\u00e4chstes tragen Sie die\u00a0<a href=\"https:\/\/www.lraloeverashop.eu\/de\/produkt\/aloe-vera-multi-aktive-tagescreme\/\">Aloe Vera Multi Aktive Tagescreme<\/a>\u00a0oder die\u00a0Aloe Vera Regenerierende Nachtcreme\u00a0auf.<\/p>\n<p>&nbsp;<\/p>\n<h4><span style=\"font-size: 16pt;\"><strong>Wussten Sie schon?<\/strong><\/span><\/h4>\n<p>Sp\u00fclen Sie das Lr Aloe Vera Gesichtswasser nicht ab. Seine reinigenden und feuchtigkeitsspendenden Eigenschaften werden nur freigesetzt, indem das Tonic in die Haut aufgenommen wird. Seine reichhaltige <a href=\"https:\/\/www.lraloeverashop.eu\/de\/fast-track-programm-werden-sie-manager-in-3-monaten\/\">Formel<\/a> enth\u00e4lt 50% Aloe Vera Gel und kann verwendet werden, um feine Linien zu behandeln, die durch Trockenheit verursacht werden, aber auch um m\u00fcde Haut zu revitalisieren.<\/p>\n<p>F\u00fcr einen Frische-Kick das Tonic auf ein sauberes St\u00fcck Baumwolle und auf das Gesicht auftragen. Es bietet der Haut intensive Feuchtigkeit. F\u00fcr mehr Frische, legen Sie das Tonic f\u00fcr eine kurze Zeit in den K\u00fchlschrank, bevor Sie es anwenden.<\/p>\n<p>&nbsp;<\/p>\n<h5><span style=\"font-size: 16pt;\"><strong>H\u00e4ufig gestellte Fragen<\/strong><\/span><\/h5>\n<p><strong>Warum ist das Aloe Vera Gesichtswasser frei von Alkohol?<\/strong><br \/>\nWenn ein Gesichtswasser Alkohol enth\u00e4lt, kann dies zu Trockenheit der Haut f\u00fchren. Daher empfehlen wir die Verwendung von milden, hautfreundlichen Produkten wie dem Aloe Vera Kl\u00e4rendes Gesichtswasser, besonders auf einer sensiblen, extra trockenen Haut.<\/p>\n","protected":false},"excerpt":{"rendered":"<ul>\n<li>Mit 50% Aloe Vera und Bio-Wildrose-Extrakt<\/li>\n<li>Nach der Reinigung mit der Aloe Vera Milk entfernt das Tonic wirksam jegliches Make-up<\/li>\n<li>Es stammt von der Haut ab<\/li>\n<li>Reinigt, revitalisiert und befeuchtet die Haut<\/li>\n<li>Alkoholfrei<\/li>\n<li>Menge: 200 ml<\/li>\n<\/ul>\n<p><span style=\"color: #ff0000;\"><a style=\"color: #ff0000;\" href=\"https:\/\/shop.lrworld.com\/openpao?PHP=0vFlt7jT938BEnBI3a6e9w%3D%3D\"><span style=\"font-size: 14pt;\"><strong>Hier registrieren und dauerhaft 35\u202f% sparen<\/strong><\/span><\/a><\/span><\/p>\n","protected":false},"featured_media":5011,"comment_status":"open","ping_status":"closed","template":"","meta":{"_kad_blocks_custom_css":"","_kad_blocks_head_custom_js":"","_kad_blocks_body_custom_js":"","_kad_blocks_footer_custom_js":"","_kadence_starter_templates_imported_post":false,"_kad_post_transparent":"default","_kad_post_title":"","_kad_post_layout":"default","_kad_post_sidebar_id":"","_kad_post_content_style":"default","_kad_post_vertical_padding":"default","_kad_post_feature":"","_kad_post_feature_position":"","_kad_post_header":false,"_kad_post_footer":false,"_kad_post_classname":""},"product_brand":[],"product_cat":[213,238],"product_tag":[650],"class_list":{"0":"post-10309","1":"product","2":"type-product","3":"status-publish","4":"has-post-thumbnail","6":"product_cat-aloe-vera-de","7":"product_cat-gesichtspflege","8":"product_tag-gesichtsreinigung","10":"first","11":"instock","12":"taxable","13":"shipping-taxable","14":"purchasable","15":"product-type-simple","16":"entry","17":"content-bg","18":"loop-entry"},"yoast_head":"<!-- This site is optimized with the Yoast SEO Premium plugin v27.4 (Yoast SEO v27.4) - https:\/\/yoast.com\/product\/yoast-seo-premium-wordpress\/ -->\n<title>Aloe Vera Kl\u00e4rendes Gesichtswasser reinigt und revitalisiert Haut<\/title>\n<meta name=\"description\" content=\"Aloe Vera Kl\u00e4rendes Gesichtswasser reinigt die Haut effektiv und bereitet sie auf die n\u00e4chsten Schritte Ihrer t\u00e4glichen Pflegeroutine vor. Mit 50% Aloe Vera\" \/>\n<meta name=\"robots\" content=\"index, follow, max-snippet:-1, max-image-preview:large, max-video-preview:-1\" \/>\n<link rel=\"canonical\" href=\"https:\/\/www.lraloeverashop.eu\/de\/produkt\/aloe-vera-klaerendes-gesichtswasser\/\" \/>\n<meta property=\"og:locale\" content=\"de_DE\" \/>\n<meta property=\"og:type\" content=\"article\" \/>\n<meta property=\"og:title\" content=\"Aloe Vera Kl\u00e4rendes Gesichtswasser\" \/>\n<meta property=\"og:description\" content=\"Aloe Vera Kl\u00e4rendes Gesichtswasser reinigt die Haut effektiv und bereitet sie auf die n\u00e4chsten Schritte Ihrer t\u00e4glichen Pflegeroutine vor. Mit 50% Aloe Vera\" \/>\n<meta property=\"og:url\" content=\"https:\/\/www.lraloeverashop.eu\/de\/produkt\/aloe-vera-klaerendes-gesichtswasser\/\" \/>\n<meta property=\"og:site_name\" content=\"Lr Aloe Vera Shop\" \/>\n<meta property=\"article:publisher\" content=\"https:\/\/www.facebook.com\/lraloeverashop.eu\" \/>\n<meta property=\"article:modified_time\" content=\"2026-02-03T18:13:11+00:00\" \/>\n<meta property=\"og:image\" content=\"https:\/\/www.lraloeverashop.eu\/wp-content\/uploads\/2022\/10\/Lr-Clarifying-Face-Tonic-With-Aloe-Vera.jpg\" \/>\n\t<meta property=\"og:image:width\" content=\"1200\" \/>\n\t<meta property=\"og:image:height\" content=\"1200\" \/>\n\t<meta property=\"og:image:type\" content=\"image\/jpeg\" \/>\n<meta name=\"twitter:card\" content=\"summary_large_image\" \/>\n<meta name=\"twitter:site\" content=\"@natur__kosmetik\" \/>\n<script type=\"application\/ld+json\" class=\"yoast-schema-graph\">{\"@context\":\"https:\\\/\\\/schema.org\",\"@graph\":[{\"@type\":[\"WebPage\",\"ItemPage\"],\"@id\":\"https:\\\/\\\/www.lraloeverashop.eu\\\/de\\\/produkt\\\/aloe-vera-klaerendes-gesichtswasser\\\/\",\"url\":\"https:\\\/\\\/www.lraloeverashop.eu\\\/de\\\/produkt\\\/aloe-vera-klaerendes-gesichtswasser\\\/\",\"name\":\"Aloe Vera Kl\u00e4rendes Gesichtswasser reinigt und revitalisiert Haut\",\"isPartOf\":{\"@id\":\"https:\\\/\\\/www.lraloeverashop.eu\\\/de\\\/#website\"},\"primaryImageOfPage\":{\"@id\":\"https:\\\/\\\/www.lraloeverashop.eu\\\/de\\\/produkt\\\/aloe-vera-klaerendes-gesichtswasser\\\/#primaryimage\"},\"image\":{\"@id\":\"https:\\\/\\\/www.lraloeverashop.eu\\\/de\\\/produkt\\\/aloe-vera-klaerendes-gesichtswasser\\\/#primaryimage\"},\"thumbnailUrl\":\"https:\\\/\\\/www.lraloeverashop.eu\\\/wp-content\\\/uploads\\\/2022\\\/10\\\/Lr-Clarifying-Face-Tonic-With-Aloe-Vera.jpg\",\"datePublished\":\"2022-10-11T06:13:54+00:00\",\"dateModified\":\"2026-02-03T18:13:11+00:00\",\"description\":\"Aloe Vera Kl\u00e4rendes Gesichtswasser reinigt die Haut effektiv und bereitet sie auf die n\u00e4chsten Schritte Ihrer t\u00e4glichen Pflegeroutine vor. Mit 50% Aloe Vera\",\"breadcrumb\":{\"@id\":\"https:\\\/\\\/www.lraloeverashop.eu\\\/de\\\/produkt\\\/aloe-vera-klaerendes-gesichtswasser\\\/#breadcrumb\"},\"inLanguage\":\"de\",\"potentialAction\":[{\"@type\":\"ReadAction\",\"target\":[\"https:\\\/\\\/www.lraloeverashop.eu\\\/de\\\/produkt\\\/aloe-vera-klaerendes-gesichtswasser\\\/\"]}]},{\"@type\":\"ImageObject\",\"inLanguage\":\"de\",\"@id\":\"https:\\\/\\\/www.lraloeverashop.eu\\\/de\\\/produkt\\\/aloe-vera-klaerendes-gesichtswasser\\\/#primaryimage\",\"url\":\"https:\\\/\\\/www.lraloeverashop.eu\\\/wp-content\\\/uploads\\\/2022\\\/10\\\/Lr-Clarifying-Face-Tonic-With-Aloe-Vera.jpg\",\"contentUrl\":\"https:\\\/\\\/www.lraloeverashop.eu\\\/wp-content\\\/uploads\\\/2022\\\/10\\\/Lr-Clarifying-Face-Tonic-With-Aloe-Vera.jpg\",\"width\":1200,\"height\":1200,\"caption\":\"Aloe Vera Kl\u00e4rendes Gesichtswasser reinigt, revitalisiert und befeuchtet die Haut\"},{\"@type\":\"BreadcrumbList\",\"@id\":\"https:\\\/\\\/www.lraloeverashop.eu\\\/de\\\/produkt\\\/aloe-vera-klaerendes-gesichtswasser\\\/#breadcrumb\",\"itemListElement\":[{\"@type\":\"ListItem\",\"position\":1,\"name\":\"Home\",\"item\":\"https:\\\/\\\/www.lraloeverashop.eu\\\/de\\\/\"},{\"@type\":\"ListItem\",\"position\":2,\"name\":\"Shop\",\"item\":\"https:\\\/\\\/www.lraloeverashop.eu\\\/de\\\/shop-2\\\/\"},{\"@type\":\"ListItem\",\"position\":3,\"name\":\"Aloe Vera Kl\u00e4rendes Gesichtswasser\"}]},{\"@type\":\"WebSite\",\"@id\":\"https:\\\/\\\/www.lraloeverashop.eu\\\/de\\\/#website\",\"url\":\"https:\\\/\\\/www.lraloeverashop.eu\\\/de\\\/\",\"name\":\"Lr Aloe Vera Shop\",\"description\":\"High Quality Lr Aloe Vera Gel, Aloe Vera Cream and Shampoo\",\"publisher\":{\"@id\":\"https:\\\/\\\/www.lraloeverashop.eu\\\/de\\\/#organization\"},\"potentialAction\":[{\"@type\":\"SearchAction\",\"target\":{\"@type\":\"EntryPoint\",\"urlTemplate\":\"https:\\\/\\\/www.lraloeverashop.eu\\\/de\\\/?s={search_term_string}\"},\"query-input\":{\"@type\":\"PropertyValueSpecification\",\"valueRequired\":true,\"valueName\":\"search_term_string\"}}],\"inLanguage\":\"de\"},{\"@type\":\"Organization\",\"@id\":\"https:\\\/\\\/www.lraloeverashop.eu\\\/de\\\/#organization\",\"name\":\"Lr Aloe Vera Shop\",\"alternateName\":\"LR\",\"url\":\"https:\\\/\\\/www.lraloeverashop.eu\\\/de\\\/\",\"logo\":{\"@type\":\"ImageObject\",\"inLanguage\":\"de\",\"@id\":\"https:\\\/\\\/www.lraloeverashop.eu\\\/de\\\/#\\\/schema\\\/logo\\\/image\\\/\",\"url\":\"https:\\\/\\\/www.lraloeverashop.eu\\\/wp-content\\\/uploads\\\/2022\\\/09\\\/cropped-Lr-Aloe-Vera-Shop.jpg\",\"contentUrl\":\"https:\\\/\\\/www.lraloeverashop.eu\\\/wp-content\\\/uploads\\\/2022\\\/09\\\/cropped-Lr-Aloe-Vera-Shop.jpg\",\"width\":228,\"height\":76,\"caption\":\"Lr Aloe Vera Shop\"},\"image\":{\"@id\":\"https:\\\/\\\/www.lraloeverashop.eu\\\/de\\\/#\\\/schema\\\/logo\\\/image\\\/\"},\"sameAs\":[\"https:\\\/\\\/www.facebook.com\\\/lraloeverashop.eu\",\"https:\\\/\\\/x.com\\\/natur__kosmetik\",\"https:\\\/\\\/www.youtube.com\\\/channel\\\/UC5oN7BJ8nfYb8RpVtjwDEBA\",\"https:\\\/\\\/www.instagram.com\\\/lrbeautyeu\\\/\"],\"description\":\"LR Aloe Vera Shop ist Ihre vertrauensw\u00fcrdige Adresse f\u00fcr hochwertige LR Health & Beauty Produkte aus Deutschland. Wir bieten Ihnen erstklassige Aloe Vera Hautpflege, N\u00e4hrstoffe und Anti-Aging-Produkte mit reinen Inhaltsstoffen, die auf wissenschaftlichen Erkenntnissen basieren. Entdecken Sie nat\u00fcrliche Pflege, die Ihre Haut regeneriert, sch\u00fctzt und revitalisiert \u2013 und profitieren Sie von exklusiven Monatsangeboten auf unsere Bestseller von LR Aloe Vera. Starten Sie noch heute Ihre Reise zu nat\u00fcrlicher Hautpflege und sp\u00fcren Sie den Unterschied.\",\"email\":\"info@lraloeverashop.eu\",\"telephone\":\"+49 17670609653\",\"legalName\":\"Lr Aloe Vera Shop\",\"foundingDate\":\"2018-04-21\",\"numberOfEmployees\":{\"@type\":\"QuantitativeValue\",\"minValue\":\"1\",\"maxValue\":\"10\"}}]}<\/script>\n<meta property=\"product:price:amount\" content=\"12.99\" \/>\n<meta property=\"product:price:currency\" content=\"EUR\" \/>\n<meta property=\"og:availability\" content=\"instock\" \/>\n<meta property=\"product:availability\" content=\"instock\" \/>\n<meta property=\"product:retailer_item_id\" content=\"20671-201DE\" \/>\n<meta property=\"product:condition\" content=\"new\" \/>\n<!-- \/ Yoast SEO Premium plugin. -->","yoast_head_json":{"title":"Aloe Vera Kl\u00e4rendes Gesichtswasser reinigt und revitalisiert Haut","description":"Aloe Vera Kl\u00e4rendes Gesichtswasser reinigt die Haut effektiv und bereitet sie auf die n\u00e4chsten Schritte Ihrer t\u00e4glichen Pflegeroutine vor. Mit 50% Aloe Vera","robots":{"index":"index","follow":"follow","max-snippet":"max-snippet:-1","max-image-preview":"max-image-preview:large","max-video-preview":"max-video-preview:-1"},"canonical":"https:\/\/www.lraloeverashop.eu\/de\/produkt\/aloe-vera-klaerendes-gesichtswasser\/","og_locale":"de_DE","og_type":"article","og_title":"Aloe Vera Kl\u00e4rendes Gesichtswasser","og_description":"Aloe Vera Kl\u00e4rendes Gesichtswasser reinigt die Haut effektiv und bereitet sie auf die n\u00e4chsten Schritte Ihrer t\u00e4glichen Pflegeroutine vor. Mit 50% Aloe Vera","og_url":"https:\/\/www.lraloeverashop.eu\/de\/produkt\/aloe-vera-klaerendes-gesichtswasser\/","og_site_name":"Lr Aloe Vera Shop","article_publisher":"https:\/\/www.facebook.com\/lraloeverashop.eu","article_modified_time":"2026-02-03T18:13:11+00:00","og_image":[{"width":1200,"height":1200,"url":"https:\/\/www.lraloeverashop.eu\/wp-content\/uploads\/2022\/10\/Lr-Clarifying-Face-Tonic-With-Aloe-Vera.jpg","type":"image\/jpeg"}],"twitter_card":"summary_large_image","twitter_site":"@natur__kosmetik","schema":{"@context":"https:\/\/schema.org","@graph":[{"@type":["WebPage","ItemPage"],"@id":"https:\/\/www.lraloeverashop.eu\/de\/produkt\/aloe-vera-klaerendes-gesichtswasser\/","url":"https:\/\/www.lraloeverashop.eu\/de\/produkt\/aloe-vera-klaerendes-gesichtswasser\/","name":"Aloe Vera Kl\u00e4rendes Gesichtswasser reinigt und revitalisiert Haut","isPartOf":{"@id":"https:\/\/www.lraloeverashop.eu\/de\/#website"},"primaryImageOfPage":{"@id":"https:\/\/www.lraloeverashop.eu\/de\/produkt\/aloe-vera-klaerendes-gesichtswasser\/#primaryimage"},"image":{"@id":"https:\/\/www.lraloeverashop.eu\/de\/produkt\/aloe-vera-klaerendes-gesichtswasser\/#primaryimage"},"thumbnailUrl":"https:\/\/www.lraloeverashop.eu\/wp-content\/uploads\/2022\/10\/Lr-Clarifying-Face-Tonic-With-Aloe-Vera.jpg","datePublished":"2022-10-11T06:13:54+00:00","dateModified":"2026-02-03T18:13:11+00:00","description":"Aloe Vera Kl\u00e4rendes Gesichtswasser reinigt die Haut effektiv und bereitet sie auf die n\u00e4chsten Schritte Ihrer t\u00e4glichen Pflegeroutine vor. Mit 50% Aloe Vera","breadcrumb":{"@id":"https:\/\/www.lraloeverashop.eu\/de\/produkt\/aloe-vera-klaerendes-gesichtswasser\/#breadcrumb"},"inLanguage":"de","potentialAction":[{"@type":"ReadAction","target":["https:\/\/www.lraloeverashop.eu\/de\/produkt\/aloe-vera-klaerendes-gesichtswasser\/"]}]},{"@type":"ImageObject","inLanguage":"de","@id":"https:\/\/www.lraloeverashop.eu\/de\/produkt\/aloe-vera-klaerendes-gesichtswasser\/#primaryimage","url":"https:\/\/www.lraloeverashop.eu\/wp-content\/uploads\/2022\/10\/Lr-Clarifying-Face-Tonic-With-Aloe-Vera.jpg","contentUrl":"https:\/\/www.lraloeverashop.eu\/wp-content\/uploads\/2022\/10\/Lr-Clarifying-Face-Tonic-With-Aloe-Vera.jpg","width":1200,"height":1200,"caption":"Aloe Vera Kl\u00e4rendes Gesichtswasser reinigt, revitalisiert und befeuchtet die Haut"},{"@type":"BreadcrumbList","@id":"https:\/\/www.lraloeverashop.eu\/de\/produkt\/aloe-vera-klaerendes-gesichtswasser\/#breadcrumb","itemListElement":[{"@type":"ListItem","position":1,"name":"Home","item":"https:\/\/www.lraloeverashop.eu\/de\/"},{"@type":"ListItem","position":2,"name":"Shop","item":"https:\/\/www.lraloeverashop.eu\/de\/shop-2\/"},{"@type":"ListItem","position":3,"name":"Aloe Vera Kl\u00e4rendes Gesichtswasser"}]},{"@type":"WebSite","@id":"https:\/\/www.lraloeverashop.eu\/de\/#website","url":"https:\/\/www.lraloeverashop.eu\/de\/","name":"Lr Aloe Vera Shop","description":"High Quality Lr Aloe Vera Gel, Aloe Vera Cream and Shampoo","publisher":{"@id":"https:\/\/www.lraloeverashop.eu\/de\/#organization"},"potentialAction":[{"@type":"SearchAction","target":{"@type":"EntryPoint","urlTemplate":"https:\/\/www.lraloeverashop.eu\/de\/?s={search_term_string}"},"query-input":{"@type":"PropertyValueSpecification","valueRequired":true,"valueName":"search_term_string"}}],"inLanguage":"de"},{"@type":"Organization","@id":"https:\/\/www.lraloeverashop.eu\/de\/#organization","name":"Lr Aloe Vera Shop","alternateName":"LR","url":"https:\/\/www.lraloeverashop.eu\/de\/","logo":{"@type":"ImageObject","inLanguage":"de","@id":"https:\/\/www.lraloeverashop.eu\/de\/#\/schema\/logo\/image\/","url":"https:\/\/www.lraloeverashop.eu\/wp-content\/uploads\/2022\/09\/cropped-Lr-Aloe-Vera-Shop.jpg","contentUrl":"https:\/\/www.lraloeverashop.eu\/wp-content\/uploads\/2022\/09\/cropped-Lr-Aloe-Vera-Shop.jpg","width":228,"height":76,"caption":"Lr Aloe Vera Shop"},"image":{"@id":"https:\/\/www.lraloeverashop.eu\/de\/#\/schema\/logo\/image\/"},"sameAs":["https:\/\/www.facebook.com\/lraloeverashop.eu","https:\/\/x.com\/natur__kosmetik","https:\/\/www.youtube.com\/channel\/UC5oN7BJ8nfYb8RpVtjwDEBA","https:\/\/www.instagram.com\/lrbeautyeu\/"],"description":"LR Aloe Vera Shop ist Ihre vertrauensw\u00fcrdige Adresse f\u00fcr hochwertige LR Health & Beauty Produkte aus Deutschland. Wir bieten Ihnen erstklassige Aloe Vera Hautpflege, N\u00e4hrstoffe und Anti-Aging-Produkte mit reinen Inhaltsstoffen, die auf wissenschaftlichen Erkenntnissen basieren. Entdecken Sie nat\u00fcrliche Pflege, die Ihre Haut regeneriert, sch\u00fctzt und revitalisiert \u2013 und profitieren Sie von exklusiven Monatsangeboten auf unsere Bestseller von LR Aloe Vera. Starten Sie noch heute Ihre Reise zu nat\u00fcrlicher Hautpflege und sp\u00fcren Sie den Unterschied.","email":"info@lraloeverashop.eu","telephone":"+49 17670609653","legalName":"Lr Aloe Vera Shop","foundingDate":"2018-04-21","numberOfEmployees":{"@type":"QuantitativeValue","minValue":"1","maxValue":"10"}}]},"product_price_amount":"12.99","product_price_currency":"EUR","og_availability":"instock","product_availability":"instock","product_retailer_item_id":"20671-201DE","product_condition":"new"},"taxonomy_info":{"product_cat":[{"value":213,"label":"Aloe Vera"},{"value":238,"label":"Gesichtspflege"}],"product_tag":[{"value":650,"label":"Gesichtsreinigung"}]},"featured_image_src_large":["https:\/\/www.lraloeverashop.eu\/wp-content\/uploads\/2022\/10\/Lr-Clarifying-Face-Tonic-With-Aloe-Vera-1024x1024.jpg",1024,1024,true],"author_info":[],"comment_info":0,"_links":{"self":[{"href":"https:\/\/www.lraloeverashop.eu\/de\/wp-json\/wp\/v2\/product\/10309","targetHints":{"allow":["GET"]}}],"collection":[{"href":"https:\/\/www.lraloeverashop.eu\/de\/wp-json\/wp\/v2\/product"}],"about":[{"href":"https:\/\/www.lraloeverashop.eu\/de\/wp-json\/wp\/v2\/types\/product"}],"replies":[{"embeddable":true,"href":"https:\/\/www.lraloeverashop.eu\/de\/wp-json\/wp\/v2\/comments?post=10309"}],"wp:featuredmedia":[{"embeddable":true,"href":"https:\/\/www.lraloeverashop.eu\/de\/wp-json\/wp\/v2\/media\/5011"}],"wp:attachment":[{"href":"https:\/\/www.lraloeverashop.eu\/de\/wp-json\/wp\/v2\/media?parent=10309"}],"wp:term":[{"taxonomy":"product_brand","embeddable":true,"href":"https:\/\/www.lraloeverashop.eu\/de\/wp-json\/wp\/v2\/product_brand?post=10309"},{"taxonomy":"product_cat","embeddable":true,"href":"https:\/\/www.lraloeverashop.eu\/de\/wp-json\/wp\/v2\/product_cat?post=10309"},{"taxonomy":"product_tag","embeddable":true,"href":"https:\/\/www.lraloeverashop.eu\/de\/wp-json\/wp\/v2\/product_tag?post=10309"}],"curies":[{"name":"wp","href":"https:\/\/api.w.org\/{rel}","templated":true}]}}