{"id":10255,"date":"2022-10-11T11:40:01","date_gmt":"2022-10-11T09:40:01","guid":{"rendered":"https:\/\/www.lraloeverashop.eu\/product\/aloe-vera-baby-sensitive-gesichts-koerperlotion\/"},"modified":"2026-02-03T19:12:19","modified_gmt":"2026-02-03T18:12:19","slug":"aloe-vera-baby-sensitive-gesichts-koerperlotion","status":"publish","type":"product","link":"https:\/\/www.lraloeverashop.eu\/de\/produkt\/aloe-vera-baby-sensitive-gesichts-koerperlotion\/","title":{"rendered":"Gesichtscreme F\u00fcr Babys Aloe Vera"},"content":{"rendered":"<h2><span style=\"font-size: 16pt;\"><strong>Gesichtscreme F\u00fcr Babys Aloe Vera<\/strong><\/span><\/h2>\n<p><span style=\"font-size: 14pt;\"><strong>Gesichtscreme F\u00fcr Babys mit 40% Aloe Vera und Calendula Extrakt<\/strong><\/span><\/p>\n<p>Die Haut eines Babys ist empfindlicher als die der erwachsenen Haut. Es braucht besondere Pflege, um es empfindlich und widerstandsf\u00e4hig zu halten. Die milde LR Aloe Vera Baby Sensitive Gesichts- und K\u00f6rperlotion, mit 40% Aloe Vera, Bio-Calendula-Extrakt und Pantheonl, spendet der Haut Feuchtigkeit und unterst\u00fctzt die <a href=\"https:\/\/www.lraloeverashop.eu\/de\/produkt\/aloe-vera-gesichtscreme\/\">nat\u00fcrliche Hautbarriere<\/a>.<\/p>\n<p>&nbsp;<\/p>\n<h3><strong><span style=\"font-size: 16pt;\">Anwendung<\/span><\/strong><\/h3>\n<p>Tragen Sie die Gesichtscreme F\u00fcr Babys Aloe Vera t\u00e4glich nach Ihren baby Bed\u00fcrfnissen auf und sanft in die Haut einmassieren.<\/p>\n<p>&nbsp;<\/p>\n<h4><span style=\"font-size: 16pt;\">Wussten Sie schon?<\/span><\/h4>\n<p><strong>Aloe Vera<\/strong><br \/>\nAloe Vera ist eine W\u00fcstenlilie und gilt als \u201eAllrounder\u201c f\u00fcr die innere und \u00e4u\u00dfere Anwendung. Zum Beispiel wegen ihrer bekannten positiven Eigenschaften. Seine F\u00e4higkeit, Wasser sehr gut zu speichern, sowie seine \u00e4u\u00dferst positive Wirkung auf den K\u00f6rper, ist die Basis vieler <a href=\"https:\/\/www.lraloeverashop.eu\/de\/produkt-kategorie\/aloe-vera-de\/babypflege\/\">LR Produkte<\/a>. LR verwendet f\u00fcr seine Herstellung ausschlie\u00dflich Aloe Vera Barbadensis Miller.<br \/>\nIhr \u201eK\u00f6nnen\u201c hat sie schon fr\u00fch bewiesen: Nofretete und Cleopatra sollen eine Aloe-Paste zur Haut- und Sch\u00f6nheitspflege verwendet haben.<\/p>\n<p><strong>Calendula<\/strong><br \/>\nCalendula, die Ringelblume, ist in Mittel- und S\u00fcdeuropa, Westasien und den Vereinigten Staaten verbreitet. Ihre Fr\u00fcchte sind halbmondf\u00f6rmig bis beringt \u2013 daher der Name \u201eRingelblume\u201c.<br \/>\nDie Ringelblume wird seit der Antike zur <a href=\"https:\/\/www.lraloeverashop.eu\/de\/produkt\/aloe-vera-pflegende-reinigungstuecher\/\">Unterst\u00fctzung der Haut<\/a> verwendet. Ihre Wirkung ist vielf\u00e4ltig. Bei innerlicher Anwendung kann es beruhigend, entspannend und vitalisierend wirken. Bei \u00e4u\u00dferlicher Anwendung findet sich Ringelblume in Cremes, \u00d6len oder Tinkturen und kann bei einer Vielzahl von Hautirritationen eingesetzt werden.<\/p>\n","protected":false},"excerpt":{"rendered":"<ul>\n<li>Extra milde, leichte Creme f\u00fcr empfindliche Haut<\/li>\n<li>Enth\u00e4lt 40% Aloe Vera Gel, Bio-Calendula-Extrakt und Panthenol<\/li>\n<li>Unterst\u00fctzt die Hautbarriere und sch\u00fctzt vor Feuchtigkeitsverlust<\/li>\n<li>Spendet Feuchtigkeit, pflegt und beruhigt<\/li>\n<li>Ohne Parf\u00fcm<\/li>\n<li>Menge: 100 ml<\/li>\n<\/ul>\n<p><span style=\"color: #ff0000;\"><a style=\"color: #ff0000;\" href=\"https:\/\/shop.lrworld.com\/openpao?PHP=0vFlt7jT938BEnBI3a6e9w%3D%3D\"><span style=\"font-size: 14pt;\"><strong>Hier registrieren und dauerhaft 35\u202f% sparen<\/strong><\/span><\/a><\/span><\/p>\n","protected":false},"featured_media":5053,"comment_status":"open","ping_status":"closed","template":"","meta":{"_kad_blocks_custom_css":"","_kad_blocks_head_custom_js":"","_kad_blocks_body_custom_js":"","_kad_blocks_footer_custom_js":"","_kadence_starter_templates_imported_post":false,"_kad_post_transparent":"default","_kad_post_title":"","_kad_post_layout":"default","_kad_post_sidebar_id":"","_kad_post_content_style":"default","_kad_post_vertical_padding":"default","_kad_post_feature":"","_kad_post_feature_position":"","_kad_post_header":false,"_kad_post_footer":false,"_kad_post_classname":""},"product_brand":[],"product_cat":[213,219],"product_tag":[],"class_list":{"0":"post-10255","1":"product","2":"type-product","3":"status-publish","4":"has-post-thumbnail","6":"product_cat-aloe-vera-de","7":"product_cat-babypflege","9":"first","10":"outofstock","11":"taxable","12":"shipping-taxable","13":"purchasable","14":"product-type-simple","15":"entry","16":"content-bg","17":"loop-entry"},"yoast_head":"<!-- This site is optimized with the Yoast SEO Premium plugin v27.4 (Yoast SEO v27.4) - https:\/\/yoast.com\/product\/yoast-seo-premium-wordpress\/ -->\n<title>Gesichtscreme f\u00fcr Babys mit 40% Aloe Vera und Calendula Extrakt<\/title>\n<meta name=\"description\" content=\"Extra milde, leichte Gesichtscreme F\u00fcr Babys Aloe Vera f\u00fcr empfindliche Haut Unterst\u00fctzt die Hautbarriere und sch\u00fctzt vor Feuchtigkeitsverlust.\" \/>\n<meta name=\"robots\" content=\"index, follow, max-snippet:-1, max-image-preview:large, max-video-preview:-1\" \/>\n<link rel=\"canonical\" href=\"https:\/\/www.lraloeverashop.eu\/de\/produkt\/aloe-vera-baby-sensitive-gesichts-koerperlotion\/\" \/>\n<meta property=\"og:locale\" content=\"de_DE\" \/>\n<meta property=\"og:type\" content=\"article\" \/>\n<meta property=\"og:title\" content=\"Gesichtscreme F\u00fcr Babys Aloe Vera\" \/>\n<meta property=\"og:description\" content=\"Extra milde, leichte Gesichtscreme F\u00fcr Babys Aloe Vera f\u00fcr empfindliche Haut Unterst\u00fctzt die Hautbarriere und sch\u00fctzt vor Feuchtigkeitsverlust.\" \/>\n<meta property=\"og:url\" content=\"https:\/\/www.lraloeverashop.eu\/de\/produkt\/aloe-vera-baby-sensitive-gesichts-koerperlotion\/\" \/>\n<meta property=\"og:site_name\" content=\"Lr Aloe Vera Shop\" \/>\n<meta property=\"article:publisher\" content=\"https:\/\/www.facebook.com\/lraloeverashop.eu\" \/>\n<meta property=\"article:modified_time\" content=\"2026-02-03T18:12:19+00:00\" \/>\n<meta property=\"og:image\" content=\"https:\/\/www.lraloeverashop.eu\/wp-content\/uploads\/2022\/10\/Lr-baby-face-body-lotion.jpg\" \/>\n\t<meta property=\"og:image:width\" content=\"1200\" \/>\n\t<meta property=\"og:image:height\" content=\"1200\" \/>\n\t<meta property=\"og:image:type\" content=\"image\/jpeg\" \/>\n<meta name=\"twitter:card\" content=\"summary_large_image\" \/>\n<meta name=\"twitter:site\" content=\"@natur__kosmetik\" \/>\n<script type=\"application\/ld+json\" class=\"yoast-schema-graph\">{\"@context\":\"https:\\\/\\\/schema.org\",\"@graph\":[{\"@type\":[\"WebPage\",\"ItemPage\"],\"@id\":\"https:\\\/\\\/www.lraloeverashop.eu\\\/de\\\/produkt\\\/aloe-vera-baby-sensitive-gesichts-koerperlotion\\\/\",\"url\":\"https:\\\/\\\/www.lraloeverashop.eu\\\/de\\\/produkt\\\/aloe-vera-baby-sensitive-gesichts-koerperlotion\\\/\",\"name\":\"Gesichtscreme f\u00fcr Babys mit 40% Aloe Vera und Calendula Extrakt\",\"isPartOf\":{\"@id\":\"https:\\\/\\\/www.lraloeverashop.eu\\\/de\\\/#website\"},\"primaryImageOfPage\":{\"@id\":\"https:\\\/\\\/www.lraloeverashop.eu\\\/de\\\/produkt\\\/aloe-vera-baby-sensitive-gesichts-koerperlotion\\\/#primaryimage\"},\"image\":{\"@id\":\"https:\\\/\\\/www.lraloeverashop.eu\\\/de\\\/produkt\\\/aloe-vera-baby-sensitive-gesichts-koerperlotion\\\/#primaryimage\"},\"thumbnailUrl\":\"https:\\\/\\\/www.lraloeverashop.eu\\\/wp-content\\\/uploads\\\/2022\\\/10\\\/Lr-baby-face-body-lotion.jpg\",\"datePublished\":\"2022-10-11T09:40:01+00:00\",\"dateModified\":\"2026-02-03T18:12:19+00:00\",\"description\":\"Extra milde, leichte Gesichtscreme F\u00fcr Babys Aloe Vera f\u00fcr empfindliche Haut Unterst\u00fctzt die Hautbarriere und sch\u00fctzt vor Feuchtigkeitsverlust.\",\"breadcrumb\":{\"@id\":\"https:\\\/\\\/www.lraloeverashop.eu\\\/de\\\/produkt\\\/aloe-vera-baby-sensitive-gesichts-koerperlotion\\\/#breadcrumb\"},\"inLanguage\":\"de\",\"potentialAction\":[{\"@type\":\"ReadAction\",\"target\":[\"https:\\\/\\\/www.lraloeverashop.eu\\\/de\\\/produkt\\\/aloe-vera-baby-sensitive-gesichts-koerperlotion\\\/\"]}]},{\"@type\":\"ImageObject\",\"inLanguage\":\"de\",\"@id\":\"https:\\\/\\\/www.lraloeverashop.eu\\\/de\\\/produkt\\\/aloe-vera-baby-sensitive-gesichts-koerperlotion\\\/#primaryimage\",\"url\":\"https:\\\/\\\/www.lraloeverashop.eu\\\/wp-content\\\/uploads\\\/2022\\\/10\\\/Lr-baby-face-body-lotion.jpg\",\"contentUrl\":\"https:\\\/\\\/www.lraloeverashop.eu\\\/wp-content\\\/uploads\\\/2022\\\/10\\\/Lr-baby-face-body-lotion.jpg\",\"width\":1200,\"height\":1200,\"caption\":\"Gesichtscreme F\u00fcr Babys Aloe Vera f\u00fcr empfindliche Haut\"},{\"@type\":\"BreadcrumbList\",\"@id\":\"https:\\\/\\\/www.lraloeverashop.eu\\\/de\\\/produkt\\\/aloe-vera-baby-sensitive-gesichts-koerperlotion\\\/#breadcrumb\",\"itemListElement\":[{\"@type\":\"ListItem\",\"position\":1,\"name\":\"Home\",\"item\":\"https:\\\/\\\/www.lraloeverashop.eu\\\/de\\\/\"},{\"@type\":\"ListItem\",\"position\":2,\"name\":\"Shop\",\"item\":\"https:\\\/\\\/www.lraloeverashop.eu\\\/de\\\/shop-2\\\/\"},{\"@type\":\"ListItem\",\"position\":3,\"name\":\"Gesichtscreme F\u00fcr Babys Aloe Vera\"}]},{\"@type\":\"WebSite\",\"@id\":\"https:\\\/\\\/www.lraloeverashop.eu\\\/de\\\/#website\",\"url\":\"https:\\\/\\\/www.lraloeverashop.eu\\\/de\\\/\",\"name\":\"Lr Aloe Vera Shop\",\"description\":\"High Quality Lr Aloe Vera Gel, Aloe Vera Cream and Shampoo\",\"publisher\":{\"@id\":\"https:\\\/\\\/www.lraloeverashop.eu\\\/de\\\/#organization\"},\"potentialAction\":[{\"@type\":\"SearchAction\",\"target\":{\"@type\":\"EntryPoint\",\"urlTemplate\":\"https:\\\/\\\/www.lraloeverashop.eu\\\/de\\\/?s={search_term_string}\"},\"query-input\":{\"@type\":\"PropertyValueSpecification\",\"valueRequired\":true,\"valueName\":\"search_term_string\"}}],\"inLanguage\":\"de\"},{\"@type\":\"Organization\",\"@id\":\"https:\\\/\\\/www.lraloeverashop.eu\\\/de\\\/#organization\",\"name\":\"Lr Aloe Vera Shop\",\"alternateName\":\"LR\",\"url\":\"https:\\\/\\\/www.lraloeverashop.eu\\\/de\\\/\",\"logo\":{\"@type\":\"ImageObject\",\"inLanguage\":\"de\",\"@id\":\"https:\\\/\\\/www.lraloeverashop.eu\\\/de\\\/#\\\/schema\\\/logo\\\/image\\\/\",\"url\":\"https:\\\/\\\/www.lraloeverashop.eu\\\/wp-content\\\/uploads\\\/2022\\\/09\\\/cropped-Lr-Aloe-Vera-Shop.jpg\",\"contentUrl\":\"https:\\\/\\\/www.lraloeverashop.eu\\\/wp-content\\\/uploads\\\/2022\\\/09\\\/cropped-Lr-Aloe-Vera-Shop.jpg\",\"width\":228,\"height\":76,\"caption\":\"Lr Aloe Vera Shop\"},\"image\":{\"@id\":\"https:\\\/\\\/www.lraloeverashop.eu\\\/de\\\/#\\\/schema\\\/logo\\\/image\\\/\"},\"sameAs\":[\"https:\\\/\\\/www.facebook.com\\\/lraloeverashop.eu\",\"https:\\\/\\\/x.com\\\/natur__kosmetik\",\"https:\\\/\\\/www.youtube.com\\\/channel\\\/UC5oN7BJ8nfYb8RpVtjwDEBA\",\"https:\\\/\\\/www.instagram.com\\\/lrbeautyeu\\\/\"],\"description\":\"LR Aloe Vera Shop ist Ihre vertrauensw\u00fcrdige Adresse f\u00fcr hochwertige LR Health & Beauty Produkte aus Deutschland. Wir bieten Ihnen erstklassige Aloe Vera Hautpflege, N\u00e4hrstoffe und Anti-Aging-Produkte mit reinen Inhaltsstoffen, die auf wissenschaftlichen Erkenntnissen basieren. Entdecken Sie nat\u00fcrliche Pflege, die Ihre Haut regeneriert, sch\u00fctzt und revitalisiert \u2013 und profitieren Sie von exklusiven Monatsangeboten auf unsere Bestseller von LR Aloe Vera. Starten Sie noch heute Ihre Reise zu nat\u00fcrlicher Hautpflege und sp\u00fcren Sie den Unterschied.\",\"email\":\"info@lraloeverashop.eu\",\"telephone\":\"+49 17670609653\",\"legalName\":\"Lr Aloe Vera Shop\",\"foundingDate\":\"2018-04-21\",\"numberOfEmployees\":{\"@type\":\"QuantitativeValue\",\"minValue\":\"1\",\"maxValue\":\"10\"}}]}<\/script>\n<meta property=\"product:price:amount\" content=\"12.99\" \/>\n<meta property=\"product:price:currency\" content=\"EUR\" \/>\n<meta property=\"og:availability\" content=\"out of stock\" \/>\n<meta property=\"product:availability\" content=\"out of stock\" \/>\n<meta property=\"product:retailer_item_id\" content=\"20321-1DE\" \/>\n<meta property=\"product:condition\" content=\"new\" \/>\n<!-- \/ Yoast SEO Premium plugin. -->","yoast_head_json":{"title":"Gesichtscreme f\u00fcr Babys mit 40% Aloe Vera und Calendula Extrakt","description":"Extra milde, leichte Gesichtscreme F\u00fcr Babys Aloe Vera f\u00fcr empfindliche Haut Unterst\u00fctzt die Hautbarriere und sch\u00fctzt vor Feuchtigkeitsverlust.","robots":{"index":"index","follow":"follow","max-snippet":"max-snippet:-1","max-image-preview":"max-image-preview:large","max-video-preview":"max-video-preview:-1"},"canonical":"https:\/\/www.lraloeverashop.eu\/de\/produkt\/aloe-vera-baby-sensitive-gesichts-koerperlotion\/","og_locale":"de_DE","og_type":"article","og_title":"Gesichtscreme F\u00fcr Babys Aloe Vera","og_description":"Extra milde, leichte Gesichtscreme F\u00fcr Babys Aloe Vera f\u00fcr empfindliche Haut Unterst\u00fctzt die Hautbarriere und sch\u00fctzt vor Feuchtigkeitsverlust.","og_url":"https:\/\/www.lraloeverashop.eu\/de\/produkt\/aloe-vera-baby-sensitive-gesichts-koerperlotion\/","og_site_name":"Lr Aloe Vera Shop","article_publisher":"https:\/\/www.facebook.com\/lraloeverashop.eu","article_modified_time":"2026-02-03T18:12:19+00:00","og_image":[{"width":1200,"height":1200,"url":"https:\/\/www.lraloeverashop.eu\/wp-content\/uploads\/2022\/10\/Lr-baby-face-body-lotion.jpg","type":"image\/jpeg"}],"twitter_card":"summary_large_image","twitter_site":"@natur__kosmetik","schema":{"@context":"https:\/\/schema.org","@graph":[{"@type":["WebPage","ItemPage"],"@id":"https:\/\/www.lraloeverashop.eu\/de\/produkt\/aloe-vera-baby-sensitive-gesichts-koerperlotion\/","url":"https:\/\/www.lraloeverashop.eu\/de\/produkt\/aloe-vera-baby-sensitive-gesichts-koerperlotion\/","name":"Gesichtscreme f\u00fcr Babys mit 40% Aloe Vera und Calendula Extrakt","isPartOf":{"@id":"https:\/\/www.lraloeverashop.eu\/de\/#website"},"primaryImageOfPage":{"@id":"https:\/\/www.lraloeverashop.eu\/de\/produkt\/aloe-vera-baby-sensitive-gesichts-koerperlotion\/#primaryimage"},"image":{"@id":"https:\/\/www.lraloeverashop.eu\/de\/produkt\/aloe-vera-baby-sensitive-gesichts-koerperlotion\/#primaryimage"},"thumbnailUrl":"https:\/\/www.lraloeverashop.eu\/wp-content\/uploads\/2022\/10\/Lr-baby-face-body-lotion.jpg","datePublished":"2022-10-11T09:40:01+00:00","dateModified":"2026-02-03T18:12:19+00:00","description":"Extra milde, leichte Gesichtscreme F\u00fcr Babys Aloe Vera f\u00fcr empfindliche Haut Unterst\u00fctzt die Hautbarriere und sch\u00fctzt vor Feuchtigkeitsverlust.","breadcrumb":{"@id":"https:\/\/www.lraloeverashop.eu\/de\/produkt\/aloe-vera-baby-sensitive-gesichts-koerperlotion\/#breadcrumb"},"inLanguage":"de","potentialAction":[{"@type":"ReadAction","target":["https:\/\/www.lraloeverashop.eu\/de\/produkt\/aloe-vera-baby-sensitive-gesichts-koerperlotion\/"]}]},{"@type":"ImageObject","inLanguage":"de","@id":"https:\/\/www.lraloeverashop.eu\/de\/produkt\/aloe-vera-baby-sensitive-gesichts-koerperlotion\/#primaryimage","url":"https:\/\/www.lraloeverashop.eu\/wp-content\/uploads\/2022\/10\/Lr-baby-face-body-lotion.jpg","contentUrl":"https:\/\/www.lraloeverashop.eu\/wp-content\/uploads\/2022\/10\/Lr-baby-face-body-lotion.jpg","width":1200,"height":1200,"caption":"Gesichtscreme F\u00fcr Babys Aloe Vera f\u00fcr empfindliche Haut"},{"@type":"BreadcrumbList","@id":"https:\/\/www.lraloeverashop.eu\/de\/produkt\/aloe-vera-baby-sensitive-gesichts-koerperlotion\/#breadcrumb","itemListElement":[{"@type":"ListItem","position":1,"name":"Home","item":"https:\/\/www.lraloeverashop.eu\/de\/"},{"@type":"ListItem","position":2,"name":"Shop","item":"https:\/\/www.lraloeverashop.eu\/de\/shop-2\/"},{"@type":"ListItem","position":3,"name":"Gesichtscreme F\u00fcr Babys Aloe Vera"}]},{"@type":"WebSite","@id":"https:\/\/www.lraloeverashop.eu\/de\/#website","url":"https:\/\/www.lraloeverashop.eu\/de\/","name":"Lr Aloe Vera Shop","description":"High Quality Lr Aloe Vera Gel, Aloe Vera Cream and Shampoo","publisher":{"@id":"https:\/\/www.lraloeverashop.eu\/de\/#organization"},"potentialAction":[{"@type":"SearchAction","target":{"@type":"EntryPoint","urlTemplate":"https:\/\/www.lraloeverashop.eu\/de\/?s={search_term_string}"},"query-input":{"@type":"PropertyValueSpecification","valueRequired":true,"valueName":"search_term_string"}}],"inLanguage":"de"},{"@type":"Organization","@id":"https:\/\/www.lraloeverashop.eu\/de\/#organization","name":"Lr Aloe Vera Shop","alternateName":"LR","url":"https:\/\/www.lraloeverashop.eu\/de\/","logo":{"@type":"ImageObject","inLanguage":"de","@id":"https:\/\/www.lraloeverashop.eu\/de\/#\/schema\/logo\/image\/","url":"https:\/\/www.lraloeverashop.eu\/wp-content\/uploads\/2022\/09\/cropped-Lr-Aloe-Vera-Shop.jpg","contentUrl":"https:\/\/www.lraloeverashop.eu\/wp-content\/uploads\/2022\/09\/cropped-Lr-Aloe-Vera-Shop.jpg","width":228,"height":76,"caption":"Lr Aloe Vera Shop"},"image":{"@id":"https:\/\/www.lraloeverashop.eu\/de\/#\/schema\/logo\/image\/"},"sameAs":["https:\/\/www.facebook.com\/lraloeverashop.eu","https:\/\/x.com\/natur__kosmetik","https:\/\/www.youtube.com\/channel\/UC5oN7BJ8nfYb8RpVtjwDEBA","https:\/\/www.instagram.com\/lrbeautyeu\/"],"description":"LR Aloe Vera Shop ist Ihre vertrauensw\u00fcrdige Adresse f\u00fcr hochwertige LR Health & Beauty Produkte aus Deutschland. Wir bieten Ihnen erstklassige Aloe Vera Hautpflege, N\u00e4hrstoffe und Anti-Aging-Produkte mit reinen Inhaltsstoffen, die auf wissenschaftlichen Erkenntnissen basieren. Entdecken Sie nat\u00fcrliche Pflege, die Ihre Haut regeneriert, sch\u00fctzt und revitalisiert \u2013 und profitieren Sie von exklusiven Monatsangeboten auf unsere Bestseller von LR Aloe Vera. Starten Sie noch heute Ihre Reise zu nat\u00fcrlicher Hautpflege und sp\u00fcren Sie den Unterschied.","email":"info@lraloeverashop.eu","telephone":"+49 17670609653","legalName":"Lr Aloe Vera Shop","foundingDate":"2018-04-21","numberOfEmployees":{"@type":"QuantitativeValue","minValue":"1","maxValue":"10"}}]},"product_price_amount":"12.99","product_price_currency":"EUR","og_availability":"out of stock","product_availability":"out of stock","product_retailer_item_id":"20321-1DE","product_condition":"new"},"taxonomy_info":{"product_cat":[{"value":213,"label":"Aloe Vera"},{"value":219,"label":"Babypflege"}]},"featured_image_src_large":["https:\/\/www.lraloeverashop.eu\/wp-content\/uploads\/2022\/10\/Lr-baby-face-body-lotion-1024x1024.jpg",1024,1024,true],"author_info":[],"comment_info":0,"_links":{"self":[{"href":"https:\/\/www.lraloeverashop.eu\/de\/wp-json\/wp\/v2\/product\/10255","targetHints":{"allow":["GET"]}}],"collection":[{"href":"https:\/\/www.lraloeverashop.eu\/de\/wp-json\/wp\/v2\/product"}],"about":[{"href":"https:\/\/www.lraloeverashop.eu\/de\/wp-json\/wp\/v2\/types\/product"}],"replies":[{"embeddable":true,"href":"https:\/\/www.lraloeverashop.eu\/de\/wp-json\/wp\/v2\/comments?post=10255"}],"wp:featuredmedia":[{"embeddable":true,"href":"https:\/\/www.lraloeverashop.eu\/de\/wp-json\/wp\/v2\/media\/5053"}],"wp:attachment":[{"href":"https:\/\/www.lraloeverashop.eu\/de\/wp-json\/wp\/v2\/media?parent=10255"}],"wp:term":[{"taxonomy":"product_brand","embeddable":true,"href":"https:\/\/www.lraloeverashop.eu\/de\/wp-json\/wp\/v2\/product_brand?post=10255"},{"taxonomy":"product_cat","embeddable":true,"href":"https:\/\/www.lraloeverashop.eu\/de\/wp-json\/wp\/v2\/product_cat?post=10255"},{"taxonomy":"product_tag","embeddable":true,"href":"https:\/\/www.lraloeverashop.eu\/de\/wp-json\/wp\/v2\/product_tag?post=10255"}],"curies":[{"name":"wp","href":"https:\/\/api.w.org\/{rel}","templated":true}]}}