{"id":10213,"date":"2022-10-11T12:04:10","date_gmt":"2022-10-11T10:04:10","guid":{"rendered":"https:\/\/www.lraloeverashop.eu\/product\/gesichtsreinigungsschaum-mit-aloe-vera\/"},"modified":"2026-02-03T19:11:42","modified_gmt":"2026-02-03T18:11:42","slug":"gesichtsreinigungsschaum-mit-aloe-vera","status":"publish","type":"product","link":"https:\/\/www.lraloeverashop.eu\/de\/produkt\/gesichtsreinigungsschaum-mit-aloe-vera\/","title":{"rendered":"Gesichtsreinigungsschaum Mit Aloe Vera"},"content":{"rendered":"<h2><span style=\"font-size: 16pt;\"><strong>Gesichtsreinigungsschaum Mit Aloe Vera<\/strong><\/span><\/h2>\n<p><span style=\"font-size: 14pt;\"><strong>Gesichtsreinigungsschaum mit Aloe Vera \u2013 Ihr Reinigungsritual f\u00fcr eine strahlende Haut<\/strong><\/span><\/p>\n<p>Der Reinigungsschaum f\u00fcr Gesicht mit Aloe Vera befreit Ihr Gesicht von Make-up, Schmutz und Stress! Es ist besonders geeignet f\u00fcr normale, fettige und Mischhaut.<br \/>\nWertvolle Inhaltsstoffe wie Aloe Vera Gel und Bio-Wildrosenextrakt sorgen f\u00fcr eine porentiefe Reinigung \u2013 ohne die Haut auszutrocknen \u2013 und versorgen sie mit <a href=\"https:\/\/www.lraloeverashop.eu\/de\/produkt\/aloe-vera-gesichtsreinigung\/\">Feuchtigkeit<\/a>.<\/p>\n<p><strong>INFO:<\/strong> Lr Aloe Vera ist die Pflegeserie mit wertvollen Wirkstoffen aus Aloe Vera Barbadensis Miller und weiteren ausgew\u00e4hlten nat\u00fcrlichen Inhaltsstoffen.<\/p>\n<p>&nbsp;<\/p>\n<h3><strong><span style=\"font-size: 16pt;\">Anwendung<\/span><\/strong><\/h3>\n<p>Tragen Sie den Gesichtsreinigungsschaum mit Aloe Vera morgens und abends auf, nachdem Sie Ihr Gesicht gr\u00fcndlich <a href=\"https:\/\/www.lraloeverashop.eu\/de\/produkt\/zeitgard-pro-gesichtsreinigungsburste\/\">gereinigt<\/a> haben. Tragen Sie es auf ein Wattepad auf und verteilen Sie es sanft \u00fcber Gesicht, Hals und Dekollet\u00e9. Augenpartie aussparen. Anschlie\u00dfend die <a href=\"https:\/\/www.lraloeverashop.eu\/de\/produkt\/aloe-vera-multi-aktive-tagescreme\/\">Aloe Vera Multi Active Tagescreme<\/a> oder die Aloe Vera Regenerierende Nachtcreme auftragen.<\/p>\n<p><strong>TIP:<\/strong> G\u00f6nnen Sie Ihrer Gesichtshaut zweimal pro Woche ein intensives Reinigungsritual! Das Lr Aloe Vera hautverfeinernde <a href=\"https:\/\/www.lraloeverashop.eu\/de\/produkt\/aloe-vera-hautverfeinerung-gesichtspeeling\/\">Gesichtspeeling<\/a> entfernt abgestorbene Hautsch\u00fcppchen, regt die Durchblutung an und verfeinert das Hautbild. Die Lr Aloe Vera Magic Bubble Mask spendet 95% mehr Feuchtigkeit und verbessert die Elastizit\u00e4t.<\/p>\n","protected":false},"excerpt":{"rendered":"<ul>\n<li>Sanfter Reinigungsschaum f\u00fcr normale, fettige und Mischhaut<\/li>\n<li>Mit 50 % Aloe Vera Gel und Bio-Wildrosenextrakt<\/li>\n<li>Reinigt sanft die Haut, entfernt Make-up und Schmutz<\/li>\n<li>Hinterl\u00e4sst die Haut erfrischt und revitalisiert, ohne sie auszutrocknen<\/li>\n<li>Menge: 150 ml<\/li>\n<\/ul>\n<p><span style=\"color: #ff0000;\"><a style=\"color: #ff0000;\" href=\"https:\/\/shop.lrworld.com\/openpao?PHP=0vFlt7jT938BEnBI3a6e9w%3D%3D\"><span style=\"font-size: 14pt;\"><strong>Hier registrieren und dauerhaft 35\u202f% sparen<\/strong><\/span><\/a><\/span><\/p>\n","protected":false},"featured_media":5725,"comment_status":"open","ping_status":"closed","template":"","meta":{"_kad_blocks_custom_css":"","_kad_blocks_head_custom_js":"","_kad_blocks_body_custom_js":"","_kad_blocks_footer_custom_js":"","_kadence_starter_templates_imported_post":false,"_kad_post_transparent":"default","_kad_post_title":"","_kad_post_layout":"default","_kad_post_sidebar_id":"","_kad_post_content_style":"default","_kad_post_vertical_padding":"default","_kad_post_feature":"","_kad_post_feature_position":"","_kad_post_header":false,"_kad_post_footer":false,"_kad_post_classname":""},"product_brand":[],"product_cat":[213,238],"product_tag":[650],"class_list":{"0":"post-10213","1":"product","2":"type-product","3":"status-publish","4":"has-post-thumbnail","6":"product_cat-aloe-vera-de","7":"product_cat-gesichtspflege","8":"product_tag-gesichtsreinigung","10":"first","11":"instock","12":"taxable","13":"shipping-taxable","14":"purchasable","15":"product-type-simple","16":"entry","17":"content-bg","18":"loop-entry"},"yoast_head":"<!-- This site is optimized with the Yoast SEO Premium plugin v27.4 (Yoast SEO v27.4) - https:\/\/yoast.com\/product\/yoast-seo-premium-wordpress\/ -->\n<title>Gesichtsreinigungsschaum mit Aloe Vera f\u00fcr eine strahlende Haut<\/title>\n<meta name=\"description\" content=\"Gesichtsreinigungsschaum mit Aloe Vera f\u00fcr normale, fettige und Mischhaut. Reinigt sanft die Haut, entfernt Make-up und Schmutz. Mit 50% Aloe Vera Gel\" \/>\n<meta name=\"robots\" content=\"index, follow, max-snippet:-1, max-image-preview:large, max-video-preview:-1\" \/>\n<link rel=\"canonical\" href=\"https:\/\/www.lraloeverashop.eu\/de\/produkt\/gesichtsreinigungsschaum-mit-aloe-vera\/\" \/>\n<meta property=\"og:locale\" content=\"de_DE\" \/>\n<meta property=\"og:type\" content=\"article\" \/>\n<meta property=\"og:title\" content=\"Gesichtsreinigungsschaum Mit Aloe Vera\" \/>\n<meta property=\"og:description\" content=\"Gesichtsreinigungsschaum mit Aloe Vera f\u00fcr normale, fettige und Mischhaut. Reinigt sanft die Haut, entfernt Make-up und Schmutz. Mit 50% Aloe Vera Gel\" \/>\n<meta property=\"og:url\" content=\"https:\/\/www.lraloeverashop.eu\/de\/produkt\/gesichtsreinigungsschaum-mit-aloe-vera\/\" \/>\n<meta property=\"og:site_name\" content=\"Lr Aloe Vera Shop\" \/>\n<meta property=\"article:publisher\" content=\"https:\/\/www.facebook.com\/lraloeverashop.eu\" \/>\n<meta property=\"article:modified_time\" content=\"2026-02-03T18:11:42+00:00\" \/>\n<meta property=\"og:image\" content=\"https:\/\/www.lraloeverashop.eu\/wp-content\/uploads\/2022\/10\/Aloe-Vera-Face-Cleansing-Foam.jpg\" \/>\n\t<meta property=\"og:image:width\" content=\"1200\" \/>\n\t<meta property=\"og:image:height\" content=\"1200\" \/>\n\t<meta property=\"og:image:type\" content=\"image\/jpeg\" \/>\n<meta name=\"twitter:card\" content=\"summary_large_image\" \/>\n<meta name=\"twitter:site\" content=\"@natur__kosmetik\" \/>\n<script type=\"application\/ld+json\" class=\"yoast-schema-graph\">{\"@context\":\"https:\\\/\\\/schema.org\",\"@graph\":[{\"@type\":[\"WebPage\",\"ItemPage\"],\"@id\":\"https:\\\/\\\/www.lraloeverashop.eu\\\/de\\\/produkt\\\/gesichtsreinigungsschaum-mit-aloe-vera\\\/\",\"url\":\"https:\\\/\\\/www.lraloeverashop.eu\\\/de\\\/produkt\\\/gesichtsreinigungsschaum-mit-aloe-vera\\\/\",\"name\":\"Gesichtsreinigungsschaum mit Aloe Vera f\u00fcr eine strahlende Haut\",\"isPartOf\":{\"@id\":\"https:\\\/\\\/www.lraloeverashop.eu\\\/de\\\/#website\"},\"primaryImageOfPage\":{\"@id\":\"https:\\\/\\\/www.lraloeverashop.eu\\\/de\\\/produkt\\\/gesichtsreinigungsschaum-mit-aloe-vera\\\/#primaryimage\"},\"image\":{\"@id\":\"https:\\\/\\\/www.lraloeverashop.eu\\\/de\\\/produkt\\\/gesichtsreinigungsschaum-mit-aloe-vera\\\/#primaryimage\"},\"thumbnailUrl\":\"https:\\\/\\\/www.lraloeverashop.eu\\\/wp-content\\\/uploads\\\/2022\\\/10\\\/Aloe-Vera-Face-Cleansing-Foam.jpg\",\"datePublished\":\"2022-10-11T10:04:10+00:00\",\"dateModified\":\"2026-02-03T18:11:42+00:00\",\"description\":\"Gesichtsreinigungsschaum mit Aloe Vera f\u00fcr normale, fettige und Mischhaut. Reinigt sanft die Haut, entfernt Make-up und Schmutz. Mit 50% Aloe Vera Gel\",\"breadcrumb\":{\"@id\":\"https:\\\/\\\/www.lraloeverashop.eu\\\/de\\\/produkt\\\/gesichtsreinigungsschaum-mit-aloe-vera\\\/#breadcrumb\"},\"inLanguage\":\"de\",\"potentialAction\":[{\"@type\":\"ReadAction\",\"target\":[\"https:\\\/\\\/www.lraloeverashop.eu\\\/de\\\/produkt\\\/gesichtsreinigungsschaum-mit-aloe-vera\\\/\"]}]},{\"@type\":\"ImageObject\",\"inLanguage\":\"de\",\"@id\":\"https:\\\/\\\/www.lraloeverashop.eu\\\/de\\\/produkt\\\/gesichtsreinigungsschaum-mit-aloe-vera\\\/#primaryimage\",\"url\":\"https:\\\/\\\/www.lraloeverashop.eu\\\/wp-content\\\/uploads\\\/2022\\\/10\\\/Aloe-Vera-Face-Cleansing-Foam.jpg\",\"contentUrl\":\"https:\\\/\\\/www.lraloeverashop.eu\\\/wp-content\\\/uploads\\\/2022\\\/10\\\/Aloe-Vera-Face-Cleansing-Foam.jpg\",\"width\":1200,\"height\":1200,\"caption\":\"Gesichtsreinigungsschaum mit 50 % Aloe Vera\"},{\"@type\":\"BreadcrumbList\",\"@id\":\"https:\\\/\\\/www.lraloeverashop.eu\\\/de\\\/produkt\\\/gesichtsreinigungsschaum-mit-aloe-vera\\\/#breadcrumb\",\"itemListElement\":[{\"@type\":\"ListItem\",\"position\":1,\"name\":\"Home\",\"item\":\"https:\\\/\\\/www.lraloeverashop.eu\\\/de\\\/\"},{\"@type\":\"ListItem\",\"position\":2,\"name\":\"Shop\",\"item\":\"https:\\\/\\\/www.lraloeverashop.eu\\\/de\\\/shop-2\\\/\"},{\"@type\":\"ListItem\",\"position\":3,\"name\":\"Gesichtsreinigungsschaum Mit Aloe Vera\"}]},{\"@type\":\"WebSite\",\"@id\":\"https:\\\/\\\/www.lraloeverashop.eu\\\/de\\\/#website\",\"url\":\"https:\\\/\\\/www.lraloeverashop.eu\\\/de\\\/\",\"name\":\"Lr Aloe Vera Shop\",\"description\":\"High Quality Lr Aloe Vera Gel, Aloe Vera Cream and Shampoo\",\"publisher\":{\"@id\":\"https:\\\/\\\/www.lraloeverashop.eu\\\/de\\\/#organization\"},\"potentialAction\":[{\"@type\":\"SearchAction\",\"target\":{\"@type\":\"EntryPoint\",\"urlTemplate\":\"https:\\\/\\\/www.lraloeverashop.eu\\\/de\\\/?s={search_term_string}\"},\"query-input\":{\"@type\":\"PropertyValueSpecification\",\"valueRequired\":true,\"valueName\":\"search_term_string\"}}],\"inLanguage\":\"de\"},{\"@type\":\"Organization\",\"@id\":\"https:\\\/\\\/www.lraloeverashop.eu\\\/de\\\/#organization\",\"name\":\"Lr Aloe Vera Shop\",\"alternateName\":\"LR\",\"url\":\"https:\\\/\\\/www.lraloeverashop.eu\\\/de\\\/\",\"logo\":{\"@type\":\"ImageObject\",\"inLanguage\":\"de\",\"@id\":\"https:\\\/\\\/www.lraloeverashop.eu\\\/de\\\/#\\\/schema\\\/logo\\\/image\\\/\",\"url\":\"https:\\\/\\\/www.lraloeverashop.eu\\\/wp-content\\\/uploads\\\/2022\\\/09\\\/cropped-Lr-Aloe-Vera-Shop.jpg\",\"contentUrl\":\"https:\\\/\\\/www.lraloeverashop.eu\\\/wp-content\\\/uploads\\\/2022\\\/09\\\/cropped-Lr-Aloe-Vera-Shop.jpg\",\"width\":228,\"height\":76,\"caption\":\"Lr Aloe Vera Shop\"},\"image\":{\"@id\":\"https:\\\/\\\/www.lraloeverashop.eu\\\/de\\\/#\\\/schema\\\/logo\\\/image\\\/\"},\"sameAs\":[\"https:\\\/\\\/www.facebook.com\\\/lraloeverashop.eu\",\"https:\\\/\\\/x.com\\\/natur__kosmetik\",\"https:\\\/\\\/www.youtube.com\\\/channel\\\/UC5oN7BJ8nfYb8RpVtjwDEBA\",\"https:\\\/\\\/www.instagram.com\\\/lrbeautyeu\\\/\"],\"description\":\"LR Aloe Vera Shop ist Ihre vertrauensw\u00fcrdige Adresse f\u00fcr hochwertige LR Health & Beauty Produkte aus Deutschland. Wir bieten Ihnen erstklassige Aloe Vera Hautpflege, N\u00e4hrstoffe und Anti-Aging-Produkte mit reinen Inhaltsstoffen, die auf wissenschaftlichen Erkenntnissen basieren. Entdecken Sie nat\u00fcrliche Pflege, die Ihre Haut regeneriert, sch\u00fctzt und revitalisiert \u2013 und profitieren Sie von exklusiven Monatsangeboten auf unsere Bestseller von LR Aloe Vera. Starten Sie noch heute Ihre Reise zu nat\u00fcrlicher Hautpflege und sp\u00fcren Sie den Unterschied.\",\"email\":\"info@lraloeverashop.eu\",\"telephone\":\"+49 17670609653\",\"legalName\":\"Lr Aloe Vera Shop\",\"foundingDate\":\"2018-04-21\",\"numberOfEmployees\":{\"@type\":\"QuantitativeValue\",\"minValue\":\"1\",\"maxValue\":\"10\"}}]}<\/script>\n<meta property=\"product:price:amount\" content=\"10.79\" \/>\n<meta property=\"product:price:currency\" content=\"EUR\" \/>\n<meta property=\"og:availability\" content=\"instock\" \/>\n<meta property=\"product:availability\" content=\"instock\" \/>\n<meta property=\"product:retailer_item_id\" content=\"20813-1DE\" \/>\n<meta property=\"product:condition\" content=\"new\" \/>\n<!-- \/ Yoast SEO Premium plugin. -->","yoast_head_json":{"title":"Gesichtsreinigungsschaum mit Aloe Vera f\u00fcr eine strahlende Haut","description":"Gesichtsreinigungsschaum mit Aloe Vera f\u00fcr normale, fettige und Mischhaut. Reinigt sanft die Haut, entfernt Make-up und Schmutz. Mit 50% Aloe Vera Gel","robots":{"index":"index","follow":"follow","max-snippet":"max-snippet:-1","max-image-preview":"max-image-preview:large","max-video-preview":"max-video-preview:-1"},"canonical":"https:\/\/www.lraloeverashop.eu\/de\/produkt\/gesichtsreinigungsschaum-mit-aloe-vera\/","og_locale":"de_DE","og_type":"article","og_title":"Gesichtsreinigungsschaum Mit Aloe Vera","og_description":"Gesichtsreinigungsschaum mit Aloe Vera f\u00fcr normale, fettige und Mischhaut. Reinigt sanft die Haut, entfernt Make-up und Schmutz. Mit 50% Aloe Vera Gel","og_url":"https:\/\/www.lraloeverashop.eu\/de\/produkt\/gesichtsreinigungsschaum-mit-aloe-vera\/","og_site_name":"Lr Aloe Vera Shop","article_publisher":"https:\/\/www.facebook.com\/lraloeverashop.eu","article_modified_time":"2026-02-03T18:11:42+00:00","og_image":[{"width":1200,"height":1200,"url":"https:\/\/www.lraloeverashop.eu\/wp-content\/uploads\/2022\/10\/Aloe-Vera-Face-Cleansing-Foam.jpg","type":"image\/jpeg"}],"twitter_card":"summary_large_image","twitter_site":"@natur__kosmetik","schema":{"@context":"https:\/\/schema.org","@graph":[{"@type":["WebPage","ItemPage"],"@id":"https:\/\/www.lraloeverashop.eu\/de\/produkt\/gesichtsreinigungsschaum-mit-aloe-vera\/","url":"https:\/\/www.lraloeverashop.eu\/de\/produkt\/gesichtsreinigungsschaum-mit-aloe-vera\/","name":"Gesichtsreinigungsschaum mit Aloe Vera f\u00fcr eine strahlende Haut","isPartOf":{"@id":"https:\/\/www.lraloeverashop.eu\/de\/#website"},"primaryImageOfPage":{"@id":"https:\/\/www.lraloeverashop.eu\/de\/produkt\/gesichtsreinigungsschaum-mit-aloe-vera\/#primaryimage"},"image":{"@id":"https:\/\/www.lraloeverashop.eu\/de\/produkt\/gesichtsreinigungsschaum-mit-aloe-vera\/#primaryimage"},"thumbnailUrl":"https:\/\/www.lraloeverashop.eu\/wp-content\/uploads\/2022\/10\/Aloe-Vera-Face-Cleansing-Foam.jpg","datePublished":"2022-10-11T10:04:10+00:00","dateModified":"2026-02-03T18:11:42+00:00","description":"Gesichtsreinigungsschaum mit Aloe Vera f\u00fcr normale, fettige und Mischhaut. Reinigt sanft die Haut, entfernt Make-up und Schmutz. Mit 50% Aloe Vera Gel","breadcrumb":{"@id":"https:\/\/www.lraloeverashop.eu\/de\/produkt\/gesichtsreinigungsschaum-mit-aloe-vera\/#breadcrumb"},"inLanguage":"de","potentialAction":[{"@type":"ReadAction","target":["https:\/\/www.lraloeverashop.eu\/de\/produkt\/gesichtsreinigungsschaum-mit-aloe-vera\/"]}]},{"@type":"ImageObject","inLanguage":"de","@id":"https:\/\/www.lraloeverashop.eu\/de\/produkt\/gesichtsreinigungsschaum-mit-aloe-vera\/#primaryimage","url":"https:\/\/www.lraloeverashop.eu\/wp-content\/uploads\/2022\/10\/Aloe-Vera-Face-Cleansing-Foam.jpg","contentUrl":"https:\/\/www.lraloeverashop.eu\/wp-content\/uploads\/2022\/10\/Aloe-Vera-Face-Cleansing-Foam.jpg","width":1200,"height":1200,"caption":"Gesichtsreinigungsschaum mit 50 % Aloe Vera"},{"@type":"BreadcrumbList","@id":"https:\/\/www.lraloeverashop.eu\/de\/produkt\/gesichtsreinigungsschaum-mit-aloe-vera\/#breadcrumb","itemListElement":[{"@type":"ListItem","position":1,"name":"Home","item":"https:\/\/www.lraloeverashop.eu\/de\/"},{"@type":"ListItem","position":2,"name":"Shop","item":"https:\/\/www.lraloeverashop.eu\/de\/shop-2\/"},{"@type":"ListItem","position":3,"name":"Gesichtsreinigungsschaum Mit Aloe Vera"}]},{"@type":"WebSite","@id":"https:\/\/www.lraloeverashop.eu\/de\/#website","url":"https:\/\/www.lraloeverashop.eu\/de\/","name":"Lr Aloe Vera Shop","description":"High Quality Lr Aloe Vera Gel, Aloe Vera Cream and Shampoo","publisher":{"@id":"https:\/\/www.lraloeverashop.eu\/de\/#organization"},"potentialAction":[{"@type":"SearchAction","target":{"@type":"EntryPoint","urlTemplate":"https:\/\/www.lraloeverashop.eu\/de\/?s={search_term_string}"},"query-input":{"@type":"PropertyValueSpecification","valueRequired":true,"valueName":"search_term_string"}}],"inLanguage":"de"},{"@type":"Organization","@id":"https:\/\/www.lraloeverashop.eu\/de\/#organization","name":"Lr Aloe Vera Shop","alternateName":"LR","url":"https:\/\/www.lraloeverashop.eu\/de\/","logo":{"@type":"ImageObject","inLanguage":"de","@id":"https:\/\/www.lraloeverashop.eu\/de\/#\/schema\/logo\/image\/","url":"https:\/\/www.lraloeverashop.eu\/wp-content\/uploads\/2022\/09\/cropped-Lr-Aloe-Vera-Shop.jpg","contentUrl":"https:\/\/www.lraloeverashop.eu\/wp-content\/uploads\/2022\/09\/cropped-Lr-Aloe-Vera-Shop.jpg","width":228,"height":76,"caption":"Lr Aloe Vera Shop"},"image":{"@id":"https:\/\/www.lraloeverashop.eu\/de\/#\/schema\/logo\/image\/"},"sameAs":["https:\/\/www.facebook.com\/lraloeverashop.eu","https:\/\/x.com\/natur__kosmetik","https:\/\/www.youtube.com\/channel\/UC5oN7BJ8nfYb8RpVtjwDEBA","https:\/\/www.instagram.com\/lrbeautyeu\/"],"description":"LR Aloe Vera Shop ist Ihre vertrauensw\u00fcrdige Adresse f\u00fcr hochwertige LR Health & Beauty Produkte aus Deutschland. Wir bieten Ihnen erstklassige Aloe Vera Hautpflege, N\u00e4hrstoffe und Anti-Aging-Produkte mit reinen Inhaltsstoffen, die auf wissenschaftlichen Erkenntnissen basieren. Entdecken Sie nat\u00fcrliche Pflege, die Ihre Haut regeneriert, sch\u00fctzt und revitalisiert \u2013 und profitieren Sie von exklusiven Monatsangeboten auf unsere Bestseller von LR Aloe Vera. Starten Sie noch heute Ihre Reise zu nat\u00fcrlicher Hautpflege und sp\u00fcren Sie den Unterschied.","email":"info@lraloeverashop.eu","telephone":"+49 17670609653","legalName":"Lr Aloe Vera Shop","foundingDate":"2018-04-21","numberOfEmployees":{"@type":"QuantitativeValue","minValue":"1","maxValue":"10"}}]},"product_price_amount":"10.79","product_price_currency":"EUR","og_availability":"instock","product_availability":"instock","product_retailer_item_id":"20813-1DE","product_condition":"new"},"taxonomy_info":{"product_cat":[{"value":213,"label":"Aloe Vera"},{"value":238,"label":"Gesichtspflege"}],"product_tag":[{"value":650,"label":"Gesichtsreinigung"}]},"featured_image_src_large":["https:\/\/www.lraloeverashop.eu\/wp-content\/uploads\/2022\/10\/Aloe-Vera-Face-Cleansing-Foam-1024x1024.jpg",1024,1024,true],"author_info":[],"comment_info":0,"_links":{"self":[{"href":"https:\/\/www.lraloeverashop.eu\/de\/wp-json\/wp\/v2\/product\/10213","targetHints":{"allow":["GET"]}}],"collection":[{"href":"https:\/\/www.lraloeverashop.eu\/de\/wp-json\/wp\/v2\/product"}],"about":[{"href":"https:\/\/www.lraloeverashop.eu\/de\/wp-json\/wp\/v2\/types\/product"}],"replies":[{"embeddable":true,"href":"https:\/\/www.lraloeverashop.eu\/de\/wp-json\/wp\/v2\/comments?post=10213"}],"wp:featuredmedia":[{"embeddable":true,"href":"https:\/\/www.lraloeverashop.eu\/de\/wp-json\/wp\/v2\/media\/5725"}],"wp:attachment":[{"href":"https:\/\/www.lraloeverashop.eu\/de\/wp-json\/wp\/v2\/media?parent=10213"}],"wp:term":[{"taxonomy":"product_brand","embeddable":true,"href":"https:\/\/www.lraloeverashop.eu\/de\/wp-json\/wp\/v2\/product_brand?post=10213"},{"taxonomy":"product_cat","embeddable":true,"href":"https:\/\/www.lraloeverashop.eu\/de\/wp-json\/wp\/v2\/product_cat?post=10213"},{"taxonomy":"product_tag","embeddable":true,"href":"https:\/\/www.lraloeverashop.eu\/de\/wp-json\/wp\/v2\/product_tag?post=10213"}],"curies":[{"name":"wp","href":"https:\/\/api.w.org\/{rel}","templated":true}]}}