{"id":10185,"date":"2022-10-11T18:49:47","date_gmt":"2022-10-11T16:49:47","guid":{"rendered":"https:\/\/www.lraloeverashop.eu\/product\/aloe-vera-trinkgel-pfirsich-6\/"},"modified":"2026-02-03T19:10:29","modified_gmt":"2026-02-03T18:10:29","slug":"aloe-vera-trinkgel-pfirsich-6","status":"publish","type":"product","link":"https:\/\/www.lraloeverashop.eu\/de\/produkt\/aloe-vera-trinkgel-pfirsich-6\/","title":{"rendered":"Aloe Vera Trinkgel Pfirsich 6er Set"},"content":{"rendered":"<h2><span style=\"font-size: 16pt;\"><strong>Aloe Vera Trinkgel Pfirsich 6er Set<\/strong><\/span><\/h2>\n<p><span style=\"font-size: 14pt;\"><strong>Aloe Vera Trinkgel Pfirsich 6er Set &#8211; Perfekt auch f\u00fcr Diabetes!<\/strong><\/span><\/p>\n<p>Aloe Vera Gel f\u00fcr trinken Pfirsich 6er Set ist eine positive Neuheit, besonders f\u00fcr Menschen mit Diabetes. Weil es weniger Kalorien enth\u00e4lt und es nicht l\u00e4nger notwendig ist, die \u00fcblichen Broteinheiten neu zu berechnen.<\/p>\n<p><strong><span style=\"font-size: 14pt;\">Lr Aloe Vera Trinkgel enth\u00e4lt nur 13,5 kJ!<\/span><\/strong><\/p>\n<p>F\u00fcr Diabetiker ist es wichtig, die Zuckermenge in der t\u00e4glichen Ern\u00e4hrung niedrig und unter Kontrolle zu halten, um den Insulinspiegel im Blut so konstant wie m\u00f6glich zu halten. Aber auch heute achten viele gesundheitsbewusste Menschen darauf, ihren Zuckerkonsum zu reduzieren. Genau f\u00fcr diese Zielgruppe hat LR das <a href=\"https:\/\/www.lraloeverashop.eu\/de\/produkt\/aloe-vera-trinkgel-pfirsich-3\/\">Aloe Vera Drinking Gel mit Pfirsicharoma<\/a> entwickelt.<\/p>\n<p>Aloe Vera Trinkgel mit Pfirsicharoma, besteht fast ausschlie\u00dflich aus reinem Aloe Vera Blattgel.<\/p>\n<p>&nbsp;<\/p>\n<h3><span style=\"font-size: 16pt;\"><strong>Wie benutzt man Aloe Vera gel f\u00fcr trinken<\/strong><\/span><\/h3>\n<p>3 x t\u00e4glich 30 ml Aloe Vera Drinking Gel Pfirsich Geschmack, am besten vor den Mahlzeiten (evtl. mit Wasser oder Fruchtsaft verd\u00fcnnen).<\/p>\n<p>Rezeptidee: Trinke das <a href=\"https:\/\/www.lraloeverashop.eu\/de\/produkt\/aloe-vera-trinkgel-pfirsich\/\">Aloe Vera Drinking Gel Pfirsich<\/a> Geschmack mit einem Glas Fruchtsaft deiner Wahl, oder mische das Gel zusammen mit Joghurt, Obst und etwas M\u00fcsli zu einem gesunden Fr\u00fchst\u00fcck.<\/p>\n<p><a href=\"https:\/\/www.lraloeverashop.eu\/de\/produkt\/aloe-vera-trinkgel-immune-plus\/\">Aloe Vera Drink<\/a> vor Gebrauch sch\u00fctteln. Nach dem \u00d6ffnen im K\u00fchlschrank aufbewahren und z\u00fcgig verbrauchen. Die angegebene, empfohlene t\u00e4gliche Verzehrmenge darf nicht \u00fcberschritten werden. Nahrungserg\u00e4nzungsmittel sind kein Ersatz f\u00fcr eine abwechslungsreiche und ausgewogene Ern\u00e4hrung, die zusammen mit einer <a href=\"https:\/\/www.lraloeverashop.eu\/de\/produkt\/aloe-vera-trinkgel-honig\/\">gesunden Lebensweise<\/a> von Bedeutung ist.<\/p>\n<p>Produkt au\u00dferhalb der Reichweite von kleinen Kindern aufbewahren.<\/p>\n<p>Lesen sie mehr \u00fcber <a href=\"https:\/\/www.lraloeverashop.eu\/de\/aloe-vera-zum-trinken-von-lr-health-beauty\/\">Lr Aloe Vera Gel<\/a> von Lr Health &amp; Beauty<\/p>\n","protected":false},"excerpt":{"rendered":"<ul>\n<li>Besteht aus 98% reinem Aloe Vera Gel<\/li>\n<li>Deckt 100% der empfohlenen t\u00e4glichen Dosis an Vitamin C<\/li>\n<li>Besonders schonende Herstellung<\/li>\n<li>Geeignet auch f\u00fcr Diabetes<\/li>\n<li>Menge: 6 x 1000 ml<\/li>\n<\/ul>\n<p><span style=\"color: #ff0000;\"><a style=\"color: #ff0000;\" href=\"https:\/\/shop.lrworld.com\/openpao?PHP=0vFlt7jT938BEnBI3a6e9w%3D%3D\"><span style=\"font-size: 14pt;\"><strong>Hier registrieren und dauerhaft 35\u202f% sparen<\/strong><\/span><\/a><\/span><\/p>\n","protected":false},"featured_media":5359,"comment_status":"open","ping_status":"closed","template":"","meta":{"_kad_blocks_custom_css":"","_kad_blocks_head_custom_js":"","_kad_blocks_body_custom_js":"","_kad_blocks_footer_custom_js":"","_kadence_starter_templates_imported_post":false,"_kad_post_transparent":"default","_kad_post_title":"","_kad_post_layout":"default","_kad_post_sidebar_id":"","_kad_post_content_style":"default","_kad_post_vertical_padding":"default","_kad_post_feature":"","_kad_post_feature_position":"","_kad_post_header":false,"_kad_post_footer":false,"_kad_post_classname":""},"product_brand":[],"product_cat":[292,399,435,462,465],"product_tag":[592],"class_list":{"0":"post-10185","1":"product","2":"type-product","3":"status-publish","4":"has-post-thumbnail","6":"product_cat-trinkgele","7":"product_cat-basis","8":"product_cat-darm-verdauung","9":"product_cat-sparen-im-set","10":"product_cat-spezial-ernahrung","11":"product_tag-detox-getraenke","13":"first","14":"instock","15":"taxable","16":"shipping-taxable","17":"purchasable","18":"product-type-simple","19":"entry","20":"content-bg","21":"loop-entry"},"yoast_head":"<!-- This site is optimized with the Yoast SEO Premium plugin v27.4 (Yoast SEO v27.4) - https:\/\/yoast.com\/product\/yoast-seo-premium-wordpress\/ -->\n<title>Aloe Vera Trinkgel Pfirsich 6er Set - Perfekt auch f\u00fcr Diabetes!<\/title>\n<meta name=\"description\" content=\"Aloe Vera Trinkgel Pfirsich 6er Set besteht zu 98% aus reinem Aloe Vera Gel. Besonders schonende Herstellung. Es enth\u00e4lt nur 13,5 kJ.\" \/>\n<meta name=\"robots\" content=\"index, follow, max-snippet:-1, max-image-preview:large, max-video-preview:-1\" \/>\n<link rel=\"canonical\" href=\"https:\/\/www.lraloeverashop.eu\/de\/produkt\/aloe-vera-trinkgel-pfirsich-6\/\" \/>\n<meta property=\"og:locale\" content=\"de_DE\" \/>\n<meta property=\"og:type\" content=\"article\" \/>\n<meta property=\"og:title\" content=\"Aloe Vera Trinkgel Pfirsich 6er Set\" \/>\n<meta property=\"og:description\" content=\"Aloe Vera Trinkgel Pfirsich 6er Set besteht zu 98% aus reinem Aloe Vera Gel. Besonders schonende Herstellung. Es enth\u00e4lt nur 13,5 kJ.\" \/>\n<meta property=\"og:url\" content=\"https:\/\/www.lraloeverashop.eu\/de\/produkt\/aloe-vera-trinkgel-pfirsich-6\/\" \/>\n<meta property=\"og:site_name\" content=\"Lr Aloe Vera Shop\" \/>\n<meta property=\"article:publisher\" content=\"https:\/\/www.facebook.com\/lraloeverashop.eu\" \/>\n<meta property=\"article:modified_time\" content=\"2026-02-03T18:10:29+00:00\" \/>\n<meta property=\"og:image\" content=\"https:\/\/www.lraloeverashop.eu\/wp-content\/uploads\/2022\/10\/Aloe-Vera-Drinking-Gel-Peach-6-Pcs-Set.jpg\" \/>\n\t<meta property=\"og:image:width\" content=\"1200\" \/>\n\t<meta property=\"og:image:height\" content=\"1200\" \/>\n\t<meta property=\"og:image:type\" content=\"image\/jpeg\" \/>\n<meta name=\"twitter:card\" content=\"summary_large_image\" \/>\n<meta name=\"twitter:site\" content=\"@natur__kosmetik\" \/>\n<script type=\"application\/ld+json\" class=\"yoast-schema-graph\">{\"@context\":\"https:\\\/\\\/schema.org\",\"@graph\":[{\"@type\":[\"WebPage\",\"ItemPage\"],\"@id\":\"https:\\\/\\\/www.lraloeverashop.eu\\\/de\\\/produkt\\\/aloe-vera-trinkgel-pfirsich-6\\\/\",\"url\":\"https:\\\/\\\/www.lraloeverashop.eu\\\/de\\\/produkt\\\/aloe-vera-trinkgel-pfirsich-6\\\/\",\"name\":\"Aloe Vera Trinkgel Pfirsich 6er Set - Perfekt auch f\u00fcr Diabetes!\",\"isPartOf\":{\"@id\":\"https:\\\/\\\/www.lraloeverashop.eu\\\/de\\\/#website\"},\"primaryImageOfPage\":{\"@id\":\"https:\\\/\\\/www.lraloeverashop.eu\\\/de\\\/produkt\\\/aloe-vera-trinkgel-pfirsich-6\\\/#primaryimage\"},\"image\":{\"@id\":\"https:\\\/\\\/www.lraloeverashop.eu\\\/de\\\/produkt\\\/aloe-vera-trinkgel-pfirsich-6\\\/#primaryimage\"},\"thumbnailUrl\":\"https:\\\/\\\/www.lraloeverashop.eu\\\/wp-content\\\/uploads\\\/2022\\\/10\\\/Aloe-Vera-Drinking-Gel-Peach-6-Pcs-Set.jpg\",\"datePublished\":\"2022-10-11T16:49:47+00:00\",\"dateModified\":\"2026-02-03T18:10:29+00:00\",\"description\":\"Aloe Vera Trinkgel Pfirsich 6er Set besteht zu 98% aus reinem Aloe Vera Gel. Besonders schonende Herstellung. Es enth\u00e4lt nur 13,5 kJ.\",\"breadcrumb\":{\"@id\":\"https:\\\/\\\/www.lraloeverashop.eu\\\/de\\\/produkt\\\/aloe-vera-trinkgel-pfirsich-6\\\/#breadcrumb\"},\"inLanguage\":\"de\",\"potentialAction\":[{\"@type\":\"ReadAction\",\"target\":[\"https:\\\/\\\/www.lraloeverashop.eu\\\/de\\\/produkt\\\/aloe-vera-trinkgel-pfirsich-6\\\/\"]}]},{\"@type\":\"ImageObject\",\"inLanguage\":\"de\",\"@id\":\"https:\\\/\\\/www.lraloeverashop.eu\\\/de\\\/produkt\\\/aloe-vera-trinkgel-pfirsich-6\\\/#primaryimage\",\"url\":\"https:\\\/\\\/www.lraloeverashop.eu\\\/wp-content\\\/uploads\\\/2022\\\/10\\\/Aloe-Vera-Drinking-Gel-Peach-6-Pcs-Set.jpg\",\"contentUrl\":\"https:\\\/\\\/www.lraloeverashop.eu\\\/wp-content\\\/uploads\\\/2022\\\/10\\\/Aloe-Vera-Drinking-Gel-Peach-6-Pcs-Set.jpg\",\"width\":1200,\"height\":1200,\"caption\":\"Aloe Vera Trinkgel Pfirsich besteht aus 98% reinem Aloe Vera Gel\"},{\"@type\":\"BreadcrumbList\",\"@id\":\"https:\\\/\\\/www.lraloeverashop.eu\\\/de\\\/produkt\\\/aloe-vera-trinkgel-pfirsich-6\\\/#breadcrumb\",\"itemListElement\":[{\"@type\":\"ListItem\",\"position\":1,\"name\":\"Home\",\"item\":\"https:\\\/\\\/www.lraloeverashop.eu\\\/de\\\/\"},{\"@type\":\"ListItem\",\"position\":2,\"name\":\"Shop\",\"item\":\"https:\\\/\\\/www.lraloeverashop.eu\\\/de\\\/shop-2\\\/\"},{\"@type\":\"ListItem\",\"position\":3,\"name\":\"Aloe Vera Trinkgel Pfirsich 6er Set\"}]},{\"@type\":\"WebSite\",\"@id\":\"https:\\\/\\\/www.lraloeverashop.eu\\\/de\\\/#website\",\"url\":\"https:\\\/\\\/www.lraloeverashop.eu\\\/de\\\/\",\"name\":\"Lr Aloe Vera Shop\",\"description\":\"High Quality Lr Aloe Vera Gel, Aloe Vera Cream and Shampoo\",\"publisher\":{\"@id\":\"https:\\\/\\\/www.lraloeverashop.eu\\\/de\\\/#organization\"},\"potentialAction\":[{\"@type\":\"SearchAction\",\"target\":{\"@type\":\"EntryPoint\",\"urlTemplate\":\"https:\\\/\\\/www.lraloeverashop.eu\\\/de\\\/?s={search_term_string}\"},\"query-input\":{\"@type\":\"PropertyValueSpecification\",\"valueRequired\":true,\"valueName\":\"search_term_string\"}}],\"inLanguage\":\"de\"},{\"@type\":\"Organization\",\"@id\":\"https:\\\/\\\/www.lraloeverashop.eu\\\/de\\\/#organization\",\"name\":\"Lr Aloe Vera Shop\",\"alternateName\":\"LR\",\"url\":\"https:\\\/\\\/www.lraloeverashop.eu\\\/de\\\/\",\"logo\":{\"@type\":\"ImageObject\",\"inLanguage\":\"de\",\"@id\":\"https:\\\/\\\/www.lraloeverashop.eu\\\/de\\\/#\\\/schema\\\/logo\\\/image\\\/\",\"url\":\"https:\\\/\\\/www.lraloeverashop.eu\\\/wp-content\\\/uploads\\\/2022\\\/09\\\/cropped-Lr-Aloe-Vera-Shop.jpg\",\"contentUrl\":\"https:\\\/\\\/www.lraloeverashop.eu\\\/wp-content\\\/uploads\\\/2022\\\/09\\\/cropped-Lr-Aloe-Vera-Shop.jpg\",\"width\":228,\"height\":76,\"caption\":\"Lr Aloe Vera Shop\"},\"image\":{\"@id\":\"https:\\\/\\\/www.lraloeverashop.eu\\\/de\\\/#\\\/schema\\\/logo\\\/image\\\/\"},\"sameAs\":[\"https:\\\/\\\/www.facebook.com\\\/lraloeverashop.eu\",\"https:\\\/\\\/x.com\\\/natur__kosmetik\",\"https:\\\/\\\/www.youtube.com\\\/channel\\\/UC5oN7BJ8nfYb8RpVtjwDEBA\",\"https:\\\/\\\/www.instagram.com\\\/lrbeautyeu\\\/\"],\"description\":\"LR Aloe Vera Shop ist Ihre vertrauensw\u00fcrdige Adresse f\u00fcr hochwertige LR Health & Beauty Produkte aus Deutschland. Wir bieten Ihnen erstklassige Aloe Vera Hautpflege, N\u00e4hrstoffe und Anti-Aging-Produkte mit reinen Inhaltsstoffen, die auf wissenschaftlichen Erkenntnissen basieren. Entdecken Sie nat\u00fcrliche Pflege, die Ihre Haut regeneriert, sch\u00fctzt und revitalisiert \u2013 und profitieren Sie von exklusiven Monatsangeboten auf unsere Bestseller von LR Aloe Vera. Starten Sie noch heute Ihre Reise zu nat\u00fcrlicher Hautpflege und sp\u00fcren Sie den Unterschied.\",\"email\":\"info@lraloeverashop.eu\",\"telephone\":\"+49 17670609653\",\"legalName\":\"Lr Aloe Vera Shop\",\"foundingDate\":\"2018-04-21\",\"numberOfEmployees\":{\"@type\":\"QuantitativeValue\",\"minValue\":\"1\",\"maxValue\":\"10\"}}]}<\/script>\n<meta property=\"product:price:amount\" content=\"223.99\" \/>\n<meta property=\"product:price:currency\" content=\"EUR\" \/>\n<meta property=\"og:availability\" content=\"instock\" \/>\n<meta property=\"product:availability\" content=\"instock\" \/>\n<meta property=\"product:retailer_item_id\" content=\"80756-480DE\" \/>\n<meta property=\"product:condition\" content=\"new\" \/>\n<!-- \/ Yoast SEO Premium plugin. -->","yoast_head_json":{"title":"Aloe Vera Trinkgel Pfirsich 6er Set - Perfekt auch f\u00fcr Diabetes!","description":"Aloe Vera Trinkgel Pfirsich 6er Set besteht zu 98% aus reinem Aloe Vera Gel. Besonders schonende Herstellung. Es enth\u00e4lt nur 13,5 kJ.","robots":{"index":"index","follow":"follow","max-snippet":"max-snippet:-1","max-image-preview":"max-image-preview:large","max-video-preview":"max-video-preview:-1"},"canonical":"https:\/\/www.lraloeverashop.eu\/de\/produkt\/aloe-vera-trinkgel-pfirsich-6\/","og_locale":"de_DE","og_type":"article","og_title":"Aloe Vera Trinkgel Pfirsich 6er Set","og_description":"Aloe Vera Trinkgel Pfirsich 6er Set besteht zu 98% aus reinem Aloe Vera Gel. Besonders schonende Herstellung. Es enth\u00e4lt nur 13,5 kJ.","og_url":"https:\/\/www.lraloeverashop.eu\/de\/produkt\/aloe-vera-trinkgel-pfirsich-6\/","og_site_name":"Lr Aloe Vera Shop","article_publisher":"https:\/\/www.facebook.com\/lraloeverashop.eu","article_modified_time":"2026-02-03T18:10:29+00:00","og_image":[{"width":1200,"height":1200,"url":"https:\/\/www.lraloeverashop.eu\/wp-content\/uploads\/2022\/10\/Aloe-Vera-Drinking-Gel-Peach-6-Pcs-Set.jpg","type":"image\/jpeg"}],"twitter_card":"summary_large_image","twitter_site":"@natur__kosmetik","schema":{"@context":"https:\/\/schema.org","@graph":[{"@type":["WebPage","ItemPage"],"@id":"https:\/\/www.lraloeverashop.eu\/de\/produkt\/aloe-vera-trinkgel-pfirsich-6\/","url":"https:\/\/www.lraloeverashop.eu\/de\/produkt\/aloe-vera-trinkgel-pfirsich-6\/","name":"Aloe Vera Trinkgel Pfirsich 6er Set - Perfekt auch f\u00fcr Diabetes!","isPartOf":{"@id":"https:\/\/www.lraloeverashop.eu\/de\/#website"},"primaryImageOfPage":{"@id":"https:\/\/www.lraloeverashop.eu\/de\/produkt\/aloe-vera-trinkgel-pfirsich-6\/#primaryimage"},"image":{"@id":"https:\/\/www.lraloeverashop.eu\/de\/produkt\/aloe-vera-trinkgel-pfirsich-6\/#primaryimage"},"thumbnailUrl":"https:\/\/www.lraloeverashop.eu\/wp-content\/uploads\/2022\/10\/Aloe-Vera-Drinking-Gel-Peach-6-Pcs-Set.jpg","datePublished":"2022-10-11T16:49:47+00:00","dateModified":"2026-02-03T18:10:29+00:00","description":"Aloe Vera Trinkgel Pfirsich 6er Set besteht zu 98% aus reinem Aloe Vera Gel. Besonders schonende Herstellung. Es enth\u00e4lt nur 13,5 kJ.","breadcrumb":{"@id":"https:\/\/www.lraloeverashop.eu\/de\/produkt\/aloe-vera-trinkgel-pfirsich-6\/#breadcrumb"},"inLanguage":"de","potentialAction":[{"@type":"ReadAction","target":["https:\/\/www.lraloeverashop.eu\/de\/produkt\/aloe-vera-trinkgel-pfirsich-6\/"]}]},{"@type":"ImageObject","inLanguage":"de","@id":"https:\/\/www.lraloeverashop.eu\/de\/produkt\/aloe-vera-trinkgel-pfirsich-6\/#primaryimage","url":"https:\/\/www.lraloeverashop.eu\/wp-content\/uploads\/2022\/10\/Aloe-Vera-Drinking-Gel-Peach-6-Pcs-Set.jpg","contentUrl":"https:\/\/www.lraloeverashop.eu\/wp-content\/uploads\/2022\/10\/Aloe-Vera-Drinking-Gel-Peach-6-Pcs-Set.jpg","width":1200,"height":1200,"caption":"Aloe Vera Trinkgel Pfirsich besteht aus 98% reinem Aloe Vera Gel"},{"@type":"BreadcrumbList","@id":"https:\/\/www.lraloeverashop.eu\/de\/produkt\/aloe-vera-trinkgel-pfirsich-6\/#breadcrumb","itemListElement":[{"@type":"ListItem","position":1,"name":"Home","item":"https:\/\/www.lraloeverashop.eu\/de\/"},{"@type":"ListItem","position":2,"name":"Shop","item":"https:\/\/www.lraloeverashop.eu\/de\/shop-2\/"},{"@type":"ListItem","position":3,"name":"Aloe Vera Trinkgel Pfirsich 6er Set"}]},{"@type":"WebSite","@id":"https:\/\/www.lraloeverashop.eu\/de\/#website","url":"https:\/\/www.lraloeverashop.eu\/de\/","name":"Lr Aloe Vera Shop","description":"High Quality Lr Aloe Vera Gel, Aloe Vera Cream and Shampoo","publisher":{"@id":"https:\/\/www.lraloeverashop.eu\/de\/#organization"},"potentialAction":[{"@type":"SearchAction","target":{"@type":"EntryPoint","urlTemplate":"https:\/\/www.lraloeverashop.eu\/de\/?s={search_term_string}"},"query-input":{"@type":"PropertyValueSpecification","valueRequired":true,"valueName":"search_term_string"}}],"inLanguage":"de"},{"@type":"Organization","@id":"https:\/\/www.lraloeverashop.eu\/de\/#organization","name":"Lr Aloe Vera Shop","alternateName":"LR","url":"https:\/\/www.lraloeverashop.eu\/de\/","logo":{"@type":"ImageObject","inLanguage":"de","@id":"https:\/\/www.lraloeverashop.eu\/de\/#\/schema\/logo\/image\/","url":"https:\/\/www.lraloeverashop.eu\/wp-content\/uploads\/2022\/09\/cropped-Lr-Aloe-Vera-Shop.jpg","contentUrl":"https:\/\/www.lraloeverashop.eu\/wp-content\/uploads\/2022\/09\/cropped-Lr-Aloe-Vera-Shop.jpg","width":228,"height":76,"caption":"Lr Aloe Vera Shop"},"image":{"@id":"https:\/\/www.lraloeverashop.eu\/de\/#\/schema\/logo\/image\/"},"sameAs":["https:\/\/www.facebook.com\/lraloeverashop.eu","https:\/\/x.com\/natur__kosmetik","https:\/\/www.youtube.com\/channel\/UC5oN7BJ8nfYb8RpVtjwDEBA","https:\/\/www.instagram.com\/lrbeautyeu\/"],"description":"LR Aloe Vera Shop ist Ihre vertrauensw\u00fcrdige Adresse f\u00fcr hochwertige LR Health & Beauty Produkte aus Deutschland. Wir bieten Ihnen erstklassige Aloe Vera Hautpflege, N\u00e4hrstoffe und Anti-Aging-Produkte mit reinen Inhaltsstoffen, die auf wissenschaftlichen Erkenntnissen basieren. Entdecken Sie nat\u00fcrliche Pflege, die Ihre Haut regeneriert, sch\u00fctzt und revitalisiert \u2013 und profitieren Sie von exklusiven Monatsangeboten auf unsere Bestseller von LR Aloe Vera. Starten Sie noch heute Ihre Reise zu nat\u00fcrlicher Hautpflege und sp\u00fcren Sie den Unterschied.","email":"info@lraloeverashop.eu","telephone":"+49 17670609653","legalName":"Lr Aloe Vera Shop","foundingDate":"2018-04-21","numberOfEmployees":{"@type":"QuantitativeValue","minValue":"1","maxValue":"10"}}]},"product_price_amount":"223.99","product_price_currency":"EUR","og_availability":"instock","product_availability":"instock","product_retailer_item_id":"80756-480DE","product_condition":"new"},"taxonomy_info":{"product_cat":[{"value":292,"label":"Aloe Vera Trinkgele"},{"value":399,"label":"Basis"},{"value":435,"label":"Darm &amp; Verdauung"},{"value":462,"label":"Sparen im set"},{"value":465,"label":"Spezialisten"}],"product_tag":[{"value":592,"label":"Detox-Getr\u00e4nke"}]},"featured_image_src_large":["https:\/\/www.lraloeverashop.eu\/wp-content\/uploads\/2022\/10\/Aloe-Vera-Drinking-Gel-Peach-6-Pcs-Set-1024x1024.jpg",1024,1024,true],"author_info":[],"comment_info":0,"_links":{"self":[{"href":"https:\/\/www.lraloeverashop.eu\/de\/wp-json\/wp\/v2\/product\/10185","targetHints":{"allow":["GET"]}}],"collection":[{"href":"https:\/\/www.lraloeverashop.eu\/de\/wp-json\/wp\/v2\/product"}],"about":[{"href":"https:\/\/www.lraloeverashop.eu\/de\/wp-json\/wp\/v2\/types\/product"}],"replies":[{"embeddable":true,"href":"https:\/\/www.lraloeverashop.eu\/de\/wp-json\/wp\/v2\/comments?post=10185"}],"wp:featuredmedia":[{"embeddable":true,"href":"https:\/\/www.lraloeverashop.eu\/de\/wp-json\/wp\/v2\/media\/5359"}],"wp:attachment":[{"href":"https:\/\/www.lraloeverashop.eu\/de\/wp-json\/wp\/v2\/media?parent=10185"}],"wp:term":[{"taxonomy":"product_brand","embeddable":true,"href":"https:\/\/www.lraloeverashop.eu\/de\/wp-json\/wp\/v2\/product_brand?post=10185"},{"taxonomy":"product_cat","embeddable":true,"href":"https:\/\/www.lraloeverashop.eu\/de\/wp-json\/wp\/v2\/product_cat?post=10185"},{"taxonomy":"product_tag","embeddable":true,"href":"https:\/\/www.lraloeverashop.eu\/de\/wp-json\/wp\/v2\/product_tag?post=10185"}],"curies":[{"name":"wp","href":"https:\/\/api.w.org\/{rel}","templated":true}]}}