{"id":10110,"date":"2022-10-11T16:14:59","date_gmt":"2022-10-11T14:14:59","guid":{"rendered":"https:\/\/www.lraloeverashop.eu\/product\/aloe-vera-gel-sivera\/"},"modified":"2026-02-03T19:11:22","modified_gmt":"2026-02-03T18:11:22","slug":"aloe-vera-gel-sivera","status":"publish","type":"product","link":"https:\/\/www.lraloeverashop.eu\/de\/produkt\/aloe-vera-gel-sivera\/","title":{"rendered":"Aloe Vera Gel Sivera 3er Set"},"content":{"rendered":"<h2><span style=\"font-size: 16pt;\"><strong>Aloe Vera Gel Sivera 3er Set<\/strong><\/span><\/h2>\n<p><span style=\"font-size: 14pt;\"><strong>Aloe Vera Gel Sivera 3er Set Sch\u00fctzt die Zellen vor oxidativem Stress<\/strong><\/span><\/p>\n<p>Lr Aloe Vera Gel Sivera kombiniert die positiven Eigenschaften von Aloe Vera mit dem nat\u00fcrlichen Extrakt der Brennnessel. Aloe Vera gilt als unsere wichtigste <a href=\"https:\/\/www.lraloeverashop.eu\/de\/produkt\/reishi-kapseln-limitiertes-angebot\/\">blutreinigende<\/a> Entgiftungs-Pflanze; F\u00f6rderung von Stoffwechsel, Verdauung und Urinausscheidung. Seine Bl\u00e4tter sind eine reiche Quelle von Siliziumdioxid (Silizium), Eisen, Kalzium und Vitamin K.<\/p>\n<p>Wissenschaftliche Forschung ist die Grundlage f\u00fcr innovative Produktkonzepte. Aus diesem Grund investiert\u00a0<a href=\"https:\/\/shop.lrworld.com\/home\/DE\/de?PHP=0vFlt7jT938BEnBI3a6e9w%3D%3D\">LR<\/a> viel Zeit und Geld, um mit Wissenschaft und Forschung auf dem neuesten Stand zu bleiben. Das Lr Aloe Vera Gel Sivera ist nur ein Beispiel daf\u00fcr, wie LR wertvolle <a href=\"https:\/\/www.lraloeverashop.eu\/de\/aloe-vera-zum-trinken-von-lr-health-beauty\/\">nat\u00fcrliche Inhaltsstoffe<\/a> kombiniert, um die hochwertigsten <a href=\"https:\/\/www.lraloeverashop.eu\/de\/produkt-kategorie\/aloe-vera-de\/\">Aloe Vera Produkte<\/a> f\u00fcr Sie zu produzieren.<\/p>\n<p>&nbsp;<\/p>\n<h3><span style=\"font-size: 16pt;\"><strong>Wie benutzt man Aloe Vera Trinkgel Sivera<\/strong><\/span><\/h3>\n<p><strong>Verzehrempfehlung:<\/strong> 3 x t\u00e4glich 30 ml Aloe Vera Sivera, am besten vor den Mahlzeiten (evtl. mit Wasser oder Fruchtsaft verd\u00fcnnen). Vor Gebrauch sch\u00fctteln.<\/p>\n<p><strong>Rezeptidee:<\/strong> Probiere <a href=\"https:\/\/www.lraloeverashop.eu\/de\/aloe-vera-trinkgel-sivera\/\">Aloe Vera Drinking Gel Sivera<\/a> mal mit einem Glas Orangensaft, oder mische das Gel in einen frisch gemixten Smoothie mit vielen gesunden Obst- und Gem\u00fcsesorten.<\/p>\n<p>Vor Gebrauch sch\u00fctteln. Nach dem \u00d6ffnen im K\u00fchlschrank aufbewahren und z\u00fcgig verbrauchen. Die angegebene, empfohlene t\u00e4gliche Verzehrmenge darf nicht \u00fcberschritten werden.<\/p>\n<p>Nahrungserg\u00e4nzungsmittel sind kein Ersatz f\u00fcr eine abwechslungsreiche und ausgewogene Ern\u00e4hrung, die zusammen mit einer <a href=\"https:\/\/www.lraloeverashop.eu\/de\/produkt\/lr-beauty-elixir-3er-set\/\">gesunden Lebensweise<\/a> von Bedeutung ist. Produkt au\u00dferhalb der Reichweite von kleinen Kindern aufbewahren.<\/p>\n","protected":false},"excerpt":{"rendered":"<ul>\n<li>90% reines Aloe Vera Blattgel<\/li>\n<li>7% Honig<\/li>\n<li>Beeinflusst die Qualit\u00e4t von Haut, N\u00e4geln und Haaren<\/li>\n<li>Mit Brennnesselextrakt f\u00fcr einen hohen Gehalt an nat\u00fcrlichem Silizium<\/li>\n<li>F\u00f6rdert die Regeneration und Hydratation der Haut<\/li>\n<li>Menge: 3 x 1000 ml<\/li>\n<\/ul>\n<p><span style=\"color: #ff0000;\"><a style=\"color: #ff0000;\" href=\"https:\/\/shop.lrworld.com\/openpao?PHP=0vFlt7jT938BEnBI3a6e9w%3D%3D\"><span style=\"font-size: 14pt;\"><strong>Hier registrieren und dauerhaft 35\u202f% sparen<\/strong><\/span><\/a><\/span><\/p>\n","protected":false},"featured_media":5335,"comment_status":"open","ping_status":"closed","template":"","meta":{"_kad_blocks_custom_css":"","_kad_blocks_head_custom_js":"","_kad_blocks_body_custom_js":"","_kad_blocks_footer_custom_js":"","_kadence_starter_templates_imported_post":false,"_kad_post_transparent":"default","_kad_post_title":"","_kad_post_layout":"default","_kad_post_sidebar_id":"","_kad_post_content_style":"default","_kad_post_vertical_padding":"default","_kad_post_feature":"","_kad_post_feature_position":"","_kad_post_header":false,"_kad_post_footer":false,"_kad_post_classname":""},"product_brand":[],"product_cat":[292,399,435,423,462,465],"product_tag":[592],"class_list":{"0":"post-10110","1":"product","2":"type-product","3":"status-publish","4":"has-post-thumbnail","6":"product_cat-trinkgele","7":"product_cat-basis","8":"product_cat-darm-verdauung","9":"product_cat-herz-kreislauf","10":"product_cat-sparen-im-set","11":"product_cat-spezial-ernahrung","12":"product_tag-detox-getraenke","14":"first","15":"instock","16":"taxable","17":"shipping-taxable","18":"purchasable","19":"product-type-simple","20":"entry","21":"content-bg","22":"loop-entry"},"yoast_head":"<!-- This site is optimized with the Yoast SEO Premium plugin v27.5 (Yoast SEO v27.5) - https:\/\/yoast.com\/product\/yoast-seo-premium-wordpress\/ -->\n<title>Aloe Vera gel sivera 3er set sch\u00fctzt die zellen vor oxidativem Stress<\/title>\n<meta name=\"description\" content=\"Aloe Vera Gel Sivera 3er Set mit Brennnesselextrakt f\u00fcr einen hohen Gehalt an nat\u00fcrlichem Silizium. Mit 90% reines Aloe Vera Blattgel.\" \/>\n<meta name=\"robots\" content=\"index, follow, max-snippet:-1, max-image-preview:large, max-video-preview:-1\" \/>\n<link rel=\"canonical\" href=\"https:\/\/www.lraloeverashop.eu\/de\/produkt\/aloe-vera-gel-sivera\/\" \/>\n<meta property=\"og:locale\" content=\"de_DE\" \/>\n<meta property=\"og:type\" content=\"article\" \/>\n<meta property=\"og:title\" content=\"Aloe Vera Gel Sivera 3er Set\" \/>\n<meta property=\"og:description\" content=\"Aloe Vera Gel Sivera 3er Set mit Brennnesselextrakt f\u00fcr einen hohen Gehalt an nat\u00fcrlichem Silizium. Mit 90% reines Aloe Vera Blattgel.\" \/>\n<meta property=\"og:url\" content=\"https:\/\/www.lraloeverashop.eu\/de\/produkt\/aloe-vera-gel-sivera\/\" \/>\n<meta property=\"og:site_name\" content=\"Lr Aloe Vera Shop\" \/>\n<meta property=\"article:publisher\" content=\"https:\/\/www.facebook.com\/lraloeverashop.eu\" \/>\n<meta property=\"article:modified_time\" content=\"2026-02-03T18:11:22+00:00\" \/>\n<meta property=\"og:image\" content=\"https:\/\/www.lraloeverashop.eu\/wp-content\/uploads\/2022\/10\/Aloe-Vera-Drinking-Gel-Intensive-Sivera-3-Pcs-Set.jpg\" \/>\n\t<meta property=\"og:image:width\" content=\"1200\" \/>\n\t<meta property=\"og:image:height\" content=\"1200\" \/>\n\t<meta property=\"og:image:type\" content=\"image\/jpeg\" \/>\n<meta name=\"twitter:card\" content=\"summary_large_image\" \/>\n<meta name=\"twitter:site\" content=\"@natur__kosmetik\" \/>\n<script type=\"application\/ld+json\" class=\"yoast-schema-graph\">{\"@context\":\"https:\\\/\\\/schema.org\",\"@graph\":[{\"@type\":[\"WebPage\",\"ItemPage\"],\"@id\":\"https:\\\/\\\/www.lraloeverashop.eu\\\/de\\\/produkt\\\/aloe-vera-gel-sivera\\\/\",\"url\":\"https:\\\/\\\/www.lraloeverashop.eu\\\/de\\\/produkt\\\/aloe-vera-gel-sivera\\\/\",\"name\":\"Aloe Vera gel sivera 3er set sch\u00fctzt die zellen vor oxidativem Stress\",\"isPartOf\":{\"@id\":\"https:\\\/\\\/www.lraloeverashop.eu\\\/de\\\/#website\"},\"primaryImageOfPage\":{\"@id\":\"https:\\\/\\\/www.lraloeverashop.eu\\\/de\\\/produkt\\\/aloe-vera-gel-sivera\\\/#primaryimage\"},\"image\":{\"@id\":\"https:\\\/\\\/www.lraloeverashop.eu\\\/de\\\/produkt\\\/aloe-vera-gel-sivera\\\/#primaryimage\"},\"thumbnailUrl\":\"https:\\\/\\\/www.lraloeverashop.eu\\\/wp-content\\\/uploads\\\/2022\\\/10\\\/Aloe-Vera-Drinking-Gel-Intensive-Sivera-3-Pcs-Set.jpg\",\"datePublished\":\"2022-10-11T14:14:59+00:00\",\"dateModified\":\"2026-02-03T18:11:22+00:00\",\"description\":\"Aloe Vera Gel Sivera 3er Set mit Brennnesselextrakt f\u00fcr einen hohen Gehalt an nat\u00fcrlichem Silizium. Mit 90% reines Aloe Vera Blattgel.\",\"breadcrumb\":{\"@id\":\"https:\\\/\\\/www.lraloeverashop.eu\\\/de\\\/produkt\\\/aloe-vera-gel-sivera\\\/#breadcrumb\"},\"inLanguage\":\"de\",\"potentialAction\":[{\"@type\":\"ReadAction\",\"target\":[\"https:\\\/\\\/www.lraloeverashop.eu\\\/de\\\/produkt\\\/aloe-vera-gel-sivera\\\/\"]}]},{\"@type\":\"ImageObject\",\"inLanguage\":\"de\",\"@id\":\"https:\\\/\\\/www.lraloeverashop.eu\\\/de\\\/produkt\\\/aloe-vera-gel-sivera\\\/#primaryimage\",\"url\":\"https:\\\/\\\/www.lraloeverashop.eu\\\/wp-content\\\/uploads\\\/2022\\\/10\\\/Aloe-Vera-Drinking-Gel-Intensive-Sivera-3-Pcs-Set.jpg\",\"contentUrl\":\"https:\\\/\\\/www.lraloeverashop.eu\\\/wp-content\\\/uploads\\\/2022\\\/10\\\/Aloe-Vera-Drinking-Gel-Intensive-Sivera-3-Pcs-Set.jpg\",\"width\":1200,\"height\":1200,\"caption\":\"Lr Aloe Vera Trinkgel Sivera mit 90% reines Aloe Vera Blattgel\"},{\"@type\":\"BreadcrumbList\",\"@id\":\"https:\\\/\\\/www.lraloeverashop.eu\\\/de\\\/produkt\\\/aloe-vera-gel-sivera\\\/#breadcrumb\",\"itemListElement\":[{\"@type\":\"ListItem\",\"position\":1,\"name\":\"Home\",\"item\":\"https:\\\/\\\/www.lraloeverashop.eu\\\/de\\\/\"},{\"@type\":\"ListItem\",\"position\":2,\"name\":\"Shop\",\"item\":\"https:\\\/\\\/www.lraloeverashop.eu\\\/de\\\/shop-2\\\/\"},{\"@type\":\"ListItem\",\"position\":3,\"name\":\"Aloe Vera Gel Sivera 3er Set\"}]},{\"@type\":\"WebSite\",\"@id\":\"https:\\\/\\\/www.lraloeverashop.eu\\\/de\\\/#website\",\"url\":\"https:\\\/\\\/www.lraloeverashop.eu\\\/de\\\/\",\"name\":\"Lr Aloe Vera Shop\",\"description\":\"High Quality Lr Aloe Vera Gel, Aloe Vera Cream and Shampoo\",\"publisher\":{\"@id\":\"https:\\\/\\\/www.lraloeverashop.eu\\\/de\\\/#organization\"},\"alternateName\":\"LR\",\"potentialAction\":[{\"@type\":\"SearchAction\",\"target\":{\"@type\":\"EntryPoint\",\"urlTemplate\":\"https:\\\/\\\/www.lraloeverashop.eu\\\/de\\\/?s={search_term_string}\"},\"query-input\":{\"@type\":\"PropertyValueSpecification\",\"valueRequired\":true,\"valueName\":\"search_term_string\"}}],\"inLanguage\":\"de\"},{\"@type\":\"Organization\",\"@id\":\"https:\\\/\\\/www.lraloeverashop.eu\\\/de\\\/#organization\",\"name\":\"Lr Aloe Vera Shop\",\"alternateName\":\"LR\",\"url\":\"https:\\\/\\\/www.lraloeverashop.eu\\\/de\\\/\",\"logo\":{\"@type\":\"ImageObject\",\"inLanguage\":\"de\",\"@id\":\"https:\\\/\\\/www.lraloeverashop.eu\\\/de\\\/#\\\/schema\\\/logo\\\/image\\\/\",\"url\":\"https:\\\/\\\/www.lraloeverashop.eu\\\/wp-content\\\/uploads\\\/2022\\\/09\\\/cropped-Lr-Aloe-Vera-Shop.jpg\",\"contentUrl\":\"https:\\\/\\\/www.lraloeverashop.eu\\\/wp-content\\\/uploads\\\/2022\\\/09\\\/cropped-Lr-Aloe-Vera-Shop.jpg\",\"width\":228,\"height\":76,\"caption\":\"Lr Aloe Vera Shop\"},\"image\":{\"@id\":\"https:\\\/\\\/www.lraloeverashop.eu\\\/de\\\/#\\\/schema\\\/logo\\\/image\\\/\"},\"sameAs\":[\"https:\\\/\\\/www.facebook.com\\\/lraloeverashop.eu\",\"https:\\\/\\\/x.com\\\/natur__kosmetik\",\"https:\\\/\\\/www.youtube.com\\\/channel\\\/UC5oN7BJ8nfYb8RpVtjwDEBA\",\"https:\\\/\\\/www.instagram.com\\\/lrbeautyeu\\\/\"],\"description\":\"LR Aloe Vera Shop ist Ihre vertrauensw\u00fcrdige Adresse f\u00fcr hochwertige LR Health & Beauty Produkte aus Deutschland. Wir bieten Ihnen erstklassige Aloe Vera Hautpflege, N\u00e4hrstoffe und Anti-Aging-Produkte mit reinen Inhaltsstoffen, die auf wissenschaftlichen Erkenntnissen basieren. Entdecken Sie nat\u00fcrliche Pflege, die Ihre Haut regeneriert, sch\u00fctzt und revitalisiert \u2013 und profitieren Sie von exklusiven Monatsangeboten auf unsere Bestseller von LR Aloe Vera. Starten Sie noch heute Ihre Reise zu nat\u00fcrlicher Hautpflege und sp\u00fcren Sie den Unterschied.\",\"email\":\"info@lraloeverashop.eu\",\"telephone\":\"+49 17670609653\",\"legalName\":\"Lr Aloe Vera Shop\",\"foundingDate\":\"2018-04-21\",\"numberOfEmployees\":{\"@type\":\"QuantitativeValue\",\"minValue\":\"1\",\"maxValue\":\"10\"}}]}<\/script>\n<meta property=\"product:price:amount\" content=\"125.79\" \/>\n<meta property=\"product:price:currency\" content=\"EUR\" \/>\n<meta property=\"og:availability\" content=\"instock\" \/>\n<meta property=\"product:availability\" content=\"instock\" \/>\n<meta property=\"product:retailer_item_id\" content=\"80823-461DE\" \/>\n<meta property=\"product:condition\" content=\"new\" \/>\n<!-- \/ Yoast SEO Premium plugin. -->","yoast_head_json":{"title":"Aloe Vera gel sivera 3er set sch\u00fctzt die zellen vor oxidativem Stress","description":"Aloe Vera Gel Sivera 3er Set mit Brennnesselextrakt f\u00fcr einen hohen Gehalt an nat\u00fcrlichem Silizium. Mit 90% reines Aloe Vera Blattgel.","robots":{"index":"index","follow":"follow","max-snippet":"max-snippet:-1","max-image-preview":"max-image-preview:large","max-video-preview":"max-video-preview:-1"},"canonical":"https:\/\/www.lraloeverashop.eu\/de\/produkt\/aloe-vera-gel-sivera\/","og_locale":"de_DE","og_type":"article","og_title":"Aloe Vera Gel Sivera 3er Set","og_description":"Aloe Vera Gel Sivera 3er Set mit Brennnesselextrakt f\u00fcr einen hohen Gehalt an nat\u00fcrlichem Silizium. Mit 90% reines Aloe Vera Blattgel.","og_url":"https:\/\/www.lraloeverashop.eu\/de\/produkt\/aloe-vera-gel-sivera\/","og_site_name":"Lr Aloe Vera Shop","article_publisher":"https:\/\/www.facebook.com\/lraloeverashop.eu","article_modified_time":"2026-02-03T18:11:22+00:00","og_image":[{"width":1200,"height":1200,"url":"https:\/\/www.lraloeverashop.eu\/wp-content\/uploads\/2022\/10\/Aloe-Vera-Drinking-Gel-Intensive-Sivera-3-Pcs-Set.jpg","type":"image\/jpeg"}],"twitter_card":"summary_large_image","twitter_site":"@natur__kosmetik","schema":{"@context":"https:\/\/schema.org","@graph":[{"@type":["WebPage","ItemPage"],"@id":"https:\/\/www.lraloeverashop.eu\/de\/produkt\/aloe-vera-gel-sivera\/","url":"https:\/\/www.lraloeverashop.eu\/de\/produkt\/aloe-vera-gel-sivera\/","name":"Aloe Vera gel sivera 3er set sch\u00fctzt die zellen vor oxidativem Stress","isPartOf":{"@id":"https:\/\/www.lraloeverashop.eu\/de\/#website"},"primaryImageOfPage":{"@id":"https:\/\/www.lraloeverashop.eu\/de\/produkt\/aloe-vera-gel-sivera\/#primaryimage"},"image":{"@id":"https:\/\/www.lraloeverashop.eu\/de\/produkt\/aloe-vera-gel-sivera\/#primaryimage"},"thumbnailUrl":"https:\/\/www.lraloeverashop.eu\/wp-content\/uploads\/2022\/10\/Aloe-Vera-Drinking-Gel-Intensive-Sivera-3-Pcs-Set.jpg","datePublished":"2022-10-11T14:14:59+00:00","dateModified":"2026-02-03T18:11:22+00:00","description":"Aloe Vera Gel Sivera 3er Set mit Brennnesselextrakt f\u00fcr einen hohen Gehalt an nat\u00fcrlichem Silizium. Mit 90% reines Aloe Vera Blattgel.","breadcrumb":{"@id":"https:\/\/www.lraloeverashop.eu\/de\/produkt\/aloe-vera-gel-sivera\/#breadcrumb"},"inLanguage":"de","potentialAction":[{"@type":"ReadAction","target":["https:\/\/www.lraloeverashop.eu\/de\/produkt\/aloe-vera-gel-sivera\/"]}]},{"@type":"ImageObject","inLanguage":"de","@id":"https:\/\/www.lraloeverashop.eu\/de\/produkt\/aloe-vera-gel-sivera\/#primaryimage","url":"https:\/\/www.lraloeverashop.eu\/wp-content\/uploads\/2022\/10\/Aloe-Vera-Drinking-Gel-Intensive-Sivera-3-Pcs-Set.jpg","contentUrl":"https:\/\/www.lraloeverashop.eu\/wp-content\/uploads\/2022\/10\/Aloe-Vera-Drinking-Gel-Intensive-Sivera-3-Pcs-Set.jpg","width":1200,"height":1200,"caption":"Lr Aloe Vera Trinkgel Sivera mit 90% reines Aloe Vera Blattgel"},{"@type":"BreadcrumbList","@id":"https:\/\/www.lraloeverashop.eu\/de\/produkt\/aloe-vera-gel-sivera\/#breadcrumb","itemListElement":[{"@type":"ListItem","position":1,"name":"Home","item":"https:\/\/www.lraloeverashop.eu\/de\/"},{"@type":"ListItem","position":2,"name":"Shop","item":"https:\/\/www.lraloeverashop.eu\/de\/shop-2\/"},{"@type":"ListItem","position":3,"name":"Aloe Vera Gel Sivera 3er Set"}]},{"@type":"WebSite","@id":"https:\/\/www.lraloeverashop.eu\/de\/#website","url":"https:\/\/www.lraloeverashop.eu\/de\/","name":"Lr Aloe Vera Shop","description":"High Quality Lr Aloe Vera Gel, Aloe Vera Cream and Shampoo","publisher":{"@id":"https:\/\/www.lraloeverashop.eu\/de\/#organization"},"alternateName":"LR","potentialAction":[{"@type":"SearchAction","target":{"@type":"EntryPoint","urlTemplate":"https:\/\/www.lraloeverashop.eu\/de\/?s={search_term_string}"},"query-input":{"@type":"PropertyValueSpecification","valueRequired":true,"valueName":"search_term_string"}}],"inLanguage":"de"},{"@type":"Organization","@id":"https:\/\/www.lraloeverashop.eu\/de\/#organization","name":"Lr Aloe Vera Shop","alternateName":"LR","url":"https:\/\/www.lraloeverashop.eu\/de\/","logo":{"@type":"ImageObject","inLanguage":"de","@id":"https:\/\/www.lraloeverashop.eu\/de\/#\/schema\/logo\/image\/","url":"https:\/\/www.lraloeverashop.eu\/wp-content\/uploads\/2022\/09\/cropped-Lr-Aloe-Vera-Shop.jpg","contentUrl":"https:\/\/www.lraloeverashop.eu\/wp-content\/uploads\/2022\/09\/cropped-Lr-Aloe-Vera-Shop.jpg","width":228,"height":76,"caption":"Lr Aloe Vera Shop"},"image":{"@id":"https:\/\/www.lraloeverashop.eu\/de\/#\/schema\/logo\/image\/"},"sameAs":["https:\/\/www.facebook.com\/lraloeverashop.eu","https:\/\/x.com\/natur__kosmetik","https:\/\/www.youtube.com\/channel\/UC5oN7BJ8nfYb8RpVtjwDEBA","https:\/\/www.instagram.com\/lrbeautyeu\/"],"description":"LR Aloe Vera Shop ist Ihre vertrauensw\u00fcrdige Adresse f\u00fcr hochwertige LR Health & Beauty Produkte aus Deutschland. Wir bieten Ihnen erstklassige Aloe Vera Hautpflege, N\u00e4hrstoffe und Anti-Aging-Produkte mit reinen Inhaltsstoffen, die auf wissenschaftlichen Erkenntnissen basieren. Entdecken Sie nat\u00fcrliche Pflege, die Ihre Haut regeneriert, sch\u00fctzt und revitalisiert \u2013 und profitieren Sie von exklusiven Monatsangeboten auf unsere Bestseller von LR Aloe Vera. Starten Sie noch heute Ihre Reise zu nat\u00fcrlicher Hautpflege und sp\u00fcren Sie den Unterschied.","email":"info@lraloeverashop.eu","telephone":"+49 17670609653","legalName":"Lr Aloe Vera Shop","foundingDate":"2018-04-21","numberOfEmployees":{"@type":"QuantitativeValue","minValue":"1","maxValue":"10"}}]},"product_price_amount":"125.79","product_price_currency":"EUR","og_availability":"instock","product_availability":"instock","product_retailer_item_id":"80823-461DE","product_condition":"new"},"taxonomy_info":{"product_cat":[{"value":292,"label":"Aloe Vera Trinkgele"},{"value":399,"label":"Basis"},{"value":435,"label":"Darm &amp; Verdauung"},{"value":423,"label":"Herz &amp; Kreislauf"},{"value":462,"label":"Sparen im set"},{"value":465,"label":"Spezialisten"}],"product_tag":[{"value":592,"label":"Detox-Getr\u00e4nke"}]},"featured_image_src_large":["https:\/\/www.lraloeverashop.eu\/wp-content\/uploads\/2022\/10\/Aloe-Vera-Drinking-Gel-Intensive-Sivera-3-Pcs-Set-1024x1024.jpg",1024,1024,true],"author_info":[],"comment_info":0,"_links":{"self":[{"href":"https:\/\/www.lraloeverashop.eu\/de\/wp-json\/wp\/v2\/product\/10110","targetHints":{"allow":["GET"]}}],"collection":[{"href":"https:\/\/www.lraloeverashop.eu\/de\/wp-json\/wp\/v2\/product"}],"about":[{"href":"https:\/\/www.lraloeverashop.eu\/de\/wp-json\/wp\/v2\/types\/product"}],"replies":[{"embeddable":true,"href":"https:\/\/www.lraloeverashop.eu\/de\/wp-json\/wp\/v2\/comments?post=10110"}],"wp:featuredmedia":[{"embeddable":true,"href":"https:\/\/www.lraloeverashop.eu\/de\/wp-json\/wp\/v2\/media\/5335"}],"wp:attachment":[{"href":"https:\/\/www.lraloeverashop.eu\/de\/wp-json\/wp\/v2\/media?parent=10110"}],"wp:term":[{"taxonomy":"product_brand","embeddable":true,"href":"https:\/\/www.lraloeverashop.eu\/de\/wp-json\/wp\/v2\/product_brand?post=10110"},{"taxonomy":"product_cat","embeddable":true,"href":"https:\/\/www.lraloeverashop.eu\/de\/wp-json\/wp\/v2\/product_cat?post=10110"},{"taxonomy":"product_tag","embeddable":true,"href":"https:\/\/www.lraloeverashop.eu\/de\/wp-json\/wp\/v2\/product_tag?post=10110"}],"curies":[{"name":"wp","href":"https:\/\/api.w.org\/{rel}","templated":true}]}}