{"id":10074,"date":"2022-10-11T20:50:20","date_gmt":"2022-10-11T18:50:20","guid":{"rendered":"https:\/\/www.lraloeverashop.eu\/product\/aloe-vera-getrank-honig-3\/"},"modified":"2026-02-03T19:09:27","modified_gmt":"2026-02-03T18:09:27","slug":"aloe-vera-getrank-honig-3","status":"publish","type":"product","link":"https:\/\/www.lraloeverashop.eu\/de\/produkt\/aloe-vera-getrank-honig-3\/","title":{"rendered":"Aloe Vera Getr\u00e4nk Honig 3er Set"},"content":{"rendered":"<h2><span style=\"font-size: 16pt;\"><strong>Aloe Vera Getr\u00e4nk Honig 3er Set<\/strong><\/span><\/h2>\n<p><span style=\"font-size: 14pt;\"><strong>Aloe Vera Getr\u00e4nk Honig 3er Set kann st\u00e4rken die Immunit\u00e4t des K\u00f6rpers<\/strong><\/span><\/p>\n<p>Wussten Sie, dass LR Aloe Vera Trinkgel Honig ist ideal zur Verbesserung Ihrer <a href=\"https:\/\/www.lraloeverashop.eu\/de\/aloe-vera-drinking-gel-honig\/\">Gesundheit<\/a>? Aloe Vera geh\u00f6rt zu den am meisten bewunderten und wirksamen Produkten, wenn es um gro\u00dfe Gesundheit und allgemeines Wohlbefinden geht.<\/p>\n<p>LR Aloe Vera Getr\u00e4nk Honig besteht aus 90% reines und <a href=\"https:\/\/www.lraloeverashop.eu\/de\/aloe-vera-zum-trinken-von-lr-health-beauty\/\">Organisches Gel von Aloe Vera Barbadensis Miller<\/a>. Reiner nat\u00fcrlicher Honig macht weitere 9%, w\u00e4hrend das restliche ein Prozent (1 Prozent) Vitamin C und andere Bestandteile sind. Forschungsergebnisse legen nahe, dass der <a href=\"https:\/\/www.lraloeverashop.eu\/de\/produkt\/aloe-vera-trinkgel-honig\/\">Trinkgel-Honig<\/a> mehr als 200 essentielle und nat\u00fcrliche Inhaltsstoffe enth\u00e4lt, die f\u00fcr Ihren K\u00f6rper von Vorteil sind.<\/p>\n<p>Dazu geh\u00f6ren Vitamine, Mineralstoffe, Antioxidantien, entz\u00fcndungshemmende Mittel, nat\u00fcrliche \u00d6le, Mucopolysaccharide (nat\u00fcrliche Zucker), Enzyme, Fetts\u00e4uren, Bioflavonoid, Antrachion, Aminos\u00e4uren, Saponine, Antiseptika und vieles mehr. Und da das Aloe Vera Getr\u00e4nk von LR, k\u00f6nnen Sie sicher sein, dass alle Zutaten rein sind.<\/p>\n<p>Vitamin C tr\u00e4gt zur normalen Funktion des <a href=\"https:\/\/www.lraloeverashop.eu\/de\/produkt\/aloe-vera-getrank-immune-plus\/\">Immunsystems<\/a> bei. Es ist auch an zahlreichen anderen Funktionen im Stoffwechsel des K\u00f6rpers beteiligt, zum Beispiel unterst\u00fctzt es die Bildung von k\u00f6rpereigenem Kollagen f\u00fcr gut funktionierende <a href=\"https:\/\/www.lraloeverashop.eu\/de\/produkt\/aloe-vera-getrank-freedom\/\">Gelenke<\/a>. **<\/p>\n<p>** <a href=\"https:\/\/www.lraloeverashop.eu\/de\/produkt\/vita-active-rote-fruechte\/\">Vitamin C<\/a> tr\u00e4gt zu einer normalen Kollagenbildung f\u00fcr eine normale Knorpelfunktion bei.<\/p>\n<p>&nbsp;<\/p>\n<h3><strong><span style=\"font-size: 16pt;\">Wie benutzt man Drinking Gel Honig<\/span><\/strong><\/h3>\n<p><strong>Verzehrempfehlung:<\/strong> 3 x t\u00e4glich 30 ml Aloe Vera Getr\u00e4nk Honig, am besten vor den Mahlzeiten (evtl. mit Wasser oder Fruchtsaft verd\u00fcnnen).<\/p>\n<p><strong>Rezeptidee:<\/strong> Probieren Sie Aloe Vera Getr\u00e4nk mal mit einem Glas Orangensaft, oder mischen Sie das Gel in einen frisch gemixten Smoothie mit vielen gesunden Obst- und Gem\u00fcsesorten.<\/p>\n<p>Vor Gebrauch sch\u00fctteln. Nach dem \u00d6ffnen im K\u00fchlschrank aufbewahren und z\u00fcgig verbrauchen.<\/p>\n<p>Die angegebene, empfohlene t\u00e4gliche Verzehrmenge darf nicht \u00fcberschritten werden.<\/p>\n<p>Nahrungserg\u00e4nzungsmittel\u00a0sind kein Ersatz f\u00fcr eine abwechslungsreiche und ausgewogene Ern\u00e4hrung, die zusammen mit einer gesunden Lebensweise von Bedeutung ist.<br \/>\nProdukt au\u00dferhalb der Reichweite von kleinen Kindern aufbewahren.<\/p>\n<p>&nbsp;<\/p>\n<h4><strong><span style=\"font-size: 16pt;\">Wussten Sie schon?<\/span><\/strong><\/h4>\n<p>F\u00fcr <a href=\"https:\/\/shop.lrworld.com\/home\/DE\/de?PHP=0vFlt7jT938BEnBI3a6e9w%3D%3D\">LR Health &amp; Beauty<\/a> werden pro Jahr 23 Millionen Aloe Vera Bl\u00e4tter geerntet. Sie werden ausschlie\u00dflich im mexikanischen Hochland angebaut, wo sie allerbeste Wachstumsbedingungen vorfinden. Der Anbau erfolgt ohne den Einsatz von Pestiziden! Geerntet wird ausschlie\u00dflich per Hand.<\/p>\n<p><strong>Qualit\u00e4t geht bei LR Hand in Hand mit Kompetenz<\/strong><\/p>\n<ul>\n<li>Hohe Produktqualit\u00e4t \u2013 Aloe Vera Getr\u00e4nk auf Basis von reinem <a href=\"https:\/\/www.lraloeverashop.eu\/de\/produkt\/aloe-vera-zum-trinken-6\/\">Aloe Vera<\/a> Blattgel, ohne Aloin*<\/li>\n<li>Nachhaltiger Anbau in Mexiko<\/li>\n<li>Achtung der Umwelt und der geltenden Gesetzgebung<\/li>\n<\/ul>\n<p><strong>Eine tolle Erfahrung:<\/strong><\/p>\n<ul>\n<li>LR ist seit \u00fcber 20 Jahren Experte f\u00fcr Aloe Vera<\/li>\n<li>Eigene Produktion in einer der modernsten Produktionsst\u00e4tten f\u00fcr Aloe Vera in Deutschland<\/li>\n<li>Zusammenarbeit mit renommierten Experten<\/li>\n<\/ul>\n<p><strong>Unterst\u00fctzung und Freude:<\/strong><\/p>\n<p>Aloe Vera Getr\u00e4nk Honig gibt Ihnen die n\u00f6tige Unterst\u00fctzung f\u00fcr alle Lebenslagen. Obendrein sind <a href=\"https:\/\/www.lraloeverashop.eu\/de\/produkt-kategorie\/basis\/trinkgele\/\">LR Trinkgele<\/a> lecker. Variieren Sie die Gen\u00fcsse mit ihren unterschiedlichen Geschmacksrichtungen.<\/p>\n","protected":false},"excerpt":{"rendered":"<ul>\n<li>Besteht aus 90% reinem Aloe Vera Blattgel<\/li>\n<li>9% wertvoller Honig<\/li>\n<li>Beseitigung von Giftstoffen in Ihrem K\u00f6rper<\/li>\n<li>erh\u00f6ht die Immunit\u00e4t des K\u00f6rpers<\/li>\n<li>Die T\u00e4gliche Ration deckt 75% der empfohlenen Dosis von Vitamin C ab<\/li>\n<li>Menge: 3 x 1000 ml<\/li>\n<\/ul>\n<p><span style=\"color: #ff0000;\"><a style=\"color: #ff0000;\" href=\"https:\/\/shop.lrworld.com\/openpao?PHP=0vFlt7jT938BEnBI3a6e9w%3D%3D\"><span style=\"font-size: 14pt;\"><strong>Hier registrieren und dauerhaft 35\u202f% sparen<\/strong><\/span><\/a><\/span><\/p>\n","protected":false},"featured_media":5305,"comment_status":"open","ping_status":"closed","template":"","meta":{"_kad_blocks_custom_css":"","_kad_blocks_head_custom_js":"","_kad_blocks_body_custom_js":"","_kad_blocks_footer_custom_js":"","_kadence_starter_templates_imported_post":false,"_kad_post_transparent":"default","_kad_post_title":"","_kad_post_layout":"default","_kad_post_sidebar_id":"","_kad_post_content_style":"default","_kad_post_vertical_padding":"default","_kad_post_feature":"","_kad_post_feature_position":"","_kad_post_header":false,"_kad_post_footer":false,"_kad_post_classname":""},"product_brand":[],"product_cat":[292,399,435,462,465],"product_tag":[592],"class_list":{"0":"post-10074","1":"product","2":"type-product","3":"status-publish","4":"has-post-thumbnail","6":"product_cat-trinkgele","7":"product_cat-basis","8":"product_cat-darm-verdauung","9":"product_cat-sparen-im-set","10":"product_cat-spezial-ernahrung","11":"product_tag-detox-getraenke","13":"first","14":"instock","15":"taxable","16":"shipping-taxable","17":"purchasable","18":"product-type-simple","19":"entry","20":"content-bg","21":"loop-entry"},"yoast_head":"<!-- This site is optimized with the Yoast SEO Premium plugin v27.5 (Yoast SEO v27.5) - https:\/\/yoast.com\/product\/yoast-seo-premium-wordpress\/ -->\n<title>Aloe Vera Getr\u00e4nk Honig kann st\u00e4rken die Immunit\u00e4t des K\u00f6rpers<\/title>\n<meta name=\"description\" content=\"Aloe Vera Getr\u00e4nk Honig mit 90% Aloe Vera Gel von Barbadensis Miller und 9% Honig kann beseitigen Giftstoffe in K\u00f6rper und st\u00e4rken k\u00f6rpereigene Immunit\u00e4t\" \/>\n<meta name=\"robots\" content=\"index, follow, max-snippet:-1, max-image-preview:large, max-video-preview:-1\" \/>\n<link rel=\"canonical\" href=\"https:\/\/www.lraloeverashop.eu\/de\/produkt\/aloe-vera-getrank-honig-3\/\" \/>\n<meta property=\"og:locale\" content=\"de_DE\" \/>\n<meta property=\"og:type\" content=\"article\" \/>\n<meta property=\"og:title\" content=\"Aloe Vera Getr\u00e4nk Honig 3er Set\" \/>\n<meta property=\"og:description\" content=\"Aloe Vera Getr\u00e4nk Honig mit 90% Aloe Vera Gel von Barbadensis Miller und 9% Honig kann beseitigen Giftstoffe in K\u00f6rper und st\u00e4rken k\u00f6rpereigene Immunit\u00e4t\" \/>\n<meta property=\"og:url\" content=\"https:\/\/www.lraloeverashop.eu\/de\/produkt\/aloe-vera-getrank-honig-3\/\" \/>\n<meta property=\"og:site_name\" content=\"Lr Aloe Vera Shop\" \/>\n<meta property=\"article:publisher\" content=\"https:\/\/www.facebook.com\/lraloeverashop.eu\" \/>\n<meta property=\"article:modified_time\" content=\"2026-02-03T18:09:27+00:00\" \/>\n<meta property=\"og:image\" content=\"https:\/\/www.lraloeverashop.eu\/wp-content\/uploads\/2022\/10\/Aloe-Vera-Drinking-Gel-Honey-3-Pcs-Set.jpg\" \/>\n\t<meta property=\"og:image:width\" content=\"1200\" \/>\n\t<meta property=\"og:image:height\" content=\"1200\" \/>\n\t<meta property=\"og:image:type\" content=\"image\/jpeg\" \/>\n<meta name=\"twitter:card\" content=\"summary_large_image\" \/>\n<meta name=\"twitter:site\" content=\"@natur__kosmetik\" \/>\n<script type=\"application\/ld+json\" class=\"yoast-schema-graph\">{\"@context\":\"https:\\\/\\\/schema.org\",\"@graph\":[{\"@type\":[\"WebPage\",\"ItemPage\"],\"@id\":\"https:\\\/\\\/www.lraloeverashop.eu\\\/de\\\/produkt\\\/aloe-vera-getrank-honig-3\\\/\",\"url\":\"https:\\\/\\\/www.lraloeverashop.eu\\\/de\\\/produkt\\\/aloe-vera-getrank-honig-3\\\/\",\"name\":\"Aloe Vera Getr\u00e4nk Honig kann st\u00e4rken die Immunit\u00e4t des K\u00f6rpers\",\"isPartOf\":{\"@id\":\"https:\\\/\\\/www.lraloeverashop.eu\\\/de\\\/#website\"},\"primaryImageOfPage\":{\"@id\":\"https:\\\/\\\/www.lraloeverashop.eu\\\/de\\\/produkt\\\/aloe-vera-getrank-honig-3\\\/#primaryimage\"},\"image\":{\"@id\":\"https:\\\/\\\/www.lraloeverashop.eu\\\/de\\\/produkt\\\/aloe-vera-getrank-honig-3\\\/#primaryimage\"},\"thumbnailUrl\":\"https:\\\/\\\/www.lraloeverashop.eu\\\/wp-content\\\/uploads\\\/2022\\\/10\\\/Aloe-Vera-Drinking-Gel-Honey-3-Pcs-Set.jpg\",\"datePublished\":\"2022-10-11T18:50:20+00:00\",\"dateModified\":\"2026-02-03T18:09:27+00:00\",\"description\":\"Aloe Vera Getr\u00e4nk Honig mit 90% Aloe Vera Gel von Barbadensis Miller und 9% Honig kann beseitigen Giftstoffe in K\u00f6rper und st\u00e4rken k\u00f6rpereigene Immunit\u00e4t\",\"breadcrumb\":{\"@id\":\"https:\\\/\\\/www.lraloeverashop.eu\\\/de\\\/produkt\\\/aloe-vera-getrank-honig-3\\\/#breadcrumb\"},\"inLanguage\":\"de\",\"potentialAction\":[{\"@type\":\"ReadAction\",\"target\":[\"https:\\\/\\\/www.lraloeverashop.eu\\\/de\\\/produkt\\\/aloe-vera-getrank-honig-3\\\/\"]}]},{\"@type\":\"ImageObject\",\"inLanguage\":\"de\",\"@id\":\"https:\\\/\\\/www.lraloeverashop.eu\\\/de\\\/produkt\\\/aloe-vera-getrank-honig-3\\\/#primaryimage\",\"url\":\"https:\\\/\\\/www.lraloeverashop.eu\\\/wp-content\\\/uploads\\\/2022\\\/10\\\/Aloe-Vera-Drinking-Gel-Honey-3-Pcs-Set.jpg\",\"contentUrl\":\"https:\\\/\\\/www.lraloeverashop.eu\\\/wp-content\\\/uploads\\\/2022\\\/10\\\/Aloe-Vera-Drinking-Gel-Honey-3-Pcs-Set.jpg\",\"width\":1200,\"height\":1200,\"caption\":\"Aloe Vera Trinkgel Honig f\u00fcr beseitigung von Giftstoffen in Ihrem K\u00f6rper\"},{\"@type\":\"BreadcrumbList\",\"@id\":\"https:\\\/\\\/www.lraloeverashop.eu\\\/de\\\/produkt\\\/aloe-vera-getrank-honig-3\\\/#breadcrumb\",\"itemListElement\":[{\"@type\":\"ListItem\",\"position\":1,\"name\":\"Home\",\"item\":\"https:\\\/\\\/www.lraloeverashop.eu\\\/de\\\/\"},{\"@type\":\"ListItem\",\"position\":2,\"name\":\"Shop\",\"item\":\"https:\\\/\\\/www.lraloeverashop.eu\\\/de\\\/shop-2\\\/\"},{\"@type\":\"ListItem\",\"position\":3,\"name\":\"Aloe Vera Getr\u00e4nk Honig 3er Set\"}]},{\"@type\":\"WebSite\",\"@id\":\"https:\\\/\\\/www.lraloeverashop.eu\\\/de\\\/#website\",\"url\":\"https:\\\/\\\/www.lraloeverashop.eu\\\/de\\\/\",\"name\":\"Lr Aloe Vera Shop\",\"description\":\"High Quality Lr Aloe Vera Gel, Aloe Vera Cream and Shampoo\",\"publisher\":{\"@id\":\"https:\\\/\\\/www.lraloeverashop.eu\\\/de\\\/#organization\"},\"alternateName\":\"LR\",\"potentialAction\":[{\"@type\":\"SearchAction\",\"target\":{\"@type\":\"EntryPoint\",\"urlTemplate\":\"https:\\\/\\\/www.lraloeverashop.eu\\\/de\\\/?s={search_term_string}\"},\"query-input\":{\"@type\":\"PropertyValueSpecification\",\"valueRequired\":true,\"valueName\":\"search_term_string\"}}],\"inLanguage\":\"de\"},{\"@type\":\"Organization\",\"@id\":\"https:\\\/\\\/www.lraloeverashop.eu\\\/de\\\/#organization\",\"name\":\"Lr Aloe Vera Shop\",\"alternateName\":\"LR\",\"url\":\"https:\\\/\\\/www.lraloeverashop.eu\\\/de\\\/\",\"logo\":{\"@type\":\"ImageObject\",\"inLanguage\":\"de\",\"@id\":\"https:\\\/\\\/www.lraloeverashop.eu\\\/de\\\/#\\\/schema\\\/logo\\\/image\\\/\",\"url\":\"https:\\\/\\\/www.lraloeverashop.eu\\\/wp-content\\\/uploads\\\/2022\\\/09\\\/cropped-Lr-Aloe-Vera-Shop.jpg\",\"contentUrl\":\"https:\\\/\\\/www.lraloeverashop.eu\\\/wp-content\\\/uploads\\\/2022\\\/09\\\/cropped-Lr-Aloe-Vera-Shop.jpg\",\"width\":228,\"height\":76,\"caption\":\"Lr Aloe Vera Shop\"},\"image\":{\"@id\":\"https:\\\/\\\/www.lraloeverashop.eu\\\/de\\\/#\\\/schema\\\/logo\\\/image\\\/\"},\"sameAs\":[\"https:\\\/\\\/www.facebook.com\\\/lraloeverashop.eu\",\"https:\\\/\\\/x.com\\\/natur__kosmetik\",\"https:\\\/\\\/www.youtube.com\\\/channel\\\/UC5oN7BJ8nfYb8RpVtjwDEBA\",\"https:\\\/\\\/www.instagram.com\\\/lrbeautyeu\\\/\"],\"description\":\"LR Aloe Vera Shop ist Ihre vertrauensw\u00fcrdige Adresse f\u00fcr hochwertige LR Health & Beauty Produkte aus Deutschland. Wir bieten Ihnen erstklassige Aloe Vera Hautpflege, N\u00e4hrstoffe und Anti-Aging-Produkte mit reinen Inhaltsstoffen, die auf wissenschaftlichen Erkenntnissen basieren. Entdecken Sie nat\u00fcrliche Pflege, die Ihre Haut regeneriert, sch\u00fctzt und revitalisiert \u2013 und profitieren Sie von exklusiven Monatsangeboten auf unsere Bestseller von LR Aloe Vera. Starten Sie noch heute Ihre Reise zu nat\u00fcrlicher Hautpflege und sp\u00fcren Sie den Unterschied.\",\"email\":\"info@lraloeverashop.eu\",\"telephone\":\"+49 17670609653\",\"legalName\":\"Lr Aloe Vera Shop\",\"foundingDate\":\"2018-04-21\",\"numberOfEmployees\":{\"@type\":\"QuantitativeValue\",\"minValue\":\"1\",\"maxValue\":\"10\"}}]}<\/script>\n<meta property=\"product:price:amount\" content=\"112.99\" \/>\n<meta property=\"product:price:currency\" content=\"EUR\" \/>\n<meta property=\"og:availability\" content=\"instock\" \/>\n<meta property=\"product:availability\" content=\"instock\" \/>\n<meta property=\"product:retailer_item_id\" content=\"80743-481DE\" \/>\n<meta property=\"product:condition\" content=\"new\" \/>\n<!-- \/ Yoast SEO Premium plugin. -->","yoast_head_json":{"title":"Aloe Vera Getr\u00e4nk Honig kann st\u00e4rken die Immunit\u00e4t des K\u00f6rpers","description":"Aloe Vera Getr\u00e4nk Honig mit 90% Aloe Vera Gel von Barbadensis Miller und 9% Honig kann beseitigen Giftstoffe in K\u00f6rper und st\u00e4rken k\u00f6rpereigene Immunit\u00e4t","robots":{"index":"index","follow":"follow","max-snippet":"max-snippet:-1","max-image-preview":"max-image-preview:large","max-video-preview":"max-video-preview:-1"},"canonical":"https:\/\/www.lraloeverashop.eu\/de\/produkt\/aloe-vera-getrank-honig-3\/","og_locale":"de_DE","og_type":"article","og_title":"Aloe Vera Getr\u00e4nk Honig 3er Set","og_description":"Aloe Vera Getr\u00e4nk Honig mit 90% Aloe Vera Gel von Barbadensis Miller und 9% Honig kann beseitigen Giftstoffe in K\u00f6rper und st\u00e4rken k\u00f6rpereigene Immunit\u00e4t","og_url":"https:\/\/www.lraloeverashop.eu\/de\/produkt\/aloe-vera-getrank-honig-3\/","og_site_name":"Lr Aloe Vera Shop","article_publisher":"https:\/\/www.facebook.com\/lraloeverashop.eu","article_modified_time":"2026-02-03T18:09:27+00:00","og_image":[{"width":1200,"height":1200,"url":"https:\/\/www.lraloeverashop.eu\/wp-content\/uploads\/2022\/10\/Aloe-Vera-Drinking-Gel-Honey-3-Pcs-Set.jpg","type":"image\/jpeg"}],"twitter_card":"summary_large_image","twitter_site":"@natur__kosmetik","schema":{"@context":"https:\/\/schema.org","@graph":[{"@type":["WebPage","ItemPage"],"@id":"https:\/\/www.lraloeverashop.eu\/de\/produkt\/aloe-vera-getrank-honig-3\/","url":"https:\/\/www.lraloeverashop.eu\/de\/produkt\/aloe-vera-getrank-honig-3\/","name":"Aloe Vera Getr\u00e4nk Honig kann st\u00e4rken die Immunit\u00e4t des K\u00f6rpers","isPartOf":{"@id":"https:\/\/www.lraloeverashop.eu\/de\/#website"},"primaryImageOfPage":{"@id":"https:\/\/www.lraloeverashop.eu\/de\/produkt\/aloe-vera-getrank-honig-3\/#primaryimage"},"image":{"@id":"https:\/\/www.lraloeverashop.eu\/de\/produkt\/aloe-vera-getrank-honig-3\/#primaryimage"},"thumbnailUrl":"https:\/\/www.lraloeverashop.eu\/wp-content\/uploads\/2022\/10\/Aloe-Vera-Drinking-Gel-Honey-3-Pcs-Set.jpg","datePublished":"2022-10-11T18:50:20+00:00","dateModified":"2026-02-03T18:09:27+00:00","description":"Aloe Vera Getr\u00e4nk Honig mit 90% Aloe Vera Gel von Barbadensis Miller und 9% Honig kann beseitigen Giftstoffe in K\u00f6rper und st\u00e4rken k\u00f6rpereigene Immunit\u00e4t","breadcrumb":{"@id":"https:\/\/www.lraloeverashop.eu\/de\/produkt\/aloe-vera-getrank-honig-3\/#breadcrumb"},"inLanguage":"de","potentialAction":[{"@type":"ReadAction","target":["https:\/\/www.lraloeverashop.eu\/de\/produkt\/aloe-vera-getrank-honig-3\/"]}]},{"@type":"ImageObject","inLanguage":"de","@id":"https:\/\/www.lraloeverashop.eu\/de\/produkt\/aloe-vera-getrank-honig-3\/#primaryimage","url":"https:\/\/www.lraloeverashop.eu\/wp-content\/uploads\/2022\/10\/Aloe-Vera-Drinking-Gel-Honey-3-Pcs-Set.jpg","contentUrl":"https:\/\/www.lraloeverashop.eu\/wp-content\/uploads\/2022\/10\/Aloe-Vera-Drinking-Gel-Honey-3-Pcs-Set.jpg","width":1200,"height":1200,"caption":"Aloe Vera Trinkgel Honig f\u00fcr beseitigung von Giftstoffen in Ihrem K\u00f6rper"},{"@type":"BreadcrumbList","@id":"https:\/\/www.lraloeverashop.eu\/de\/produkt\/aloe-vera-getrank-honig-3\/#breadcrumb","itemListElement":[{"@type":"ListItem","position":1,"name":"Home","item":"https:\/\/www.lraloeverashop.eu\/de\/"},{"@type":"ListItem","position":2,"name":"Shop","item":"https:\/\/www.lraloeverashop.eu\/de\/shop-2\/"},{"@type":"ListItem","position":3,"name":"Aloe Vera Getr\u00e4nk Honig 3er Set"}]},{"@type":"WebSite","@id":"https:\/\/www.lraloeverashop.eu\/de\/#website","url":"https:\/\/www.lraloeverashop.eu\/de\/","name":"Lr Aloe Vera Shop","description":"High Quality Lr Aloe Vera Gel, Aloe Vera Cream and Shampoo","publisher":{"@id":"https:\/\/www.lraloeverashop.eu\/de\/#organization"},"alternateName":"LR","potentialAction":[{"@type":"SearchAction","target":{"@type":"EntryPoint","urlTemplate":"https:\/\/www.lraloeverashop.eu\/de\/?s={search_term_string}"},"query-input":{"@type":"PropertyValueSpecification","valueRequired":true,"valueName":"search_term_string"}}],"inLanguage":"de"},{"@type":"Organization","@id":"https:\/\/www.lraloeverashop.eu\/de\/#organization","name":"Lr Aloe Vera Shop","alternateName":"LR","url":"https:\/\/www.lraloeverashop.eu\/de\/","logo":{"@type":"ImageObject","inLanguage":"de","@id":"https:\/\/www.lraloeverashop.eu\/de\/#\/schema\/logo\/image\/","url":"https:\/\/www.lraloeverashop.eu\/wp-content\/uploads\/2022\/09\/cropped-Lr-Aloe-Vera-Shop.jpg","contentUrl":"https:\/\/www.lraloeverashop.eu\/wp-content\/uploads\/2022\/09\/cropped-Lr-Aloe-Vera-Shop.jpg","width":228,"height":76,"caption":"Lr Aloe Vera Shop"},"image":{"@id":"https:\/\/www.lraloeverashop.eu\/de\/#\/schema\/logo\/image\/"},"sameAs":["https:\/\/www.facebook.com\/lraloeverashop.eu","https:\/\/x.com\/natur__kosmetik","https:\/\/www.youtube.com\/channel\/UC5oN7BJ8nfYb8RpVtjwDEBA","https:\/\/www.instagram.com\/lrbeautyeu\/"],"description":"LR Aloe Vera Shop ist Ihre vertrauensw\u00fcrdige Adresse f\u00fcr hochwertige LR Health & Beauty Produkte aus Deutschland. Wir bieten Ihnen erstklassige Aloe Vera Hautpflege, N\u00e4hrstoffe und Anti-Aging-Produkte mit reinen Inhaltsstoffen, die auf wissenschaftlichen Erkenntnissen basieren. Entdecken Sie nat\u00fcrliche Pflege, die Ihre Haut regeneriert, sch\u00fctzt und revitalisiert \u2013 und profitieren Sie von exklusiven Monatsangeboten auf unsere Bestseller von LR Aloe Vera. Starten Sie noch heute Ihre Reise zu nat\u00fcrlicher Hautpflege und sp\u00fcren Sie den Unterschied.","email":"info@lraloeverashop.eu","telephone":"+49 17670609653","legalName":"Lr Aloe Vera Shop","foundingDate":"2018-04-21","numberOfEmployees":{"@type":"QuantitativeValue","minValue":"1","maxValue":"10"}}]},"product_price_amount":"112.99","product_price_currency":"EUR","og_availability":"instock","product_availability":"instock","product_retailer_item_id":"80743-481DE","product_condition":"new"},"taxonomy_info":{"product_cat":[{"value":292,"label":"Aloe Vera Trinkgele"},{"value":399,"label":"Basis"},{"value":435,"label":"Darm &amp; Verdauung"},{"value":462,"label":"Sparen im set"},{"value":465,"label":"Spezialisten"}],"product_tag":[{"value":592,"label":"Detox-Getr\u00e4nke"}]},"featured_image_src_large":["https:\/\/www.lraloeverashop.eu\/wp-content\/uploads\/2022\/10\/Aloe-Vera-Drinking-Gel-Honey-3-Pcs-Set-1024x1024.jpg",1024,1024,true],"author_info":[],"comment_info":0,"_links":{"self":[{"href":"https:\/\/www.lraloeverashop.eu\/de\/wp-json\/wp\/v2\/product\/10074","targetHints":{"allow":["GET"]}}],"collection":[{"href":"https:\/\/www.lraloeverashop.eu\/de\/wp-json\/wp\/v2\/product"}],"about":[{"href":"https:\/\/www.lraloeverashop.eu\/de\/wp-json\/wp\/v2\/types\/product"}],"replies":[{"embeddable":true,"href":"https:\/\/www.lraloeverashop.eu\/de\/wp-json\/wp\/v2\/comments?post=10074"}],"wp:featuredmedia":[{"embeddable":true,"href":"https:\/\/www.lraloeverashop.eu\/de\/wp-json\/wp\/v2\/media\/5305"}],"wp:attachment":[{"href":"https:\/\/www.lraloeverashop.eu\/de\/wp-json\/wp\/v2\/media?parent=10074"}],"wp:term":[{"taxonomy":"product_brand","embeddable":true,"href":"https:\/\/www.lraloeverashop.eu\/de\/wp-json\/wp\/v2\/product_brand?post=10074"},{"taxonomy":"product_cat","embeddable":true,"href":"https:\/\/www.lraloeverashop.eu\/de\/wp-json\/wp\/v2\/product_cat?post=10074"},{"taxonomy":"product_tag","embeddable":true,"href":"https:\/\/www.lraloeverashop.eu\/de\/wp-json\/wp\/v2\/product_tag?post=10074"}],"curies":[{"name":"wp","href":"https:\/\/api.w.org\/{rel}","templated":true}]}}