{"id":10040,"date":"2022-10-11T21:06:59","date_gmt":"2022-10-11T19:06:59","guid":{"rendered":"https:\/\/www.lraloeverashop.eu\/product\/aloe-vera-getrank-freedom\/"},"modified":"2026-02-03T19:08:51","modified_gmt":"2026-02-03T18:08:51","slug":"aloe-vera-getrank-freedom","status":"publish","type":"product","link":"https:\/\/www.lraloeverashop.eu\/de\/produkt\/aloe-vera-getrank-freedom\/","title":{"rendered":"Aloe Vera Getr\u00e4nk Freedom 3er Set"},"content":{"rendered":"<h2><span style=\"font-size: 16pt;\"><strong>Aloe Vera Getr\u00e4nk Freedom 3 er Set<\/strong><\/span><\/h2>\n<p><span style=\"font-size: 14pt;\"><strong>Aloe Vera Getr\u00e4nk Freedom Kann Verbessern die Funktion der Gelenke<\/strong><\/span><\/p>\n<p>Aloe Vera Getr\u00e4nk Freedom mit <a href=\"https:\/\/www.lraloeverashop.eu\/de\/aloe-vera-zum-trinken-von-lr-health-beauty\/\">N\u00e4hrstoffen f\u00fcr die Gelenke<\/a> ist eine hervorragende Unterst\u00fctzung. In Ihrem t\u00e4glichen Leben sind Ihre Gelenke h\u00e4ufig anf\u00e4llig f\u00fcr Stress und M\u00fcdigkeit, insbesondere Ihre Knie und H\u00fcften.<\/p>\n<p>Um die Gelenke zu erhalten, ist es vorteilhaft, sich regelm\u00e4\u00dfig zu bewegen und den K\u00f6rper mit den wichtigsten N\u00e4hrstoffen zu versorgen. Das Lr Aloe Vera Freedom bietet eine optimale Kombination von Wirkstoffen zur Unterst\u00fctzung der Bewegung Ihrer <a href=\"https:\/\/www.lraloeverashop.eu\/de\/produkt\/active-freedom-kapseln\/\">Gelenke<\/a>.<\/p>\n<p><a href=\"https:\/\/www.lraloeverashop.eu\/de\/produkt\/aloe-vera-getrank-immune-plus\/\">Vitamin C<\/a> tr\u00e4gt zur Bildung von Kollagen f\u00fcr die normale Knorpelfunktion bei.<\/p>\n<p>&nbsp;<\/p>\n<h3><strong><span style=\"font-size: 16pt;\">Wie benutzt man Aloe Gel<\/span><\/strong><\/h3>\n<p><strong>Empfohlene Tagesdosis:<\/strong> 3 x t\u00e4glich 30 ml Aloe Vera Getr\u00e4nk Freedom, am besten vor den Mahlzeiten (evtl. mit Wasser oder Fruchtsaft verd\u00fcnnen).<\/p>\n<p><strong>Rezeptidee:<\/strong><br \/>\nProbieren Sie Aloe Vera Getr\u00e4nk Freedom mal mit einem Glas Orangensaft, oder mischen Sie das Gel in einen frisch gemixten Smoothie mit vielen gesunden Obst- und Gem\u00fcsesorten.<br \/>\nVor Gebrauch sch\u00fctteln. Nach dem \u00d6ffnen im K\u00fchlschrank aufbewahren und z\u00fcgig verbrauchen.<\/p>\n<p>Die angegebene, empfohlene t\u00e4gliche Verzehrmenge darf nicht \u00fcberschritten werden.<\/p>\n<p>Nahrungserg\u00e4nzungsmittel sind kein Ersatz f\u00fcr eine abwechslungsreiche und ausgewogene Ern\u00e4hrung, die zusammen mit einer <a href=\"https:\/\/www.lraloeverashop.eu\/de\/knorpelgesundheit-und-lr-aloe-vera-trinkgel-freedom\/\">gesunden Lebensweise<\/a> von Bedeutung ist. Produkt au\u00dferhalb der Reichweite von kleinen Kindern aufbewahren.<\/p>\n<p>&nbsp;<\/p>\n<h4><strong><span style=\"font-size: 16pt;\">H\u00e4ufig gestellte Fragen<\/span><\/strong><\/h4>\n<p><strong>Wie kann man f\u00fcr mehr Bewegung im Alltag sorgen?<\/strong><br \/>\nImmer mehr Menschen bewegen sich zu wenig. Wir verbringen viel Zeit am Schreibtisch, die Fahrt zur Arbeit erledigen wir mit dem Auto, fast \u00fcberall gibt es Rolltreppen und Aufz\u00fcge. Dabei kann man bereits mit kleinen Tricks f\u00fcr erheblich mehr Bewegung im Alltag sorgen und etwas f\u00fcr seine <a href=\"https:\/\/www.lraloeverashop.eu\/de\/gesundheitliche-vorteile-von-lr-aloe-vera-drinking-gel-pfirsich\/\">Fitness tun<\/a>.<\/p>\n<p>Kurze Wege lassen sich gut zu Fu\u00df oder mit dem Rad erledigen. Wer mit \u00f6ffentlichen Verkehrsmitteln unterwegs ist, kann eine Station fr\u00fcher aussteigen und zu Fu\u00df gehen. Statt Aufz\u00fcgen m\u00f6glichst immer die Treppe nutzen und abends noch einen <a href=\"https:\/\/www.lraloeverashop.eu\/de\/produkt-kategorie\/spezial-ernahrung\/knochen-gelenke-muskeln\/\">Spaziergang<\/a> machen, statt auf der Couch vor dem Fernseher zu sitzen.<\/p>\n<p><strong>Woraus besteht Aloe Vera Getr\u00e4nk Freedom?<\/strong><br \/>\nDie Bl\u00e4tter der Aloe Vera Pflanze sind sehr fleischig. Die Bl\u00e4tter sind nach au\u00dfen von einer dicken, gr\u00fcnen Blattrinde umschlossen. Das Innere der Bl\u00e4tter besteht aus gelartigem, parenchymatischen Gewebe, dem Aloe Vera Blattgel. Nur dieses Blattgel mit allen wertvollen Inhaltsstoffen wird f\u00fcr das <a href=\"https:\/\/www.lraloeverashop.eu\/de\/produkt\/aloe-vera-trinkgel-freedom\/\">Drinking Gel<\/a> verwendet.<\/p>\n<p><strong>Warum verwendet LR f\u00fcr die Herstellung von Aloe Vera Produkten ausschlie\u00dflich die Aloe Vera Barbadensis Miller?<\/strong><br \/>\nVon den \u00fcber 200 Aloe Vera Spezies ist die Barbadensis Miller die einzige Sorte, die als Lebensmittel verwendet werden kann. Die h\u00e4ufig genannte Aloe Arborescens ist sehr stark aloinhaltig und deswegen f\u00fcr den Verzehr ungeeignet. LR verwendet deswegen ausschlie\u00dflich Aloe Vera Barbadensis Miller f\u00fcr die Herstellung der Aloe Vera Produkte.<\/p>\n<p><strong>K\u00f6nnte man zuhause eine Aloe Vera Pflanze aufschneiden und das Gel einfach so trinken?<\/strong><br \/>\nVom Konsum des reinen Blattgels der Aloe Vera Pflanze in unverarbeiteter Form ist abzuraten. Man muss die Rinde der Bl\u00e4tter sauber von dem innen liegenden Gel trennen. Unter der Rinde haftet eine Schicht Aloin, das als dickfl\u00fcssiger gelber Saft bei unkundiger Verarbeitung austritt. Es muss vor dem Verzehr sorgf\u00e4ltig entfernt werden. Dies sollte unter fachkundiger Anleitung geschehen.<\/p>\n<p>Aloin ist ein sehr stark abf\u00fchrender Inhaltstoff, der bei der Einnahme hoher Konzentrationen zu Durchfallerscheinungen f\u00fchren kann. S\u00e4mtliche Aloe Vera Drinking Gele von LR werden deswegen regelm\u00e4\u00dfig einer sorgf\u00e4ltigen Aloinpr\u00fcfung unterzogen. Au\u00dferdem hat die Aloe Vera in ihrer reinen Form einen bitteren Geschmack. In jedem Fall ist es einfacher, ein Aloe Vera Getr\u00e4nk Freedom von LR zu verzehren \u2013 und es schmeckt besser.<\/p>\n","protected":false},"excerpt":{"rendered":"<ul>\n<li>88% reines Aloe Vera Blattgel<\/li>\n<li>F\u00fcr Pr\u00e4vention von Arthritis<\/li>\n<li>Verbessere die Funktion von Gelenken<\/li>\n<li>Mit Vitamin C zur Unterst\u00fctzung der Kollagenbildung f\u00fcr normale Knorpelfunktion<\/li>\n<li>Menge: 3 x 1000 ml<\/li>\n<li>Produkt hergestellt in Deutschland<\/li>\n<\/ul>\n<p><span style=\"color: #ff0000;\"><a style=\"color: #ff0000;\" href=\"https:\/\/shop.lrworld.com\/openpao?PHP=0vFlt7jT938BEnBI3a6e9w%3D%3D\"><span style=\"font-size: 14pt;\"><strong>Hier registrieren und dauerhaft 35\u202f% sparen<\/strong><\/span><\/a><\/span><\/p>\n","protected":false},"featured_media":5503,"comment_status":"open","ping_status":"closed","template":"","meta":{"_kad_blocks_custom_css":"","_kad_blocks_head_custom_js":"","_kad_blocks_body_custom_js":"","_kad_blocks_footer_custom_js":"","_kadence_starter_templates_imported_post":false,"_kad_post_transparent":"default","_kad_post_title":"","_kad_post_layout":"default","_kad_post_sidebar_id":"","_kad_post_content_style":"default","_kad_post_vertical_padding":"default","_kad_post_feature":"","_kad_post_feature_position":"","_kad_post_header":false,"_kad_post_footer":false,"_kad_post_classname":""},"product_brand":[],"product_cat":[292,399,435,417,462,465],"product_tag":[592,654],"class_list":{"0":"post-10040","1":"product","2":"type-product","3":"status-publish","4":"has-post-thumbnail","6":"product_cat-trinkgele","7":"product_cat-basis","8":"product_cat-darm-verdauung","9":"product_cat-knochen-gelenke-muskeln","10":"product_cat-sparen-im-set","11":"product_cat-spezial-ernahrung","12":"product_tag-detox-getraenke","13":"product_tag-gelenkschmerzen-de","15":"first","16":"instock","17":"taxable","18":"shipping-taxable","19":"purchasable","20":"product-type-simple","21":"entry","22":"content-bg","23":"loop-entry"},"yoast_head":"<!-- This site is optimized with the Yoast SEO Premium plugin v27.4 (Yoast SEO v27.4) - https:\/\/yoast.com\/product\/yoast-seo-premium-wordpress\/ -->\n<title>Aloe Vera Getr\u00e4nk Freedom kann Verbessern funktion der Gelenke<\/title>\n<meta name=\"description\" content=\"Aloe Vera Getr\u00e4nk Freedom mit 88 % Aloe Vera Gel und wertvollen N\u00e4hrstoffen ist eine hervorragende Unterst\u00fctzung f\u00fcr m\u00fcde Gelenke nach schwerer Arbeit.\" \/>\n<meta name=\"robots\" content=\"index, follow, max-snippet:-1, max-image-preview:large, max-video-preview:-1\" \/>\n<link rel=\"canonical\" href=\"https:\/\/www.lraloeverashop.eu\/de\/produkt\/aloe-vera-getrank-freedom\/\" \/>\n<meta property=\"og:locale\" content=\"de_DE\" \/>\n<meta property=\"og:type\" content=\"article\" \/>\n<meta property=\"og:title\" content=\"Aloe Vera Getr\u00e4nk Freedom 3er Set\" \/>\n<meta property=\"og:description\" content=\"Aloe Vera Getr\u00e4nk Freedom mit 88 % Aloe Vera Gel und wertvollen N\u00e4hrstoffen ist eine hervorragende Unterst\u00fctzung f\u00fcr m\u00fcde Gelenke nach schwerer Arbeit.\" \/>\n<meta property=\"og:url\" content=\"https:\/\/www.lraloeverashop.eu\/de\/produkt\/aloe-vera-getrank-freedom\/\" \/>\n<meta property=\"og:site_name\" content=\"Lr Aloe Vera Shop\" \/>\n<meta property=\"article:publisher\" content=\"https:\/\/www.facebook.com\/lraloeverashop.eu\" \/>\n<meta property=\"article:modified_time\" content=\"2026-02-03T18:08:51+00:00\" \/>\n<meta property=\"og:image\" content=\"https:\/\/www.lraloeverashop.eu\/wp-content\/uploads\/2022\/10\/freedpm-3.jpg\" \/>\n\t<meta property=\"og:image:width\" content=\"1200\" \/>\n\t<meta property=\"og:image:height\" content=\"1200\" \/>\n\t<meta property=\"og:image:type\" content=\"image\/jpeg\" \/>\n<meta name=\"twitter:card\" content=\"summary_large_image\" \/>\n<meta name=\"twitter:site\" content=\"@natur__kosmetik\" \/>\n<script type=\"application\/ld+json\" class=\"yoast-schema-graph\">{\"@context\":\"https:\\\/\\\/schema.org\",\"@graph\":[{\"@type\":[\"WebPage\",\"ItemPage\"],\"@id\":\"https:\\\/\\\/www.lraloeverashop.eu\\\/de\\\/produkt\\\/aloe-vera-getrank-freedom\\\/\",\"url\":\"https:\\\/\\\/www.lraloeverashop.eu\\\/de\\\/produkt\\\/aloe-vera-getrank-freedom\\\/\",\"name\":\"Aloe Vera Getr\u00e4nk Freedom kann Verbessern funktion der Gelenke\",\"isPartOf\":{\"@id\":\"https:\\\/\\\/www.lraloeverashop.eu\\\/de\\\/#website\"},\"primaryImageOfPage\":{\"@id\":\"https:\\\/\\\/www.lraloeverashop.eu\\\/de\\\/produkt\\\/aloe-vera-getrank-freedom\\\/#primaryimage\"},\"image\":{\"@id\":\"https:\\\/\\\/www.lraloeverashop.eu\\\/de\\\/produkt\\\/aloe-vera-getrank-freedom\\\/#primaryimage\"},\"thumbnailUrl\":\"https:\\\/\\\/www.lraloeverashop.eu\\\/wp-content\\\/uploads\\\/2022\\\/10\\\/freedpm-3.jpg\",\"datePublished\":\"2022-10-11T19:06:59+00:00\",\"dateModified\":\"2026-02-03T18:08:51+00:00\",\"description\":\"Aloe Vera Getr\u00e4nk Freedom mit 88 % Aloe Vera Gel und wertvollen N\u00e4hrstoffen ist eine hervorragende Unterst\u00fctzung f\u00fcr m\u00fcde Gelenke nach schwerer Arbeit.\",\"breadcrumb\":{\"@id\":\"https:\\\/\\\/www.lraloeverashop.eu\\\/de\\\/produkt\\\/aloe-vera-getrank-freedom\\\/#breadcrumb\"},\"inLanguage\":\"de\",\"potentialAction\":[{\"@type\":\"ReadAction\",\"target\":[\"https:\\\/\\\/www.lraloeverashop.eu\\\/de\\\/produkt\\\/aloe-vera-getrank-freedom\\\/\"]}]},{\"@type\":\"ImageObject\",\"inLanguage\":\"de\",\"@id\":\"https:\\\/\\\/www.lraloeverashop.eu\\\/de\\\/produkt\\\/aloe-vera-getrank-freedom\\\/#primaryimage\",\"url\":\"https:\\\/\\\/www.lraloeverashop.eu\\\/wp-content\\\/uploads\\\/2022\\\/10\\\/freedpm-3.jpg\",\"contentUrl\":\"https:\\\/\\\/www.lraloeverashop.eu\\\/wp-content\\\/uploads\\\/2022\\\/10\\\/freedpm-3.jpg\",\"width\":1200,\"height\":1200,\"caption\":\"Aloe-Vera-Getr\u00e4nk Freedom 3er-Set\"},{\"@type\":\"BreadcrumbList\",\"@id\":\"https:\\\/\\\/www.lraloeverashop.eu\\\/de\\\/produkt\\\/aloe-vera-getrank-freedom\\\/#breadcrumb\",\"itemListElement\":[{\"@type\":\"ListItem\",\"position\":1,\"name\":\"Home\",\"item\":\"https:\\\/\\\/www.lraloeverashop.eu\\\/de\\\/\"},{\"@type\":\"ListItem\",\"position\":2,\"name\":\"Shop\",\"item\":\"https:\\\/\\\/www.lraloeverashop.eu\\\/de\\\/shop-2\\\/\"},{\"@type\":\"ListItem\",\"position\":3,\"name\":\"Aloe Vera Getr\u00e4nk Freedom 3er Set\"}]},{\"@type\":\"WebSite\",\"@id\":\"https:\\\/\\\/www.lraloeverashop.eu\\\/de\\\/#website\",\"url\":\"https:\\\/\\\/www.lraloeverashop.eu\\\/de\\\/\",\"name\":\"Lr Aloe Vera Shop\",\"description\":\"High Quality Lr Aloe Vera Gel, Aloe Vera Cream and Shampoo\",\"publisher\":{\"@id\":\"https:\\\/\\\/www.lraloeverashop.eu\\\/de\\\/#organization\"},\"potentialAction\":[{\"@type\":\"SearchAction\",\"target\":{\"@type\":\"EntryPoint\",\"urlTemplate\":\"https:\\\/\\\/www.lraloeverashop.eu\\\/de\\\/?s={search_term_string}\"},\"query-input\":{\"@type\":\"PropertyValueSpecification\",\"valueRequired\":true,\"valueName\":\"search_term_string\"}}],\"inLanguage\":\"de\"},{\"@type\":\"Organization\",\"@id\":\"https:\\\/\\\/www.lraloeverashop.eu\\\/de\\\/#organization\",\"name\":\"Lr Aloe Vera Shop\",\"alternateName\":\"LR\",\"url\":\"https:\\\/\\\/www.lraloeverashop.eu\\\/de\\\/\",\"logo\":{\"@type\":\"ImageObject\",\"inLanguage\":\"de\",\"@id\":\"https:\\\/\\\/www.lraloeverashop.eu\\\/de\\\/#\\\/schema\\\/logo\\\/image\\\/\",\"url\":\"https:\\\/\\\/www.lraloeverashop.eu\\\/wp-content\\\/uploads\\\/2022\\\/09\\\/cropped-Lr-Aloe-Vera-Shop.jpg\",\"contentUrl\":\"https:\\\/\\\/www.lraloeverashop.eu\\\/wp-content\\\/uploads\\\/2022\\\/09\\\/cropped-Lr-Aloe-Vera-Shop.jpg\",\"width\":228,\"height\":76,\"caption\":\"Lr Aloe Vera Shop\"},\"image\":{\"@id\":\"https:\\\/\\\/www.lraloeverashop.eu\\\/de\\\/#\\\/schema\\\/logo\\\/image\\\/\"},\"sameAs\":[\"https:\\\/\\\/www.facebook.com\\\/lraloeverashop.eu\",\"https:\\\/\\\/x.com\\\/natur__kosmetik\",\"https:\\\/\\\/www.youtube.com\\\/channel\\\/UC5oN7BJ8nfYb8RpVtjwDEBA\",\"https:\\\/\\\/www.instagram.com\\\/lrbeautyeu\\\/\"],\"description\":\"LR Aloe Vera Shop ist Ihre vertrauensw\u00fcrdige Adresse f\u00fcr hochwertige LR Health & Beauty Produkte aus Deutschland. Wir bieten Ihnen erstklassige Aloe Vera Hautpflege, N\u00e4hrstoffe und Anti-Aging-Produkte mit reinen Inhaltsstoffen, die auf wissenschaftlichen Erkenntnissen basieren. Entdecken Sie nat\u00fcrliche Pflege, die Ihre Haut regeneriert, sch\u00fctzt und revitalisiert \u2013 und profitieren Sie von exklusiven Monatsangeboten auf unsere Bestseller von LR Aloe Vera. Starten Sie noch heute Ihre Reise zu nat\u00fcrlicher Hautpflege und sp\u00fcren Sie den Unterschied.\",\"email\":\"info@lraloeverashop.eu\",\"telephone\":\"+49 17670609653\",\"legalName\":\"Lr Aloe Vera Shop\",\"foundingDate\":\"2018-04-21\",\"numberOfEmployees\":{\"@type\":\"QuantitativeValue\",\"minValue\":\"1\",\"maxValue\":\"10\"}}]}<\/script>\n<meta property=\"product:price:amount\" content=\"125.79\" \/>\n<meta property=\"product:price:currency\" content=\"EUR\" \/>\n<meta property=\"og:availability\" content=\"instock\" \/>\n<meta property=\"product:availability\" content=\"instock\" \/>\n<meta property=\"product:retailer_item_id\" content=\"80883-480DE\" \/>\n<meta property=\"product:condition\" content=\"new\" \/>\n<!-- \/ Yoast SEO Premium plugin. -->","yoast_head_json":{"title":"Aloe Vera Getr\u00e4nk Freedom kann Verbessern funktion der Gelenke","description":"Aloe Vera Getr\u00e4nk Freedom mit 88 % Aloe Vera Gel und wertvollen N\u00e4hrstoffen ist eine hervorragende Unterst\u00fctzung f\u00fcr m\u00fcde Gelenke nach schwerer Arbeit.","robots":{"index":"index","follow":"follow","max-snippet":"max-snippet:-1","max-image-preview":"max-image-preview:large","max-video-preview":"max-video-preview:-1"},"canonical":"https:\/\/www.lraloeverashop.eu\/de\/produkt\/aloe-vera-getrank-freedom\/","og_locale":"de_DE","og_type":"article","og_title":"Aloe Vera Getr\u00e4nk Freedom 3er Set","og_description":"Aloe Vera Getr\u00e4nk Freedom mit 88 % Aloe Vera Gel und wertvollen N\u00e4hrstoffen ist eine hervorragende Unterst\u00fctzung f\u00fcr m\u00fcde Gelenke nach schwerer Arbeit.","og_url":"https:\/\/www.lraloeverashop.eu\/de\/produkt\/aloe-vera-getrank-freedom\/","og_site_name":"Lr Aloe Vera Shop","article_publisher":"https:\/\/www.facebook.com\/lraloeverashop.eu","article_modified_time":"2026-02-03T18:08:51+00:00","og_image":[{"width":1200,"height":1200,"url":"https:\/\/www.lraloeverashop.eu\/wp-content\/uploads\/2022\/10\/freedpm-3.jpg","type":"image\/jpeg"}],"twitter_card":"summary_large_image","twitter_site":"@natur__kosmetik","schema":{"@context":"https:\/\/schema.org","@graph":[{"@type":["WebPage","ItemPage"],"@id":"https:\/\/www.lraloeverashop.eu\/de\/produkt\/aloe-vera-getrank-freedom\/","url":"https:\/\/www.lraloeverashop.eu\/de\/produkt\/aloe-vera-getrank-freedom\/","name":"Aloe Vera Getr\u00e4nk Freedom kann Verbessern funktion der Gelenke","isPartOf":{"@id":"https:\/\/www.lraloeverashop.eu\/de\/#website"},"primaryImageOfPage":{"@id":"https:\/\/www.lraloeverashop.eu\/de\/produkt\/aloe-vera-getrank-freedom\/#primaryimage"},"image":{"@id":"https:\/\/www.lraloeverashop.eu\/de\/produkt\/aloe-vera-getrank-freedom\/#primaryimage"},"thumbnailUrl":"https:\/\/www.lraloeverashop.eu\/wp-content\/uploads\/2022\/10\/freedpm-3.jpg","datePublished":"2022-10-11T19:06:59+00:00","dateModified":"2026-02-03T18:08:51+00:00","description":"Aloe Vera Getr\u00e4nk Freedom mit 88 % Aloe Vera Gel und wertvollen N\u00e4hrstoffen ist eine hervorragende Unterst\u00fctzung f\u00fcr m\u00fcde Gelenke nach schwerer Arbeit.","breadcrumb":{"@id":"https:\/\/www.lraloeverashop.eu\/de\/produkt\/aloe-vera-getrank-freedom\/#breadcrumb"},"inLanguage":"de","potentialAction":[{"@type":"ReadAction","target":["https:\/\/www.lraloeverashop.eu\/de\/produkt\/aloe-vera-getrank-freedom\/"]}]},{"@type":"ImageObject","inLanguage":"de","@id":"https:\/\/www.lraloeverashop.eu\/de\/produkt\/aloe-vera-getrank-freedom\/#primaryimage","url":"https:\/\/www.lraloeverashop.eu\/wp-content\/uploads\/2022\/10\/freedpm-3.jpg","contentUrl":"https:\/\/www.lraloeverashop.eu\/wp-content\/uploads\/2022\/10\/freedpm-3.jpg","width":1200,"height":1200,"caption":"Aloe-Vera-Getr\u00e4nk Freedom 3er-Set"},{"@type":"BreadcrumbList","@id":"https:\/\/www.lraloeverashop.eu\/de\/produkt\/aloe-vera-getrank-freedom\/#breadcrumb","itemListElement":[{"@type":"ListItem","position":1,"name":"Home","item":"https:\/\/www.lraloeverashop.eu\/de\/"},{"@type":"ListItem","position":2,"name":"Shop","item":"https:\/\/www.lraloeverashop.eu\/de\/shop-2\/"},{"@type":"ListItem","position":3,"name":"Aloe Vera Getr\u00e4nk Freedom 3er Set"}]},{"@type":"WebSite","@id":"https:\/\/www.lraloeverashop.eu\/de\/#website","url":"https:\/\/www.lraloeverashop.eu\/de\/","name":"Lr Aloe Vera Shop","description":"High Quality Lr Aloe Vera Gel, Aloe Vera Cream and Shampoo","publisher":{"@id":"https:\/\/www.lraloeverashop.eu\/de\/#organization"},"potentialAction":[{"@type":"SearchAction","target":{"@type":"EntryPoint","urlTemplate":"https:\/\/www.lraloeverashop.eu\/de\/?s={search_term_string}"},"query-input":{"@type":"PropertyValueSpecification","valueRequired":true,"valueName":"search_term_string"}}],"inLanguage":"de"},{"@type":"Organization","@id":"https:\/\/www.lraloeverashop.eu\/de\/#organization","name":"Lr Aloe Vera Shop","alternateName":"LR","url":"https:\/\/www.lraloeverashop.eu\/de\/","logo":{"@type":"ImageObject","inLanguage":"de","@id":"https:\/\/www.lraloeverashop.eu\/de\/#\/schema\/logo\/image\/","url":"https:\/\/www.lraloeverashop.eu\/wp-content\/uploads\/2022\/09\/cropped-Lr-Aloe-Vera-Shop.jpg","contentUrl":"https:\/\/www.lraloeverashop.eu\/wp-content\/uploads\/2022\/09\/cropped-Lr-Aloe-Vera-Shop.jpg","width":228,"height":76,"caption":"Lr Aloe Vera Shop"},"image":{"@id":"https:\/\/www.lraloeverashop.eu\/de\/#\/schema\/logo\/image\/"},"sameAs":["https:\/\/www.facebook.com\/lraloeverashop.eu","https:\/\/x.com\/natur__kosmetik","https:\/\/www.youtube.com\/channel\/UC5oN7BJ8nfYb8RpVtjwDEBA","https:\/\/www.instagram.com\/lrbeautyeu\/"],"description":"LR Aloe Vera Shop ist Ihre vertrauensw\u00fcrdige Adresse f\u00fcr hochwertige LR Health & Beauty Produkte aus Deutschland. Wir bieten Ihnen erstklassige Aloe Vera Hautpflege, N\u00e4hrstoffe und Anti-Aging-Produkte mit reinen Inhaltsstoffen, die auf wissenschaftlichen Erkenntnissen basieren. Entdecken Sie nat\u00fcrliche Pflege, die Ihre Haut regeneriert, sch\u00fctzt und revitalisiert \u2013 und profitieren Sie von exklusiven Monatsangeboten auf unsere Bestseller von LR Aloe Vera. Starten Sie noch heute Ihre Reise zu nat\u00fcrlicher Hautpflege und sp\u00fcren Sie den Unterschied.","email":"info@lraloeverashop.eu","telephone":"+49 17670609653","legalName":"Lr Aloe Vera Shop","foundingDate":"2018-04-21","numberOfEmployees":{"@type":"QuantitativeValue","minValue":"1","maxValue":"10"}}]},"product_price_amount":"125.79","product_price_currency":"EUR","og_availability":"instock","product_availability":"instock","product_retailer_item_id":"80883-480DE","product_condition":"new"},"taxonomy_info":{"product_cat":[{"value":292,"label":"Aloe Vera Trinkgele"},{"value":399,"label":"Basis"},{"value":435,"label":"Darm &amp; Verdauung"},{"value":417,"label":"Knochen, Gelenke &amp; Muskeln"},{"value":462,"label":"Sparen im set"},{"value":465,"label":"Spezialisten"}],"product_tag":[{"value":592,"label":"Detox-Getr\u00e4nke"},{"value":654,"label":"Gelenkschmerzen"}]},"featured_image_src_large":["https:\/\/www.lraloeverashop.eu\/wp-content\/uploads\/2022\/10\/freedpm-3-1024x1024.jpg",1024,1024,true],"author_info":[],"comment_info":0,"_links":{"self":[{"href":"https:\/\/www.lraloeverashop.eu\/de\/wp-json\/wp\/v2\/product\/10040","targetHints":{"allow":["GET"]}}],"collection":[{"href":"https:\/\/www.lraloeverashop.eu\/de\/wp-json\/wp\/v2\/product"}],"about":[{"href":"https:\/\/www.lraloeverashop.eu\/de\/wp-json\/wp\/v2\/types\/product"}],"replies":[{"embeddable":true,"href":"https:\/\/www.lraloeverashop.eu\/de\/wp-json\/wp\/v2\/comments?post=10040"}],"wp:featuredmedia":[{"embeddable":true,"href":"https:\/\/www.lraloeverashop.eu\/de\/wp-json\/wp\/v2\/media\/5503"}],"wp:attachment":[{"href":"https:\/\/www.lraloeverashop.eu\/de\/wp-json\/wp\/v2\/media?parent=10040"}],"wp:term":[{"taxonomy":"product_brand","embeddable":true,"href":"https:\/\/www.lraloeverashop.eu\/de\/wp-json\/wp\/v2\/product_brand?post=10040"},{"taxonomy":"product_cat","embeddable":true,"href":"https:\/\/www.lraloeverashop.eu\/de\/wp-json\/wp\/v2\/product_cat?post=10040"},{"taxonomy":"product_tag","embeddable":true,"href":"https:\/\/www.lraloeverashop.eu\/de\/wp-json\/wp\/v2\/product_tag?post=10040"}],"curies":[{"name":"wp","href":"https:\/\/api.w.org\/{rel}","templated":true}]}}