{"id":6438,"date":"2022-09-22T13:07:14","date_gmt":"2022-09-22T11:07:14","guid":{"rendered":"https:\/\/www.lraloeverashop.eu\/ruecknahmegarantie\/"},"modified":"2025-01-18T07:58:39","modified_gmt":"2025-01-18T06:58:39","slug":"ruecknahmegarantie","status":"publish","type":"page","link":"https:\/\/www.lraloeverashop.eu\/de\/ruecknahmegarantie\/","title":{"rendered":"R\u00fccknahmegarantie"},"content":{"rendered":"\n<p class=\"has-medium-font-size\"><strong>WICHTIGER HINWEIS<\/strong><\/p>\n\n\n\n<p><strong><mark class=\"has-inline-color\" style=\"background-color: rgba(0, 0, 0, 0); color: #ff0000;\">Wichtiger Hinweis: Gem\u00e4\u00df \u00a7 312 g Abs. 2 nr. 3 BGB besteht das Widerrufsrecht nicht bei Vertr\u00e4gen zur Lieferung versiegelter Waren, die aus Gr\u00fcnden des Gesundheitsschutzes oder der Hygiene nicht zur R\u00fcckgabe geeignet sind, wenn ihre Versiegelung nach der Lieferung entfernt wurde.<\/mark><\/strong><\/p>\n\n\n\n<p>Sie k\u00f6nnen Ihre Bestellung innerhalb von vierzehn Tagen ohne Angabe von Gr\u00fcnden widerrufen oder zur\u00fccksenden. Die Widerrufsfrist betr\u00e4gt vierzehn Tage ab dem Tag an dem Sie oder ein von Ihnen benannter Dritter, der nicht der Bef\u00f6rderer ist, die letzte Ware in Besitz genommen haben bzw. hat.<\/p>\n\n\n\n<p>Wenn Sie Ihre Bestellung stornieren oder zur\u00fccksenden m\u00f6chten, senden Sie uns bitte eine schriftliche Mitteilung an Lr Aloe Vera Shop, (Stanislav Rurik) Schillerstr. 8, D-70771 Leinfelden Echterdingen, Deutschland, Telefon: +49 176 70 60 96 53, E-Mail: info@lraloeverashop.eu, vor Ablauf der Widerrufsfrist.\nDazu reicht eine Erkl\u00e4rung (z. B. ein Brief oder E-Mail) \u00fcber Ihren Entschluss, diesen Vertrag zu widerrufen.<\/p>\n\n\n\n<p>Wir erstatten Ihnen schnellstm\u00f6glich, sp\u00e4testens jedoch innerhalb von 14 Tagen nach Erhalt Ihrer Widerrufserkl\u00e4rung, auf die gleiche Art und Weise, wie Sie die Zahlung geleistet haben, sofern wir die Artikel erhalten haben oder den Nachweis erbracht haben, dass Sie die Artikel zur\u00fcckgesandt haben. F\u00fcr die R\u00fcckerstattung kann eine andere Zahlungsmethode verwendet werden, sofern Sie einer solchen \u00c4nderung zustimmen; in jedem Fall entstehen dadurch keine zus\u00e4tzlichen Kosten. Die R\u00fcckerstattung, die Sie erhalten, beinhaltet auch die Versandkosten. Sollten Sie bestimmte Artikel behalten und Ihre Bestellung nur teilweise stornieren, werden die Versandkosten nicht erstattet.<\/p>\n\n\n\n<p><strong>F\u00fcr alle Sendungen, die dem Kunden nicht zugestellt werden k\u00f6nnen, organisiert DHL die R\u00fccksendung an die urspr\u00fcngliche Absenderadresse. Die Versandkosten werden nicht erstattet und die R\u00fccksendegeb\u00fchr von 4 Euro wird dem Kunden in Rechnung gestellt.<\/strong><\/p>\n\n\n\n<p>Dies gilt nicht, wenn der Kunde sein Widerrufsrecht wirksam aus\u00fcbt, die Lieferung aufgrund von Umst\u00e4nden, die der Kunde nicht zu vertreten hat, nicht erfolgen kann oder er vor\u00fcbergehend an der Annahme der angebotenen Leistung gehindert ist, es sei denn, der Verk\u00e4ufer hat den Kunden hier\u00fcber informiert Service f\u00fcr eine angemessene Zeit im Voraus.<\/p>\n\n\n\n<p>Sollte der von Ihnen erhaltene Artikel defekt sein, benachrichtigen Sie bitte umgehend die Naturkosmetik &amp; Aloe Vera Beratung und senden Sie den Artikel gem\u00e4\u00df dem nachstehenden Abschnitt R\u00fccksendungen zur\u00fcck. Naturkosmetik &amp; Aloe Vera Beratung erstattet f\u00fcr alle Produkte, die als fehlerhaft erachtet werden, eine volle R\u00fcckerstattung. Die hier dargelegten Bestimmungen schr\u00e4nken keine anwendbaren gesetzlichen Rechte ein.<\/p>\n\n\n<style>.wp-block-kadence-advancedheading.kt-adv-heading6438_a02fa9-b3, .wp-block-kadence-advancedheading.kt-adv-heading6438_a02fa9-b3[data-kb-block=\"kb-adv-heading6438_a02fa9-b3\"]{font-size:24px;font-style:normal;}.wp-block-kadence-advancedheading.kt-adv-heading6438_a02fa9-b3 mark.kt-highlight, .wp-block-kadence-advancedheading.kt-adv-heading6438_a02fa9-b3[data-kb-block=\"kb-adv-heading6438_a02fa9-b3\"] mark.kt-highlight{font-style:normal;color:#f76a0c;-webkit-box-decoration-break:clone;box-decoration-break:clone;padding-top:0px;padding-right:0px;padding-bottom:0px;padding-left:0px;}.wp-block-kadence-advancedheading.kt-adv-heading6438_a02fa9-b3 img.kb-inline-image, .wp-block-kadence-advancedheading.kt-adv-heading6438_a02fa9-b3[data-kb-block=\"kb-adv-heading6438_a02fa9-b3\"] img.kb-inline-image{width:150px;vertical-align:baseline;}<\/style>\n<p class=\"kt-adv-heading6438_a02fa9-b3 wp-block-kadence-advancedheading\" data-kb-block=\"kb-adv-heading6438_a02fa9-b3\"><strong>R\u00dcCKSENDUNGEN<\/strong><\/p>\n\n\n\n<p>Lr Aloe Vera Shop garantiert eine vollst\u00e4ndige R\u00fcckerstattung der zur\u00fcckgegebenen Artikel gem\u00e4\u00df Abschnitt Widerruf der Bestellung, vorausgesetzt, dass alle Artikel in demselben Zustand zur\u00fcckgegeben werden, in dem sie sich bei Erhalt befanden. Das bedeutet, dass die Artikel nicht entsiegelt oder die Verpackungen besch\u00e4digt sein d\u00fcrfen. Wir k\u00f6nnen die R\u00fcckzahlung verweigern, bis wir die Waren wieder zur\u00fcckerhalten haben.<\/p>\n\n\n\n<p><strong><mark class=\"has-inline-color\" style=\"background-color: rgba(0, 0, 0, 0); color: #ff0000;\">Wir akzeptieren R\u00fccksendungen nur aus EU-L\u00e4ndern.<\/mark><\/strong><\/p>\n","protected":false},"excerpt":{"rendered":"<p>WICHTIGER HINWEIS Wichtiger Hinweis: Gem\u00e4\u00df \u00a7 312 g Abs. 2 nr. 3 BGB besteht das Widerrufsrecht nicht bei Vertr\u00e4gen zur Lieferung versiegelter Waren, die aus Gr\u00fcnden des Gesundheitsschutzes oder der Hygiene nicht zur R\u00fcckgabe geeignet sind, wenn ihre Versiegelung nach der Lieferung entfernt wurde. Sie k\u00f6nnen Ihre Bestellung innerhalb von vierzehn Tagen ohne Angabe von&#8230;<\/p>\n","protected":false},"author":2,"featured_media":0,"parent":0,"menu_order":0,"comment_status":"closed","ping_status":"closed","template":"","meta":{"_kad_blocks_custom_css":"","_kad_blocks_head_custom_js":"","_kad_blocks_body_custom_js":"","_kad_blocks_footer_custom_js":"","_kadence_starter_templates_imported_post":false,"_kad_post_transparent":"","_kad_post_title":"","_kad_post_layout":"","_kad_post_sidebar_id":"","_kad_post_content_style":"","_kad_post_vertical_padding":"","_kad_post_feature":"","_kad_post_feature_position":"","_kad_post_header":false,"_kad_post_footer":false,"_kad_post_classname":"","footnotes":""},"class_list":["post-6438","page","type-page","status-publish","hentry"],"yoast_head":"<!-- This site is optimized with the Yoast SEO Premium plugin v27.4 (Yoast SEO v27.4) - https:\/\/yoast.com\/product\/yoast-seo-premium-wordpress\/ -->\n<title>R\u00fccknahmegarantie - Lr Aloe Vera Shop<\/title>\n<meta name=\"robots\" content=\"index, follow, max-snippet:-1, max-image-preview:large, max-video-preview:-1\" \/>\n<link rel=\"canonical\" href=\"https:\/\/www.lraloeverashop.eu\/de\/ruecknahmegarantie\/\" \/>\n<meta property=\"og:locale\" content=\"de_DE\" \/>\n<meta property=\"og:type\" content=\"article\" \/>\n<meta property=\"og:title\" content=\"R\u00fccknahmegarantie\" \/>\n<meta property=\"og:description\" content=\"WICHTIGER HINWEIS Wichtiger Hinweis: Gem\u00e4\u00df \u00a7 312 g Abs. 2 nr. 3 BGB besteht das Widerrufsrecht nicht bei Vertr\u00e4gen zur Lieferung versiegelter Waren, die aus Gr\u00fcnden des Gesundheitsschutzes oder der Hygiene nicht zur R\u00fcckgabe geeignet sind, wenn ihre Versiegelung nach der Lieferung entfernt wurde. Sie k\u00f6nnen Ihre Bestellung innerhalb von vierzehn Tagen ohne Angabe von...\" \/>\n<meta property=\"og:url\" content=\"https:\/\/www.lraloeverashop.eu\/de\/ruecknahmegarantie\/\" \/>\n<meta property=\"og:site_name\" content=\"Lr Aloe Vera Shop\" \/>\n<meta property=\"article:publisher\" content=\"https:\/\/www.facebook.com\/lraloeverashop.eu\" \/>\n<meta property=\"article:modified_time\" content=\"2025-01-18T06:58:39+00:00\" \/>\n<meta property=\"og:image\" content=\"https:\/\/www.lraloeverashop.eu\/wp-content\/uploads\/2022\/10\/Zeitgard-Pro-Skin-Care.jpg\" \/>\n\t<meta property=\"og:image:width\" content=\"1607\" \/>\n\t<meta property=\"og:image:height\" content=\"707\" \/>\n\t<meta property=\"og:image:type\" content=\"image\/jpeg\" \/>\n<meta name=\"twitter:card\" content=\"summary_large_image\" \/>\n<meta name=\"twitter:site\" content=\"@natur__kosmetik\" \/>\n<script type=\"application\/ld+json\" class=\"yoast-schema-graph\">{\"@context\":\"https:\\\/\\\/schema.org\",\"@graph\":[{\"@type\":\"WebPage\",\"@id\":\"https:\\\/\\\/www.lraloeverashop.eu\\\/de\\\/ruecknahmegarantie\\\/\",\"url\":\"https:\\\/\\\/www.lraloeverashop.eu\\\/de\\\/ruecknahmegarantie\\\/\",\"name\":\"R\u00fccknahmegarantie - Lr Aloe Vera Shop\",\"isPartOf\":{\"@id\":\"https:\\\/\\\/www.lraloeverashop.eu\\\/de\\\/#website\"},\"datePublished\":\"2022-09-22T11:07:14+00:00\",\"dateModified\":\"2025-01-18T06:58:39+00:00\",\"breadcrumb\":{\"@id\":\"https:\\\/\\\/www.lraloeverashop.eu\\\/de\\\/ruecknahmegarantie\\\/#breadcrumb\"},\"inLanguage\":\"de\",\"potentialAction\":[{\"@type\":\"ReadAction\",\"target\":[\"https:\\\/\\\/www.lraloeverashop.eu\\\/de\\\/ruecknahmegarantie\\\/\"]}]},{\"@type\":\"BreadcrumbList\",\"@id\":\"https:\\\/\\\/www.lraloeverashop.eu\\\/de\\\/ruecknahmegarantie\\\/#breadcrumb\",\"itemListElement\":[{\"@type\":\"ListItem\",\"position\":1,\"name\":\"Home\",\"item\":\"https:\\\/\\\/www.lraloeverashop.eu\\\/de\\\/\"},{\"@type\":\"ListItem\",\"position\":2,\"name\":\"R\u00fccknahmegarantie\"}]},{\"@type\":\"WebSite\",\"@id\":\"https:\\\/\\\/www.lraloeverashop.eu\\\/de\\\/#website\",\"url\":\"https:\\\/\\\/www.lraloeverashop.eu\\\/de\\\/\",\"name\":\"Lr Aloe Vera Shop\",\"description\":\"High Quality Lr Aloe Vera Gel, Aloe Vera Cream and Shampoo\",\"publisher\":{\"@id\":\"https:\\\/\\\/www.lraloeverashop.eu\\\/de\\\/#organization\"},\"potentialAction\":[{\"@type\":\"SearchAction\",\"target\":{\"@type\":\"EntryPoint\",\"urlTemplate\":\"https:\\\/\\\/www.lraloeverashop.eu\\\/de\\\/?s={search_term_string}\"},\"query-input\":{\"@type\":\"PropertyValueSpecification\",\"valueRequired\":true,\"valueName\":\"search_term_string\"}}],\"inLanguage\":\"de\"},{\"@type\":\"Organization\",\"@id\":\"https:\\\/\\\/www.lraloeverashop.eu\\\/de\\\/#organization\",\"name\":\"Lr Aloe Vera Shop\",\"alternateName\":\"LR\",\"url\":\"https:\\\/\\\/www.lraloeverashop.eu\\\/de\\\/\",\"logo\":{\"@type\":\"ImageObject\",\"inLanguage\":\"de\",\"@id\":\"https:\\\/\\\/www.lraloeverashop.eu\\\/de\\\/#\\\/schema\\\/logo\\\/image\\\/\",\"url\":\"https:\\\/\\\/www.lraloeverashop.eu\\\/wp-content\\\/uploads\\\/2022\\\/09\\\/cropped-Lr-Aloe-Vera-Shop.jpg\",\"contentUrl\":\"https:\\\/\\\/www.lraloeverashop.eu\\\/wp-content\\\/uploads\\\/2022\\\/09\\\/cropped-Lr-Aloe-Vera-Shop.jpg\",\"width\":228,\"height\":76,\"caption\":\"Lr Aloe Vera Shop\"},\"image\":{\"@id\":\"https:\\\/\\\/www.lraloeverashop.eu\\\/de\\\/#\\\/schema\\\/logo\\\/image\\\/\"},\"sameAs\":[\"https:\\\/\\\/www.facebook.com\\\/lraloeverashop.eu\",\"https:\\\/\\\/x.com\\\/natur__kosmetik\",\"https:\\\/\\\/www.youtube.com\\\/channel\\\/UC5oN7BJ8nfYb8RpVtjwDEBA\",\"https:\\\/\\\/www.instagram.com\\\/lrbeautyeu\\\/\"],\"description\":\"LR Aloe Vera Shop ist Ihre vertrauensw\u00fcrdige Adresse f\u00fcr hochwertige LR Health & Beauty Produkte aus Deutschland. Wir bieten Ihnen erstklassige Aloe Vera Hautpflege, N\u00e4hrstoffe und Anti-Aging-Produkte mit reinen Inhaltsstoffen, die auf wissenschaftlichen Erkenntnissen basieren. Entdecken Sie nat\u00fcrliche Pflege, die Ihre Haut regeneriert, sch\u00fctzt und revitalisiert \u2013 und profitieren Sie von exklusiven Monatsangeboten auf unsere Bestseller von LR Aloe Vera. Starten Sie noch heute Ihre Reise zu nat\u00fcrlicher Hautpflege und sp\u00fcren Sie den Unterschied.\",\"email\":\"info@lraloeverashop.eu\",\"telephone\":\"+49 17670609653\",\"legalName\":\"Lr Aloe Vera Shop\",\"foundingDate\":\"2018-04-21\",\"numberOfEmployees\":{\"@type\":\"QuantitativeValue\",\"minValue\":\"1\",\"maxValue\":\"10\"}}]}<\/script>\n<!-- \/ Yoast SEO Premium plugin. -->","yoast_head_json":{"title":"R\u00fccknahmegarantie - Lr Aloe Vera Shop","robots":{"index":"index","follow":"follow","max-snippet":"max-snippet:-1","max-image-preview":"max-image-preview:large","max-video-preview":"max-video-preview:-1"},"canonical":"https:\/\/www.lraloeverashop.eu\/de\/ruecknahmegarantie\/","og_locale":"de_DE","og_type":"article","og_title":"R\u00fccknahmegarantie","og_description":"WICHTIGER HINWEIS Wichtiger Hinweis: Gem\u00e4\u00df \u00a7 312 g Abs. 2 nr. 3 BGB besteht das Widerrufsrecht nicht bei Vertr\u00e4gen zur Lieferung versiegelter Waren, die aus Gr\u00fcnden des Gesundheitsschutzes oder der Hygiene nicht zur R\u00fcckgabe geeignet sind, wenn ihre Versiegelung nach der Lieferung entfernt wurde. Sie k\u00f6nnen Ihre Bestellung innerhalb von vierzehn Tagen ohne Angabe von...","og_url":"https:\/\/www.lraloeverashop.eu\/de\/ruecknahmegarantie\/","og_site_name":"Lr Aloe Vera Shop","article_publisher":"https:\/\/www.facebook.com\/lraloeverashop.eu","article_modified_time":"2025-01-18T06:58:39+00:00","og_image":[{"width":1607,"height":707,"url":"https:\/\/www.lraloeverashop.eu\/wp-content\/uploads\/2022\/10\/Zeitgard-Pro-Skin-Care.jpg","type":"image\/jpeg"}],"twitter_card":"summary_large_image","twitter_site":"@natur__kosmetik","schema":{"@context":"https:\/\/schema.org","@graph":[{"@type":"WebPage","@id":"https:\/\/www.lraloeverashop.eu\/de\/ruecknahmegarantie\/","url":"https:\/\/www.lraloeverashop.eu\/de\/ruecknahmegarantie\/","name":"R\u00fccknahmegarantie - Lr Aloe Vera Shop","isPartOf":{"@id":"https:\/\/www.lraloeverashop.eu\/de\/#website"},"datePublished":"2022-09-22T11:07:14+00:00","dateModified":"2025-01-18T06:58:39+00:00","breadcrumb":{"@id":"https:\/\/www.lraloeverashop.eu\/de\/ruecknahmegarantie\/#breadcrumb"},"inLanguage":"de","potentialAction":[{"@type":"ReadAction","target":["https:\/\/www.lraloeverashop.eu\/de\/ruecknahmegarantie\/"]}]},{"@type":"BreadcrumbList","@id":"https:\/\/www.lraloeverashop.eu\/de\/ruecknahmegarantie\/#breadcrumb","itemListElement":[{"@type":"ListItem","position":1,"name":"Home","item":"https:\/\/www.lraloeverashop.eu\/de\/"},{"@type":"ListItem","position":2,"name":"R\u00fccknahmegarantie"}]},{"@type":"WebSite","@id":"https:\/\/www.lraloeverashop.eu\/de\/#website","url":"https:\/\/www.lraloeverashop.eu\/de\/","name":"Lr Aloe Vera Shop","description":"High Quality Lr Aloe Vera Gel, Aloe Vera Cream and Shampoo","publisher":{"@id":"https:\/\/www.lraloeverashop.eu\/de\/#organization"},"potentialAction":[{"@type":"SearchAction","target":{"@type":"EntryPoint","urlTemplate":"https:\/\/www.lraloeverashop.eu\/de\/?s={search_term_string}"},"query-input":{"@type":"PropertyValueSpecification","valueRequired":true,"valueName":"search_term_string"}}],"inLanguage":"de"},{"@type":"Organization","@id":"https:\/\/www.lraloeverashop.eu\/de\/#organization","name":"Lr Aloe Vera Shop","alternateName":"LR","url":"https:\/\/www.lraloeverashop.eu\/de\/","logo":{"@type":"ImageObject","inLanguage":"de","@id":"https:\/\/www.lraloeverashop.eu\/de\/#\/schema\/logo\/image\/","url":"https:\/\/www.lraloeverashop.eu\/wp-content\/uploads\/2022\/09\/cropped-Lr-Aloe-Vera-Shop.jpg","contentUrl":"https:\/\/www.lraloeverashop.eu\/wp-content\/uploads\/2022\/09\/cropped-Lr-Aloe-Vera-Shop.jpg","width":228,"height":76,"caption":"Lr Aloe Vera Shop"},"image":{"@id":"https:\/\/www.lraloeverashop.eu\/de\/#\/schema\/logo\/image\/"},"sameAs":["https:\/\/www.facebook.com\/lraloeverashop.eu","https:\/\/x.com\/natur__kosmetik","https:\/\/www.youtube.com\/channel\/UC5oN7BJ8nfYb8RpVtjwDEBA","https:\/\/www.instagram.com\/lrbeautyeu\/"],"description":"LR Aloe Vera Shop ist Ihre vertrauensw\u00fcrdige Adresse f\u00fcr hochwertige LR Health & Beauty Produkte aus Deutschland. Wir bieten Ihnen erstklassige Aloe Vera Hautpflege, N\u00e4hrstoffe und Anti-Aging-Produkte mit reinen Inhaltsstoffen, die auf wissenschaftlichen Erkenntnissen basieren. Entdecken Sie nat\u00fcrliche Pflege, die Ihre Haut regeneriert, sch\u00fctzt und revitalisiert \u2013 und profitieren Sie von exklusiven Monatsangeboten auf unsere Bestseller von LR Aloe Vera. Starten Sie noch heute Ihre Reise zu nat\u00fcrlicher Hautpflege und sp\u00fcren Sie den Unterschied.","email":"info@lraloeverashop.eu","telephone":"+49 17670609653","legalName":"Lr Aloe Vera Shop","foundingDate":"2018-04-21","numberOfEmployees":{"@type":"QuantitativeValue","minValue":"1","maxValue":"10"}}]}},"taxonomy_info":[],"featured_image_src_large":false,"author_info":{"display_name":"Stanislav Rurik","author_link":"https:\/\/www.lraloeverashop.eu\/de\/author\/admin_stanislavrurik\/"},"comment_info":0,"_links":{"self":[{"href":"https:\/\/www.lraloeverashop.eu\/de\/wp-json\/wp\/v2\/pages\/6438","targetHints":{"allow":["GET"]}}],"collection":[{"href":"https:\/\/www.lraloeverashop.eu\/de\/wp-json\/wp\/v2\/pages"}],"about":[{"href":"https:\/\/www.lraloeverashop.eu\/de\/wp-json\/wp\/v2\/types\/page"}],"author":[{"embeddable":true,"href":"https:\/\/www.lraloeverashop.eu\/de\/wp-json\/wp\/v2\/users\/2"}],"replies":[{"embeddable":true,"href":"https:\/\/www.lraloeverashop.eu\/de\/wp-json\/wp\/v2\/comments?post=6438"}],"version-history":[{"count":0,"href":"https:\/\/www.lraloeverashop.eu\/de\/wp-json\/wp\/v2\/pages\/6438\/revisions"}],"wp:attachment":[{"href":"https:\/\/www.lraloeverashop.eu\/de\/wp-json\/wp\/v2\/media?parent=6438"}],"curies":[{"name":"wp","href":"https:\/\/api.w.org\/{rel}","templated":true}]}}