{"id":6384,"date":"2022-09-22T13:14:57","date_gmt":"2022-09-22T11:14:57","guid":{"rendered":"https:\/\/www.lraloeverashop.eu\/haftungsausschluss-fuer-medizinische-informationen\/"},"modified":"2024-12-07T12:55:59","modified_gmt":"2024-12-07T11:55:59","slug":"medizinischer-haftungsausschluss","status":"publish","type":"page","link":"https:\/\/www.lraloeverashop.eu\/de\/medizinischer-haftungsausschluss\/","title":{"rendered":"HAFTUNGSAUSSCHLUSS F\u00dcR MEDIZINISCHE INFORMATIONEN"},"content":{"rendered":"\n<p class=\"has-medium-font-size\"><strong><mark style=\"background-color:rgba(0, 0, 0, 0)\" class=\"has-inline-color has-theme-palette-3-color\">1<strong>)&nbsp;<\/strong> KEIN RAT<\/mark><\/strong><\/p>\n\n\n\n<p>1.1 Unsere Website enth\u00e4lt allgemeine medizinische Informationen.<br>1.2 Unsere Website enth\u00e4lt allgemeine medizinische Informationen.<\/p>\n\n\n\n<p class=\"has-medium-font-size\"><strong><mark style=\"background-color:rgba(0, 0, 0, 0)\" class=\"has-inline-color has-theme-palette-3-color\">2<strong>)&nbsp;<\/strong>KEINE GEW\u00c4HRLEISTUNGEN<\/mark><\/strong><\/p>\n\n\n\n<p>2.1 Die medizinischen Informationen auf unserer Website werden ohne ausdr\u00fcckliche oder stillschweigende Zusicherungen oder Gew\u00e4hrleistungen bereitgestellt.<br>2.2 Ohne den Umfang von Abschnitt 2.1 einzuschr\u00e4nken, \u00fcbernehmen wir keine Garantie oder Zusicherung, dass die medizinischen Informationen auf dieser Website:<\/p>\n\n\n\n<p>(a) wird st\u00e4ndig oder \u00fcberhaupt verf\u00fcgbar sein; oder<\/p>\n\n\n\n<p>(b) wahr, genau, vollst\u00e4ndig, aktuell oder nicht irref\u00fchrend ist.<\/p>\n\n\n\n<p class=\"has-medium-font-size\"><strong><mark style=\"background-color:rgba(0, 0, 0, 0)\" class=\"has-inline-color has-theme-palette-3-color\">3<strong>)&nbsp;<\/strong> MEDIZINISCHE HILFE<\/mark><\/strong><\/p>\n\n\n\n<p>3.1 Sie d\u00fcrfen sich nicht auf die Informationen auf unserer Website als Alternative zum medizinischen Rat Ihres Arztes oder eines anderen professionellen Gesundheitsdienstleisters verlassen.<br>3.2 Wenn Sie spezielle Fragen zu medizinischen Fragen haben, sollten Sie Ihren Arzt oder einen anderen professionellen Gesundheitsdienstleister konsultieren.<br>3.3 Wenn Sie glauben, an einer Krankheit zu leiden, sollten Sie sofort einen Arzt aufsuchen.<br>3.4 Sie sollten die Suche nach medizinischem Rat, die Missachtung von medizinischem Rat oder die Einstellung der medizinischen Behandlung aufgrund von Informationen auf unserer Website niemals verz\u00f6gern.<\/p>\n\n\n\n<p class=\"has-medium-font-size\"><strong><mark style=\"background-color:rgba(0, 0, 0, 0)\" class=\"has-inline-color has-theme-palette-3-color\">4<strong>)&nbsp;<\/strong> INTERAKTIVE FUNKTIONEN<\/mark><\/strong><\/p>\n\n\n\n<p>4.1 Unsere Website enth\u00e4lt interaktive Funktionen, mit denen Benutzer mit uns kommunizieren k\u00f6nnen.<br>4.2 Sie erkennen an, dass aufgrund der eingeschr\u00e4nkten Kommunikation \u00fcber die interaktiven Funktionen unserer Website jede Unterst\u00fctzung, die Sie bei der Verwendung solcher Funktionen erhalten, wahrscheinlich unvollst\u00e4ndig und sogar irref\u00fchrend ist.<br>4.3 Jegliche Unterst\u00fctzung, die Sie bei der Nutzung der interaktiven Funktionen unserer Website erhalten, stellt keine spezifische Beratung dar und sollte daher nicht ohne weitere unabh\u00e4ngige Best\u00e4tigung in Anspruch genommen werden.<\/p>\n\n\n\n<p class=\"has-medium-font-size\"><strong><mark style=\"background-color:rgba(0, 0, 0, 0)\" class=\"has-inline-color has-theme-palette-3-color\">5<strong>)&nbsp;<\/strong> BESCHR\u00c4NKUNGEN DES HAFTUNGSAUSSCHLUSSES<\/mark><\/strong><\/p>\n\n\n\n<p>5.1 Nichts in diesem Haftungsausschluss wird:<\/p>\n\n\n\n<p>(a) die Haftung f\u00fcr Tod oder K\u00f6rperverletzung aufgrund von Fahrl\u00e4ssigkeit einschr\u00e4nken oder ausschlie\u00dfen;<\/p>\n\n\n\n<p>(b) die Haftung f\u00fcr Betrug oder betr\u00fcgerische Falschdarstellung einschr\u00e4nken oder ausschlie\u00dfen;<\/p>\n\n\n\n<p>(c) Verbindlichkeiten auf eine Weise begrenzen, die nach geltendem Recht nicht zul\u00e4ssig ist; oder<\/p>\n\n\n\n<p>(d) jegliche Verbindlichkeiten ausschlie\u00dfen, die nach geltendem Recht nicht ausgeschlossen werden d\u00fcrfen.<\/p>\n","protected":false},"excerpt":{"rendered":"<p>1)&nbsp; KEIN RAT 1.1 Unsere Website enth\u00e4lt allgemeine medizinische Informationen.1.2 Unsere Website enth\u00e4lt allgemeine medizinische Informationen. 2)&nbsp;KEINE GEW\u00c4HRLEISTUNGEN 2.1 Die medizinischen Informationen auf unserer Website werden ohne ausdr\u00fcckliche oder stillschweigende Zusicherungen oder Gew\u00e4hrleistungen bereitgestellt.2.2 Ohne den Umfang von Abschnitt 2.1 einzuschr\u00e4nken, \u00fcbernehmen wir keine Garantie oder Zusicherung, dass die medizinischen Informationen auf dieser Website: (a)&#8230;<\/p>\n","protected":false},"author":2,"featured_media":0,"parent":0,"menu_order":0,"comment_status":"closed","ping_status":"closed","template":"","meta":{"_kad_blocks_custom_css":"","_kad_blocks_head_custom_js":"","_kad_blocks_body_custom_js":"","_kad_blocks_footer_custom_js":"","_kadence_starter_templates_imported_post":false,"_kad_post_transparent":"","_kad_post_title":"","_kad_post_layout":"","_kad_post_sidebar_id":"","_kad_post_content_style":"","_kad_post_vertical_padding":"","_kad_post_feature":"","_kad_post_feature_position":"","_kad_post_header":false,"_kad_post_footer":false,"_kad_post_classname":"","footnotes":""},"class_list":["post-6384","page","type-page","status-publish","hentry"],"yoast_head":"<!-- This site is optimized with the Yoast SEO Premium plugin v27.4 (Yoast SEO v27.4) - https:\/\/yoast.com\/product\/yoast-seo-premium-wordpress\/ -->\n<title>Haftungsausschluss f\u00fcr medizinische informationen<\/title>\n<meta name=\"description\" content=\"Medizinischen Informationen auf Website werden ohne ausdr\u00fcckliche oder stillschweigende Zusicherungen oder Gew\u00e4hrleistungen bereitgestellt\" \/>\n<meta name=\"robots\" content=\"index, follow, max-snippet:-1, max-image-preview:large, max-video-preview:-1\" \/>\n<link rel=\"canonical\" href=\"https:\/\/www.lraloeverashop.eu\/de\/medizinischer-haftungsausschluss\/\" \/>\n<meta property=\"og:locale\" content=\"de_DE\" \/>\n<meta property=\"og:type\" content=\"article\" \/>\n<meta property=\"og:title\" content=\"HAFTUNGSAUSSCHLUSS F\u00dcR MEDIZINISCHE INFORMATIONEN\" \/>\n<meta property=\"og:description\" content=\"Medizinischen Informationen auf Website werden ohne ausdr\u00fcckliche oder stillschweigende Zusicherungen oder Gew\u00e4hrleistungen bereitgestellt\" \/>\n<meta property=\"og:url\" content=\"https:\/\/www.lraloeverashop.eu\/de\/medizinischer-haftungsausschluss\/\" \/>\n<meta property=\"og:site_name\" content=\"Lr Aloe Vera Shop\" \/>\n<meta property=\"article:publisher\" content=\"https:\/\/www.facebook.com\/lraloeverashop.eu\" \/>\n<meta property=\"article:modified_time\" content=\"2024-12-07T11:55:59+00:00\" \/>\n<meta property=\"og:image\" content=\"https:\/\/www.lraloeverashop.eu\/wp-content\/uploads\/2022\/10\/Zeitgard-Pro-Skin-Care.jpg\" \/>\n\t<meta property=\"og:image:width\" content=\"1607\" \/>\n\t<meta property=\"og:image:height\" content=\"707\" \/>\n\t<meta property=\"og:image:type\" content=\"image\/jpeg\" \/>\n<meta name=\"twitter:card\" content=\"summary_large_image\" \/>\n<meta name=\"twitter:site\" content=\"@natur__kosmetik\" \/>\n<script type=\"application\/ld+json\" class=\"yoast-schema-graph\">{\"@context\":\"https:\\\/\\\/schema.org\",\"@graph\":[{\"@type\":\"WebPage\",\"@id\":\"https:\\\/\\\/www.lraloeverashop.eu\\\/de\\\/medizinischer-haftungsausschluss\\\/\",\"url\":\"https:\\\/\\\/www.lraloeverashop.eu\\\/de\\\/medizinischer-haftungsausschluss\\\/\",\"name\":\"Haftungsausschluss f\u00fcr medizinische informationen\",\"isPartOf\":{\"@id\":\"https:\\\/\\\/www.lraloeverashop.eu\\\/de\\\/#website\"},\"datePublished\":\"2022-09-22T11:14:57+00:00\",\"dateModified\":\"2024-12-07T11:55:59+00:00\",\"description\":\"Medizinischen Informationen auf Website werden ohne ausdr\u00fcckliche oder stillschweigende Zusicherungen oder Gew\u00e4hrleistungen bereitgestellt\",\"breadcrumb\":{\"@id\":\"https:\\\/\\\/www.lraloeverashop.eu\\\/de\\\/medizinischer-haftungsausschluss\\\/#breadcrumb\"},\"inLanguage\":\"de\",\"potentialAction\":[{\"@type\":\"ReadAction\",\"target\":[\"https:\\\/\\\/www.lraloeverashop.eu\\\/de\\\/medizinischer-haftungsausschluss\\\/\"]}]},{\"@type\":\"BreadcrumbList\",\"@id\":\"https:\\\/\\\/www.lraloeverashop.eu\\\/de\\\/medizinischer-haftungsausschluss\\\/#breadcrumb\",\"itemListElement\":[{\"@type\":\"ListItem\",\"position\":1,\"name\":\"Home\",\"item\":\"https:\\\/\\\/www.lraloeverashop.eu\\\/de\\\/\"},{\"@type\":\"ListItem\",\"position\":2,\"name\":\"HAFTUNGSAUSSCHLUSS F\u00dcR MEDIZINISCHE INFORMATIONEN\"}]},{\"@type\":\"WebSite\",\"@id\":\"https:\\\/\\\/www.lraloeverashop.eu\\\/de\\\/#website\",\"url\":\"https:\\\/\\\/www.lraloeverashop.eu\\\/de\\\/\",\"name\":\"Lr Aloe Vera Shop\",\"description\":\"High Quality Lr Aloe Vera Gel, Aloe Vera Cream and Shampoo\",\"publisher\":{\"@id\":\"https:\\\/\\\/www.lraloeverashop.eu\\\/de\\\/#organization\"},\"potentialAction\":[{\"@type\":\"SearchAction\",\"target\":{\"@type\":\"EntryPoint\",\"urlTemplate\":\"https:\\\/\\\/www.lraloeverashop.eu\\\/de\\\/?s={search_term_string}\"},\"query-input\":{\"@type\":\"PropertyValueSpecification\",\"valueRequired\":true,\"valueName\":\"search_term_string\"}}],\"inLanguage\":\"de\"},{\"@type\":\"Organization\",\"@id\":\"https:\\\/\\\/www.lraloeverashop.eu\\\/de\\\/#organization\",\"name\":\"Lr Aloe Vera Shop\",\"alternateName\":\"LR\",\"url\":\"https:\\\/\\\/www.lraloeverashop.eu\\\/de\\\/\",\"logo\":{\"@type\":\"ImageObject\",\"inLanguage\":\"de\",\"@id\":\"https:\\\/\\\/www.lraloeverashop.eu\\\/de\\\/#\\\/schema\\\/logo\\\/image\\\/\",\"url\":\"https:\\\/\\\/www.lraloeverashop.eu\\\/wp-content\\\/uploads\\\/2022\\\/09\\\/cropped-Lr-Aloe-Vera-Shop.jpg\",\"contentUrl\":\"https:\\\/\\\/www.lraloeverashop.eu\\\/wp-content\\\/uploads\\\/2022\\\/09\\\/cropped-Lr-Aloe-Vera-Shop.jpg\",\"width\":228,\"height\":76,\"caption\":\"Lr Aloe Vera Shop\"},\"image\":{\"@id\":\"https:\\\/\\\/www.lraloeverashop.eu\\\/de\\\/#\\\/schema\\\/logo\\\/image\\\/\"},\"sameAs\":[\"https:\\\/\\\/www.facebook.com\\\/lraloeverashop.eu\",\"https:\\\/\\\/x.com\\\/natur__kosmetik\",\"https:\\\/\\\/www.youtube.com\\\/channel\\\/UC5oN7BJ8nfYb8RpVtjwDEBA\",\"https:\\\/\\\/www.instagram.com\\\/lrbeautyeu\\\/\"],\"description\":\"LR Aloe Vera Shop ist Ihre vertrauensw\u00fcrdige Adresse f\u00fcr hochwertige LR Health & Beauty Produkte aus Deutschland. Wir bieten Ihnen erstklassige Aloe Vera Hautpflege, N\u00e4hrstoffe und Anti-Aging-Produkte mit reinen Inhaltsstoffen, die auf wissenschaftlichen Erkenntnissen basieren. Entdecken Sie nat\u00fcrliche Pflege, die Ihre Haut regeneriert, sch\u00fctzt und revitalisiert \u2013 und profitieren Sie von exklusiven Monatsangeboten auf unsere Bestseller von LR Aloe Vera. Starten Sie noch heute Ihre Reise zu nat\u00fcrlicher Hautpflege und sp\u00fcren Sie den Unterschied.\",\"email\":\"info@lraloeverashop.eu\",\"telephone\":\"+49 17670609653\",\"legalName\":\"Lr Aloe Vera Shop\",\"foundingDate\":\"2018-04-21\",\"numberOfEmployees\":{\"@type\":\"QuantitativeValue\",\"minValue\":\"1\",\"maxValue\":\"10\"}}]}<\/script>\n<!-- \/ Yoast SEO Premium plugin. -->","yoast_head_json":{"title":"Haftungsausschluss f\u00fcr medizinische informationen","description":"Medizinischen Informationen auf Website werden ohne ausdr\u00fcckliche oder stillschweigende Zusicherungen oder Gew\u00e4hrleistungen bereitgestellt","robots":{"index":"index","follow":"follow","max-snippet":"max-snippet:-1","max-image-preview":"max-image-preview:large","max-video-preview":"max-video-preview:-1"},"canonical":"https:\/\/www.lraloeverashop.eu\/de\/medizinischer-haftungsausschluss\/","og_locale":"de_DE","og_type":"article","og_title":"HAFTUNGSAUSSCHLUSS F\u00dcR MEDIZINISCHE INFORMATIONEN","og_description":"Medizinischen Informationen auf Website werden ohne ausdr\u00fcckliche oder stillschweigende Zusicherungen oder Gew\u00e4hrleistungen bereitgestellt","og_url":"https:\/\/www.lraloeverashop.eu\/de\/medizinischer-haftungsausschluss\/","og_site_name":"Lr Aloe Vera Shop","article_publisher":"https:\/\/www.facebook.com\/lraloeverashop.eu","article_modified_time":"2024-12-07T11:55:59+00:00","og_image":[{"width":1607,"height":707,"url":"https:\/\/www.lraloeverashop.eu\/wp-content\/uploads\/2022\/10\/Zeitgard-Pro-Skin-Care.jpg","type":"image\/jpeg"}],"twitter_card":"summary_large_image","twitter_site":"@natur__kosmetik","schema":{"@context":"https:\/\/schema.org","@graph":[{"@type":"WebPage","@id":"https:\/\/www.lraloeverashop.eu\/de\/medizinischer-haftungsausschluss\/","url":"https:\/\/www.lraloeverashop.eu\/de\/medizinischer-haftungsausschluss\/","name":"Haftungsausschluss f\u00fcr medizinische informationen","isPartOf":{"@id":"https:\/\/www.lraloeverashop.eu\/de\/#website"},"datePublished":"2022-09-22T11:14:57+00:00","dateModified":"2024-12-07T11:55:59+00:00","description":"Medizinischen Informationen auf Website werden ohne ausdr\u00fcckliche oder stillschweigende Zusicherungen oder Gew\u00e4hrleistungen bereitgestellt","breadcrumb":{"@id":"https:\/\/www.lraloeverashop.eu\/de\/medizinischer-haftungsausschluss\/#breadcrumb"},"inLanguage":"de","potentialAction":[{"@type":"ReadAction","target":["https:\/\/www.lraloeverashop.eu\/de\/medizinischer-haftungsausschluss\/"]}]},{"@type":"BreadcrumbList","@id":"https:\/\/www.lraloeverashop.eu\/de\/medizinischer-haftungsausschluss\/#breadcrumb","itemListElement":[{"@type":"ListItem","position":1,"name":"Home","item":"https:\/\/www.lraloeverashop.eu\/de\/"},{"@type":"ListItem","position":2,"name":"HAFTUNGSAUSSCHLUSS F\u00dcR MEDIZINISCHE INFORMATIONEN"}]},{"@type":"WebSite","@id":"https:\/\/www.lraloeverashop.eu\/de\/#website","url":"https:\/\/www.lraloeverashop.eu\/de\/","name":"Lr Aloe Vera Shop","description":"High Quality Lr Aloe Vera Gel, Aloe Vera Cream and Shampoo","publisher":{"@id":"https:\/\/www.lraloeverashop.eu\/de\/#organization"},"potentialAction":[{"@type":"SearchAction","target":{"@type":"EntryPoint","urlTemplate":"https:\/\/www.lraloeverashop.eu\/de\/?s={search_term_string}"},"query-input":{"@type":"PropertyValueSpecification","valueRequired":true,"valueName":"search_term_string"}}],"inLanguage":"de"},{"@type":"Organization","@id":"https:\/\/www.lraloeverashop.eu\/de\/#organization","name":"Lr Aloe Vera Shop","alternateName":"LR","url":"https:\/\/www.lraloeverashop.eu\/de\/","logo":{"@type":"ImageObject","inLanguage":"de","@id":"https:\/\/www.lraloeverashop.eu\/de\/#\/schema\/logo\/image\/","url":"https:\/\/www.lraloeverashop.eu\/wp-content\/uploads\/2022\/09\/cropped-Lr-Aloe-Vera-Shop.jpg","contentUrl":"https:\/\/www.lraloeverashop.eu\/wp-content\/uploads\/2022\/09\/cropped-Lr-Aloe-Vera-Shop.jpg","width":228,"height":76,"caption":"Lr Aloe Vera Shop"},"image":{"@id":"https:\/\/www.lraloeverashop.eu\/de\/#\/schema\/logo\/image\/"},"sameAs":["https:\/\/www.facebook.com\/lraloeverashop.eu","https:\/\/x.com\/natur__kosmetik","https:\/\/www.youtube.com\/channel\/UC5oN7BJ8nfYb8RpVtjwDEBA","https:\/\/www.instagram.com\/lrbeautyeu\/"],"description":"LR Aloe Vera Shop ist Ihre vertrauensw\u00fcrdige Adresse f\u00fcr hochwertige LR Health & Beauty Produkte aus Deutschland. Wir bieten Ihnen erstklassige Aloe Vera Hautpflege, N\u00e4hrstoffe und Anti-Aging-Produkte mit reinen Inhaltsstoffen, die auf wissenschaftlichen Erkenntnissen basieren. Entdecken Sie nat\u00fcrliche Pflege, die Ihre Haut regeneriert, sch\u00fctzt und revitalisiert \u2013 und profitieren Sie von exklusiven Monatsangeboten auf unsere Bestseller von LR Aloe Vera. Starten Sie noch heute Ihre Reise zu nat\u00fcrlicher Hautpflege und sp\u00fcren Sie den Unterschied.","email":"info@lraloeverashop.eu","telephone":"+49 17670609653","legalName":"Lr Aloe Vera Shop","foundingDate":"2018-04-21","numberOfEmployees":{"@type":"QuantitativeValue","minValue":"1","maxValue":"10"}}]}},"taxonomy_info":[],"featured_image_src_large":false,"author_info":{"display_name":"Stanislav Rurik","author_link":"https:\/\/www.lraloeverashop.eu\/de\/author\/admin_stanislavrurik\/"},"comment_info":0,"_links":{"self":[{"href":"https:\/\/www.lraloeverashop.eu\/de\/wp-json\/wp\/v2\/pages\/6384","targetHints":{"allow":["GET"]}}],"collection":[{"href":"https:\/\/www.lraloeverashop.eu\/de\/wp-json\/wp\/v2\/pages"}],"about":[{"href":"https:\/\/www.lraloeverashop.eu\/de\/wp-json\/wp\/v2\/types\/page"}],"author":[{"embeddable":true,"href":"https:\/\/www.lraloeverashop.eu\/de\/wp-json\/wp\/v2\/users\/2"}],"replies":[{"embeddable":true,"href":"https:\/\/www.lraloeverashop.eu\/de\/wp-json\/wp\/v2\/comments?post=6384"}],"version-history":[{"count":0,"href":"https:\/\/www.lraloeverashop.eu\/de\/wp-json\/wp\/v2\/pages\/6384\/revisions"}],"wp:attachment":[{"href":"https:\/\/www.lraloeverashop.eu\/de\/wp-json\/wp\/v2\/media?parent=6384"}],"curies":[{"name":"wp","href":"https:\/\/api.w.org\/{rel}","templated":true}]}}